{"id":2734,"date":"2019-12-27T13:39:02","date_gmt":"2019-12-27T14:01:33","guid":{"rendered":"https:\/\/nueva.alvarellos.info\/product\/catavento-de-neutros-domesticados\/"},"modified":"2021-06-23T12:38:32","modified_gmt":"2021-06-23T10:38:32","slug":"catavento-de-neutros-domesticados","status":"publish","type":"product","link":"https:\/\/alvarelloseditora.gal\/es\/libro\/catavento-de-neutros-domesticados\/","title":{"rendered":"Catavento de neutr\u00f3s domesticados"},"content":{"rendered":"<p><a href=\"https:\/\/alvarelloseditora.gal\/wp-content\/uploads\/arquivos\/audio\/catavento.wma\">\u00bb Recital del \u00abCatavento\u00bb en la Casa del Libro de Vigo (27\/10\/2006) con la intervenci\u00f3n de Paula Mari\u00f1o, Manuel Vilanova, Ram\u00f3n Nicol\u00e1s, Francisco Castro, Marcos S. Calveiro y Henrique Alvarellos<\/a><\/p>\n","protected":false},"excerpt":{"rendered":"<p>LETRAS GALEGAS 2016<\/p>\n<p>&nbsp;<\/p>\n<p>Formato: 128 pp. 14&#215;21 cm<br \/>\nISBN: 84\u201389323\u201310\u20130<br \/>\nA\u00f1o 1\u00aa edici\u00f3n: 1979<br \/>\nSegunda edici\u00f3n en Alvarellos Editora: 2006<br \/>\nIlustraciones: Xoh\u00e1n Clodio<\/p>\n<p>&nbsp;<\/p>\n<p>\u201cUn intento de hacer, con elementos surrealistas, una poetizaci\u00f3n de esta sociedad de consumo en la que vivimos\u201d. As\u00ed resumi\u00f3 la obra el propio autor, Manuel Mar\u00eda. El poeta escribi\u00f3 este poemario en 1978 y sali\u00f3 publicado por primera vez en Alvarellos Editora al a\u00f1o siguiente, en febrero.<\/p>\n<p>El Catavento de neutr\u00f3s domesticados es un libro sorprendente, innovador y anticipador. Uno de los libros hist\u00f3ricos del primer cat\u00e1logo de esta editorial que, tres d\u00e9cadas despu\u00e9s de su aparici\u00f3n, era preciso recuperar. La obra destila altas dosis de inconformismo, retranca, desasosiego y caos. Transcurre entre lo \u00edntimo y lo social. En ella emergen verdaderos hallazgos sem\u00e1nticos en un alt\u00edsimo dominio del idioma.<\/p>\n<p>La presente edici\u00f3n mantiene la portada original de 1979 con las ilustraciones interiores de Xoh\u00e1n Clodio, y se completa con un amplio y documentado estudio por parte del profesor y escritor Camilo G\u00f3mez Torres, un profundo conocedor de la obra de Manuel Mar\u00eda, a quien califica de \u00abautor total\u00bb.<\/p>\n","protected":false},"featured_media":3983,"comment_status":"closed","ping_status":"closed","template":"","meta":[],"product_brand":[],"product_cat":[106],"product_tag":[],"class_list":{"0":"post-2734","1":"product","2":"type-product","3":"status-publish","4":"has-post-thumbnail","6":"product_author-manuel-maria-es","7":"product_cat-libros-do-sarela-es","9":"first","10":"instock","11":"taxable","12":"shipping-taxable","13":"purchasable","14":"product-type-simple"},"yoast_head":"<!-- This site is optimized with the Yoast SEO plugin v27.5 - https:\/\/yoast.com\/product\/yoast-seo-wordpress\/ -->\n<title>Catavento de neutr\u00f3s domesticados - Alvarellos Editora<\/title>\n<meta name=\"description\" content=\"Catavento de neutr\u00f3s domesticados. C\u00f3mprao na tenda en li\u00f1a de Alvarellos Editora.\" \/>\n<meta name=\"robots\" content=\"index, follow, max-snippet:-1, max-image-preview:large, max-video-preview:-1\" \/>\n<link rel=\"canonical\" href=\"https:\/\/alvarelloseditora.gal\/es\/libro\/catavento-de-neutros-domesticados\/\" \/>\n<meta property=\"og:locale\" content=\"es_ES\" \/>\n<meta property=\"og:type\" content=\"article\" \/>\n<meta property=\"og:title\" content=\"Catavento de neutr\u00f3s domesticados - Alvarellos Editora\" \/>\n<meta property=\"og:description\" content=\"Catavento de neutr\u00f3s domesticados. C\u00f3mprao na tenda en li\u00f1a de Alvarellos Editora.\" \/>\n<meta property=\"og:url\" content=\"https:\/\/alvarelloseditora.gal\/es\/libro\/catavento-de-neutros-domesticados\/\" \/>\n<meta property=\"og:site_name\" content=\"Alvarellos Editora\" \/>\n<meta property=\"article:publisher\" content=\"https:\/\/www.facebook.com\/alvarelloseditora\" \/>\n<meta property=\"article:modified_time\" content=\"2021-06-23T10:38:32+00:00\" \/>\n<meta property=\"og:image\" content=\"https:\/\/alvarelloseditora.gal\/wp-content\/uploads\/2019\/12\/Catavento-baixa-Manuel_Mar\u00eda-Alvarellos-Editora_Letras_galegas-2016.jpg\" \/>\n\t<meta property=\"og:image:width\" content=\"1115\" \/>\n\t<meta property=\"og:image:height\" content=\"1641\" \/>\n\t<meta property=\"og:image:type\" content=\"image\/jpeg\" \/>\n<meta name=\"twitter:card\" content=\"summary_large_image\" \/>\n<meta name=\"twitter:site\" content=\"@alvarellos_ed\" \/>\n<!-- \/ Yoast SEO plugin. -->","yoast_head_json":{"title":"Catavento de neutr\u00f3s domesticados - Alvarellos Editora","description":"Catavento de neutr\u00f3s domesticados. C\u00f3mprao na tenda en li\u00f1a de Alvarellos Editora.","robots":{"index":"index","follow":"follow","max-snippet":"max-snippet:-1","max-image-preview":"max-image-preview:large","max-video-preview":"max-video-preview:-1"},"canonical":"https:\/\/alvarelloseditora.gal\/es\/libro\/catavento-de-neutros-domesticados\/","og_locale":"es_ES","og_type":"article","og_title":"Catavento de neutr\u00f3s domesticados - Alvarellos Editora","og_description":"Catavento de neutr\u00f3s domesticados. C\u00f3mprao na tenda en li\u00f1a de Alvarellos Editora.","og_url":"https:\/\/alvarelloseditora.gal\/es\/libro\/catavento-de-neutros-domesticados\/","og_site_name":"Alvarellos Editora","article_publisher":"https:\/\/www.facebook.com\/alvarelloseditora","article_modified_time":"2021-06-23T10:38:32+00:00","og_image":[{"width":1115,"height":1641,"url":"https:\/\/alvarelloseditora.gal\/wp-content\/uploads\/2019\/12\/Catavento-baixa-Manuel_Mar\u00eda-Alvarellos-Editora_Letras_galegas-2016.jpg","type":"image\/jpeg"}],"twitter_card":"summary_large_image","twitter_site":"@alvarellos_ed","schema":{"@context":"https:\/\/schema.org","@graph":[{"@type":["WebPage","ItemPage"],"@id":"https:\/\/alvarelloseditora.gal\/es\/libro\/catavento-de-neutros-domesticados\/","url":"https:\/\/alvarelloseditora.gal\/es\/libro\/catavento-de-neutros-domesticados\/","name":"Catavento de neutr\u00f3s domesticados - Alvarellos Editora","isPartOf":{"@id":"https:\/\/alvarelloseditora.gal\/#website"},"primaryImageOfPage":{"@id":"https:\/\/alvarelloseditora.gal\/es\/libro\/catavento-de-neutros-domesticados\/#primaryimage"},"image":{"@id":"https:\/\/alvarelloseditora.gal\/es\/libro\/catavento-de-neutros-domesticados\/#primaryimage"},"thumbnailUrl":"https:\/\/alvarelloseditora.gal\/wp-content\/uploads\/2019\/12\/Catavento-baixa-Manuel_Mar\u00eda-Alvarellos-Editora_Letras_galegas-2016.jpg","datePublished":"2019-12-27T14:01:33+00:00","dateModified":"2021-06-23T10:38:32+00:00","description":"Catavento de neutr\u00f3s domesticados. C\u00f3mprao na tenda en li\u00f1a de Alvarellos Editora.","breadcrumb":{"@id":"https:\/\/alvarelloseditora.gal\/es\/libro\/catavento-de-neutros-domesticados\/#breadcrumb"},"inLanguage":"es","potentialAction":[{"@type":"ReadAction","target":["https:\/\/alvarelloseditora.gal\/es\/libro\/catavento-de-neutros-domesticados\/"]}]},{"@type":"ImageObject","inLanguage":"es","@id":"https:\/\/alvarelloseditora.gal\/es\/libro\/catavento-de-neutros-domesticados\/#primaryimage","url":"https:\/\/alvarelloseditora.gal\/wp-content\/uploads\/2019\/12\/Catavento-baixa-Manuel_Mar\u00eda-Alvarellos-Editora_Letras_galegas-2016.jpg","contentUrl":"https:\/\/alvarelloseditora.gal\/wp-content\/uploads\/2019\/12\/Catavento-baixa-Manuel_Mar\u00eda-Alvarellos-Editora_Letras_galegas-2016.jpg","width":1115,"height":1641},{"@type":"BreadcrumbList","@id":"https:\/\/alvarelloseditora.gal\/es\/libro\/catavento-de-neutros-domesticados\/#breadcrumb","itemListElement":[{"@type":"ListItem","position":1,"name":"Portada","item":"https:\/\/alvarelloseditora.gal\/"},{"@type":"ListItem","position":2,"name":"Tienda","item":"https:\/\/alvarelloseditora.gal\/es\/tienda\/"},{"@type":"ListItem","position":3,"name":"Catavento de neutr\u00f3s domesticados"}]},{"@type":"WebSite","@id":"https:\/\/alvarelloseditora.gal\/#website","url":"https:\/\/alvarelloseditora.gal\/","name":"Alvarellos Editora","description":"Libros para un mundo en tr\u00e1nsito","publisher":{"@id":"https:\/\/alvarelloseditora.gal\/#organization"},"potentialAction":[{"@type":"SearchAction","target":{"@type":"EntryPoint","urlTemplate":"https:\/\/alvarelloseditora.gal\/?s={search_term_string}"},"query-input":{"@type":"PropertyValueSpecification","valueRequired":true,"valueName":"search_term_string"}}],"inLanguage":"es"},{"@type":"Organization","@id":"https:\/\/alvarelloseditora.gal\/#organization","name":"Alvarellos Editora","url":"https:\/\/alvarelloseditora.gal\/","logo":{"@type":"ImageObject","inLanguage":"es","@id":"https:\/\/alvarelloseditora.gal\/#\/schema\/logo\/image\/","url":"https:\/\/alvarelloseditora.gal\/wp-content\/uploads\/2020\/02\/alv-icon.png","contentUrl":"https:\/\/alvarelloseditora.gal\/wp-content\/uploads\/2020\/02\/alv-icon.png","width":177,"height":175,"caption":"Alvarellos Editora"},"image":{"@id":"https:\/\/alvarelloseditora.gal\/#\/schema\/logo\/image\/"},"sameAs":["https:\/\/www.facebook.com\/alvarelloseditora","https:\/\/x.com\/alvarellos_ed"]}]}},"_links":{"self":[{"href":"https:\/\/alvarelloseditora.gal\/es\/wp-json\/wp\/v2\/product\/2734","targetHints":{"allow":["GET"]}}],"collection":[{"href":"https:\/\/alvarelloseditora.gal\/es\/wp-json\/wp\/v2\/product"}],"about":[{"href":"https:\/\/alvarelloseditora.gal\/es\/wp-json\/wp\/v2\/types\/product"}],"replies":[{"embeddable":true,"href":"https:\/\/alvarelloseditora.gal\/es\/wp-json\/wp\/v2\/comments?post=2734"}],"wp:featuredmedia":[{"embeddable":true,"href":"https:\/\/alvarelloseditora.gal\/es\/wp-json\/wp\/v2\/media\/3983"}],"wp:attachment":[{"href":"https:\/\/alvarelloseditora.gal\/es\/wp-json\/wp\/v2\/media?parent=2734"}],"wp:term":[{"taxonomy":"product_brand","embeddable":true,"href":"https:\/\/alvarelloseditora.gal\/es\/wp-json\/wp\/v2\/product_brand?post=2734"},{"taxonomy":"product_cat","embeddable":true,"href":"https:\/\/alvarelloseditora.gal\/es\/wp-json\/wp\/v2\/product_cat?post=2734"},{"taxonomy":"product_tag","embeddable":true,"href":"https:\/\/alvarelloseditora.gal\/es\/wp-json\/wp\/v2\/product_tag?post=2734"}],"curies":[{"name":"wp","href":"https:\/\/api.w.org\/{rel}","templated":true}]}}