{"id":2731,"date":"2019-12-27T13:39:02","date_gmt":"2019-12-27T14:01:33","guid":{"rendered":"https:\/\/nueva.alvarellos.info\/product\/obra-inedita-e-esquecida\/"},"modified":"2021-06-22T14:56:10","modified_gmt":"2021-06-22T12:56:10","slug":"obra-inedita-e-esquecida","status":"publish","type":"product","link":"https:\/\/alvarelloseditora.gal\/es\/libro\/obra-inedita-e-esquecida\/","title":{"rendered":"OBRA IN\u00c9DITA E ESQUECIDA"},"content":{"rendered":"<p>\u00bb <em>Ver cuento infantil in\u00e9dito<\/em><\/p>\n<p><a href=\"https:\/\/alvarelloseditora.gal\/wp-content\/uploads\/eventos\/CartaNetoLeandroCarre.pdf\" target=\"_blank\" rel=\"noopener noreferrer\">\u00bb <em>Carta del nieto de Leandro Carr\u00e9 a Alvarellos Editora (25\/4\/06)<\/em><\/a><\/p>\n<p><a href=\"http:\/\/www.pglingua.org\/index.php?option=com_content&amp;view=article&amp;id=1698:a-condessa-do-vimieiro-e-a-obra-inedita-e-esquecida-de-carre-alvarellos&amp;catid=3:opiniom&amp;Itemid=80\" target=\"_blank\" rel=\"noopener noreferrer\">28-12-2009.- <em>Portal Galego da L\u00edngua<\/em>. Cr\u00edtica de Joel G\u00f3mez<\/a><\/p>\n","protected":false},"excerpt":{"rendered":"<p>TEATRO, CUENTOS, ENSAYOS Y LEYENDAS, 1915-1972<\/p>\n<p>&nbsp;<\/p>\n<p>N\u00ba p\u00e1ginas: 280<br \/>\nMedidas: 14&#215;21<br \/>\nISBN: 84\u201389323\u201304\u20136<br \/>\nColecci\u00f3n: \u201cRescate\u201d<br \/>\nEncuadernaci\u00f3n: tapa dura<br \/>\nIntroducci\u00f3n, selecci\u00f3n y notas: Xos\u00e9 Manuel Maceira Fern\u00e1ndez<br \/>\nIlustraciones: Galer\u00eda gr\u00e1fica de 8 p\u00e1ginas con fotos, ilustraciones y manuscritos in\u00e9ditos<br \/>\nIdioma: gallego<\/p>\n<p>&nbsp;<\/p>\n<p>Leandro Carr\u00e9 Alvarellos es uno de los galleguistas m\u00e1s olvidados. Un hombre pol\u00edgrafo, activista y cimentador de la identidad de Galicia, y autor de una obra muy extensa e in\u00e9dita, hasta ahora, en su mayor parte. Alvarellos Editora recopila en esta nueva publicaci\u00f3n \u2013que lleva por t\u00edtulo Obra in\u00e9dita e esquecida\u2013 lo mejor de su producci\u00f3n: una selecci\u00f3n de ensayos, cuentos, piezas teatrales y leyendas que abarcan desde el a\u00f1o 1915 hasta 1972.<\/p>\n<p>Aparece, por ejemplo, y por primera vez \u00edntegro, su manual de interpretaci\u00f3n teatral de 1922 o varias de sus c\u00e9lebres leyendas tradicionales gallegas, en su primera versi\u00f3n en gallego, nunca editadas en Galicia hasta ahora. Todo este valioso material, junto con otros textos, se completa con un amplio apartado gr\u00e1fico: una fotobiograf\u00eda in\u00e9dita, manuscritos, ilustraciones del autor para su editorial\u2026 que prueban la indiscutible labor y la profunda influencia cultural y social de Leandro Carr\u00e9 Alvarellos en la Galicia del primer tercio del siglo XX.<\/p>\n<p>Esta cuidada edici\u00f3n, que se acerca a las 300 p\u00e1ginas, cuenta as\u00ed mismo con un \u00edndice y notas del profesor Xos\u00e9 Manuel Maceira Fern\u00e1ndez, cuya tesis de doctoramiento se centr\u00f3 precisamente en Carr\u00e9 Alvarellos.<\/p>\n","protected":false},"featured_media":7381,"comment_status":"closed","ping_status":"closed","template":"","meta":[],"product_brand":[],"product_cat":[111],"product_tag":[],"class_list":{"0":"post-2731","1":"product","2":"type-product","3":"status-publish","4":"has-post-thumbnail","6":"product_author-leandro-carre-alvarellos-es","7":"product_cat-coleccion-rescate-es","9":"first","10":"instock","11":"taxable","12":"shipping-taxable","13":"purchasable","14":"product-type-simple"},"yoast_head":"<!-- This site is optimized with the Yoast SEO plugin v27.3 - https:\/\/yoast.com\/product\/yoast-seo-wordpress\/ -->\n<title>OBRA IN\u00c9DITA E ESQUECIDA - Alvarellos Editora<\/title>\n<meta name=\"description\" content=\"OBRA IN\u00c9DITA E ESQUECIDA. C\u00f3mprao na tenda en li\u00f1a de Alvarellos Editora.\" \/>\n<meta name=\"robots\" content=\"index, follow, max-snippet:-1, max-image-preview:large, max-video-preview:-1\" \/>\n<link rel=\"canonical\" href=\"https:\/\/alvarelloseditora.gal\/es\/libro\/obra-inedita-e-esquecida\/\" \/>\n<meta property=\"og:locale\" content=\"es_ES\" \/>\n<meta property=\"og:type\" content=\"article\" \/>\n<meta property=\"og:title\" content=\"OBRA IN\u00c9DITA E ESQUECIDA - Alvarellos Editora\" \/>\n<meta property=\"og:description\" content=\"OBRA IN\u00c9DITA E ESQUECIDA. C\u00f3mprao na tenda en li\u00f1a de Alvarellos Editora.\" \/>\n<meta property=\"og:url\" content=\"https:\/\/alvarelloseditora.gal\/es\/libro\/obra-inedita-e-esquecida\/\" \/>\n<meta property=\"og:site_name\" content=\"Alvarellos Editora\" \/>\n<meta property=\"article:publisher\" content=\"https:\/\/www.facebook.com\/alvarelloseditora\" \/>\n<meta property=\"article:modified_time\" content=\"2021-06-22T12:56:10+00:00\" \/>\n<meta property=\"og:image\" content=\"https:\/\/alvarelloseditora.gal\/wp-content\/uploads\/2019\/12\/51.jpg\" \/>\n\t<meta property=\"og:image:width\" content=\"423\" \/>\n\t<meta property=\"og:image:height\" content=\"657\" \/>\n\t<meta property=\"og:image:type\" content=\"image\/jpeg\" \/>\n<meta name=\"twitter:card\" content=\"summary_large_image\" \/>\n<meta name=\"twitter:site\" content=\"@alvarellos_ed\" \/>\n<!-- \/ Yoast SEO plugin. -->","yoast_head_json":{"title":"OBRA IN\u00c9DITA E ESQUECIDA - Alvarellos Editora","description":"OBRA IN\u00c9DITA E ESQUECIDA. C\u00f3mprao na tenda en li\u00f1a de Alvarellos Editora.","robots":{"index":"index","follow":"follow","max-snippet":"max-snippet:-1","max-image-preview":"max-image-preview:large","max-video-preview":"max-video-preview:-1"},"canonical":"https:\/\/alvarelloseditora.gal\/es\/libro\/obra-inedita-e-esquecida\/","og_locale":"es_ES","og_type":"article","og_title":"OBRA IN\u00c9DITA E ESQUECIDA - Alvarellos Editora","og_description":"OBRA IN\u00c9DITA E ESQUECIDA. C\u00f3mprao na tenda en li\u00f1a de Alvarellos Editora.","og_url":"https:\/\/alvarelloseditora.gal\/es\/libro\/obra-inedita-e-esquecida\/","og_site_name":"Alvarellos Editora","article_publisher":"https:\/\/www.facebook.com\/alvarelloseditora","article_modified_time":"2021-06-22T12:56:10+00:00","og_image":[{"width":423,"height":657,"url":"https:\/\/alvarelloseditora.gal\/wp-content\/uploads\/2019\/12\/51.jpg","type":"image\/jpeg"}],"twitter_card":"summary_large_image","twitter_site":"@alvarellos_ed","schema":{"@context":"https:\/\/schema.org","@graph":[{"@type":["WebPage","ItemPage"],"@id":"https:\/\/alvarelloseditora.gal\/es\/libro\/obra-inedita-e-esquecida\/","url":"https:\/\/alvarelloseditora.gal\/es\/libro\/obra-inedita-e-esquecida\/","name":"OBRA IN\u00c9DITA E ESQUECIDA - Alvarellos Editora","isPartOf":{"@id":"https:\/\/alvarelloseditora.gal\/#website"},"primaryImageOfPage":{"@id":"https:\/\/alvarelloseditora.gal\/es\/libro\/obra-inedita-e-esquecida\/#primaryimage"},"image":{"@id":"https:\/\/alvarelloseditora.gal\/es\/libro\/obra-inedita-e-esquecida\/#primaryimage"},"thumbnailUrl":"https:\/\/alvarelloseditora.gal\/wp-content\/uploads\/2019\/12\/Obra-inedita-esquecida-leandro-carre-capa.jpg","datePublished":"2019-12-27T14:01:33+00:00","dateModified":"2021-06-22T12:56:10+00:00","description":"OBRA IN\u00c9DITA E ESQUECIDA. C\u00f3mprao na tenda en li\u00f1a de Alvarellos Editora.","breadcrumb":{"@id":"https:\/\/alvarelloseditora.gal\/es\/libro\/obra-inedita-e-esquecida\/#breadcrumb"},"inLanguage":"es","potentialAction":[{"@type":"ReadAction","target":["https:\/\/alvarelloseditora.gal\/es\/libro\/obra-inedita-e-esquecida\/"]}]},{"@type":"ImageObject","inLanguage":"es","@id":"https:\/\/alvarelloseditora.gal\/es\/libro\/obra-inedita-e-esquecida\/#primaryimage","url":"https:\/\/alvarelloseditora.gal\/wp-content\/uploads\/2019\/12\/Obra-inedita-esquecida-leandro-carre-capa.jpg","contentUrl":"https:\/\/alvarelloseditora.gal\/wp-content\/uploads\/2019\/12\/Obra-inedita-esquecida-leandro-carre-capa.jpg","width":1615,"height":2321},{"@type":"BreadcrumbList","@id":"https:\/\/alvarelloseditora.gal\/es\/libro\/obra-inedita-e-esquecida\/#breadcrumb","itemListElement":[{"@type":"ListItem","position":1,"name":"Portada","item":"https:\/\/alvarelloseditora.gal\/"},{"@type":"ListItem","position":2,"name":"Tienda","item":"https:\/\/alvarelloseditora.gal\/es\/tienda\/"},{"@type":"ListItem","position":3,"name":"OBRA IN\u00c9DITA E ESQUECIDA"}]},{"@type":"WebSite","@id":"https:\/\/alvarelloseditora.gal\/#website","url":"https:\/\/alvarelloseditora.gal\/","name":"Alvarellos Editora","description":"Libros para un mundo en tr\u00e1nsito","publisher":{"@id":"https:\/\/alvarelloseditora.gal\/#organization"},"potentialAction":[{"@type":"SearchAction","target":{"@type":"EntryPoint","urlTemplate":"https:\/\/alvarelloseditora.gal\/?s={search_term_string}"},"query-input":{"@type":"PropertyValueSpecification","valueRequired":true,"valueName":"search_term_string"}}],"inLanguage":"es"},{"@type":"Organization","@id":"https:\/\/alvarelloseditora.gal\/#organization","name":"Alvarellos Editora","url":"https:\/\/alvarelloseditora.gal\/","logo":{"@type":"ImageObject","inLanguage":"es","@id":"https:\/\/alvarelloseditora.gal\/#\/schema\/logo\/image\/","url":"https:\/\/alvarelloseditora.gal\/wp-content\/uploads\/2020\/02\/alv-icon.png","contentUrl":"https:\/\/alvarelloseditora.gal\/wp-content\/uploads\/2020\/02\/alv-icon.png","width":177,"height":175,"caption":"Alvarellos Editora"},"image":{"@id":"https:\/\/alvarelloseditora.gal\/#\/schema\/logo\/image\/"},"sameAs":["https:\/\/www.facebook.com\/alvarelloseditora","https:\/\/x.com\/alvarellos_ed"]}]}},"_links":{"self":[{"href":"https:\/\/alvarelloseditora.gal\/es\/wp-json\/wp\/v2\/product\/2731","targetHints":{"allow":["GET"]}}],"collection":[{"href":"https:\/\/alvarelloseditora.gal\/es\/wp-json\/wp\/v2\/product"}],"about":[{"href":"https:\/\/alvarelloseditora.gal\/es\/wp-json\/wp\/v2\/types\/product"}],"replies":[{"embeddable":true,"href":"https:\/\/alvarelloseditora.gal\/es\/wp-json\/wp\/v2\/comments?post=2731"}],"wp:featuredmedia":[{"embeddable":true,"href":"https:\/\/alvarelloseditora.gal\/es\/wp-json\/wp\/v2\/media\/7381"}],"wp:attachment":[{"href":"https:\/\/alvarelloseditora.gal\/es\/wp-json\/wp\/v2\/media?parent=2731"}],"wp:term":[{"taxonomy":"product_brand","embeddable":true,"href":"https:\/\/alvarelloseditora.gal\/es\/wp-json\/wp\/v2\/product_brand?post=2731"},{"taxonomy":"product_cat","embeddable":true,"href":"https:\/\/alvarelloseditora.gal\/es\/wp-json\/wp\/v2\/product_cat?post=2731"},{"taxonomy":"product_tag","embeddable":true,"href":"https:\/\/alvarelloseditora.gal\/es\/wp-json\/wp\/v2\/product_tag?post=2731"}],"curies":[{"name":"wp","href":"https:\/\/api.w.org\/{rel}","templated":true}]}}