{"id":2728,"date":"2019-12-27T13:39:02","date_gmt":"2019-12-27T14:01:33","guid":{"rendered":"https:\/\/nueva.alvarellos.info\/product\/ultimas-paginas-sobre-galicia\/"},"modified":"2021-06-22T14:54:45","modified_gmt":"2021-06-22T12:54:45","slug":"ultimas-paginas-sobre-galicia","status":"publish","type":"product","link":"https:\/\/alvarelloseditora.gal\/es\/libro\/ultimas-paginas-sobre-galicia\/","title":{"rendered":"\u00daltimas p\u00e1ginas sobre Galicia"},"content":{"rendered":"<p>\u00bb <strong>VER INTERIOR<\/strong><\/p>\n<p><a href=\"https:\/\/alvarelloseditora.gal\/wp-content\/uploads\/arquivos\/audio\/marcosvalcarcel.wma\" target=\"_blank\" rel=\"noopener noreferrer\">\u00bb <strong>Conferencia<\/strong> del historiador y escritor <strong>Marcos Valc\u00e1rcel<\/strong> en la presentaci\u00f3n de \u00ab\u00daltimas p\u00e1ginas sobre Galicia\u00bb, en Santiago<\/a><\/p>\n","protected":false},"excerpt":{"rendered":"<p>Art\u00edculos olvidados en Vida Gallega, 1919-1962<br \/>\n&nbsp;<\/p>\n<p>N\u00ba p\u00e1ginas: 197<br \/>\nMedidas: 14&#215;21<br \/>\nISBN: 84\u201389323\u201303\u20138<br \/>\nIlustraciones: manuscritos in\u00e9ditos y varias p\u00e1ginas de la revista \u00abVida Gallega\u00bb, desde 1919 a 1962.<\/p>\n<p>Vicente Risco (Ourense, 1884-1963) fue uno de los grandes pilares de la literatura y del pensamiento gallegos del pasado siglo. Erudito, vanguardista, amen\u00edsimo, ingenioso, contradictorio, brillante\u2026 Todos estos adjetivos toman cuerpo en los textos de \u00daltimas p\u00e1ginas sobre Galicia, un volumen que redescubre al mejor Risco en unos escritos que llevaban olvidados medio siglo y que jam\u00e1s hab\u00edan sido publicados en libro.<\/p>\n<p>Se trata de la obra period\u00edstica completa de Vicente Risco para la revista Vida Gallega, unos trabajos que se remontan en el tiempo al a\u00f1o 1919 e las cartas con la pol\u00e9mica entre los nacionalistas e los regionalistas, hasta los \u00faltimos escritos del autor, de 1962. Todo un regalo para el lector, que aqu\u00ed encontrar\u00e1 elegancia y rigor intelectual y, al mismo tiempo, diversi\u00f3n y sencillez. En estas p\u00e1ginas habla Risco del paisaje, del cine, de libros, de vino, de Portugal, de la Semana Santa en Ourense, del Rom\u00e1nico, del fen\u00f3meno Xacobeo, de pintura, de nacionalismo\u2026 y mismo se sincera en una \u201cAutobiograf\u00eda confidencial\u201d.<\/p>\n<p>Este volumen (que representa el tercer tomo de la Colecci\u00f3n Rescate de Alvarellos Editora) incl\u00faye adem\u00e1s un documentado estudio sobre la personalidad y la obra de Risco, a cargo del profesor, historiador y escritor Marcos Valc\u00e1rcel; el testigo de uno de los compa\u00f1eros de tertulia del escritor en sus \u00faltimos a\u00f1os, el periodista y escritor Arturo Lezcano, y varios manuscritos in\u00e9ditos del autor, adem\u00e1s de reproduciones de varios de sus trabajos para la revista Vida Gallega.<\/p>\n","protected":false},"featured_media":6458,"comment_status":"closed","ping_status":"closed","template":"","meta":[],"product_brand":[],"product_cat":[111],"product_tag":[],"class_list":{"0":"post-2728","1":"product","2":"type-product","3":"status-publish","4":"has-post-thumbnail","6":"product_author-vicente-risco-es","7":"product_cat-coleccion-rescate-es","9":"first","10":"instock","11":"taxable","12":"shipping-taxable","13":"purchasable","14":"product-type-simple"},"yoast_head":"<!-- This site is optimized with the Yoast SEO plugin v27.3 - https:\/\/yoast.com\/product\/yoast-seo-wordpress\/ -->\n<title>\u00daltimas p\u00e1ginas sobre Galicia - Alvarellos Editora<\/title>\n<meta name=\"description\" content=\"\u00daltimas p\u00e1ginas sobre Galicia. C\u00f3mprao na tenda en li\u00f1a de Alvarellos Editora.\" \/>\n<meta name=\"robots\" content=\"index, follow, max-snippet:-1, max-image-preview:large, max-video-preview:-1\" \/>\n<link rel=\"canonical\" href=\"https:\/\/alvarelloseditora.gal\/es\/libro\/ultimas-paginas-sobre-galicia\/\" \/>\n<meta property=\"og:locale\" content=\"es_ES\" \/>\n<meta property=\"og:type\" content=\"article\" \/>\n<meta property=\"og:title\" content=\"\u00daltimas p\u00e1ginas sobre Galicia - Alvarellos Editora\" \/>\n<meta property=\"og:description\" content=\"\u00daltimas p\u00e1ginas sobre Galicia. C\u00f3mprao na tenda en li\u00f1a de Alvarellos Editora.\" \/>\n<meta property=\"og:url\" content=\"https:\/\/alvarelloseditora.gal\/es\/libro\/ultimas-paginas-sobre-galicia\/\" \/>\n<meta property=\"og:site_name\" content=\"Alvarellos Editora\" \/>\n<meta property=\"article:publisher\" content=\"https:\/\/www.facebook.com\/alvarelloseditora\" \/>\n<meta property=\"article:modified_time\" content=\"2021-06-22T12:54:45+00:00\" \/>\n<meta property=\"og:image\" content=\"https:\/\/alvarelloseditora.gal\/wp-content\/uploads\/2019\/12\/Capa-ULTIMAS-PAGINAS-SOBRE-GALICIA-scaled.jpg\" \/>\n\t<meta property=\"og:image:width\" content=\"1734\" \/>\n\t<meta property=\"og:image:height\" content=\"2560\" \/>\n\t<meta property=\"og:image:type\" content=\"image\/jpeg\" \/>\n<meta name=\"twitter:card\" content=\"summary_large_image\" \/>\n<meta name=\"twitter:site\" content=\"@alvarellos_ed\" \/>\n<!-- \/ Yoast SEO plugin. -->","yoast_head_json":{"title":"\u00daltimas p\u00e1ginas sobre Galicia - Alvarellos Editora","description":"\u00daltimas p\u00e1ginas sobre Galicia. C\u00f3mprao na tenda en li\u00f1a de Alvarellos Editora.","robots":{"index":"index","follow":"follow","max-snippet":"max-snippet:-1","max-image-preview":"max-image-preview:large","max-video-preview":"max-video-preview:-1"},"canonical":"https:\/\/alvarelloseditora.gal\/es\/libro\/ultimas-paginas-sobre-galicia\/","og_locale":"es_ES","og_type":"article","og_title":"\u00daltimas p\u00e1ginas sobre Galicia - Alvarellos Editora","og_description":"\u00daltimas p\u00e1ginas sobre Galicia. C\u00f3mprao na tenda en li\u00f1a de Alvarellos Editora.","og_url":"https:\/\/alvarelloseditora.gal\/es\/libro\/ultimas-paginas-sobre-galicia\/","og_site_name":"Alvarellos Editora","article_publisher":"https:\/\/www.facebook.com\/alvarelloseditora","article_modified_time":"2021-06-22T12:54:45+00:00","og_image":[{"width":1734,"height":2560,"url":"https:\/\/alvarelloseditora.gal\/wp-content\/uploads\/2019\/12\/Capa-ULTIMAS-PAGINAS-SOBRE-GALICIA-scaled.jpg","type":"image\/jpeg"}],"twitter_card":"summary_large_image","twitter_site":"@alvarellos_ed","schema":{"@context":"https:\/\/schema.org","@graph":[{"@type":["WebPage","ItemPage"],"@id":"https:\/\/alvarelloseditora.gal\/es\/libro\/ultimas-paginas-sobre-galicia\/","url":"https:\/\/alvarelloseditora.gal\/es\/libro\/ultimas-paginas-sobre-galicia\/","name":"\u00daltimas p\u00e1ginas sobre Galicia - Alvarellos Editora","isPartOf":{"@id":"https:\/\/alvarelloseditora.gal\/#website"},"primaryImageOfPage":{"@id":"https:\/\/alvarelloseditora.gal\/es\/libro\/ultimas-paginas-sobre-galicia\/#primaryimage"},"image":{"@id":"https:\/\/alvarelloseditora.gal\/es\/libro\/ultimas-paginas-sobre-galicia\/#primaryimage"},"thumbnailUrl":"https:\/\/alvarelloseditora.gal\/wp-content\/uploads\/2019\/12\/Capa-ULTIMAS-PAGINAS-SOBRE-GALICIA-scaled.jpg","datePublished":"2019-12-27T14:01:33+00:00","dateModified":"2021-06-22T12:54:45+00:00","description":"\u00daltimas p\u00e1ginas sobre Galicia. C\u00f3mprao na tenda en li\u00f1a de Alvarellos Editora.","breadcrumb":{"@id":"https:\/\/alvarelloseditora.gal\/es\/libro\/ultimas-paginas-sobre-galicia\/#breadcrumb"},"inLanguage":"es","potentialAction":[{"@type":"ReadAction","target":["https:\/\/alvarelloseditora.gal\/es\/libro\/ultimas-paginas-sobre-galicia\/"]}]},{"@type":"ImageObject","inLanguage":"es","@id":"https:\/\/alvarelloseditora.gal\/es\/libro\/ultimas-paginas-sobre-galicia\/#primaryimage","url":"https:\/\/alvarelloseditora.gal\/wp-content\/uploads\/2019\/12\/Capa-ULTIMAS-PAGINAS-SOBRE-GALICIA-scaled.jpg","contentUrl":"https:\/\/alvarelloseditora.gal\/wp-content\/uploads\/2019\/12\/Capa-ULTIMAS-PAGINAS-SOBRE-GALICIA-scaled.jpg","width":1734,"height":2560},{"@type":"BreadcrumbList","@id":"https:\/\/alvarelloseditora.gal\/es\/libro\/ultimas-paginas-sobre-galicia\/#breadcrumb","itemListElement":[{"@type":"ListItem","position":1,"name":"Portada","item":"https:\/\/alvarelloseditora.gal\/"},{"@type":"ListItem","position":2,"name":"Tienda","item":"https:\/\/alvarelloseditora.gal\/es\/tienda\/"},{"@type":"ListItem","position":3,"name":"\u00daltimas p\u00e1ginas sobre Galicia"}]},{"@type":"WebSite","@id":"https:\/\/alvarelloseditora.gal\/#website","url":"https:\/\/alvarelloseditora.gal\/","name":"Alvarellos Editora","description":"Libros para un mundo en tr\u00e1nsito","publisher":{"@id":"https:\/\/alvarelloseditora.gal\/#organization"},"potentialAction":[{"@type":"SearchAction","target":{"@type":"EntryPoint","urlTemplate":"https:\/\/alvarelloseditora.gal\/?s={search_term_string}"},"query-input":{"@type":"PropertyValueSpecification","valueRequired":true,"valueName":"search_term_string"}}],"inLanguage":"es"},{"@type":"Organization","@id":"https:\/\/alvarelloseditora.gal\/#organization","name":"Alvarellos Editora","url":"https:\/\/alvarelloseditora.gal\/","logo":{"@type":"ImageObject","inLanguage":"es","@id":"https:\/\/alvarelloseditora.gal\/#\/schema\/logo\/image\/","url":"https:\/\/alvarelloseditora.gal\/wp-content\/uploads\/2020\/02\/alv-icon.png","contentUrl":"https:\/\/alvarelloseditora.gal\/wp-content\/uploads\/2020\/02\/alv-icon.png","width":177,"height":175,"caption":"Alvarellos Editora"},"image":{"@id":"https:\/\/alvarelloseditora.gal\/#\/schema\/logo\/image\/"},"sameAs":["https:\/\/www.facebook.com\/alvarelloseditora","https:\/\/x.com\/alvarellos_ed"]}]}},"_links":{"self":[{"href":"https:\/\/alvarelloseditora.gal\/es\/wp-json\/wp\/v2\/product\/2728","targetHints":{"allow":["GET"]}}],"collection":[{"href":"https:\/\/alvarelloseditora.gal\/es\/wp-json\/wp\/v2\/product"}],"about":[{"href":"https:\/\/alvarelloseditora.gal\/es\/wp-json\/wp\/v2\/types\/product"}],"replies":[{"embeddable":true,"href":"https:\/\/alvarelloseditora.gal\/es\/wp-json\/wp\/v2\/comments?post=2728"}],"wp:featuredmedia":[{"embeddable":true,"href":"https:\/\/alvarelloseditora.gal\/es\/wp-json\/wp\/v2\/media\/6458"}],"wp:attachment":[{"href":"https:\/\/alvarelloseditora.gal\/es\/wp-json\/wp\/v2\/media?parent=2728"}],"wp:term":[{"taxonomy":"product_brand","embeddable":true,"href":"https:\/\/alvarelloseditora.gal\/es\/wp-json\/wp\/v2\/product_brand?post=2728"},{"taxonomy":"product_cat","embeddable":true,"href":"https:\/\/alvarelloseditora.gal\/es\/wp-json\/wp\/v2\/product_cat?post=2728"},{"taxonomy":"product_tag","embeddable":true,"href":"https:\/\/alvarelloseditora.gal\/es\/wp-json\/wp\/v2\/product_tag?post=2728"}],"curies":[{"name":"wp","href":"https:\/\/api.w.org\/{rel}","templated":true}]}}