{"id":2723,"date":"2019-12-27T13:38:17","date_gmt":"2019-12-27T14:01:16","guid":{"rendered":"https:\/\/nueva.alvarellos.info\/product\/botei-corenta-anos\/"},"modified":"2021-06-25T11:33:51","modified_gmt":"2021-06-25T09:33:51","slug":"botei-corenta-anos","status":"publish","type":"product","link":"https:\/\/alvarelloseditora.gal\/es\/libro\/botei-corenta-anos\/","title":{"rendered":"BOTEI CORENTA ANOS"},"content":{"rendered":"","protected":false},"excerpt":{"rendered":"<p>Novela corta autobiogr\u00e1fica<br \/>\nP\u00e1ginas: 92<br \/>\nLengua: gallego<br \/>\nMedidas: 12 x 20 cms<br \/>\nEncuadernaci\u00f3n: r\u00fastica<br \/>\nConservaci\u00f3n: perfecta<br \/>\nA\u00f1o 1\u00aa edici\u00f3n: 1977<br \/>\nA\u00f1o 2\u00aa edici\u00f3n: 1978<br \/>\nISBN: 84\u2013400-3164-5<\/p>\n<p>&nbsp;<\/p>\n<p>Se trata del primer libro que sali\u00f3 de Alvarellos Editora, en el verano de 1977. Los ejemplares que ofrecemos aqu\u00ed pertenecen a la segunda edici\u00f3n, publicada al a\u00f1o siguiente, en 1978. Esta obra fue muy popular en su tiempo por estar impresa, al igual que muchos otros t\u00edtulos de esta empresa en aquellos a\u00f1os, en \u201cpapel de estraza\u201d, ese papel del \u201ccolor del pan de centeno, que era lo \u00fanico que com\u00edamos en la posguerra\u201d, como sol\u00eda explicar su autor y editor, Enrique Alvarellos Iglesias. Ricardo Carballo Calero, en la rese\u00f1a que le dedic\u00f3 a este volumen en el n\u00famero 59 de Grial (Enero 1978) califica a Botei corenta anos como \u201cuna novela popular\u201d, y afirma que en el \u201cestado acual de las letras gallegas nos hace falta much\u00edsimo la novela popular. Esta se escribi\u00f3 por una persona perfectamente consciente del mundo que describe, y capaz de transmitirnos con eficacia ese conocimiento. El autor tiene cosas que contarnos y sabe contarlas (\u2026) Hay algo de novela picaresca en estes relatos de la vida infantil y juvenil que supone un soplo de frescura natural en el ambiente abundantemente enrarecido de los relatos gallegos que pretenden emular a Kafka, Musil, Faulkner, Joyce, Beckett, Borges ou Cort\u00e1zar\u201d.<\/p>\n","protected":false},"featured_media":9625,"comment_status":"closed","ping_status":"closed","template":"","meta":[],"product_brand":[],"product_cat":[108],"product_tag":[],"class_list":{"0":"post-2723","1":"product","2":"type-product","3":"status-publish","4":"has-post-thumbnail","6":"product_author-enrique-alvarellos-iglesias-es","7":"product_cat-ofertas-es","9":"first","10":"instock","11":"sale","12":"taxable","13":"shipping-taxable","14":"purchasable","15":"product-type-simple"},"yoast_head":"<!-- This site is optimized with the Yoast SEO plugin v27.3 - https:\/\/yoast.com\/product\/yoast-seo-wordpress\/ -->\n<title>BOTEI CORENTA ANOS - Alvarellos Editora<\/title>\n<meta name=\"description\" content=\"BOTEI CORENTA ANOS. C\u00f3mprao na tenda en li\u00f1a de Alvarellos Editora.\" \/>\n<meta name=\"robots\" content=\"index, follow, max-snippet:-1, max-image-preview:large, max-video-preview:-1\" \/>\n<link rel=\"canonical\" href=\"https:\/\/alvarelloseditora.gal\/es\/libro\/botei-corenta-anos\/\" \/>\n<meta property=\"og:locale\" content=\"es_ES\" \/>\n<meta property=\"og:type\" content=\"article\" \/>\n<meta property=\"og:title\" content=\"BOTEI CORENTA ANOS - Alvarellos Editora\" \/>\n<meta property=\"og:description\" content=\"BOTEI CORENTA ANOS. C\u00f3mprao na tenda en li\u00f1a de Alvarellos Editora.\" \/>\n<meta property=\"og:url\" content=\"https:\/\/alvarelloseditora.gal\/es\/libro\/botei-corenta-anos\/\" \/>\n<meta property=\"og:site_name\" content=\"Alvarellos Editora\" \/>\n<meta property=\"article:publisher\" content=\"https:\/\/www.facebook.com\/alvarelloseditora\" \/>\n<meta property=\"article:modified_time\" content=\"2021-06-25T09:33:51+00:00\" \/>\n<meta property=\"og:image\" content=\"https:\/\/alvarelloseditora.gal\/wp-content\/uploads\/2019\/12\/Botei-corenta-anos_0001-1.jpg\" \/>\n\t<meta property=\"og:image:width\" content=\"935\" \/>\n\t<meta property=\"og:image:height\" content=\"1502\" \/>\n\t<meta property=\"og:image:type\" content=\"image\/jpeg\" \/>\n<meta name=\"twitter:card\" content=\"summary_large_image\" \/>\n<meta name=\"twitter:site\" content=\"@alvarellos_ed\" \/>\n<!-- \/ Yoast SEO plugin. -->","yoast_head_json":{"title":"BOTEI CORENTA ANOS - Alvarellos Editora","description":"BOTEI CORENTA ANOS. C\u00f3mprao na tenda en li\u00f1a de Alvarellos Editora.","robots":{"index":"index","follow":"follow","max-snippet":"max-snippet:-1","max-image-preview":"max-image-preview:large","max-video-preview":"max-video-preview:-1"},"canonical":"https:\/\/alvarelloseditora.gal\/es\/libro\/botei-corenta-anos\/","og_locale":"es_ES","og_type":"article","og_title":"BOTEI CORENTA ANOS - Alvarellos Editora","og_description":"BOTEI CORENTA ANOS. C\u00f3mprao na tenda en li\u00f1a de Alvarellos Editora.","og_url":"https:\/\/alvarelloseditora.gal\/es\/libro\/botei-corenta-anos\/","og_site_name":"Alvarellos Editora","article_publisher":"https:\/\/www.facebook.com\/alvarelloseditora","article_modified_time":"2021-06-25T09:33:51+00:00","og_image":[{"width":935,"height":1502,"url":"https:\/\/alvarelloseditora.gal\/wp-content\/uploads\/2019\/12\/Botei-corenta-anos_0001-1.jpg","type":"image\/jpeg"}],"twitter_card":"summary_large_image","twitter_site":"@alvarellos_ed","schema":{"@context":"https:\/\/schema.org","@graph":[{"@type":["WebPage","ItemPage"],"@id":"https:\/\/alvarelloseditora.gal\/es\/libro\/botei-corenta-anos\/","url":"https:\/\/alvarelloseditora.gal\/es\/libro\/botei-corenta-anos\/","name":"BOTEI CORENTA ANOS - Alvarellos Editora","isPartOf":{"@id":"https:\/\/alvarelloseditora.gal\/#website"},"primaryImageOfPage":{"@id":"https:\/\/alvarelloseditora.gal\/es\/libro\/botei-corenta-anos\/#primaryimage"},"image":{"@id":"https:\/\/alvarelloseditora.gal\/es\/libro\/botei-corenta-anos\/#primaryimage"},"thumbnailUrl":"https:\/\/alvarelloseditora.gal\/wp-content\/uploads\/2019\/12\/Botei-corenta-anos_0001-1.jpg","datePublished":"2019-12-27T14:01:16+00:00","dateModified":"2021-06-25T09:33:51+00:00","description":"BOTEI CORENTA ANOS. C\u00f3mprao na tenda en li\u00f1a de Alvarellos Editora.","breadcrumb":{"@id":"https:\/\/alvarelloseditora.gal\/es\/libro\/botei-corenta-anos\/#breadcrumb"},"inLanguage":"es","potentialAction":[{"@type":"ReadAction","target":["https:\/\/alvarelloseditora.gal\/es\/libro\/botei-corenta-anos\/"]}]},{"@type":"ImageObject","inLanguage":"es","@id":"https:\/\/alvarelloseditora.gal\/es\/libro\/botei-corenta-anos\/#primaryimage","url":"https:\/\/alvarelloseditora.gal\/wp-content\/uploads\/2019\/12\/Botei-corenta-anos_0001-1.jpg","contentUrl":"https:\/\/alvarelloseditora.gal\/wp-content\/uploads\/2019\/12\/Botei-corenta-anos_0001-1.jpg","width":935,"height":1502},{"@type":"BreadcrumbList","@id":"https:\/\/alvarelloseditora.gal\/es\/libro\/botei-corenta-anos\/#breadcrumb","itemListElement":[{"@type":"ListItem","position":1,"name":"Portada","item":"https:\/\/alvarelloseditora.gal\/"},{"@type":"ListItem","position":2,"name":"Tienda","item":"https:\/\/alvarelloseditora.gal\/es\/tienda\/"},{"@type":"ListItem","position":3,"name":"BOTEI CORENTA ANOS"}]},{"@type":"WebSite","@id":"https:\/\/alvarelloseditora.gal\/#website","url":"https:\/\/alvarelloseditora.gal\/","name":"Alvarellos Editora","description":"Libros para un mundo en tr\u00e1nsito","publisher":{"@id":"https:\/\/alvarelloseditora.gal\/#organization"},"potentialAction":[{"@type":"SearchAction","target":{"@type":"EntryPoint","urlTemplate":"https:\/\/alvarelloseditora.gal\/?s={search_term_string}"},"query-input":{"@type":"PropertyValueSpecification","valueRequired":true,"valueName":"search_term_string"}}],"inLanguage":"es"},{"@type":"Organization","@id":"https:\/\/alvarelloseditora.gal\/#organization","name":"Alvarellos Editora","url":"https:\/\/alvarelloseditora.gal\/","logo":{"@type":"ImageObject","inLanguage":"es","@id":"https:\/\/alvarelloseditora.gal\/#\/schema\/logo\/image\/","url":"https:\/\/alvarelloseditora.gal\/wp-content\/uploads\/2020\/02\/alv-icon.png","contentUrl":"https:\/\/alvarelloseditora.gal\/wp-content\/uploads\/2020\/02\/alv-icon.png","width":177,"height":175,"caption":"Alvarellos Editora"},"image":{"@id":"https:\/\/alvarelloseditora.gal\/#\/schema\/logo\/image\/"},"sameAs":["https:\/\/www.facebook.com\/alvarelloseditora","https:\/\/x.com\/alvarellos_ed"]}]}},"_links":{"self":[{"href":"https:\/\/alvarelloseditora.gal\/es\/wp-json\/wp\/v2\/product\/2723","targetHints":{"allow":["GET"]}}],"collection":[{"href":"https:\/\/alvarelloseditora.gal\/es\/wp-json\/wp\/v2\/product"}],"about":[{"href":"https:\/\/alvarelloseditora.gal\/es\/wp-json\/wp\/v2\/types\/product"}],"replies":[{"embeddable":true,"href":"https:\/\/alvarelloseditora.gal\/es\/wp-json\/wp\/v2\/comments?post=2723"}],"wp:featuredmedia":[{"embeddable":true,"href":"https:\/\/alvarelloseditora.gal\/es\/wp-json\/wp\/v2\/media\/9625"}],"wp:attachment":[{"href":"https:\/\/alvarelloseditora.gal\/es\/wp-json\/wp\/v2\/media?parent=2723"}],"wp:term":[{"taxonomy":"product_brand","embeddable":true,"href":"https:\/\/alvarelloseditora.gal\/es\/wp-json\/wp\/v2\/product_brand?post=2723"},{"taxonomy":"product_cat","embeddable":true,"href":"https:\/\/alvarelloseditora.gal\/es\/wp-json\/wp\/v2\/product_cat?post=2723"},{"taxonomy":"product_tag","embeddable":true,"href":"https:\/\/alvarelloseditora.gal\/es\/wp-json\/wp\/v2\/product_tag?post=2723"}],"curies":[{"name":"wp","href":"https:\/\/api.w.org\/{rel}","templated":true}]}}