{"id":2722,"date":"2019-12-27T13:38:17","date_gmt":"2019-12-27T14:01:16","guid":{"rendered":"https:\/\/nueva.alvarellos.info\/product\/galicia-bajo-la-bota-de-franco\/"},"modified":"2021-06-23T14:01:47","modified_gmt":"2021-06-23T12:01:47","slug":"galicia-bajo-la-bota-de-franco","status":"publish","type":"product","link":"https:\/\/alvarelloseditora.gal\/es\/libro\/galicia-bajo-la-bota-de-franco\/","title":{"rendered":"GALICIA BAJO LA BOTA DE FRANCO"},"content":{"rendered":"<p><a href=\"https:\/\/alvarelloseditora.gal\/wp-content\/uploads\/arquivos\/audio\/IsaacDiazPardo.wma\" target=\"_blank\" rel=\"noopener noreferrer\">\u00bb Escucha a <strong>Isaac D\u00edaz Pardo<\/strong>\u00a0en la presentaci\u00f3n de la obra (A Coru\u00f1a, 15\/12\/05)<\/a><\/p>\n<p><a href=\"https:\/\/alvarelloseditora.gal\/wp-content\/uploads\/arquivos\/audio\/XesusAlonsoMontero.wma\" target=\"_blank\" rel=\"noopener noreferrer\">\u00bb Conferencia del profesor <strong>Xes\u00fas Alonso Montero<\/strong> en la presentaci\u00f3n en Vigo de <em>Galicia bajo la bota de Franco<\/em> (3\/2\/06).<\/a><\/p>\n<p>\u201cUn libro casi septuagenario escrito con un estilo vibrante, \u00e1gil, combatiente y en ocasiones \u00e9pico, con el que hay que contar para recuperar la memoria hist\u00f3rica de un tiempo apasionado\u201d.\u00a0<strong>CARLOS FERN\u00c1NDEZ<\/strong>, en \u201cCulturas\u201d de <strong>LA VOZ DE GALICIA<\/strong>,<\/p>\n<p>31\/12\/05 \u201cRescatada del olvido una obra clave sobre represi\u00f3n en Galicia\u201d. <strong>CARMEN ESCRIGAS<\/strong>, en <strong>EL CORREO GALLEGO<\/strong>,<\/p>\n<p>16\/12\/05 \u201cUnha desgarradora reportaxe xornal\u00edstica onde os autores describen, dende o anonimato e con feroz realismo, as tr\u00e1xicas xornadas que seguiron ao golpe franquista en cidades e vilas da Coru\u00f1a e Pontevedra\u201d. <strong>SUSO VARELA<\/strong>, en <strong>LA VOZ DE GALICIA<\/strong><\/p>\n<p>31\/12\/05 \u00abA reedici\u00f3n de \u00abGalicia bajo la bota de Franco\u00bb (&#8230;) constit\u00fae unha estremecedora e detallada cr\u00f3nica daqueles primeiros d\u00edas nos que foron asasinados en Vigo, entre outros, o primeiro alcalde da Segunda Rep\u00fablica, Blein Budi\u00f1o, e o propio alcalde socialista Emilio Mart\u00ednez Garrido\u00bb. <strong>MANUEL BRAGADO<\/strong>, en <strong>Faro de Vigo<\/strong>, 29\/01\/06.<\/p>\n<p><strong>\u2022 El suplemento \u201cCulturas\u201d del diario La Voz de Galicia cualific\u00f3 este libro como uno de los ensayos del a\u00f1o 2005 (31\/12\/05).<\/strong><\/p>\n","protected":false},"excerpt":{"rendered":"<p>La edici\u00f3n clandestina de 1938<\/p>\n<p>&nbsp;<\/p>\n<p>Formato: 13&#215;23 cms 281 pp.<br \/>\nISBN: 978-84-89323-21-6<br \/>\nMedidas: 13,5 X 23<br \/>\nEdici\u00f3n pr\u00edncipe: 1938<br \/>\n1\u00aa edici\u00f3n en Alvarellos Editora: 2005<br \/>\n2\u00aa edici\u00f3n en Alvarellos Editora: 2017<br \/>\nMaterial complementario: Introducci\u00f3n y edici\u00f3n anotada por Carlos Fern\u00e1ndez Santander. Tres Ap\u00e9ndices: \u00abOtros escenarios: Lal\u00edn, Lugo y Ourense\u00bb, por Enrique Alvarellos Iglesias; \u00abFalangistas coru\u00f1eses del a\u00f1o 38\u00bb, por Carlos Fern\u00e1ndez, e \u00cdndice completo de nombres.<\/p>\n<p>&nbsp;<\/p>\n<p>80 ANIVERSARIO DE LA PRIMERA EDICI\u00d3N DE 1938<\/p>\n<p>Los atroces acontecimientos que sacudieron las provincias de Pontevedra y A Coru\u00f1a entre agosto y diciembre de 1936. Narrados por quienes los vivieron y sufrieron. Galicia bajo la bota de Franco\u00a0fue publicado\u00a0por primera vez en castellano y franc\u00e9s en 1938 en Buenos Aires y Par\u00eds.<\/p>\n<p>Un crudo reportaje period\u00edstico de autores an\u00f3nimos donde se describe, con feroz realismo, el d\u00eda a d\u00eda en Vigo, A Coru\u00f1a, Pontevedra, Santiago, Nigr\u00e1n, Tui\u2026 en las tr\u00e1gicas jornadas que siguieron al golpe de Estado del general Franco.<\/p>\n<p>ALVARELLOS EDITORA recupera una obra tan dura en sus contenidos como fundamental para conocer y reflexionar sobre la dimensi\u00f3n de unos hechos que jam\u00e1s pueden volver a repetirse.<\/p>\n<p>La presente edici\u00f3n cuenta con un Pr\u00f3logo y notas al texto a cargo del historiador Carlos Fern\u00e1ndez Santander (A Coru\u00f1a, 1944), autor de una de las biograf\u00edas m\u00e1s completas sobre Franco y de m\u00e1s de treinta libros sobre la guerra civil espa\u00f1ola y las cuatro d\u00e9cadas de dictadura que la siguieron. Adem\u00e1s de este estudio de Fern\u00e1ndez Santander, la presente edici\u00f3n se completa con tres Ap\u00e9ndices donde se narran otros escenarios de la represi\u00f3n franquista en Galicia no recogidos en el libro (la comarca del Deza, Lugo u Ourense), se aporta un listado de falangistas coru\u00f1eses de 1938, y un pr\u00e1ctico \u00edndice donde localizar rapidamente a los cientos de nombres de v\u00edctimas y verdugos que aparecen citados a lo largo de las casi 300 p\u00e1ginas de esta reveladora edici\u00f3n. Fern\u00e1ndez Santander cita, en su pr\u00f3logo, a Lu\u00eds Seoane y Manuel Dom\u00ednguez Benavides como probables autores de Galicia bajo la bota de Franco \u201cun libro \u2013dice\u2013 que tuvo en su momento una gran difusi\u00f3n, pues se public\u00f3 tanto en castellano como en franc\u00e9s, y por varias editoras\u201d.<\/p>\n<p>UNA NARRACI\u00d3N VIBRANTE, \u00c9PICA y DE DENUNCIA ANTE EUROPA<\/p>\n<p>Carlos Fern\u00e1ndez define este libro como un instant-book de la \u00e9poca, con un estilo \u201cvibrante, \u00e1gil, combatiente, en ocasiones \u00e9pico, donde se cita sin ning\u00fan reparo nombres de v\u00edctimas y represores, con una narraci\u00f3n clara y period\u00edstica y un prop\u00f3sito bien claro: denunciar al mundo lo que est\u00e1 ocurriendo en Galicia, donde s\u00f3lo en cinco meses de 1936, de agosto a diciembre, varios miles de personas hab\u00edan sido fusiladas, o asesinadas \u2013que para el caso era lo mismo\u2013 sin m\u00e1s \u2018delito\u2019 que profesar unas ideas o ser autoridad, en mayor o menor grado, de un Gobierno que hab\u00eda ganado las \u00faltimas elecciones generales, en febrero de 1936, de forma democr\u00e1tica\u201d.<\/p>\n","protected":false},"featured_media":3961,"comment_status":"closed","ping_status":"closed","template":"","meta":[],"product_brand":[],"product_cat":[105],"product_tag":[1042],"class_list":{"0":"post-2722","1":"product","2":"type-product","3":"status-publish","4":"has-post-thumbnail","6":"product_cat-oeste-es","7":"product_tag-libros-con-memoria-es","9":"first","10":"instock","11":"taxable","12":"shipping-taxable","13":"purchasable","14":"product-type-simple"},"yoast_head":"<!-- This site is optimized with the Yoast SEO plugin v27.3 - https:\/\/yoast.com\/product\/yoast-seo-wordpress\/ -->\n<title>GALICIA BAJO LA BOTA DE FRANCO - Alvarellos Editora<\/title>\n<meta name=\"description\" content=\"GALICIA BAJO LA BOTA DE FRANCO. C\u00f3mprao na tenda en li\u00f1a de Alvarellos Editora.\" \/>\n<meta name=\"robots\" content=\"index, follow, max-snippet:-1, max-image-preview:large, max-video-preview:-1\" \/>\n<link rel=\"canonical\" href=\"https:\/\/alvarelloseditora.gal\/es\/libro\/galicia-bajo-la-bota-de-franco\/\" \/>\n<meta property=\"og:locale\" content=\"es_ES\" \/>\n<meta property=\"og:type\" content=\"article\" \/>\n<meta property=\"og:title\" content=\"GALICIA BAJO LA BOTA DE FRANCO - Alvarellos Editora\" \/>\n<meta property=\"og:description\" content=\"GALICIA BAJO LA BOTA DE FRANCO. C\u00f3mprao na tenda en li\u00f1a de Alvarellos Editora.\" \/>\n<meta property=\"og:url\" content=\"https:\/\/alvarelloseditora.gal\/es\/libro\/galicia-bajo-la-bota-de-franco\/\" \/>\n<meta property=\"og:site_name\" content=\"Alvarellos Editora\" \/>\n<meta property=\"article:publisher\" content=\"https:\/\/www.facebook.com\/alvarelloseditora\" \/>\n<meta property=\"article:modified_time\" content=\"2021-06-23T12:01:47+00:00\" \/>\n<meta property=\"og:image\" content=\"https:\/\/alvarelloseditora.gal\/wp-content\/uploads\/2019\/12\/GaliciaBotaFrancoSegundaEdiOut17-scaled.jpg\" \/>\n\t<meta property=\"og:image:width\" content=\"1469\" \/>\n\t<meta property=\"og:image:height\" content=\"2560\" \/>\n\t<meta property=\"og:image:type\" content=\"image\/jpeg\" \/>\n<meta name=\"twitter:card\" content=\"summary_large_image\" \/>\n<meta name=\"twitter:site\" content=\"@alvarellos_ed\" \/>\n<meta name=\"twitter:label1\" content=\"Tiempo de lectura\" \/>\n\t<meta name=\"twitter:data1\" content=\"1 minuto\" \/>\n<!-- \/ Yoast SEO plugin. -->","yoast_head_json":{"title":"GALICIA BAJO LA BOTA DE FRANCO - Alvarellos Editora","description":"GALICIA BAJO LA BOTA DE FRANCO. C\u00f3mprao na tenda en li\u00f1a de Alvarellos Editora.","robots":{"index":"index","follow":"follow","max-snippet":"max-snippet:-1","max-image-preview":"max-image-preview:large","max-video-preview":"max-video-preview:-1"},"canonical":"https:\/\/alvarelloseditora.gal\/es\/libro\/galicia-bajo-la-bota-de-franco\/","og_locale":"es_ES","og_type":"article","og_title":"GALICIA BAJO LA BOTA DE FRANCO - Alvarellos Editora","og_description":"GALICIA BAJO LA BOTA DE FRANCO. C\u00f3mprao na tenda en li\u00f1a de Alvarellos Editora.","og_url":"https:\/\/alvarelloseditora.gal\/es\/libro\/galicia-bajo-la-bota-de-franco\/","og_site_name":"Alvarellos Editora","article_publisher":"https:\/\/www.facebook.com\/alvarelloseditora","article_modified_time":"2021-06-23T12:01:47+00:00","og_image":[{"width":1469,"height":2560,"url":"https:\/\/alvarelloseditora.gal\/wp-content\/uploads\/2019\/12\/GaliciaBotaFrancoSegundaEdiOut17-scaled.jpg","type":"image\/jpeg"}],"twitter_card":"summary_large_image","twitter_site":"@alvarellos_ed","twitter_misc":{"Tiempo de lectura":"1 minuto"},"schema":{"@context":"https:\/\/schema.org","@graph":[{"@type":["WebPage","ItemPage"],"@id":"https:\/\/alvarelloseditora.gal\/es\/libro\/galicia-bajo-la-bota-de-franco\/","url":"https:\/\/alvarelloseditora.gal\/es\/libro\/galicia-bajo-la-bota-de-franco\/","name":"GALICIA BAJO LA BOTA DE FRANCO - Alvarellos Editora","isPartOf":{"@id":"https:\/\/alvarelloseditora.gal\/#website"},"primaryImageOfPage":{"@id":"https:\/\/alvarelloseditora.gal\/es\/libro\/galicia-bajo-la-bota-de-franco\/#primaryimage"},"image":{"@id":"https:\/\/alvarelloseditora.gal\/es\/libro\/galicia-bajo-la-bota-de-franco\/#primaryimage"},"thumbnailUrl":"https:\/\/alvarelloseditora.gal\/wp-content\/uploads\/2019\/12\/GaliciaBotaFrancoSegundaEdiOut17-scaled.jpg","datePublished":"2019-12-27T14:01:16+00:00","dateModified":"2021-06-23T12:01:47+00:00","description":"GALICIA BAJO LA BOTA DE FRANCO. C\u00f3mprao na tenda en li\u00f1a de Alvarellos Editora.","breadcrumb":{"@id":"https:\/\/alvarelloseditora.gal\/es\/libro\/galicia-bajo-la-bota-de-franco\/#breadcrumb"},"inLanguage":"es","potentialAction":[{"@type":"ReadAction","target":["https:\/\/alvarelloseditora.gal\/es\/libro\/galicia-bajo-la-bota-de-franco\/"]}]},{"@type":"ImageObject","inLanguage":"es","@id":"https:\/\/alvarelloseditora.gal\/es\/libro\/galicia-bajo-la-bota-de-franco\/#primaryimage","url":"https:\/\/alvarelloseditora.gal\/wp-content\/uploads\/2019\/12\/GaliciaBotaFrancoSegundaEdiOut17-scaled.jpg","contentUrl":"https:\/\/alvarelloseditora.gal\/wp-content\/uploads\/2019\/12\/GaliciaBotaFrancoSegundaEdiOut17-scaled.jpg","width":1469,"height":2560},{"@type":"BreadcrumbList","@id":"https:\/\/alvarelloseditora.gal\/es\/libro\/galicia-bajo-la-bota-de-franco\/#breadcrumb","itemListElement":[{"@type":"ListItem","position":1,"name":"Portada","item":"https:\/\/alvarelloseditora.gal\/"},{"@type":"ListItem","position":2,"name":"Tienda","item":"https:\/\/alvarelloseditora.gal\/es\/tienda\/"},{"@type":"ListItem","position":3,"name":"GALICIA BAJO LA BOTA DE FRANCO"}]},{"@type":"WebSite","@id":"https:\/\/alvarelloseditora.gal\/#website","url":"https:\/\/alvarelloseditora.gal\/","name":"Alvarellos Editora","description":"Libros para un mundo en tr\u00e1nsito","publisher":{"@id":"https:\/\/alvarelloseditora.gal\/#organization"},"potentialAction":[{"@type":"SearchAction","target":{"@type":"EntryPoint","urlTemplate":"https:\/\/alvarelloseditora.gal\/?s={search_term_string}"},"query-input":{"@type":"PropertyValueSpecification","valueRequired":true,"valueName":"search_term_string"}}],"inLanguage":"es"},{"@type":"Organization","@id":"https:\/\/alvarelloseditora.gal\/#organization","name":"Alvarellos Editora","url":"https:\/\/alvarelloseditora.gal\/","logo":{"@type":"ImageObject","inLanguage":"es","@id":"https:\/\/alvarelloseditora.gal\/#\/schema\/logo\/image\/","url":"https:\/\/alvarelloseditora.gal\/wp-content\/uploads\/2020\/02\/alv-icon.png","contentUrl":"https:\/\/alvarelloseditora.gal\/wp-content\/uploads\/2020\/02\/alv-icon.png","width":177,"height":175,"caption":"Alvarellos Editora"},"image":{"@id":"https:\/\/alvarelloseditora.gal\/#\/schema\/logo\/image\/"},"sameAs":["https:\/\/www.facebook.com\/alvarelloseditora","https:\/\/x.com\/alvarellos_ed"]}]}},"_links":{"self":[{"href":"https:\/\/alvarelloseditora.gal\/es\/wp-json\/wp\/v2\/product\/2722","targetHints":{"allow":["GET"]}}],"collection":[{"href":"https:\/\/alvarelloseditora.gal\/es\/wp-json\/wp\/v2\/product"}],"about":[{"href":"https:\/\/alvarelloseditora.gal\/es\/wp-json\/wp\/v2\/types\/product"}],"replies":[{"embeddable":true,"href":"https:\/\/alvarelloseditora.gal\/es\/wp-json\/wp\/v2\/comments?post=2722"}],"wp:featuredmedia":[{"embeddable":true,"href":"https:\/\/alvarelloseditora.gal\/es\/wp-json\/wp\/v2\/media\/3961"}],"wp:attachment":[{"href":"https:\/\/alvarelloseditora.gal\/es\/wp-json\/wp\/v2\/media?parent=2722"}],"wp:term":[{"taxonomy":"product_brand","embeddable":true,"href":"https:\/\/alvarelloseditora.gal\/es\/wp-json\/wp\/v2\/product_brand?post=2722"},{"taxonomy":"product_cat","embeddable":true,"href":"https:\/\/alvarelloseditora.gal\/es\/wp-json\/wp\/v2\/product_cat?post=2722"},{"taxonomy":"product_tag","embeddable":true,"href":"https:\/\/alvarelloseditora.gal\/es\/wp-json\/wp\/v2\/product_tag?post=2722"}],"curies":[{"name":"wp","href":"https:\/\/api.w.org\/{rel}","templated":true}]}}