{"id":2720,"date":"2019-12-27T13:38:17","date_gmt":"2019-12-27T14:01:16","guid":{"rendered":"https:\/\/nueva.alvarellos.info\/product\/sesenta-gallegos-ilustres\/"},"modified":"2023-02-23T12:09:33","modified_gmt":"2023-02-23T11:09:33","slug":"sesenta-gallegos-ilustres","status":"publish","type":"product","link":"https:\/\/alvarelloseditora.gal\/es\/libro\/sesenta-gallegos-ilustres\/","title":{"rendered":"Sesenta gallegos ilustres"},"content":{"rendered":"<blockquote><p>&gt;<strong> <a href=\"https:\/\/alvarelloseditora.gal\/wp-content\/uploads\/arquivos\/audio\/pacodelriego2.mp3\" target=\"_blank\" rel=\"noopener noreferrer\">Escucha al autor recitando un fragmento del Pr\u00f3logo<\/a> Gravado en Vigo el 21 de mayo de 2007 <\/strong>(fichero .mp3 927.45 KB)<\/p><\/blockquote>\n<p>&nbsp;<\/p>\n<blockquote><p>&gt; <strong><a href=\"https:\/\/alvarelloseditora.gal\/wp-content\/uploads\/arquivos\/audio\/PacoDelRiego.wma\">Escucha al autor recitando fragmentos de esta obra<\/a> Grabado en Vigo el 9 de noviembre de 2005 <\/strong>fichero .wma 1,4 MB)<\/p><\/blockquote>\n<p>&nbsp;<\/p>\n<p>\u201cEs una obra cuidada con esmero, que contiene una de las piezas de ese puente que algunos de los gallegos m\u00e1s visionarios han construido para que las generaciones actuales no se extrav\u00eden por los laberintos de la desmemoria\u201d. <strong>JOS\u00c9 VARELA<\/strong>, en \u201cCulturas\u201d de <strong>LA VOZ DE GALICIA<\/strong>, 29\/10\/05<\/p>\n<p>&nbsp;<\/p>\n<p>\u201cUnha inmellor\u00e1bel oportunidade para actualizar o noso co\u00f1ecemento ou descubrir \u00e1ngulos in\u00e9ditos destes sesenta galegos nalg\u00fans casos; noutro permitiranos asistir \u00e1 descuberta dalg\u00fans deles; mais todos contidos nestes breves e celmosos perf\u00eds que nos conducen desde Rosal\u00eda a Amor Ruibal, de Viqueira a Ovidio Murgu\u00eda, de Antol\u00edn Faraldo a Curros Enr\u00edquez, de Crecente Vega a Pondal, pasando por Manuel Antonio, Carr\u00e9 Aldao, Maside, Risco, Pintos ou Noriega Varela at\u00e9 Pimentel entre moitos outros, nun envoltorio que non desmerece en absoluto da categor\u00eda destas achegas. Unha iniciativa, en fin, que s\u00f3 cabe saudar con satisfacci\u00f3n\u201d. <strong>RAM\u00d3N NICOL\u00c1S<\/strong> en \u201cFaro da Cultura\u201d de <strong>FARO DE VIGO<\/strong>, 17\/12\/05<\/p>\n<p>&nbsp;<\/p>\n<p>\u201cSon retratos xornal\u00edsticos de persoas do m\u00e1is dispar, de distintas \u00e9pocas e profesi\u00f3ns. Todos te\u00f1en en com\u00fan que se destacaron no empe\u00f1o por Galicia, unha caracter\u00edstica que outorgaba \u00e1s s\u00faas biograf\u00edas en pequeno formato un aquel de reivindicaci\u00f3n nun tempo, o do franquismo, no que era arriscado defender ideas como as do galeguismo (entre moitas outras). A proba evidente \u00e9 que estes artigos est\u00e1n escritos en castel\u00e1n, pero por eles ben que latexa o esp\u00edrito galego (\u00c9 un luxo escoitar ao autor ler alg\u00fans destes textos, en www.alvarellos.info)\u201d. <strong>XES\u00daS FRAGA<\/strong>, en \u201cCulturas\u201d, <strong>LA VOZ DE GALICIA<\/strong>, 31\/12\/05<\/p>\n<p>&nbsp;<\/p>\n<p><strong>\u2022 Sesenta gallegos ilustres fue seleccionado como uno de los mejores libros gallegos del a\u00f1o 2005, seg\u00fan los cr\u00edticos literarios de La Voz de Galicia.<\/strong><\/p>\n","protected":false},"excerpt":{"rendered":"<p>OBRA PERIOD\u00cdSTICA OLVIDADA EN VIDA GALLEGA, 1956-1962<\/p>\n<p>&nbsp;<br \/>\nFrancisco Fern\u00e1ndez del Riego<br \/>\n&nbsp;<\/p>\n<p>N\u00ba p\u00e1ginas: 343<br \/>\nLengua: Castellano (el 90%) y gallego<br \/>\nMedidas: 14&#215;21<br \/>\nA\u00f1o 1\u00aa edici\u00f3n: 2005<br \/>\nISBN: 84\u201385311\u201321\u20133<br \/>\nEncuadernaci\u00f3n: tapa dura<br \/>\nIlustraciones: reproducci\u00f3n de los originales de veinte art\u00edculos y varias p\u00e1ginas de la revista Vida Gallega correspondientes a su segunda etapa, de los a\u00f1os 50 e 60.<\/p>\n<p>&nbsp;<\/p>\n<p>Recuperamos la valiosa obra period\u00edstica para la revista Vida Gallega de una de las figuras m\u00e1s relevantes de la cultura gallega del siglo XX, Paco del Riego (Lourenz\u00e1-Lugo, 1912- Vigo, 2010).<\/p>\n<p>&nbsp;<\/p>\n<p>Sesenta art\u00edculos escritos en los a\u00f1os cincuenta y sesenta que permanec\u00edan in\u00e9ditos en libro y en los que el hist\u00f3rico galleguista hace uso de una prosa altamente sugestiva con la que nos transporta por la historia y el sentir de Galicia a trav\u00e9s de los siglos.<\/p>\n<p>&nbsp;<\/p>\n<p>Estos textos fueron escritos entre los a\u00f1os 1956 y 1962 dentro de una secci\u00f3n fija de la revista Vida gallega titulada \u201cPerfiles gallegos\u201d, firmada con uno de los pseud\u00f3nimos habituales del escritor, Cosme Barreiros.<\/p>\n<p>&nbsp;<\/p>\n<p>A trav\u00e9s de una prosa altamente sugestiva, en Sesenta gallegos ilustres Fern\u00e1ndez del Riego nos lleva por la historia y el sentir de Galicia a trav\u00e9s de sus poetas, pintores, m\u00fasicos, pol\u00edticos, aventureros\u2026 Entre ellos, Vicetto, Castelao, el Conde de Gondomar, Xo\u00e1n Montes, Diego Gelm\u00edrez, Villar Ponte, Domingo Font\u00e1n, Couceiro Freijomil, N\u00f3voa Santos\u2026<\/p>\n<p>&nbsp;<\/p>\n<p>Es el propio autor quien prolog\u00f3, a sus 92 a\u00f1os, estos textos recuperados, que aparecen en esta cuidada edici\u00f3n con otros trabajos suyos tambi\u00e9n in\u00e9ditos en libro, y varios originales de sus art\u00edculos tal y como los entreg\u00f3 el escritor a la redacci\u00f3n de Vida Gallega.<\/p>\n<p>&nbsp;<\/p>\n<p>PACO DEL RIEGO: \u201cERAN TIEMPOS OSCUROS\u201d<\/p>\n<p>&nbsp;<\/p>\n<p>En su pr\u00f3logo, Fern\u00e1ndez del Riego afirma que estos textos fueron publicados en una \u00e9poca \u201cde densa oscuridad para las Letras y la Lengua gallegas. El uso p\u00fablico del idioma literario era v\u00edctima de los m\u00e1s duros impedimentos. Se fomentaba desde el poder pol\u00edtico la desmemoria de los valores aut\u00f3ctonos y de todo lo que supusiese afirmaci\u00f3n del ser de Galicia\u201d.<\/p>\n<p>&nbsp;<\/p>\n<p>Sin embargo, este nuevo libro de Fern\u00e1ndez del Riego Sesenta gallegos ilustres nos permite comprobar como, en cada p\u00e1gina, y burlando todas las censuras, se transmite una abierta defensa del ser y la identidad de Galicia.<\/p>\n<p>&nbsp;<\/p>\n","protected":false},"featured_media":8138,"comment_status":"closed","ping_status":"closed","template":"","meta":[],"product_brand":[],"product_cat":[111],"product_tag":[],"class_list":{"0":"post-2720","1":"product","2":"type-product","3":"status-publish","4":"has-post-thumbnail","6":"product_author-francisco-fernandez-del-riego-es","7":"product_cat-coleccion-rescate-es","9":"first","10":"instock","11":"taxable","12":"shipping-taxable","13":"purchasable","14":"product-type-simple"},"yoast_head":"<!-- This site is optimized with the Yoast SEO plugin v27.3 - https:\/\/yoast.com\/product\/yoast-seo-wordpress\/ -->\n<title>Sesenta gallegos ilustres - Alvarellos Editora<\/title>\n<meta name=\"description\" content=\"Sesenta gallegos ilustres. C\u00f3mprao na tenda en li\u00f1a de Alvarellos Editora.\" \/>\n<meta name=\"robots\" content=\"index, follow, max-snippet:-1, max-image-preview:large, max-video-preview:-1\" \/>\n<link rel=\"canonical\" href=\"https:\/\/alvarelloseditora.gal\/es\/libro\/sesenta-gallegos-ilustres\/\" \/>\n<meta property=\"og:locale\" content=\"es_ES\" \/>\n<meta property=\"og:type\" content=\"article\" \/>\n<meta property=\"og:title\" content=\"Sesenta gallegos ilustres - Alvarellos Editora\" \/>\n<meta property=\"og:description\" content=\"Sesenta gallegos ilustres. C\u00f3mprao na tenda en li\u00f1a de Alvarellos Editora.\" \/>\n<meta property=\"og:url\" content=\"https:\/\/alvarelloseditora.gal\/es\/libro\/sesenta-gallegos-ilustres\/\" \/>\n<meta property=\"og:site_name\" content=\"Alvarellos Editora\" \/>\n<meta property=\"article:publisher\" content=\"https:\/\/www.facebook.com\/alvarelloseditora\" \/>\n<meta property=\"article:modified_time\" content=\"2023-02-23T11:09:33+00:00\" \/>\n<meta name=\"twitter:card\" content=\"summary_large_image\" \/>\n<meta name=\"twitter:site\" content=\"@alvarellos_ed\" \/>\n<meta name=\"twitter:label1\" content=\"Tiempo de lectura\" \/>\n\t<meta name=\"twitter:data1\" content=\"2 minutos\" \/>\n<!-- \/ Yoast SEO plugin. -->","yoast_head_json":{"title":"Sesenta gallegos ilustres - Alvarellos Editora","description":"Sesenta gallegos ilustres. C\u00f3mprao na tenda en li\u00f1a de Alvarellos Editora.","robots":{"index":"index","follow":"follow","max-snippet":"max-snippet:-1","max-image-preview":"max-image-preview:large","max-video-preview":"max-video-preview:-1"},"canonical":"https:\/\/alvarelloseditora.gal\/es\/libro\/sesenta-gallegos-ilustres\/","og_locale":"es_ES","og_type":"article","og_title":"Sesenta gallegos ilustres - Alvarellos Editora","og_description":"Sesenta gallegos ilustres. C\u00f3mprao na tenda en li\u00f1a de Alvarellos Editora.","og_url":"https:\/\/alvarelloseditora.gal\/es\/libro\/sesenta-gallegos-ilustres\/","og_site_name":"Alvarellos Editora","article_publisher":"https:\/\/www.facebook.com\/alvarelloseditora","article_modified_time":"2023-02-23T11:09:33+00:00","twitter_card":"summary_large_image","twitter_site":"@alvarellos_ed","twitter_misc":{"Tiempo de lectura":"2 minutos"},"schema":{"@context":"https:\/\/schema.org","@graph":[{"@type":["WebPage","ItemPage"],"@id":"https:\/\/alvarelloseditora.gal\/es\/libro\/sesenta-gallegos-ilustres\/","url":"https:\/\/alvarelloseditora.gal\/es\/libro\/sesenta-gallegos-ilustres\/","name":"Sesenta gallegos ilustres - Alvarellos Editora","isPartOf":{"@id":"https:\/\/alvarelloseditora.gal\/#website"},"primaryImageOfPage":{"@id":"https:\/\/alvarelloseditora.gal\/es\/libro\/sesenta-gallegos-ilustres\/#primaryimage"},"image":{"@id":"https:\/\/alvarelloseditora.gal\/es\/libro\/sesenta-gallegos-ilustres\/#primaryimage"},"thumbnailUrl":"https:\/\/alvarelloseditora.gal\/wp-content\/uploads\/2019\/12\/2005-3.jpg","datePublished":"2019-12-27T14:01:16+00:00","dateModified":"2023-02-23T11:09:33+00:00","description":"Sesenta gallegos ilustres. C\u00f3mprao na tenda en li\u00f1a de Alvarellos Editora.","breadcrumb":{"@id":"https:\/\/alvarelloseditora.gal\/es\/libro\/sesenta-gallegos-ilustres\/#breadcrumb"},"inLanguage":"es","potentialAction":[{"@type":"ReadAction","target":["https:\/\/alvarelloseditora.gal\/es\/libro\/sesenta-gallegos-ilustres\/"]}]},{"@type":"ImageObject","inLanguage":"es","@id":"https:\/\/alvarelloseditora.gal\/es\/libro\/sesenta-gallegos-ilustres\/#primaryimage","url":"https:\/\/alvarelloseditora.gal\/wp-content\/uploads\/2019\/12\/2005-3.jpg","contentUrl":"https:\/\/alvarelloseditora.gal\/wp-content\/uploads\/2019\/12\/2005-3.jpg","width":1580,"height":2400},{"@type":"BreadcrumbList","@id":"https:\/\/alvarelloseditora.gal\/es\/libro\/sesenta-gallegos-ilustres\/#breadcrumb","itemListElement":[{"@type":"ListItem","position":1,"name":"Portada","item":"https:\/\/alvarelloseditora.gal\/"},{"@type":"ListItem","position":2,"name":"Tienda","item":"https:\/\/alvarelloseditora.gal\/es\/tienda\/"},{"@type":"ListItem","position":3,"name":"Sesenta gallegos ilustres"}]},{"@type":"WebSite","@id":"https:\/\/alvarelloseditora.gal\/#website","url":"https:\/\/alvarelloseditora.gal\/","name":"Alvarellos Editora","description":"Libros para un mundo en tr\u00e1nsito","publisher":{"@id":"https:\/\/alvarelloseditora.gal\/#organization"},"potentialAction":[{"@type":"SearchAction","target":{"@type":"EntryPoint","urlTemplate":"https:\/\/alvarelloseditora.gal\/?s={search_term_string}"},"query-input":{"@type":"PropertyValueSpecification","valueRequired":true,"valueName":"search_term_string"}}],"inLanguage":"es"},{"@type":"Organization","@id":"https:\/\/alvarelloseditora.gal\/#organization","name":"Alvarellos Editora","url":"https:\/\/alvarelloseditora.gal\/","logo":{"@type":"ImageObject","inLanguage":"es","@id":"https:\/\/alvarelloseditora.gal\/#\/schema\/logo\/image\/","url":"https:\/\/alvarelloseditora.gal\/wp-content\/uploads\/2020\/02\/alv-icon.png","contentUrl":"https:\/\/alvarelloseditora.gal\/wp-content\/uploads\/2020\/02\/alv-icon.png","width":177,"height":175,"caption":"Alvarellos Editora"},"image":{"@id":"https:\/\/alvarelloseditora.gal\/#\/schema\/logo\/image\/"},"sameAs":["https:\/\/www.facebook.com\/alvarelloseditora","https:\/\/x.com\/alvarellos_ed"]}]}},"_links":{"self":[{"href":"https:\/\/alvarelloseditora.gal\/es\/wp-json\/wp\/v2\/product\/2720","targetHints":{"allow":["GET"]}}],"collection":[{"href":"https:\/\/alvarelloseditora.gal\/es\/wp-json\/wp\/v2\/product"}],"about":[{"href":"https:\/\/alvarelloseditora.gal\/es\/wp-json\/wp\/v2\/types\/product"}],"replies":[{"embeddable":true,"href":"https:\/\/alvarelloseditora.gal\/es\/wp-json\/wp\/v2\/comments?post=2720"}],"wp:featuredmedia":[{"embeddable":true,"href":"https:\/\/alvarelloseditora.gal\/es\/wp-json\/wp\/v2\/media\/8138"}],"wp:attachment":[{"href":"https:\/\/alvarelloseditora.gal\/es\/wp-json\/wp\/v2\/media?parent=2720"}],"wp:term":[{"taxonomy":"product_brand","embeddable":true,"href":"https:\/\/alvarelloseditora.gal\/es\/wp-json\/wp\/v2\/product_brand?post=2720"},{"taxonomy":"product_cat","embeddable":true,"href":"https:\/\/alvarelloseditora.gal\/es\/wp-json\/wp\/v2\/product_cat?post=2720"},{"taxonomy":"product_tag","embeddable":true,"href":"https:\/\/alvarelloseditora.gal\/es\/wp-json\/wp\/v2\/product_tag?post=2720"}],"curies":[{"name":"wp","href":"https:\/\/api.w.org\/{rel}","templated":true}]}}