{"id":2719,"date":"2019-12-27T13:38:17","date_gmt":"2019-12-27T13:38:17","guid":{"rendered":"https:\/\/nueva.alvarellos.info\/product\/himnos-y-canticos\/"},"modified":"2021-06-25T13:08:15","modified_gmt":"2021-06-25T11:08:15","slug":"himnos-y-canticos","status":"publish","type":"product","link":"https:\/\/alvarelloseditora.gal\/es\/libro\/himnos-y-canticos\/","title":{"rendered":"HIMNOS Y C\u00c1NTICOS"},"content":{"rendered":"","protected":false},"excerpt":{"rendered":"<p>HERMOSO TRABAJO LIT\u00daRGICO-MUSICAL<br \/>\nP\u00e1ginas: 70<br \/>\nLengua: castellano<br \/>\nColecci\u00f3n: En Clave de Fa<br \/>\nA\u00f1o 1\u00aa edici\u00f3n: 2004<br \/>\nISBN: 84\u201385311\u201319-1<\/p>\n<p>&nbsp;<\/p>\n<p>Himnos y C\u00e1nticos es un trabajo lit\u00fargico-musical para la celebraci\u00f3n de la Liturgia de las Horas. Sor Carmen musicaliza los Himnos propios del Oficio de la congregaci\u00f3n de religiosas Pasionistas, himnos a la Pasi\u00f3n del Se\u00f1or y a la Sant\u00edsima Virgen, y tambi\u00e9n diversos C\u00e1nticos. En la carta de presentaci\u00f3n de la obra, Fr. Carlos A. Azpiroz Costa, Maestro de la Orden de Pasionistas, afirma que \u201cSor Carmen ha conseguido volcar toda su sensibilidad art\u00edstica y su profundidad contemplativa en este trabajo\u201d. La autora, por su parte, afirma en la introducci\u00f3n que \u201cmusicalizar estos Himnos fue conectar en esp\u00edritu y en verdad con el Misterio de Jes\u00fas. Un escuchar constante la Palabra de Dios y dejarla emerger envuelta en sonidos que descansan y reposan en el coraz\u00f3n\u201d.<\/p>\n","protected":false},"featured_media":3955,"comment_status":"closed","ping_status":"closed","template":"","meta":[],"product_brand":[],"product_cat":[109],"product_tag":[],"class_list":{"0":"post-2719","1":"product","2":"type-product","3":"status-publish","4":"has-post-thumbnail","6":"product_author-ma-carmen-villar-es","7":"product_cat-varia-es","9":"first","10":"instock","11":"taxable","12":"shipping-taxable","13":"purchasable","14":"product-type-simple"},"yoast_head":"<!-- This site is optimized with the Yoast SEO plugin v27.3 - https:\/\/yoast.com\/product\/yoast-seo-wordpress\/ -->\n<title>HIMNOS Y C\u00c1NTICOS - Alvarellos Editora<\/title>\n<meta name=\"description\" content=\"HIMNOS Y C\u00c1NTICOS. C\u00f3mprao na tenda en li\u00f1a de Alvarellos Editora.\" \/>\n<meta name=\"robots\" content=\"index, follow, max-snippet:-1, max-image-preview:large, max-video-preview:-1\" \/>\n<link rel=\"canonical\" href=\"https:\/\/alvarelloseditora.gal\/es\/libro\/himnos-y-canticos\/\" \/>\n<meta property=\"og:locale\" content=\"es_ES\" \/>\n<meta property=\"og:type\" content=\"article\" \/>\n<meta property=\"og:title\" content=\"HIMNOS Y C\u00c1NTICOS - Alvarellos Editora\" \/>\n<meta property=\"og:description\" content=\"HIMNOS Y C\u00c1NTICOS. C\u00f3mprao na tenda en li\u00f1a de Alvarellos Editora.\" \/>\n<meta property=\"og:url\" content=\"https:\/\/alvarelloseditora.gal\/es\/libro\/himnos-y-canticos\/\" \/>\n<meta property=\"og:site_name\" content=\"Alvarellos Editora\" \/>\n<meta property=\"article:publisher\" content=\"https:\/\/www.facebook.com\/alvarelloseditora\" \/>\n<meta property=\"article:modified_time\" content=\"2021-06-25T11:08:15+00:00\" \/>\n<meta property=\"og:image\" content=\"https:\/\/alvarelloseditora.gal\/wp-content\/uploads\/2019\/12\/39.jpg\" \/>\n\t<meta property=\"og:image:width\" content=\"486\" \/>\n\t<meta property=\"og:image:height\" content=\"669\" \/>\n\t<meta property=\"og:image:type\" content=\"image\/jpeg\" \/>\n<meta name=\"twitter:card\" content=\"summary_large_image\" \/>\n<meta name=\"twitter:site\" content=\"@alvarellos_ed\" \/>\n<!-- \/ Yoast SEO plugin. -->","yoast_head_json":{"title":"HIMNOS Y C\u00c1NTICOS - Alvarellos Editora","description":"HIMNOS Y C\u00c1NTICOS. C\u00f3mprao na tenda en li\u00f1a de Alvarellos Editora.","robots":{"index":"index","follow":"follow","max-snippet":"max-snippet:-1","max-image-preview":"max-image-preview:large","max-video-preview":"max-video-preview:-1"},"canonical":"https:\/\/alvarelloseditora.gal\/es\/libro\/himnos-y-canticos\/","og_locale":"es_ES","og_type":"article","og_title":"HIMNOS Y C\u00c1NTICOS - Alvarellos Editora","og_description":"HIMNOS Y C\u00c1NTICOS. C\u00f3mprao na tenda en li\u00f1a de Alvarellos Editora.","og_url":"https:\/\/alvarelloseditora.gal\/es\/libro\/himnos-y-canticos\/","og_site_name":"Alvarellos Editora","article_publisher":"https:\/\/www.facebook.com\/alvarelloseditora","article_modified_time":"2021-06-25T11:08:15+00:00","og_image":[{"width":486,"height":669,"url":"https:\/\/alvarelloseditora.gal\/wp-content\/uploads\/2019\/12\/39.jpg","type":"image\/jpeg"}],"twitter_card":"summary_large_image","twitter_site":"@alvarellos_ed","schema":{"@context":"https:\/\/schema.org","@graph":[{"@type":["WebPage","ItemPage"],"@id":"https:\/\/alvarelloseditora.gal\/es\/libro\/himnos-y-canticos\/","url":"https:\/\/alvarelloseditora.gal\/es\/libro\/himnos-y-canticos\/","name":"HIMNOS Y C\u00c1NTICOS - Alvarellos Editora","isPartOf":{"@id":"https:\/\/alvarelloseditora.gal\/#website"},"primaryImageOfPage":{"@id":"https:\/\/alvarelloseditora.gal\/es\/libro\/himnos-y-canticos\/#primaryimage"},"image":{"@id":"https:\/\/alvarelloseditora.gal\/es\/libro\/himnos-y-canticos\/#primaryimage"},"thumbnailUrl":"https:\/\/alvarelloseditora.gal\/wp-content\/uploads\/2019\/12\/39.jpg","datePublished":"2019-12-27T13:38:17+00:00","dateModified":"2021-06-25T11:08:15+00:00","description":"HIMNOS Y C\u00c1NTICOS. C\u00f3mprao na tenda en li\u00f1a de Alvarellos Editora.","breadcrumb":{"@id":"https:\/\/alvarelloseditora.gal\/es\/libro\/himnos-y-canticos\/#breadcrumb"},"inLanguage":"es","potentialAction":[{"@type":"ReadAction","target":["https:\/\/alvarelloseditora.gal\/es\/libro\/himnos-y-canticos\/"]}]},{"@type":"ImageObject","inLanguage":"es","@id":"https:\/\/alvarelloseditora.gal\/es\/libro\/himnos-y-canticos\/#primaryimage","url":"https:\/\/alvarelloseditora.gal\/wp-content\/uploads\/2019\/12\/39.jpg","contentUrl":"https:\/\/alvarelloseditora.gal\/wp-content\/uploads\/2019\/12\/39.jpg","width":486,"height":669},{"@type":"BreadcrumbList","@id":"https:\/\/alvarelloseditora.gal\/es\/libro\/himnos-y-canticos\/#breadcrumb","itemListElement":[{"@type":"ListItem","position":1,"name":"Portada","item":"https:\/\/alvarelloseditora.gal\/"},{"@type":"ListItem","position":2,"name":"Tienda","item":"https:\/\/alvarelloseditora.gal\/es\/tienda\/"},{"@type":"ListItem","position":3,"name":"HIMNOS Y C\u00c1NTICOS"}]},{"@type":"WebSite","@id":"https:\/\/alvarelloseditora.gal\/#website","url":"https:\/\/alvarelloseditora.gal\/","name":"Alvarellos Editora","description":"Libros para un mundo en tr\u00e1nsito","publisher":{"@id":"https:\/\/alvarelloseditora.gal\/#organization"},"potentialAction":[{"@type":"SearchAction","target":{"@type":"EntryPoint","urlTemplate":"https:\/\/alvarelloseditora.gal\/?s={search_term_string}"},"query-input":{"@type":"PropertyValueSpecification","valueRequired":true,"valueName":"search_term_string"}}],"inLanguage":"es"},{"@type":"Organization","@id":"https:\/\/alvarelloseditora.gal\/#organization","name":"Alvarellos Editora","url":"https:\/\/alvarelloseditora.gal\/","logo":{"@type":"ImageObject","inLanguage":"es","@id":"https:\/\/alvarelloseditora.gal\/#\/schema\/logo\/image\/","url":"https:\/\/alvarelloseditora.gal\/wp-content\/uploads\/2020\/02\/alv-icon.png","contentUrl":"https:\/\/alvarelloseditora.gal\/wp-content\/uploads\/2020\/02\/alv-icon.png","width":177,"height":175,"caption":"Alvarellos Editora"},"image":{"@id":"https:\/\/alvarelloseditora.gal\/#\/schema\/logo\/image\/"},"sameAs":["https:\/\/www.facebook.com\/alvarelloseditora","https:\/\/x.com\/alvarellos_ed"]}]}},"_links":{"self":[{"href":"https:\/\/alvarelloseditora.gal\/es\/wp-json\/wp\/v2\/product\/2719","targetHints":{"allow":["GET"]}}],"collection":[{"href":"https:\/\/alvarelloseditora.gal\/es\/wp-json\/wp\/v2\/product"}],"about":[{"href":"https:\/\/alvarelloseditora.gal\/es\/wp-json\/wp\/v2\/types\/product"}],"replies":[{"embeddable":true,"href":"https:\/\/alvarelloseditora.gal\/es\/wp-json\/wp\/v2\/comments?post=2719"}],"wp:featuredmedia":[{"embeddable":true,"href":"https:\/\/alvarelloseditora.gal\/es\/wp-json\/wp\/v2\/media\/3955"}],"wp:attachment":[{"href":"https:\/\/alvarelloseditora.gal\/es\/wp-json\/wp\/v2\/media?parent=2719"}],"wp:term":[{"taxonomy":"product_brand","embeddable":true,"href":"https:\/\/alvarelloseditora.gal\/es\/wp-json\/wp\/v2\/product_brand?post=2719"},{"taxonomy":"product_cat","embeddable":true,"href":"https:\/\/alvarelloseditora.gal\/es\/wp-json\/wp\/v2\/product_cat?post=2719"},{"taxonomy":"product_tag","embeddable":true,"href":"https:\/\/alvarelloseditora.gal\/es\/wp-json\/wp\/v2\/product_tag?post=2719"}],"curies":[{"name":"wp","href":"https:\/\/api.w.org\/{rel}","templated":true}]}}