{"id":2718,"date":"2019-12-27T13:38:17","date_gmt":"2019-12-27T14:01:16","guid":{"rendered":"https:\/\/nueva.alvarellos.info\/product\/deixe-que-xa\/"},"modified":"2021-06-25T11:31:34","modified_gmt":"2021-06-25T09:31:34","slug":"deixe-que-xa","status":"publish","type":"product","link":"https:\/\/alvarelloseditora.gal\/es\/libro\/deixe-que-xa\/","title":{"rendered":"DEIXE QUE XA&#8230;"},"content":{"rendered":"","protected":false},"excerpt":{"rendered":"<p>DIECISIETE CUENTOS Y TRES NOVELAS CORTAS<br \/>\nP\u00e1ginas: 206<br \/>\nLengua: gallego<br \/>\nColecci\u00f3n: Facs\u00edmiles<br \/>\nA\u00f1o edici\u00f3n pr\u00edncipe: 1931<br \/>\nA\u00f1o edici\u00f3n facs\u00edmile: 1985<br \/>\nISBN: 84\u201385311\u201362-0<\/p>\n<p>&nbsp;<\/p>\n<p>&nbsp;<\/p>\n<p>Dejamos al propio autor explicar el contenido de esta obra publicada originariamente en 1931 e que rescatamos en edici\u00f3n facs\u00edmil: \u201cConsta el presente volumen de diecisiete cuentos y tres novelas cortas: Manzanos en despoblado, que no dudo ser\u00e1 del agrado de los amigos del \u00e1rbol; La se\u00f1ora Madrina\u00b8 narraci\u00f3n fant\u00e1stica con algunos ribetes humor\u00edsticos, de marcada procedencia popular; y El secreto de la Condesa, novela dialogada\u201d. Manuel Vidal emplea el castellano y el gallego: \u201cHall\u00e1ndose el Gallego tan \u00edntimamente compenetrado con nuestros sentimientos y costumbres regionales \u2014escribe en el Prefacio\u2014, es insustituible en las narraciones de car\u00e1cter popular, que pierden toda su enjundia expresadas en otro idioma. Por eso he escrito en Lengua gallega todos los cuentos y los di\u00e1logos de las tres novelitas\u201d.<\/p>\n","protected":false},"featured_media":9102,"comment_status":"closed","ping_status":"closed","template":"","meta":[],"product_brand":[],"product_cat":[108],"product_tag":[],"class_list":{"0":"post-2718","1":"product","2":"type-product","3":"status-publish","4":"has-post-thumbnail","6":"product_author-manuel-vidal-rodriguez-es","7":"product_cat-ofertas-es","9":"first","10":"instock","11":"taxable","12":"shipping-taxable","13":"purchasable","14":"product-type-simple"},"yoast_head":"<!-- This site is optimized with the Yoast SEO plugin v27.3 - https:\/\/yoast.com\/product\/yoast-seo-wordpress\/ -->\n<title>DEIXE QUE XA... - Alvarellos Editora<\/title>\n<meta name=\"description\" content=\"DEIXE QUE XA.... C\u00f3mprao na tenda en li\u00f1a de Alvarellos Editora.\" \/>\n<meta name=\"robots\" content=\"index, follow, max-snippet:-1, max-image-preview:large, max-video-preview:-1\" \/>\n<link rel=\"canonical\" href=\"https:\/\/alvarelloseditora.gal\/es\/libro\/deixe-que-xa\/\" \/>\n<meta property=\"og:locale\" content=\"es_ES\" \/>\n<meta property=\"og:type\" content=\"article\" \/>\n<meta property=\"og:title\" content=\"DEIXE QUE XA... - Alvarellos Editora\" \/>\n<meta property=\"og:description\" content=\"DEIXE QUE XA.... C\u00f3mprao na tenda en li\u00f1a de Alvarellos Editora.\" \/>\n<meta property=\"og:url\" content=\"https:\/\/alvarelloseditora.gal\/es\/libro\/deixe-que-xa\/\" \/>\n<meta property=\"og:site_name\" content=\"Alvarellos Editora\" \/>\n<meta property=\"article:publisher\" content=\"https:\/\/www.facebook.com\/alvarelloseditora\" \/>\n<meta property=\"article:modified_time\" content=\"2021-06-25T09:31:34+00:00\" \/>\n<meta property=\"og:image\" content=\"https:\/\/alvarelloseditora.gal\/wp-content\/uploads\/2019\/12\/38.jpg\" \/>\n\t<meta property=\"og:image:width\" content=\"432\" \/>\n\t<meta property=\"og:image:height\" content=\"669\" \/>\n\t<meta property=\"og:image:type\" content=\"image\/jpeg\" \/>\n<meta name=\"twitter:card\" content=\"summary_large_image\" \/>\n<meta name=\"twitter:site\" content=\"@alvarellos_ed\" \/>\n<!-- \/ Yoast SEO plugin. -->","yoast_head_json":{"title":"DEIXE QUE XA... - Alvarellos Editora","description":"DEIXE QUE XA.... C\u00f3mprao na tenda en li\u00f1a de Alvarellos Editora.","robots":{"index":"index","follow":"follow","max-snippet":"max-snippet:-1","max-image-preview":"max-image-preview:large","max-video-preview":"max-video-preview:-1"},"canonical":"https:\/\/alvarelloseditora.gal\/es\/libro\/deixe-que-xa\/","og_locale":"es_ES","og_type":"article","og_title":"DEIXE QUE XA... - Alvarellos Editora","og_description":"DEIXE QUE XA.... C\u00f3mprao na tenda en li\u00f1a de Alvarellos Editora.","og_url":"https:\/\/alvarelloseditora.gal\/es\/libro\/deixe-que-xa\/","og_site_name":"Alvarellos Editora","article_publisher":"https:\/\/www.facebook.com\/alvarelloseditora","article_modified_time":"2021-06-25T09:31:34+00:00","og_image":[{"width":432,"height":669,"url":"https:\/\/alvarelloseditora.gal\/wp-content\/uploads\/2019\/12\/38.jpg","type":"image\/jpeg"}],"twitter_card":"summary_large_image","twitter_site":"@alvarellos_ed","schema":{"@context":"https:\/\/schema.org","@graph":[{"@type":["WebPage","ItemPage"],"@id":"https:\/\/alvarelloseditora.gal\/es\/libro\/deixe-que-xa\/","url":"https:\/\/alvarelloseditora.gal\/es\/libro\/deixe-que-xa\/","name":"DEIXE QUE XA... - Alvarellos Editora","isPartOf":{"@id":"https:\/\/alvarelloseditora.gal\/#website"},"primaryImageOfPage":{"@id":"https:\/\/alvarelloseditora.gal\/es\/libro\/deixe-que-xa\/#primaryimage"},"image":{"@id":"https:\/\/alvarelloseditora.gal\/es\/libro\/deixe-que-xa\/#primaryimage"},"thumbnailUrl":"https:\/\/alvarelloseditora.gal\/wp-content\/uploads\/2019\/12\/Deixe-que-xa-_0001.jpg","datePublished":"2019-12-27T14:01:16+00:00","dateModified":"2021-06-25T09:31:34+00:00","description":"DEIXE QUE XA.... C\u00f3mprao na tenda en li\u00f1a de Alvarellos Editora.","breadcrumb":{"@id":"https:\/\/alvarelloseditora.gal\/es\/libro\/deixe-que-xa\/#breadcrumb"},"inLanguage":"es","potentialAction":[{"@type":"ReadAction","target":["https:\/\/alvarelloseditora.gal\/es\/libro\/deixe-que-xa\/"]}]},{"@type":"ImageObject","inLanguage":"es","@id":"https:\/\/alvarelloseditora.gal\/es\/libro\/deixe-que-xa\/#primaryimage","url":"https:\/\/alvarelloseditora.gal\/wp-content\/uploads\/2019\/12\/Deixe-que-xa-_0001.jpg","contentUrl":"https:\/\/alvarelloseditora.gal\/wp-content\/uploads\/2019\/12\/Deixe-que-xa-_0001.jpg","width":941,"height":1483},{"@type":"BreadcrumbList","@id":"https:\/\/alvarelloseditora.gal\/es\/libro\/deixe-que-xa\/#breadcrumb","itemListElement":[{"@type":"ListItem","position":1,"name":"Portada","item":"https:\/\/alvarelloseditora.gal\/"},{"@type":"ListItem","position":2,"name":"Tienda","item":"https:\/\/alvarelloseditora.gal\/es\/tienda\/"},{"@type":"ListItem","position":3,"name":"DEIXE QUE XA&#8230;"}]},{"@type":"WebSite","@id":"https:\/\/alvarelloseditora.gal\/#website","url":"https:\/\/alvarelloseditora.gal\/","name":"Alvarellos Editora","description":"Libros para un mundo en tr\u00e1nsito","publisher":{"@id":"https:\/\/alvarelloseditora.gal\/#organization"},"potentialAction":[{"@type":"SearchAction","target":{"@type":"EntryPoint","urlTemplate":"https:\/\/alvarelloseditora.gal\/?s={search_term_string}"},"query-input":{"@type":"PropertyValueSpecification","valueRequired":true,"valueName":"search_term_string"}}],"inLanguage":"es"},{"@type":"Organization","@id":"https:\/\/alvarelloseditora.gal\/#organization","name":"Alvarellos Editora","url":"https:\/\/alvarelloseditora.gal\/","logo":{"@type":"ImageObject","inLanguage":"es","@id":"https:\/\/alvarelloseditora.gal\/#\/schema\/logo\/image\/","url":"https:\/\/alvarelloseditora.gal\/wp-content\/uploads\/2020\/02\/alv-icon.png","contentUrl":"https:\/\/alvarelloseditora.gal\/wp-content\/uploads\/2020\/02\/alv-icon.png","width":177,"height":175,"caption":"Alvarellos Editora"},"image":{"@id":"https:\/\/alvarelloseditora.gal\/#\/schema\/logo\/image\/"},"sameAs":["https:\/\/www.facebook.com\/alvarelloseditora","https:\/\/x.com\/alvarellos_ed"]}]}},"_links":{"self":[{"href":"https:\/\/alvarelloseditora.gal\/es\/wp-json\/wp\/v2\/product\/2718","targetHints":{"allow":["GET"]}}],"collection":[{"href":"https:\/\/alvarelloseditora.gal\/es\/wp-json\/wp\/v2\/product"}],"about":[{"href":"https:\/\/alvarelloseditora.gal\/es\/wp-json\/wp\/v2\/types\/product"}],"replies":[{"embeddable":true,"href":"https:\/\/alvarelloseditora.gal\/es\/wp-json\/wp\/v2\/comments?post=2718"}],"wp:featuredmedia":[{"embeddable":true,"href":"https:\/\/alvarelloseditora.gal\/es\/wp-json\/wp\/v2\/media\/9102"}],"wp:attachment":[{"href":"https:\/\/alvarelloseditora.gal\/es\/wp-json\/wp\/v2\/media?parent=2718"}],"wp:term":[{"taxonomy":"product_brand","embeddable":true,"href":"https:\/\/alvarelloseditora.gal\/es\/wp-json\/wp\/v2\/product_brand?post=2718"},{"taxonomy":"product_cat","embeddable":true,"href":"https:\/\/alvarelloseditora.gal\/es\/wp-json\/wp\/v2\/product_cat?post=2718"},{"taxonomy":"product_tag","embeddable":true,"href":"https:\/\/alvarelloseditora.gal\/es\/wp-json\/wp\/v2\/product_tag?post=2718"}],"curies":[{"name":"wp","href":"https:\/\/api.w.org\/{rel}","templated":true}]}}