{"id":2715,"date":"2019-12-27T13:38:17","date_gmt":"2019-12-27T14:01:16","guid":{"rendered":"https:\/\/nueva.alvarellos.info\/product\/historia-de-la-musica-antigua\/"},"modified":"2021-06-25T11:39:52","modified_gmt":"2021-06-25T09:39:52","slug":"historia-de-la-musica-antigua","status":"publish","type":"product","link":"https:\/\/alvarelloseditora.gal\/es\/libro\/historia-de-la-musica-antigua\/","title":{"rendered":"HISTORIA DE LA M\u00daSICA ANTIGUA"},"content":{"rendered":"","protected":false},"excerpt":{"rendered":"<p>LA M\u00daSICA EN GRECIA, ASIA Y EGIPTO<br \/>\nP\u00e1ginas: 95<br \/>\nLengua: castellano<br \/>\nColecci\u00f3n: Facs\u00edmiles SIGLO XIX<br \/>\nA\u00f1o edici\u00f3n pr\u00edncipe: 1891<br \/>\nA\u00f1o edici\u00f3n facs\u00edmil: 1980<br \/>\nISBN: 84\u201385311\u201336-1<br \/>\nTraducci\u00f3n y notas: Manuel Valls y Merino<\/p>\n<p>&nbsp;<\/p>\n<p>El autor se propone en esta obra \u201cexponer, en la medida de lo posible, cuanto conozco sobre la m\u00fasica antigua; su nacimiento, c\u00f3mo fue cultivada por los primeros pueblos civilizados y en qu\u00e9 condiciones la hallaron los pueblos b\u00e1rbaros\u201d.<\/p>\n<p>Manuel Valls y Merino, traductor y responsable de la edici\u00f3n anotada de 1891 que rescatamos en esta publicaci\u00f3n facs\u00edmil afirma que \u201cel maestro Cesari ha tenido el privilegio de compendiar en muy pocas p\u00e1ginas lo m\u00e1s substancioso de cuanto se ha escrito acerca de la Historia de la M\u00fasica antigua\u201d. Cesari desarrolla su trabajo dividi\u00e9ndolo en tres grandes apartados: la m\u00fasica en Grecia, Asia e Egipto.<\/p>\n","protected":false},"featured_media":3947,"comment_status":"closed","ping_status":"closed","template":"","meta":[],"product_brand":[],"product_cat":[108],"product_tag":[],"class_list":{"0":"post-2715","1":"product","2":"type-product","3":"status-publish","4":"has-post-thumbnail","6":"product_author-p-cesari-es","7":"product_cat-ofertas-es","9":"first","10":"instock","11":"sale","12":"taxable","13":"shipping-taxable","14":"purchasable","15":"product-type-simple"},"yoast_head":"<!-- This site is optimized with the Yoast SEO plugin v27.3 - https:\/\/yoast.com\/product\/yoast-seo-wordpress\/ -->\n<title>HISTORIA DE LA M\u00daSICA ANTIGUA - Alvarellos Editora<\/title>\n<meta name=\"description\" content=\"HISTORIA DE LA M\u00daSICA ANTIGUA. C\u00f3mprao na tenda en li\u00f1a de Alvarellos Editora.\" \/>\n<meta name=\"robots\" content=\"index, follow, max-snippet:-1, max-image-preview:large, max-video-preview:-1\" \/>\n<link rel=\"canonical\" href=\"https:\/\/alvarelloseditora.gal\/es\/libro\/historia-de-la-musica-antigua\/\" \/>\n<meta property=\"og:locale\" content=\"es_ES\" \/>\n<meta property=\"og:type\" content=\"article\" \/>\n<meta property=\"og:title\" content=\"HISTORIA DE LA M\u00daSICA ANTIGUA - Alvarellos Editora\" \/>\n<meta property=\"og:description\" content=\"HISTORIA DE LA M\u00daSICA ANTIGUA. C\u00f3mprao na tenda en li\u00f1a de Alvarellos Editora.\" \/>\n<meta property=\"og:url\" content=\"https:\/\/alvarelloseditora.gal\/es\/libro\/historia-de-la-musica-antigua\/\" \/>\n<meta property=\"og:site_name\" content=\"Alvarellos Editora\" \/>\n<meta property=\"article:publisher\" content=\"https:\/\/www.facebook.com\/alvarelloseditora\" \/>\n<meta property=\"article:modified_time\" content=\"2021-06-25T09:39:52+00:00\" \/>\n<meta property=\"og:image\" content=\"https:\/\/alvarelloseditora.gal\/wp-content\/uploads\/2019\/12\/34.jpg\" \/>\n\t<meta property=\"og:image:width\" content=\"423\" \/>\n\t<meta property=\"og:image:height\" content=\"669\" \/>\n\t<meta property=\"og:image:type\" content=\"image\/jpeg\" \/>\n<meta name=\"twitter:card\" content=\"summary_large_image\" \/>\n<meta name=\"twitter:site\" content=\"@alvarellos_ed\" \/>\n<!-- \/ Yoast SEO plugin. -->","yoast_head_json":{"title":"HISTORIA DE LA M\u00daSICA ANTIGUA - Alvarellos Editora","description":"HISTORIA DE LA M\u00daSICA ANTIGUA. C\u00f3mprao na tenda en li\u00f1a de Alvarellos Editora.","robots":{"index":"index","follow":"follow","max-snippet":"max-snippet:-1","max-image-preview":"max-image-preview:large","max-video-preview":"max-video-preview:-1"},"canonical":"https:\/\/alvarelloseditora.gal\/es\/libro\/historia-de-la-musica-antigua\/","og_locale":"es_ES","og_type":"article","og_title":"HISTORIA DE LA M\u00daSICA ANTIGUA - Alvarellos Editora","og_description":"HISTORIA DE LA M\u00daSICA ANTIGUA. C\u00f3mprao na tenda en li\u00f1a de Alvarellos Editora.","og_url":"https:\/\/alvarelloseditora.gal\/es\/libro\/historia-de-la-musica-antigua\/","og_site_name":"Alvarellos Editora","article_publisher":"https:\/\/www.facebook.com\/alvarelloseditora","article_modified_time":"2021-06-25T09:39:52+00:00","og_image":[{"width":423,"height":669,"url":"https:\/\/alvarelloseditora.gal\/wp-content\/uploads\/2019\/12\/34.jpg","type":"image\/jpeg"}],"twitter_card":"summary_large_image","twitter_site":"@alvarellos_ed","schema":{"@context":"https:\/\/schema.org","@graph":[{"@type":["WebPage","ItemPage"],"@id":"https:\/\/alvarelloseditora.gal\/es\/libro\/historia-de-la-musica-antigua\/","url":"https:\/\/alvarelloseditora.gal\/es\/libro\/historia-de-la-musica-antigua\/","name":"HISTORIA DE LA M\u00daSICA ANTIGUA - Alvarellos Editora","isPartOf":{"@id":"https:\/\/alvarelloseditora.gal\/#website"},"primaryImageOfPage":{"@id":"https:\/\/alvarelloseditora.gal\/es\/libro\/historia-de-la-musica-antigua\/#primaryimage"},"image":{"@id":"https:\/\/alvarelloseditora.gal\/es\/libro\/historia-de-la-musica-antigua\/#primaryimage"},"thumbnailUrl":"https:\/\/alvarelloseditora.gal\/wp-content\/uploads\/2019\/12\/34.jpg","datePublished":"2019-12-27T14:01:16+00:00","dateModified":"2021-06-25T09:39:52+00:00","description":"HISTORIA DE LA M\u00daSICA ANTIGUA. C\u00f3mprao na tenda en li\u00f1a de Alvarellos Editora.","breadcrumb":{"@id":"https:\/\/alvarelloseditora.gal\/es\/libro\/historia-de-la-musica-antigua\/#breadcrumb"},"inLanguage":"es","potentialAction":[{"@type":"ReadAction","target":["https:\/\/alvarelloseditora.gal\/es\/libro\/historia-de-la-musica-antigua\/"]}]},{"@type":"ImageObject","inLanguage":"es","@id":"https:\/\/alvarelloseditora.gal\/es\/libro\/historia-de-la-musica-antigua\/#primaryimage","url":"https:\/\/alvarelloseditora.gal\/wp-content\/uploads\/2019\/12\/34.jpg","contentUrl":"https:\/\/alvarelloseditora.gal\/wp-content\/uploads\/2019\/12\/34.jpg","width":423,"height":669},{"@type":"BreadcrumbList","@id":"https:\/\/alvarelloseditora.gal\/es\/libro\/historia-de-la-musica-antigua\/#breadcrumb","itemListElement":[{"@type":"ListItem","position":1,"name":"Portada","item":"https:\/\/alvarelloseditora.gal\/"},{"@type":"ListItem","position":2,"name":"Tienda","item":"https:\/\/alvarelloseditora.gal\/es\/tienda\/"},{"@type":"ListItem","position":3,"name":"HISTORIA DE LA M\u00daSICA ANTIGUA"}]},{"@type":"WebSite","@id":"https:\/\/alvarelloseditora.gal\/#website","url":"https:\/\/alvarelloseditora.gal\/","name":"Alvarellos Editora","description":"Libros para un mundo en tr\u00e1nsito","publisher":{"@id":"https:\/\/alvarelloseditora.gal\/#organization"},"potentialAction":[{"@type":"SearchAction","target":{"@type":"EntryPoint","urlTemplate":"https:\/\/alvarelloseditora.gal\/?s={search_term_string}"},"query-input":{"@type":"PropertyValueSpecification","valueRequired":true,"valueName":"search_term_string"}}],"inLanguage":"es"},{"@type":"Organization","@id":"https:\/\/alvarelloseditora.gal\/#organization","name":"Alvarellos Editora","url":"https:\/\/alvarelloseditora.gal\/","logo":{"@type":"ImageObject","inLanguage":"es","@id":"https:\/\/alvarelloseditora.gal\/#\/schema\/logo\/image\/","url":"https:\/\/alvarelloseditora.gal\/wp-content\/uploads\/2020\/02\/alv-icon.png","contentUrl":"https:\/\/alvarelloseditora.gal\/wp-content\/uploads\/2020\/02\/alv-icon.png","width":177,"height":175,"caption":"Alvarellos Editora"},"image":{"@id":"https:\/\/alvarelloseditora.gal\/#\/schema\/logo\/image\/"},"sameAs":["https:\/\/www.facebook.com\/alvarelloseditora","https:\/\/x.com\/alvarellos_ed"]}]}},"_links":{"self":[{"href":"https:\/\/alvarelloseditora.gal\/es\/wp-json\/wp\/v2\/product\/2715","targetHints":{"allow":["GET"]}}],"collection":[{"href":"https:\/\/alvarelloseditora.gal\/es\/wp-json\/wp\/v2\/product"}],"about":[{"href":"https:\/\/alvarelloseditora.gal\/es\/wp-json\/wp\/v2\/types\/product"}],"replies":[{"embeddable":true,"href":"https:\/\/alvarelloseditora.gal\/es\/wp-json\/wp\/v2\/comments?post=2715"}],"wp:featuredmedia":[{"embeddable":true,"href":"https:\/\/alvarelloseditora.gal\/es\/wp-json\/wp\/v2\/media\/3947"}],"wp:attachment":[{"href":"https:\/\/alvarelloseditora.gal\/es\/wp-json\/wp\/v2\/media?parent=2715"}],"wp:term":[{"taxonomy":"product_brand","embeddable":true,"href":"https:\/\/alvarelloseditora.gal\/es\/wp-json\/wp\/v2\/product_brand?post=2715"},{"taxonomy":"product_cat","embeddable":true,"href":"https:\/\/alvarelloseditora.gal\/es\/wp-json\/wp\/v2\/product_cat?post=2715"},{"taxonomy":"product_tag","embeddable":true,"href":"https:\/\/alvarelloseditora.gal\/es\/wp-json\/wp\/v2\/product_tag?post=2715"}],"curies":[{"name":"wp","href":"https:\/\/api.w.org\/{rel}","templated":true}]}}