{"id":2713,"date":"2019-12-27T13:38:17","date_gmt":"2019-12-27T14:01:16","guid":{"rendered":"https:\/\/nueva.alvarellos.info\/product\/70-anos-en-clave-de-fa\/"},"modified":"2021-06-25T11:38:17","modified_gmt":"2021-06-25T09:38:17","slug":"70-anos-en-clave-de-fa","status":"publish","type":"product","link":"https:\/\/alvarelloseditora.gal\/es\/libro\/70-anos-en-clave-de-fa\/","title":{"rendered":"70 A\u00d1OS EN CLAVE DE FA"},"content":{"rendered":"","protected":false},"excerpt":{"rendered":"<p>LAS MEMORIAS MUSICALES DE UN POLIFAC\u00c9TICO<br \/>\nP\u00e1ginas: 616<br \/>\nLengua: castellano<br \/>\nColecci\u00f3n: Clave de Fa<br \/>\nA\u00f1o 1\u00aa edici\u00f3n: 2001<br \/>\nISBN: 978-84-89323-24-7<\/p>\n<p>&nbsp;<br \/>\nEnrique Alvarellos Iglesias, fundador de esta editorial, narr\u00f3 en este libro sus memorias, desde sus primeros recuerdos en los a\u00f1os de la Guerra Civil vividos en una aldea del municipio de Lal\u00edn, hasta el a\u00f1o 2001 tras el regreso de una gira musical por Italia como director de coros. Alvarellos fue profesor de lenguas cl\u00e1sicas, editor, impresor y, por encima de todas sus facetas, m\u00fasico y music\u00f3logo. Estas memorias est\u00e1n presididas por ese amor a la m\u00fasica, que vertebr\u00f3 toda su vida. En ellas se van alternando desde descripciones de la Galicia rural de los a\u00f1os treinta y cuarenta, hasta las fundaciones de sus empresas (Academia Alvarellos, Alvarellos Editora, Reprograf\u00eda Alvarellos) y el contexto personal y socio-cultural en el que todos estos hechos vieron la luz. Entre la narraci\u00f3n de la historia personal de Alvarellos Iglesias se van intercalando datos y an\u00e9cdotas de la actualidad de Galicia, de Espa\u00f1a y del mundo que llamaron especialmente la atenci\u00f3n del autor. Fotograf\u00edas y documentos de \u00e9poca completan esta personal exposici\u00f3n de una parte de la historia reciente de Galicia.<br \/>\nP\u00e1ginas: 616<br \/>\nLengua: castellano<br \/>\nA\u00f1o 1\u00aa edici\u00f3n: 2001<br \/>\nISBN: 978-84-89323-24-7<\/p>\n","protected":false},"featured_media":3943,"comment_status":"closed","ping_status":"closed","template":"","meta":[],"product_brand":[],"product_cat":[108],"product_tag":[],"class_list":{"0":"post-2713","1":"product","2":"type-product","3":"status-publish","4":"has-post-thumbnail","6":"product_author-enrique-alvarellos-iglesias-es","7":"product_cat-ofertas-es","9":"first","10":"instock","11":"sale","12":"taxable","13":"shipping-taxable","14":"purchasable","15":"product-type-simple"},"yoast_head":"<!-- This site is optimized with the Yoast SEO plugin v27.3 - https:\/\/yoast.com\/product\/yoast-seo-wordpress\/ -->\n<title>70 A\u00d1OS EN CLAVE DE FA - Alvarellos Editora<\/title>\n<meta name=\"description\" content=\"70 A\u00d1OS EN CLAVE DE FA. C\u00f3mprao na tenda en li\u00f1a de Alvarellos Editora.\" \/>\n<meta name=\"robots\" content=\"index, follow, max-snippet:-1, max-image-preview:large, max-video-preview:-1\" \/>\n<link rel=\"canonical\" href=\"https:\/\/alvarelloseditora.gal\/es\/libro\/70-anos-en-clave-de-fa\/\" \/>\n<meta property=\"og:locale\" content=\"es_ES\" \/>\n<meta property=\"og:type\" content=\"article\" \/>\n<meta property=\"og:title\" content=\"70 A\u00d1OS EN CLAVE DE FA - Alvarellos Editora\" \/>\n<meta property=\"og:description\" content=\"70 A\u00d1OS EN CLAVE DE FA. C\u00f3mprao na tenda en li\u00f1a de Alvarellos Editora.\" \/>\n<meta property=\"og:url\" content=\"https:\/\/alvarelloseditora.gal\/es\/libro\/70-anos-en-clave-de-fa\/\" \/>\n<meta property=\"og:site_name\" content=\"Alvarellos Editora\" \/>\n<meta property=\"article:publisher\" content=\"https:\/\/www.facebook.com\/alvarelloseditora\" \/>\n<meta property=\"article:modified_time\" content=\"2021-06-25T09:38:17+00:00\" \/>\n<meta property=\"og:image\" content=\"https:\/\/alvarelloseditora.gal\/wp-content\/uploads\/2019\/12\/32.jpg\" \/>\n\t<meta property=\"og:image:width\" content=\"480\" \/>\n\t<meta property=\"og:image:height\" content=\"666\" \/>\n\t<meta property=\"og:image:type\" content=\"image\/jpeg\" \/>\n<meta name=\"twitter:card\" content=\"summary_large_image\" \/>\n<meta name=\"twitter:site\" content=\"@alvarellos_ed\" \/>\n<!-- \/ Yoast SEO plugin. -->","yoast_head_json":{"title":"70 A\u00d1OS EN CLAVE DE FA - Alvarellos Editora","description":"70 A\u00d1OS EN CLAVE DE FA. C\u00f3mprao na tenda en li\u00f1a de Alvarellos Editora.","robots":{"index":"index","follow":"follow","max-snippet":"max-snippet:-1","max-image-preview":"max-image-preview:large","max-video-preview":"max-video-preview:-1"},"canonical":"https:\/\/alvarelloseditora.gal\/es\/libro\/70-anos-en-clave-de-fa\/","og_locale":"es_ES","og_type":"article","og_title":"70 A\u00d1OS EN CLAVE DE FA - Alvarellos Editora","og_description":"70 A\u00d1OS EN CLAVE DE FA. C\u00f3mprao na tenda en li\u00f1a de Alvarellos Editora.","og_url":"https:\/\/alvarelloseditora.gal\/es\/libro\/70-anos-en-clave-de-fa\/","og_site_name":"Alvarellos Editora","article_publisher":"https:\/\/www.facebook.com\/alvarelloseditora","article_modified_time":"2021-06-25T09:38:17+00:00","og_image":[{"width":480,"height":666,"url":"https:\/\/alvarelloseditora.gal\/wp-content\/uploads\/2019\/12\/32.jpg","type":"image\/jpeg"}],"twitter_card":"summary_large_image","twitter_site":"@alvarellos_ed","schema":{"@context":"https:\/\/schema.org","@graph":[{"@type":["WebPage","ItemPage"],"@id":"https:\/\/alvarelloseditora.gal\/es\/libro\/70-anos-en-clave-de-fa\/","url":"https:\/\/alvarelloseditora.gal\/es\/libro\/70-anos-en-clave-de-fa\/","name":"70 A\u00d1OS EN CLAVE DE FA - Alvarellos Editora","isPartOf":{"@id":"https:\/\/alvarelloseditora.gal\/#website"},"primaryImageOfPage":{"@id":"https:\/\/alvarelloseditora.gal\/es\/libro\/70-anos-en-clave-de-fa\/#primaryimage"},"image":{"@id":"https:\/\/alvarelloseditora.gal\/es\/libro\/70-anos-en-clave-de-fa\/#primaryimage"},"thumbnailUrl":"https:\/\/alvarelloseditora.gal\/wp-content\/uploads\/2019\/12\/32.jpg","datePublished":"2019-12-27T14:01:16+00:00","dateModified":"2021-06-25T09:38:17+00:00","description":"70 A\u00d1OS EN CLAVE DE FA. C\u00f3mprao na tenda en li\u00f1a de Alvarellos Editora.","breadcrumb":{"@id":"https:\/\/alvarelloseditora.gal\/es\/libro\/70-anos-en-clave-de-fa\/#breadcrumb"},"inLanguage":"es","potentialAction":[{"@type":"ReadAction","target":["https:\/\/alvarelloseditora.gal\/es\/libro\/70-anos-en-clave-de-fa\/"]}]},{"@type":"ImageObject","inLanguage":"es","@id":"https:\/\/alvarelloseditora.gal\/es\/libro\/70-anos-en-clave-de-fa\/#primaryimage","url":"https:\/\/alvarelloseditora.gal\/wp-content\/uploads\/2019\/12\/32.jpg","contentUrl":"https:\/\/alvarelloseditora.gal\/wp-content\/uploads\/2019\/12\/32.jpg","width":480,"height":666},{"@type":"BreadcrumbList","@id":"https:\/\/alvarelloseditora.gal\/es\/libro\/70-anos-en-clave-de-fa\/#breadcrumb","itemListElement":[{"@type":"ListItem","position":1,"name":"Portada","item":"https:\/\/alvarelloseditora.gal\/"},{"@type":"ListItem","position":2,"name":"Tienda","item":"https:\/\/alvarelloseditora.gal\/es\/tienda\/"},{"@type":"ListItem","position":3,"name":"70 A\u00d1OS EN CLAVE DE FA"}]},{"@type":"WebSite","@id":"https:\/\/alvarelloseditora.gal\/#website","url":"https:\/\/alvarelloseditora.gal\/","name":"Alvarellos Editora","description":"Libros para un mundo en tr\u00e1nsito","publisher":{"@id":"https:\/\/alvarelloseditora.gal\/#organization"},"potentialAction":[{"@type":"SearchAction","target":{"@type":"EntryPoint","urlTemplate":"https:\/\/alvarelloseditora.gal\/?s={search_term_string}"},"query-input":{"@type":"PropertyValueSpecification","valueRequired":true,"valueName":"search_term_string"}}],"inLanguage":"es"},{"@type":"Organization","@id":"https:\/\/alvarelloseditora.gal\/#organization","name":"Alvarellos Editora","url":"https:\/\/alvarelloseditora.gal\/","logo":{"@type":"ImageObject","inLanguage":"es","@id":"https:\/\/alvarelloseditora.gal\/#\/schema\/logo\/image\/","url":"https:\/\/alvarelloseditora.gal\/wp-content\/uploads\/2020\/02\/alv-icon.png","contentUrl":"https:\/\/alvarelloseditora.gal\/wp-content\/uploads\/2020\/02\/alv-icon.png","width":177,"height":175,"caption":"Alvarellos Editora"},"image":{"@id":"https:\/\/alvarelloseditora.gal\/#\/schema\/logo\/image\/"},"sameAs":["https:\/\/www.facebook.com\/alvarelloseditora","https:\/\/x.com\/alvarellos_ed"]}]}},"_links":{"self":[{"href":"https:\/\/alvarelloseditora.gal\/es\/wp-json\/wp\/v2\/product\/2713","targetHints":{"allow":["GET"]}}],"collection":[{"href":"https:\/\/alvarelloseditora.gal\/es\/wp-json\/wp\/v2\/product"}],"about":[{"href":"https:\/\/alvarelloseditora.gal\/es\/wp-json\/wp\/v2\/types\/product"}],"replies":[{"embeddable":true,"href":"https:\/\/alvarelloseditora.gal\/es\/wp-json\/wp\/v2\/comments?post=2713"}],"wp:featuredmedia":[{"embeddable":true,"href":"https:\/\/alvarelloseditora.gal\/es\/wp-json\/wp\/v2\/media\/3943"}],"wp:attachment":[{"href":"https:\/\/alvarelloseditora.gal\/es\/wp-json\/wp\/v2\/media?parent=2713"}],"wp:term":[{"taxonomy":"product_brand","embeddable":true,"href":"https:\/\/alvarelloseditora.gal\/es\/wp-json\/wp\/v2\/product_brand?post=2713"},{"taxonomy":"product_cat","embeddable":true,"href":"https:\/\/alvarelloseditora.gal\/es\/wp-json\/wp\/v2\/product_cat?post=2713"},{"taxonomy":"product_tag","embeddable":true,"href":"https:\/\/alvarelloseditora.gal\/es\/wp-json\/wp\/v2\/product_tag?post=2713"}],"curies":[{"name":"wp","href":"https:\/\/api.w.org\/{rel}","templated":true}]}}