{"id":2711,"date":"2019-12-27T13:38:17","date_gmt":"2019-12-27T14:01:16","guid":{"rendered":"https:\/\/nueva.alvarellos.info\/product\/reglas-y-leyes-del-rebesino\/"},"modified":"2021-06-25T11:37:14","modified_gmt":"2021-06-25T09:37:14","slug":"reglas-y-leyes-del-rebesino","status":"publish","type":"product","link":"https:\/\/alvarelloseditora.gal\/es\/libro\/reglas-y-leyes-del-rebesino\/","title":{"rendered":"REGLAS Y LEYES DEL REBESINO"},"content":{"rendered":"","protected":false},"excerpt":{"rendered":"<p>P\u00e1ginas: 155<br \/>\nLengua: castellano<br \/>\nColecci\u00f3n: Facs\u00edmiles [ S XVIII-XX]<br \/>\nA\u00f1o edici\u00f3n pr\u00edncipe: 1790<br \/>\nA\u00f1o edici\u00f3n facs\u00edmil: 1988<br \/>\nMedidas: 15,5 x 21 cms.<br \/>\nISBN: 84\u201385311\u201373-6<\/p>\n<p>&nbsp;<\/p>\n<p>Curioso y entretenido tratado sobre un juego de naipes muy popular en la \u00e9poca, el Rebesino, donde gana quien menos tiene, y otros dos denominados Malilla y Cientos. Este facs\u00edmil de 155 p\u00e1ginas est\u00e1 editado a todo lujo sobre la publicaci\u00f3n original de 1790 que lleva por t\u00edtulo Reglas y leyes que se han de observar en los juegos del Rebesino, Malilla y Cientos (En continuaci\u00f3n a la colecci\u00f3n general de todos los juegos permitidos: por un aficionado, autor del juego del Mediator). Esta obra fue publicada originariamente en Madrid por Manuel Gonz\u00e1lez.<\/p>\n","protected":false},"featured_media":3939,"comment_status":"closed","ping_status":"closed","template":"","meta":[],"product_brand":[],"product_cat":[108],"product_tag":[],"class_list":{"0":"post-2711","1":"product","2":"type-product","3":"status-publish","4":"has-post-thumbnail","6":"product_author-francisco-razola-es","7":"product_cat-ofertas-es","9":"first","10":"instock","11":"sale","12":"taxable","13":"shipping-taxable","14":"purchasable","15":"product-type-simple"},"yoast_head":"<!-- This site is optimized with the Yoast SEO plugin v27.3 - https:\/\/yoast.com\/product\/yoast-seo-wordpress\/ -->\n<title>REGLAS Y LEYES DEL REBESINO - Alvarellos Editora<\/title>\n<meta name=\"description\" content=\"REGLAS Y LEYES DEL REBESINO. C\u00f3mprao na tenda en li\u00f1a de Alvarellos Editora.\" \/>\n<meta name=\"robots\" content=\"index, follow, max-snippet:-1, max-image-preview:large, max-video-preview:-1\" \/>\n<link rel=\"canonical\" href=\"https:\/\/alvarelloseditora.gal\/es\/libro\/reglas-y-leyes-del-rebesino\/\" \/>\n<meta property=\"og:locale\" content=\"es_ES\" \/>\n<meta property=\"og:type\" content=\"article\" \/>\n<meta property=\"og:title\" content=\"REGLAS Y LEYES DEL REBESINO - Alvarellos Editora\" \/>\n<meta property=\"og:description\" content=\"REGLAS Y LEYES DEL REBESINO. C\u00f3mprao na tenda en li\u00f1a de Alvarellos Editora.\" \/>\n<meta property=\"og:url\" content=\"https:\/\/alvarelloseditora.gal\/es\/libro\/reglas-y-leyes-del-rebesino\/\" \/>\n<meta property=\"og:site_name\" content=\"Alvarellos Editora\" \/>\n<meta property=\"article:publisher\" content=\"https:\/\/www.facebook.com\/alvarelloseditora\" \/>\n<meta property=\"article:modified_time\" content=\"2021-06-25T09:37:14+00:00\" \/>\n<meta property=\"og:image\" content=\"https:\/\/alvarelloseditora.gal\/wp-content\/uploads\/2019\/12\/30.jpg\" \/>\n\t<meta property=\"og:image:width\" content=\"477\" \/>\n\t<meta property=\"og:image:height\" content=\"675\" \/>\n\t<meta property=\"og:image:type\" content=\"image\/jpeg\" \/>\n<meta name=\"twitter:card\" content=\"summary_large_image\" \/>\n<meta name=\"twitter:site\" content=\"@alvarellos_ed\" \/>\n<!-- \/ Yoast SEO plugin. -->","yoast_head_json":{"title":"REGLAS Y LEYES DEL REBESINO - Alvarellos Editora","description":"REGLAS Y LEYES DEL REBESINO. C\u00f3mprao na tenda en li\u00f1a de Alvarellos Editora.","robots":{"index":"index","follow":"follow","max-snippet":"max-snippet:-1","max-image-preview":"max-image-preview:large","max-video-preview":"max-video-preview:-1"},"canonical":"https:\/\/alvarelloseditora.gal\/es\/libro\/reglas-y-leyes-del-rebesino\/","og_locale":"es_ES","og_type":"article","og_title":"REGLAS Y LEYES DEL REBESINO - Alvarellos Editora","og_description":"REGLAS Y LEYES DEL REBESINO. C\u00f3mprao na tenda en li\u00f1a de Alvarellos Editora.","og_url":"https:\/\/alvarelloseditora.gal\/es\/libro\/reglas-y-leyes-del-rebesino\/","og_site_name":"Alvarellos Editora","article_publisher":"https:\/\/www.facebook.com\/alvarelloseditora","article_modified_time":"2021-06-25T09:37:14+00:00","og_image":[{"width":477,"height":675,"url":"https:\/\/alvarelloseditora.gal\/wp-content\/uploads\/2019\/12\/30.jpg","type":"image\/jpeg"}],"twitter_card":"summary_large_image","twitter_site":"@alvarellos_ed","schema":{"@context":"https:\/\/schema.org","@graph":[{"@type":["WebPage","ItemPage"],"@id":"https:\/\/alvarelloseditora.gal\/es\/libro\/reglas-y-leyes-del-rebesino\/","url":"https:\/\/alvarelloseditora.gal\/es\/libro\/reglas-y-leyes-del-rebesino\/","name":"REGLAS Y LEYES DEL REBESINO - Alvarellos Editora","isPartOf":{"@id":"https:\/\/alvarelloseditora.gal\/#website"},"primaryImageOfPage":{"@id":"https:\/\/alvarelloseditora.gal\/es\/libro\/reglas-y-leyes-del-rebesino\/#primaryimage"},"image":{"@id":"https:\/\/alvarelloseditora.gal\/es\/libro\/reglas-y-leyes-del-rebesino\/#primaryimage"},"thumbnailUrl":"https:\/\/alvarelloseditora.gal\/wp-content\/uploads\/2019\/12\/30.jpg","datePublished":"2019-12-27T14:01:16+00:00","dateModified":"2021-06-25T09:37:14+00:00","description":"REGLAS Y LEYES DEL REBESINO. C\u00f3mprao na tenda en li\u00f1a de Alvarellos Editora.","breadcrumb":{"@id":"https:\/\/alvarelloseditora.gal\/es\/libro\/reglas-y-leyes-del-rebesino\/#breadcrumb"},"inLanguage":"es","potentialAction":[{"@type":"ReadAction","target":["https:\/\/alvarelloseditora.gal\/es\/libro\/reglas-y-leyes-del-rebesino\/"]}]},{"@type":"ImageObject","inLanguage":"es","@id":"https:\/\/alvarelloseditora.gal\/es\/libro\/reglas-y-leyes-del-rebesino\/#primaryimage","url":"https:\/\/alvarelloseditora.gal\/wp-content\/uploads\/2019\/12\/30.jpg","contentUrl":"https:\/\/alvarelloseditora.gal\/wp-content\/uploads\/2019\/12\/30.jpg","width":477,"height":675},{"@type":"BreadcrumbList","@id":"https:\/\/alvarelloseditora.gal\/es\/libro\/reglas-y-leyes-del-rebesino\/#breadcrumb","itemListElement":[{"@type":"ListItem","position":1,"name":"Portada","item":"https:\/\/alvarelloseditora.gal\/"},{"@type":"ListItem","position":2,"name":"Tienda","item":"https:\/\/alvarelloseditora.gal\/es\/tienda\/"},{"@type":"ListItem","position":3,"name":"REGLAS Y LEYES DEL REBESINO"}]},{"@type":"WebSite","@id":"https:\/\/alvarelloseditora.gal\/#website","url":"https:\/\/alvarelloseditora.gal\/","name":"Alvarellos Editora","description":"Libros para un mundo en tr\u00e1nsito","publisher":{"@id":"https:\/\/alvarelloseditora.gal\/#organization"},"potentialAction":[{"@type":"SearchAction","target":{"@type":"EntryPoint","urlTemplate":"https:\/\/alvarelloseditora.gal\/?s={search_term_string}"},"query-input":{"@type":"PropertyValueSpecification","valueRequired":true,"valueName":"search_term_string"}}],"inLanguage":"es"},{"@type":"Organization","@id":"https:\/\/alvarelloseditora.gal\/#organization","name":"Alvarellos Editora","url":"https:\/\/alvarelloseditora.gal\/","logo":{"@type":"ImageObject","inLanguage":"es","@id":"https:\/\/alvarelloseditora.gal\/#\/schema\/logo\/image\/","url":"https:\/\/alvarelloseditora.gal\/wp-content\/uploads\/2020\/02\/alv-icon.png","contentUrl":"https:\/\/alvarelloseditora.gal\/wp-content\/uploads\/2020\/02\/alv-icon.png","width":177,"height":175,"caption":"Alvarellos Editora"},"image":{"@id":"https:\/\/alvarelloseditora.gal\/#\/schema\/logo\/image\/"},"sameAs":["https:\/\/www.facebook.com\/alvarelloseditora","https:\/\/x.com\/alvarellos_ed"]}]}},"_links":{"self":[{"href":"https:\/\/alvarelloseditora.gal\/es\/wp-json\/wp\/v2\/product\/2711","targetHints":{"allow":["GET"]}}],"collection":[{"href":"https:\/\/alvarelloseditora.gal\/es\/wp-json\/wp\/v2\/product"}],"about":[{"href":"https:\/\/alvarelloseditora.gal\/es\/wp-json\/wp\/v2\/types\/product"}],"replies":[{"embeddable":true,"href":"https:\/\/alvarelloseditora.gal\/es\/wp-json\/wp\/v2\/comments?post=2711"}],"wp:featuredmedia":[{"embeddable":true,"href":"https:\/\/alvarelloseditora.gal\/es\/wp-json\/wp\/v2\/media\/3939"}],"wp:attachment":[{"href":"https:\/\/alvarelloseditora.gal\/es\/wp-json\/wp\/v2\/media?parent=2711"}],"wp:term":[{"taxonomy":"product_brand","embeddable":true,"href":"https:\/\/alvarelloseditora.gal\/es\/wp-json\/wp\/v2\/product_brand?post=2711"},{"taxonomy":"product_cat","embeddable":true,"href":"https:\/\/alvarelloseditora.gal\/es\/wp-json\/wp\/v2\/product_cat?post=2711"},{"taxonomy":"product_tag","embeddable":true,"href":"https:\/\/alvarelloseditora.gal\/es\/wp-json\/wp\/v2\/product_tag?post=2711"}],"curies":[{"name":"wp","href":"https:\/\/api.w.org\/{rel}","templated":true}]}}