{"id":2704,"date":"2019-12-27T13:38:17","date_gmt":"2019-12-27T14:01:16","guid":{"rendered":"https:\/\/nueva.alvarellos.info\/product\/espana-sagrada-indice-obra-completa\/"},"modified":"2021-06-25T11:36:15","modified_gmt":"2021-06-25T09:36:15","slug":"espana-sagrada-indice-obra-completa","status":"publish","type":"product","link":"https:\/\/alvarelloseditora.gal\/es\/libro\/espana-sagrada-indice-obra-completa\/","title":{"rendered":"ESPA\u00d1A SAGRADA &#8211; \u00cdNDICE OBRA COMPLETA"},"content":{"rendered":"","protected":false},"excerpt":{"rendered":"<p>P\u00e1ginas: 361<br \/>\nLengua: castellano<br \/>\nColecci\u00f3n: FACS\u00cdMILES SIGLO XVIII (En este caso, el facs\u00edmil corresponde a la segunda edici\u00f3n del \u00cdndice, publicado en Madrid en 1946).<br \/>\nMedidas: 15,5 x 21 cms.<br \/>\nISBN: 84\u201389323-18-6<\/p>\n<p>&nbsp;<\/p>\n<p>Pr\u00e1ctico volumen donde aparece la referencia de cuanto nombre, top\u00f3nimo o persona son citados en los 52 vol\u00famenes da Espa\u00f1a Sagrada. Es, por lo tanto, el m\u00e9todo m\u00e1s efectivo para manejarse r\u00e1pidamente entre los vol\u00famenes.<\/p>\n","protected":false},"featured_media":3925,"comment_status":"closed","ping_status":"closed","template":"","meta":[],"product_brand":[],"product_cat":[108],"product_tag":[],"class_list":{"0":"post-2704","1":"product","2":"type-product","3":"status-publish","4":"has-post-thumbnail","6":"product_author-angel-gonzalez-palencia-es","7":"product_cat-ofertas-es","9":"first","10":"instock","11":"taxable","12":"shipping-taxable","13":"purchasable","14":"product-type-simple"},"yoast_head":"<!-- This site is optimized with the Yoast SEO plugin v27.3 - https:\/\/yoast.com\/product\/yoast-seo-wordpress\/ -->\n<title>ESPA\u00d1A SAGRADA - \u00cdNDICE OBRA COMPLETA - Alvarellos Editora<\/title>\n<meta name=\"description\" content=\"ESPA\u00d1A SAGRADA - \u00cdNDICE OBRA COMPLETA. C\u00f3mprao na tenda en li\u00f1a de Alvarellos Editora.\" \/>\n<meta name=\"robots\" content=\"index, follow, max-snippet:-1, max-image-preview:large, max-video-preview:-1\" \/>\n<link rel=\"canonical\" href=\"https:\/\/alvarelloseditora.gal\/es\/libro\/espana-sagrada-indice-obra-completa\/\" \/>\n<meta property=\"og:locale\" content=\"es_ES\" \/>\n<meta property=\"og:type\" content=\"article\" \/>\n<meta property=\"og:title\" content=\"ESPA\u00d1A SAGRADA - \u00cdNDICE OBRA COMPLETA - Alvarellos Editora\" \/>\n<meta property=\"og:description\" content=\"ESPA\u00d1A SAGRADA - \u00cdNDICE OBRA COMPLETA. C\u00f3mprao na tenda en li\u00f1a de Alvarellos Editora.\" \/>\n<meta property=\"og:url\" content=\"https:\/\/alvarelloseditora.gal\/es\/libro\/espana-sagrada-indice-obra-completa\/\" \/>\n<meta property=\"og:site_name\" content=\"Alvarellos Editora\" \/>\n<meta property=\"article:publisher\" content=\"https:\/\/www.facebook.com\/alvarelloseditora\" \/>\n<meta property=\"article:modified_time\" content=\"2021-06-25T09:36:15+00:00\" \/>\n<meta property=\"og:image\" content=\"https:\/\/alvarelloseditora.gal\/wp-content\/uploads\/2019\/12\/21.jpg\" \/>\n\t<meta property=\"og:image:width\" content=\"474\" \/>\n\t<meta property=\"og:image:height\" content=\"672\" \/>\n\t<meta property=\"og:image:type\" content=\"image\/jpeg\" \/>\n<meta name=\"twitter:card\" content=\"summary_large_image\" \/>\n<meta name=\"twitter:site\" content=\"@alvarellos_ed\" \/>\n<!-- \/ Yoast SEO plugin. -->","yoast_head_json":{"title":"ESPA\u00d1A SAGRADA - \u00cdNDICE OBRA COMPLETA - Alvarellos Editora","description":"ESPA\u00d1A SAGRADA - \u00cdNDICE OBRA COMPLETA. C\u00f3mprao na tenda en li\u00f1a de Alvarellos Editora.","robots":{"index":"index","follow":"follow","max-snippet":"max-snippet:-1","max-image-preview":"max-image-preview:large","max-video-preview":"max-video-preview:-1"},"canonical":"https:\/\/alvarelloseditora.gal\/es\/libro\/espana-sagrada-indice-obra-completa\/","og_locale":"es_ES","og_type":"article","og_title":"ESPA\u00d1A SAGRADA - \u00cdNDICE OBRA COMPLETA - Alvarellos Editora","og_description":"ESPA\u00d1A SAGRADA - \u00cdNDICE OBRA COMPLETA. C\u00f3mprao na tenda en li\u00f1a de Alvarellos Editora.","og_url":"https:\/\/alvarelloseditora.gal\/es\/libro\/espana-sagrada-indice-obra-completa\/","og_site_name":"Alvarellos Editora","article_publisher":"https:\/\/www.facebook.com\/alvarelloseditora","article_modified_time":"2021-06-25T09:36:15+00:00","og_image":[{"width":474,"height":672,"url":"https:\/\/alvarelloseditora.gal\/wp-content\/uploads\/2019\/12\/21.jpg","type":"image\/jpeg"}],"twitter_card":"summary_large_image","twitter_site":"@alvarellos_ed","schema":{"@context":"https:\/\/schema.org","@graph":[{"@type":["WebPage","ItemPage"],"@id":"https:\/\/alvarelloseditora.gal\/es\/libro\/espana-sagrada-indice-obra-completa\/","url":"https:\/\/alvarelloseditora.gal\/es\/libro\/espana-sagrada-indice-obra-completa\/","name":"ESPA\u00d1A SAGRADA - \u00cdNDICE OBRA COMPLETA - Alvarellos Editora","isPartOf":{"@id":"https:\/\/alvarelloseditora.gal\/#website"},"primaryImageOfPage":{"@id":"https:\/\/alvarelloseditora.gal\/es\/libro\/espana-sagrada-indice-obra-completa\/#primaryimage"},"image":{"@id":"https:\/\/alvarelloseditora.gal\/es\/libro\/espana-sagrada-indice-obra-completa\/#primaryimage"},"thumbnailUrl":"https:\/\/alvarelloseditora.gal\/wp-content\/uploads\/2019\/12\/21.jpg","datePublished":"2019-12-27T14:01:16+00:00","dateModified":"2021-06-25T09:36:15+00:00","description":"ESPA\u00d1A SAGRADA - \u00cdNDICE OBRA COMPLETA. C\u00f3mprao na tenda en li\u00f1a de Alvarellos Editora.","breadcrumb":{"@id":"https:\/\/alvarelloseditora.gal\/es\/libro\/espana-sagrada-indice-obra-completa\/#breadcrumb"},"inLanguage":"es","potentialAction":[{"@type":"ReadAction","target":["https:\/\/alvarelloseditora.gal\/es\/libro\/espana-sagrada-indice-obra-completa\/"]}]},{"@type":"ImageObject","inLanguage":"es","@id":"https:\/\/alvarelloseditora.gal\/es\/libro\/espana-sagrada-indice-obra-completa\/#primaryimage","url":"https:\/\/alvarelloseditora.gal\/wp-content\/uploads\/2019\/12\/21.jpg","contentUrl":"https:\/\/alvarelloseditora.gal\/wp-content\/uploads\/2019\/12\/21.jpg","width":474,"height":672},{"@type":"BreadcrumbList","@id":"https:\/\/alvarelloseditora.gal\/es\/libro\/espana-sagrada-indice-obra-completa\/#breadcrumb","itemListElement":[{"@type":"ListItem","position":1,"name":"Portada","item":"https:\/\/alvarelloseditora.gal\/"},{"@type":"ListItem","position":2,"name":"Tienda","item":"https:\/\/alvarelloseditora.gal\/es\/tienda\/"},{"@type":"ListItem","position":3,"name":"ESPA\u00d1A SAGRADA &#8211; \u00cdNDICE OBRA COMPLETA"}]},{"@type":"WebSite","@id":"https:\/\/alvarelloseditora.gal\/#website","url":"https:\/\/alvarelloseditora.gal\/","name":"Alvarellos Editora","description":"Libros para un mundo en tr\u00e1nsito","publisher":{"@id":"https:\/\/alvarelloseditora.gal\/#organization"},"potentialAction":[{"@type":"SearchAction","target":{"@type":"EntryPoint","urlTemplate":"https:\/\/alvarelloseditora.gal\/?s={search_term_string}"},"query-input":{"@type":"PropertyValueSpecification","valueRequired":true,"valueName":"search_term_string"}}],"inLanguage":"es"},{"@type":"Organization","@id":"https:\/\/alvarelloseditora.gal\/#organization","name":"Alvarellos Editora","url":"https:\/\/alvarelloseditora.gal\/","logo":{"@type":"ImageObject","inLanguage":"es","@id":"https:\/\/alvarelloseditora.gal\/#\/schema\/logo\/image\/","url":"https:\/\/alvarelloseditora.gal\/wp-content\/uploads\/2020\/02\/alv-icon.png","contentUrl":"https:\/\/alvarelloseditora.gal\/wp-content\/uploads\/2020\/02\/alv-icon.png","width":177,"height":175,"caption":"Alvarellos Editora"},"image":{"@id":"https:\/\/alvarelloseditora.gal\/#\/schema\/logo\/image\/"},"sameAs":["https:\/\/www.facebook.com\/alvarelloseditora","https:\/\/x.com\/alvarellos_ed"]}]}},"_links":{"self":[{"href":"https:\/\/alvarelloseditora.gal\/es\/wp-json\/wp\/v2\/product\/2704","targetHints":{"allow":["GET"]}}],"collection":[{"href":"https:\/\/alvarelloseditora.gal\/es\/wp-json\/wp\/v2\/product"}],"about":[{"href":"https:\/\/alvarelloseditora.gal\/es\/wp-json\/wp\/v2\/types\/product"}],"replies":[{"embeddable":true,"href":"https:\/\/alvarelloseditora.gal\/es\/wp-json\/wp\/v2\/comments?post=2704"}],"wp:featuredmedia":[{"embeddable":true,"href":"https:\/\/alvarelloseditora.gal\/es\/wp-json\/wp\/v2\/media\/3925"}],"wp:attachment":[{"href":"https:\/\/alvarelloseditora.gal\/es\/wp-json\/wp\/v2\/media?parent=2704"}],"wp:term":[{"taxonomy":"product_brand","embeddable":true,"href":"https:\/\/alvarelloseditora.gal\/es\/wp-json\/wp\/v2\/product_brand?post=2704"},{"taxonomy":"product_cat","embeddable":true,"href":"https:\/\/alvarelloseditora.gal\/es\/wp-json\/wp\/v2\/product_cat?post=2704"},{"taxonomy":"product_tag","embeddable":true,"href":"https:\/\/alvarelloseditora.gal\/es\/wp-json\/wp\/v2\/product_tag?post=2704"}],"curies":[{"name":"wp","href":"https:\/\/api.w.org\/{rel}","templated":true}]}}