{"id":2698,"date":"2019-12-27T13:37:44","date_gmt":"2019-12-27T14:00:59","guid":{"rendered":"https:\/\/nueva.alvarellos.info\/product\/espana-sagrada-tomo-xix-santiago\/"},"modified":"2023-02-27T10:42:01","modified_gmt":"2023-02-27T09:42:01","slug":"espana-sagrada-tomo-xix-santiago","status":"publish","type":"product","link":"https:\/\/alvarelloseditora.gal\/es\/libro\/espana-sagrada-tomo-xix-santiago\/","title":{"rendered":"Espa\u00f1a Sagrada, tomo XIX: Santiago"},"content":{"rendered":"","protected":false},"excerpt":{"rendered":"<p>Henrique Fl\u00f3rez<br \/>\n&nbsp;<\/p>\n<p>P\u00e1ginas: 415<br \/>\nLengua: castellano<br \/>\nMedidas: 15,5 x 21 cms.<br \/>\nISBN: 84\u201385311-84-1<br \/>\nFacs\u00edmil del original de 1742 publicado en 1989<\/p>\n<p>&nbsp;<\/p>\n<p>Recuperamos, diecisiete a\u00f1os despu\u00e9s de su primera edici\u00f3n en facs\u00edmil (Alvarellos Editora, 1989), el tomo XIX dedicado a Santiago de Compostela de la gran enciclopedia del siglo XVIII, la Espa\u00f1a Sagrada.<\/p>\n<p>El religioso burgal\u00e9s Henrique Fl\u00f3rez es el autor de este volumen de m\u00e1s de cuatrocientas p\u00e1ginas, publicado por vez primera en Madrid en el a\u00f1o 1742. En \u00e9l se narra la fundaci\u00f3n de la ciudad y de la d\u00edocesis compostelana, con su origen en el puerto de Iria Flavia, en el siglo IX, y se llega en los hechos hasta el tiempo de su primer grand arcebispo, Diego Xelm\u00edrez, en el siglo XII.<\/p>\n<p>El tomo de m\u00e1s de 400 p\u00e1ginas, al igual que los restantes de esta colecci\u00f3n de facs\u00edmiles del siglo XVIII, est\u00e1 encuadernado en tapa dura y en una edici\u00f3n muy cuidada.<\/p>\n","protected":false},"featured_media":8149,"comment_status":"closed","ping_status":"closed","template":"","meta":[],"product_brand":[],"product_cat":[112],"product_tag":[],"class_list":{"0":"post-2698","1":"product","2":"type-product","3":"status-publish","4":"has-post-thumbnail","6":"product_author-henrique-florez-es","7":"product_cat-facsimiles-es","9":"first","10":"instock","11":"taxable","12":"shipping-taxable","13":"purchasable","14":"product-type-simple"},"yoast_head":"<!-- This site is optimized with the Yoast SEO plugin v27.3 - https:\/\/yoast.com\/product\/yoast-seo-wordpress\/ -->\n<title>Espa\u00f1a Sagrada, tomo XIX: Santiago - Alvarellos Editora<\/title>\n<meta name=\"description\" content=\"Espa\u00f1a Sagrada, tomo XIX: Santiago. C\u00f3mprao na tenda en li\u00f1a de Alvarellos Editora.\" \/>\n<meta name=\"robots\" content=\"index, follow, max-snippet:-1, max-image-preview:large, max-video-preview:-1\" \/>\n<link rel=\"canonical\" href=\"https:\/\/alvarelloseditora.gal\/es\/libro\/espana-sagrada-tomo-xix-santiago\/\" \/>\n<meta property=\"og:locale\" content=\"es_ES\" \/>\n<meta property=\"og:type\" content=\"article\" \/>\n<meta property=\"og:title\" content=\"Espa\u00f1a Sagrada, tomo XIX: Santiago - Alvarellos Editora\" \/>\n<meta property=\"og:description\" content=\"Espa\u00f1a Sagrada, tomo XIX: Santiago. C\u00f3mprao na tenda en li\u00f1a de Alvarellos Editora.\" \/>\n<meta property=\"og:url\" content=\"https:\/\/alvarelloseditora.gal\/es\/libro\/espana-sagrada-tomo-xix-santiago\/\" \/>\n<meta property=\"og:site_name\" content=\"Alvarellos Editora\" \/>\n<meta property=\"article:publisher\" content=\"https:\/\/www.facebook.com\/alvarelloseditora\" \/>\n<meta property=\"article:modified_time\" content=\"2023-02-27T09:42:01+00:00\" \/>\n<meta property=\"og:image\" content=\"https:\/\/alvarelloseditora.gal\/wp-content\/uploads\/2019\/12\/15.jpg\" \/>\n\t<meta property=\"og:image:width\" content=\"471\" \/>\n\t<meta property=\"og:image:height\" content=\"675\" \/>\n\t<meta property=\"og:image:type\" content=\"image\/jpeg\" \/>\n<meta name=\"twitter:card\" content=\"summary_large_image\" \/>\n<meta name=\"twitter:site\" content=\"@alvarellos_ed\" \/>\n<!-- \/ Yoast SEO plugin. -->","yoast_head_json":{"title":"Espa\u00f1a Sagrada, tomo XIX: Santiago - Alvarellos Editora","description":"Espa\u00f1a Sagrada, tomo XIX: Santiago. C\u00f3mprao na tenda en li\u00f1a de Alvarellos Editora.","robots":{"index":"index","follow":"follow","max-snippet":"max-snippet:-1","max-image-preview":"max-image-preview:large","max-video-preview":"max-video-preview:-1"},"canonical":"https:\/\/alvarelloseditora.gal\/es\/libro\/espana-sagrada-tomo-xix-santiago\/","og_locale":"es_ES","og_type":"article","og_title":"Espa\u00f1a Sagrada, tomo XIX: Santiago - Alvarellos Editora","og_description":"Espa\u00f1a Sagrada, tomo XIX: Santiago. C\u00f3mprao na tenda en li\u00f1a de Alvarellos Editora.","og_url":"https:\/\/alvarelloseditora.gal\/es\/libro\/espana-sagrada-tomo-xix-santiago\/","og_site_name":"Alvarellos Editora","article_publisher":"https:\/\/www.facebook.com\/alvarelloseditora","article_modified_time":"2023-02-27T09:42:01+00:00","og_image":[{"width":471,"height":675,"url":"https:\/\/alvarelloseditora.gal\/wp-content\/uploads\/2019\/12\/15.jpg","type":"image\/jpeg"}],"twitter_card":"summary_large_image","twitter_site":"@alvarellos_ed","schema":{"@context":"https:\/\/schema.org","@graph":[{"@type":["WebPage","ItemPage"],"@id":"https:\/\/alvarelloseditora.gal\/es\/libro\/espana-sagrada-tomo-xix-santiago\/","url":"https:\/\/alvarelloseditora.gal\/es\/libro\/espana-sagrada-tomo-xix-santiago\/","name":"Espa\u00f1a Sagrada, tomo XIX: Santiago - Alvarellos Editora","isPartOf":{"@id":"https:\/\/alvarelloseditora.gal\/#website"},"primaryImageOfPage":{"@id":"https:\/\/alvarelloseditora.gal\/es\/libro\/espana-sagrada-tomo-xix-santiago\/#primaryimage"},"image":{"@id":"https:\/\/alvarelloseditora.gal\/es\/libro\/espana-sagrada-tomo-xix-santiago\/#primaryimage"},"thumbnailUrl":"https:\/\/alvarelloseditora.gal\/wp-content\/uploads\/2019\/12\/Espana-Sagrada-Santiago-alvarellos-ed-1989.jpg","datePublished":"2019-12-27T14:00:59+00:00","dateModified":"2023-02-27T09:42:01+00:00","description":"Espa\u00f1a Sagrada, tomo XIX: Santiago. C\u00f3mprao na tenda en li\u00f1a de Alvarellos Editora.","breadcrumb":{"@id":"https:\/\/alvarelloseditora.gal\/es\/libro\/espana-sagrada-tomo-xix-santiago\/#breadcrumb"},"inLanguage":"es","potentialAction":[{"@type":"ReadAction","target":["https:\/\/alvarelloseditora.gal\/es\/libro\/espana-sagrada-tomo-xix-santiago\/"]}]},{"@type":"ImageObject","inLanguage":"es","@id":"https:\/\/alvarelloseditora.gal\/es\/libro\/espana-sagrada-tomo-xix-santiago\/#primaryimage","url":"https:\/\/alvarelloseditora.gal\/wp-content\/uploads\/2019\/12\/Espana-Sagrada-Santiago-alvarellos-ed-1989.jpg","contentUrl":"https:\/\/alvarelloseditora.gal\/wp-content\/uploads\/2019\/12\/Espana-Sagrada-Santiago-alvarellos-ed-1989.jpg","width":1209,"height":1653},{"@type":"BreadcrumbList","@id":"https:\/\/alvarelloseditora.gal\/es\/libro\/espana-sagrada-tomo-xix-santiago\/#breadcrumb","itemListElement":[{"@type":"ListItem","position":1,"name":"Portada","item":"https:\/\/alvarelloseditora.gal\/"},{"@type":"ListItem","position":2,"name":"Tienda","item":"https:\/\/alvarelloseditora.gal\/es\/tienda\/"},{"@type":"ListItem","position":3,"name":"Espa\u00f1a Sagrada, tomo XIX: Santiago"}]},{"@type":"WebSite","@id":"https:\/\/alvarelloseditora.gal\/#website","url":"https:\/\/alvarelloseditora.gal\/","name":"Alvarellos Editora","description":"Libros para un mundo en tr\u00e1nsito","publisher":{"@id":"https:\/\/alvarelloseditora.gal\/#organization"},"potentialAction":[{"@type":"SearchAction","target":{"@type":"EntryPoint","urlTemplate":"https:\/\/alvarelloseditora.gal\/?s={search_term_string}"},"query-input":{"@type":"PropertyValueSpecification","valueRequired":true,"valueName":"search_term_string"}}],"inLanguage":"es"},{"@type":"Organization","@id":"https:\/\/alvarelloseditora.gal\/#organization","name":"Alvarellos Editora","url":"https:\/\/alvarelloseditora.gal\/","logo":{"@type":"ImageObject","inLanguage":"es","@id":"https:\/\/alvarelloseditora.gal\/#\/schema\/logo\/image\/","url":"https:\/\/alvarelloseditora.gal\/wp-content\/uploads\/2020\/02\/alv-icon.png","contentUrl":"https:\/\/alvarelloseditora.gal\/wp-content\/uploads\/2020\/02\/alv-icon.png","width":177,"height":175,"caption":"Alvarellos Editora"},"image":{"@id":"https:\/\/alvarelloseditora.gal\/#\/schema\/logo\/image\/"},"sameAs":["https:\/\/www.facebook.com\/alvarelloseditora","https:\/\/x.com\/alvarellos_ed"]}]}},"_links":{"self":[{"href":"https:\/\/alvarelloseditora.gal\/es\/wp-json\/wp\/v2\/product\/2698","targetHints":{"allow":["GET"]}}],"collection":[{"href":"https:\/\/alvarelloseditora.gal\/es\/wp-json\/wp\/v2\/product"}],"about":[{"href":"https:\/\/alvarelloseditora.gal\/es\/wp-json\/wp\/v2\/types\/product"}],"replies":[{"embeddable":true,"href":"https:\/\/alvarelloseditora.gal\/es\/wp-json\/wp\/v2\/comments?post=2698"}],"wp:featuredmedia":[{"embeddable":true,"href":"https:\/\/alvarelloseditora.gal\/es\/wp-json\/wp\/v2\/media\/8149"}],"wp:attachment":[{"href":"https:\/\/alvarelloseditora.gal\/es\/wp-json\/wp\/v2\/media?parent=2698"}],"wp:term":[{"taxonomy":"product_brand","embeddable":true,"href":"https:\/\/alvarelloseditora.gal\/es\/wp-json\/wp\/v2\/product_brand?post=2698"},{"taxonomy":"product_cat","embeddable":true,"href":"https:\/\/alvarelloseditora.gal\/es\/wp-json\/wp\/v2\/product_cat?post=2698"},{"taxonomy":"product_tag","embeddable":true,"href":"https:\/\/alvarelloseditora.gal\/es\/wp-json\/wp\/v2\/product_tag?post=2698"}],"curies":[{"name":"wp","href":"https:\/\/api.w.org\/{rel}","templated":true}]}}