{"id":2690,"date":"2019-12-27T14:00:59","date_gmt":"2019-12-27T14:00:59","guid":{"rendered":"https:\/\/nueva.alvarellos.info\/product\/xoguemos-coas-matematicas-na-eso\/"},"modified":"2020-12-15T10:51:01","modified_gmt":"2020-12-15T09:51:01","slug":"xoguemos-coas-matematicas-na-eso","status":"publish","type":"product","link":"https:\/\/alvarelloseditora.gal\/es\/libro\/xoguemos-coas-matematicas-na-eso\/","title":{"rendered":"XOGUEMOS COAS MATEM\u00c1TICAS NA ESO"},"content":{"rendered":"","protected":false},"excerpt":{"rendered":"<p>Una ayuda inexcusable para cualquier profesor de Matem\u00e1ticas, adem\u00e1s de ser uno de los escasos libros de esta materia editados en gallego. Xoguemos coas matem\u00e1ticas na ESO integra una docena de ejercicios y actividades para realizar en el aula, y de esta forma complementar y reforzar lo aprendido.<\/p>\n<p>La profesora Cecilia Alvarellos Casas, licenciada en Matem\u00e1ticas y con m\u00e1s de quince a\u00f1os de ejercicio de la docencia (tanto p\u00fablica como privada) desarrolla en esta obra la cara m\u00e1s l\u00fadica de esta materia.<\/p>\n<p>El nivel de dificultad de los ejercicios est\u00e1 adaptado para los cuatro cursos de Ense\u00f1anza Secundaria Obligatoria (ESO), y el profesor elegir\u00e1 las actividades que m\u00e1s le convengan para el curso que est\u00e1 impartiendo. El docente tambi\u00e9n podr\u00e1 escoger aquellas propuestas que los alumnos har\u00e1n de forma individual o bien en grupos para as\u00ed fomentar la cooperaci\u00f3n.<\/p>\n","protected":false},"featured_media":2278,"comment_status":"closed","ping_status":"closed","template":"","meta":[],"product_brand":[],"product_cat":[108],"product_tag":[],"class_list":{"0":"post-2690","1":"product","2":"type-product","3":"status-publish","4":"has-post-thumbnail","6":"product_author-cecilia-alvarellos-casas-es","7":"product_cat-ofertas-es","9":"first","10":"instock","11":"purchasable","12":"product-type-simple"},"yoast_head":"<!-- This site is optimized with the Yoast SEO plugin v27.3 - https:\/\/yoast.com\/product\/yoast-seo-wordpress\/ -->\n<title>XOGUEMOS COAS MATEM\u00c1TICAS NA ESO - Alvarellos Editora<\/title>\n<meta name=\"description\" content=\"XOGUEMOS COAS MATEM\u00c1TICAS NA ESO. C\u00f3mprao na tenda en li\u00f1a de Alvarellos Editora.\" \/>\n<meta name=\"robots\" content=\"index, follow, max-snippet:-1, max-image-preview:large, max-video-preview:-1\" \/>\n<link rel=\"canonical\" href=\"https:\/\/alvarelloseditora.gal\/es\/libro\/xoguemos-coas-matematicas-na-eso\/\" \/>\n<meta property=\"og:locale\" content=\"es_ES\" \/>\n<meta property=\"og:type\" content=\"article\" \/>\n<meta property=\"og:title\" content=\"XOGUEMOS COAS MATEM\u00c1TICAS NA ESO - Alvarellos Editora\" \/>\n<meta property=\"og:description\" content=\"XOGUEMOS COAS MATEM\u00c1TICAS NA ESO. C\u00f3mprao na tenda en li\u00f1a de Alvarellos Editora.\" \/>\n<meta property=\"og:url\" content=\"https:\/\/alvarelloseditora.gal\/es\/libro\/xoguemos-coas-matematicas-na-eso\/\" \/>\n<meta property=\"og:site_name\" content=\"Alvarellos Editora\" \/>\n<meta property=\"article:publisher\" content=\"https:\/\/www.facebook.com\/alvarelloseditora\" \/>\n<meta property=\"article:modified_time\" content=\"2020-12-15T09:51:01+00:00\" \/>\n<meta property=\"og:image\" content=\"https:\/\/alvarelloseditora.gal\/wp-content\/uploads\/2019\/12\/7-2.jpg\" \/>\n\t<meta property=\"og:image:width\" content=\"480\" \/>\n\t<meta property=\"og:image:height\" content=\"645\" \/>\n\t<meta property=\"og:image:type\" content=\"image\/jpeg\" \/>\n<meta name=\"twitter:card\" content=\"summary_large_image\" \/>\n<meta name=\"twitter:site\" content=\"@alvarellos_ed\" \/>\n<!-- \/ Yoast SEO plugin. -->","yoast_head_json":{"title":"XOGUEMOS COAS MATEM\u00c1TICAS NA ESO - Alvarellos Editora","description":"XOGUEMOS COAS MATEM\u00c1TICAS NA ESO. C\u00f3mprao na tenda en li\u00f1a de Alvarellos Editora.","robots":{"index":"index","follow":"follow","max-snippet":"max-snippet:-1","max-image-preview":"max-image-preview:large","max-video-preview":"max-video-preview:-1"},"canonical":"https:\/\/alvarelloseditora.gal\/es\/libro\/xoguemos-coas-matematicas-na-eso\/","og_locale":"es_ES","og_type":"article","og_title":"XOGUEMOS COAS MATEM\u00c1TICAS NA ESO - Alvarellos Editora","og_description":"XOGUEMOS COAS MATEM\u00c1TICAS NA ESO. C\u00f3mprao na tenda en li\u00f1a de Alvarellos Editora.","og_url":"https:\/\/alvarelloseditora.gal\/es\/libro\/xoguemos-coas-matematicas-na-eso\/","og_site_name":"Alvarellos Editora","article_publisher":"https:\/\/www.facebook.com\/alvarelloseditora","article_modified_time":"2020-12-15T09:51:01+00:00","og_image":[{"width":480,"height":645,"url":"https:\/\/alvarelloseditora.gal\/wp-content\/uploads\/2019\/12\/7-2.jpg","type":"image\/jpeg"}],"twitter_card":"summary_large_image","twitter_site":"@alvarellos_ed","schema":{"@context":"https:\/\/schema.org","@graph":[{"@type":["WebPage","ItemPage"],"@id":"https:\/\/alvarelloseditora.gal\/es\/libro\/xoguemos-coas-matematicas-na-eso\/","url":"https:\/\/alvarelloseditora.gal\/es\/libro\/xoguemos-coas-matematicas-na-eso\/","name":"XOGUEMOS COAS MATEM\u00c1TICAS NA ESO - Alvarellos Editora","isPartOf":{"@id":"https:\/\/alvarelloseditora.gal\/#website"},"primaryImageOfPage":{"@id":"https:\/\/alvarelloseditora.gal\/es\/libro\/xoguemos-coas-matematicas-na-eso\/#primaryimage"},"image":{"@id":"https:\/\/alvarelloseditora.gal\/es\/libro\/xoguemos-coas-matematicas-na-eso\/#primaryimage"},"thumbnailUrl":"https:\/\/alvarelloseditora.gal\/wp-content\/uploads\/2019\/12\/7-2.jpg","datePublished":"2019-12-27T14:00:59+00:00","dateModified":"2020-12-15T09:51:01+00:00","description":"XOGUEMOS COAS MATEM\u00c1TICAS NA ESO. C\u00f3mprao na tenda en li\u00f1a de Alvarellos Editora.","breadcrumb":{"@id":"https:\/\/alvarelloseditora.gal\/es\/libro\/xoguemos-coas-matematicas-na-eso\/#breadcrumb"},"inLanguage":"es","potentialAction":[{"@type":"ReadAction","target":["https:\/\/alvarelloseditora.gal\/es\/libro\/xoguemos-coas-matematicas-na-eso\/"]}]},{"@type":"ImageObject","inLanguage":"es","@id":"https:\/\/alvarelloseditora.gal\/es\/libro\/xoguemos-coas-matematicas-na-eso\/#primaryimage","url":"https:\/\/alvarelloseditora.gal\/wp-content\/uploads\/2019\/12\/7-2.jpg","contentUrl":"https:\/\/alvarelloseditora.gal\/wp-content\/uploads\/2019\/12\/7-2.jpg","width":480,"height":645},{"@type":"BreadcrumbList","@id":"https:\/\/alvarelloseditora.gal\/es\/libro\/xoguemos-coas-matematicas-na-eso\/#breadcrumb","itemListElement":[{"@type":"ListItem","position":1,"name":"Portada","item":"https:\/\/alvarelloseditora.gal\/"},{"@type":"ListItem","position":2,"name":"Tienda","item":"https:\/\/alvarelloseditora.gal\/es\/tienda\/"},{"@type":"ListItem","position":3,"name":"XOGUEMOS COAS MATEM\u00c1TICAS NA ESO"}]},{"@type":"WebSite","@id":"https:\/\/alvarelloseditora.gal\/#website","url":"https:\/\/alvarelloseditora.gal\/","name":"Alvarellos Editora","description":"Libros para un mundo en tr\u00e1nsito","publisher":{"@id":"https:\/\/alvarelloseditora.gal\/#organization"},"potentialAction":[{"@type":"SearchAction","target":{"@type":"EntryPoint","urlTemplate":"https:\/\/alvarelloseditora.gal\/?s={search_term_string}"},"query-input":{"@type":"PropertyValueSpecification","valueRequired":true,"valueName":"search_term_string"}}],"inLanguage":"es"},{"@type":"Organization","@id":"https:\/\/alvarelloseditora.gal\/#organization","name":"Alvarellos Editora","url":"https:\/\/alvarelloseditora.gal\/","logo":{"@type":"ImageObject","inLanguage":"es","@id":"https:\/\/alvarelloseditora.gal\/#\/schema\/logo\/image\/","url":"https:\/\/alvarelloseditora.gal\/wp-content\/uploads\/2020\/02\/alv-icon.png","contentUrl":"https:\/\/alvarelloseditora.gal\/wp-content\/uploads\/2020\/02\/alv-icon.png","width":177,"height":175,"caption":"Alvarellos Editora"},"image":{"@id":"https:\/\/alvarelloseditora.gal\/#\/schema\/logo\/image\/"},"sameAs":["https:\/\/www.facebook.com\/alvarelloseditora","https:\/\/x.com\/alvarellos_ed"]}]}},"_links":{"self":[{"href":"https:\/\/alvarelloseditora.gal\/es\/wp-json\/wp\/v2\/product\/2690","targetHints":{"allow":["GET"]}}],"collection":[{"href":"https:\/\/alvarelloseditora.gal\/es\/wp-json\/wp\/v2\/product"}],"about":[{"href":"https:\/\/alvarelloseditora.gal\/es\/wp-json\/wp\/v2\/types\/product"}],"replies":[{"embeddable":true,"href":"https:\/\/alvarelloseditora.gal\/es\/wp-json\/wp\/v2\/comments?post=2690"}],"wp:featuredmedia":[{"embeddable":true,"href":"https:\/\/alvarelloseditora.gal\/es\/wp-json\/wp\/v2\/media\/2278"}],"wp:attachment":[{"href":"https:\/\/alvarelloseditora.gal\/es\/wp-json\/wp\/v2\/media?parent=2690"}],"wp:term":[{"taxonomy":"product_brand","embeddable":true,"href":"https:\/\/alvarelloseditora.gal\/es\/wp-json\/wp\/v2\/product_brand?post=2690"},{"taxonomy":"product_cat","embeddable":true,"href":"https:\/\/alvarelloseditora.gal\/es\/wp-json\/wp\/v2\/product_cat?post=2690"},{"taxonomy":"product_tag","embeddable":true,"href":"https:\/\/alvarelloseditora.gal\/es\/wp-json\/wp\/v2\/product_tag?post=2690"}],"curies":[{"name":"wp","href":"https:\/\/api.w.org\/{rel}","templated":true}]}}