{"id":2689,"date":"2019-12-27T14:00:59","date_gmt":"2019-12-27T14:00:59","guid":{"rendered":"https:\/\/nueva.alvarellos.info\/product\/matematicas-universitarias-i\/"},"modified":"2020-12-17T12:05:55","modified_gmt":"2020-12-17T11:05:55","slug":"matematicas-universitarias-i-2","status":"publish","type":"product","link":"https:\/\/alvarelloseditora.gal\/es\/libro\/matematicas-universitarias-i-2\/","title":{"rendered":"MATEM\u00c1TICAS UNIVERSITARIAS \u2013 I"},"content":{"rendered":"","protected":false},"excerpt":{"rendered":"<p>La autora recoge en este volumen m\u00e1s de quince a\u00f1os de experiencia docente conseguida a lo largo de una activa pr\u00e1ctica tanto en la ense\u00f1anza privada como en la p\u00fablica. Matem\u00e1ticas Universitarias \u2013 I es una obra tremendamente \u00fatil para cualquier estudiante de primer curso de facultad y tambi\u00e9n para los amantes de las matem\u00e1ticas, pues contiene varios ap\u00e9ndices con ejercicios l\u00f3gicos, juegos matem\u00e1ticos, tablas, gr\u00e1ficas, etc. Cada uno de los temas tratados lleva incluida una introducci\u00f3n te\u00f3rica, seguida de un gran compendio de ejercicios con su correspondiente soluci\u00f3n. Es este un libro ameno que aporta, como peculiar a\u00f1adido, las biograf\u00edas y hechos m\u00e1s rese\u00f1ables de \u201cNueve ilustres matem\u00e1ticos gallegos\u201d, desde Juan D\u00edez a Garc\u00eda- Rodeja.<\/p>\n","protected":false},"featured_media":2276,"comment_status":"closed","ping_status":"closed","template":"","meta":[],"product_brand":[],"product_cat":[108],"product_tag":[],"class_list":{"0":"post-2689","1":"product","2":"type-product","3":"status-publish","4":"has-post-thumbnail","6":"product_author-cecilia-alvarellos-casas-es","7":"product_cat-ofertas-es","9":"first","10":"instock","11":"sale","12":"purchasable","13":"product-type-simple"},"yoast_head":"<!-- This site is optimized with the Yoast SEO plugin v27.3 - https:\/\/yoast.com\/product\/yoast-seo-wordpress\/ -->\n<title>MATEM\u00c1TICAS UNIVERSITARIAS \u2013 I - Alvarellos Editora<\/title>\n<meta name=\"description\" content=\"MATEM\u00c1TICAS UNIVERSITARIAS \u2013 I. C\u00f3mprao na tenda en li\u00f1a de Alvarellos Editora.\" \/>\n<meta name=\"robots\" content=\"index, follow, max-snippet:-1, max-image-preview:large, max-video-preview:-1\" \/>\n<link rel=\"canonical\" href=\"https:\/\/alvarelloseditora.gal\/es\/libro\/matematicas-universitarias-i-2\/\" \/>\n<meta property=\"og:locale\" content=\"es_ES\" \/>\n<meta property=\"og:type\" content=\"article\" \/>\n<meta property=\"og:title\" content=\"MATEM\u00c1TICAS UNIVERSITARIAS \u2013 I - Alvarellos Editora\" \/>\n<meta property=\"og:description\" content=\"MATEM\u00c1TICAS UNIVERSITARIAS \u2013 I. C\u00f3mprao na tenda en li\u00f1a de Alvarellos Editora.\" \/>\n<meta property=\"og:url\" content=\"https:\/\/alvarelloseditora.gal\/es\/libro\/matematicas-universitarias-i-2\/\" \/>\n<meta property=\"og:site_name\" content=\"Alvarellos Editora\" \/>\n<meta property=\"article:publisher\" content=\"https:\/\/www.facebook.com\/alvarelloseditora\" \/>\n<meta property=\"article:modified_time\" content=\"2020-12-17T11:05:55+00:00\" \/>\n<meta property=\"og:image\" content=\"https:\/\/alvarelloseditora.gal\/wp-content\/uploads\/2019\/12\/6-1.jpg\" \/>\n\t<meta property=\"og:image:width\" content=\"474\" \/>\n\t<meta property=\"og:image:height\" content=\"660\" \/>\n\t<meta property=\"og:image:type\" content=\"image\/jpeg\" \/>\n<meta name=\"twitter:card\" content=\"summary_large_image\" \/>\n<meta name=\"twitter:site\" content=\"@alvarellos_ed\" \/>\n<!-- \/ Yoast SEO plugin. -->","yoast_head_json":{"title":"MATEM\u00c1TICAS UNIVERSITARIAS \u2013 I - Alvarellos Editora","description":"MATEM\u00c1TICAS UNIVERSITARIAS \u2013 I. C\u00f3mprao na tenda en li\u00f1a de Alvarellos Editora.","robots":{"index":"index","follow":"follow","max-snippet":"max-snippet:-1","max-image-preview":"max-image-preview:large","max-video-preview":"max-video-preview:-1"},"canonical":"https:\/\/alvarelloseditora.gal\/es\/libro\/matematicas-universitarias-i-2\/","og_locale":"es_ES","og_type":"article","og_title":"MATEM\u00c1TICAS UNIVERSITARIAS \u2013 I - Alvarellos Editora","og_description":"MATEM\u00c1TICAS UNIVERSITARIAS \u2013 I. C\u00f3mprao na tenda en li\u00f1a de Alvarellos Editora.","og_url":"https:\/\/alvarelloseditora.gal\/es\/libro\/matematicas-universitarias-i-2\/","og_site_name":"Alvarellos Editora","article_publisher":"https:\/\/www.facebook.com\/alvarelloseditora","article_modified_time":"2020-12-17T11:05:55+00:00","og_image":[{"width":474,"height":660,"url":"https:\/\/alvarelloseditora.gal\/wp-content\/uploads\/2019\/12\/6-1.jpg","type":"image\/jpeg"}],"twitter_card":"summary_large_image","twitter_site":"@alvarellos_ed","schema":{"@context":"https:\/\/schema.org","@graph":[{"@type":["WebPage","ItemPage"],"@id":"https:\/\/alvarelloseditora.gal\/es\/libro\/matematicas-universitarias-i-2\/","url":"https:\/\/alvarelloseditora.gal\/es\/libro\/matematicas-universitarias-i-2\/","name":"MATEM\u00c1TICAS UNIVERSITARIAS \u2013 I - Alvarellos Editora","isPartOf":{"@id":"https:\/\/alvarelloseditora.gal\/#website"},"primaryImageOfPage":{"@id":"https:\/\/alvarelloseditora.gal\/es\/libro\/matematicas-universitarias-i-2\/#primaryimage"},"image":{"@id":"https:\/\/alvarelloseditora.gal\/es\/libro\/matematicas-universitarias-i-2\/#primaryimage"},"thumbnailUrl":"https:\/\/alvarelloseditora.gal\/wp-content\/uploads\/2019\/12\/6-1.jpg","datePublished":"2019-12-27T14:00:59+00:00","dateModified":"2020-12-17T11:05:55+00:00","description":"MATEM\u00c1TICAS UNIVERSITARIAS \u2013 I. C\u00f3mprao na tenda en li\u00f1a de Alvarellos Editora.","breadcrumb":{"@id":"https:\/\/alvarelloseditora.gal\/es\/libro\/matematicas-universitarias-i-2\/#breadcrumb"},"inLanguage":"es","potentialAction":[{"@type":"ReadAction","target":["https:\/\/alvarelloseditora.gal\/es\/libro\/matematicas-universitarias-i-2\/"]}]},{"@type":"ImageObject","inLanguage":"es","@id":"https:\/\/alvarelloseditora.gal\/es\/libro\/matematicas-universitarias-i-2\/#primaryimage","url":"https:\/\/alvarelloseditora.gal\/wp-content\/uploads\/2019\/12\/6-1.jpg","contentUrl":"https:\/\/alvarelloseditora.gal\/wp-content\/uploads\/2019\/12\/6-1.jpg","width":474,"height":660},{"@type":"BreadcrumbList","@id":"https:\/\/alvarelloseditora.gal\/es\/libro\/matematicas-universitarias-i-2\/#breadcrumb","itemListElement":[{"@type":"ListItem","position":1,"name":"Portada","item":"https:\/\/alvarelloseditora.gal\/"},{"@type":"ListItem","position":2,"name":"Tienda","item":"https:\/\/alvarelloseditora.gal\/es\/tienda\/"},{"@type":"ListItem","position":3,"name":"MATEM\u00c1TICAS UNIVERSITARIAS \u2013 I"}]},{"@type":"WebSite","@id":"https:\/\/alvarelloseditora.gal\/#website","url":"https:\/\/alvarelloseditora.gal\/","name":"Alvarellos Editora","description":"Libros para un mundo en tr\u00e1nsito","publisher":{"@id":"https:\/\/alvarelloseditora.gal\/#organization"},"potentialAction":[{"@type":"SearchAction","target":{"@type":"EntryPoint","urlTemplate":"https:\/\/alvarelloseditora.gal\/?s={search_term_string}"},"query-input":{"@type":"PropertyValueSpecification","valueRequired":true,"valueName":"search_term_string"}}],"inLanguage":"es"},{"@type":"Organization","@id":"https:\/\/alvarelloseditora.gal\/#organization","name":"Alvarellos Editora","url":"https:\/\/alvarelloseditora.gal\/","logo":{"@type":"ImageObject","inLanguage":"es","@id":"https:\/\/alvarelloseditora.gal\/#\/schema\/logo\/image\/","url":"https:\/\/alvarelloseditora.gal\/wp-content\/uploads\/2020\/02\/alv-icon.png","contentUrl":"https:\/\/alvarelloseditora.gal\/wp-content\/uploads\/2020\/02\/alv-icon.png","width":177,"height":175,"caption":"Alvarellos Editora"},"image":{"@id":"https:\/\/alvarelloseditora.gal\/#\/schema\/logo\/image\/"},"sameAs":["https:\/\/www.facebook.com\/alvarelloseditora","https:\/\/x.com\/alvarellos_ed"]}]}},"_links":{"self":[{"href":"https:\/\/alvarelloseditora.gal\/es\/wp-json\/wp\/v2\/product\/2689","targetHints":{"allow":["GET"]}}],"collection":[{"href":"https:\/\/alvarelloseditora.gal\/es\/wp-json\/wp\/v2\/product"}],"about":[{"href":"https:\/\/alvarelloseditora.gal\/es\/wp-json\/wp\/v2\/types\/product"}],"replies":[{"embeddable":true,"href":"https:\/\/alvarelloseditora.gal\/es\/wp-json\/wp\/v2\/comments?post=2689"}],"wp:featuredmedia":[{"embeddable":true,"href":"https:\/\/alvarelloseditora.gal\/es\/wp-json\/wp\/v2\/media\/2276"}],"wp:attachment":[{"href":"https:\/\/alvarelloseditora.gal\/es\/wp-json\/wp\/v2\/media?parent=2689"}],"wp:term":[{"taxonomy":"product_brand","embeddable":true,"href":"https:\/\/alvarelloseditora.gal\/es\/wp-json\/wp\/v2\/product_brand?post=2689"},{"taxonomy":"product_cat","embeddable":true,"href":"https:\/\/alvarelloseditora.gal\/es\/wp-json\/wp\/v2\/product_cat?post=2689"},{"taxonomy":"product_tag","embeddable":true,"href":"https:\/\/alvarelloseditora.gal\/es\/wp-json\/wp\/v2\/product_tag?post=2689"}],"curies":[{"name":"wp","href":"https:\/\/api.w.org\/{rel}","templated":true}]}}