{"id":2688,"date":"2019-12-27T13:37:44","date_gmt":"2019-12-27T14:00:59","guid":{"rendered":"https:\/\/nueva.alvarellos.info\/product\/memorias-para-la-historia-de-la-poesia-y-poetas-espanoles-obras-postumas\/"},"modified":"2022-02-02T18:56:00","modified_gmt":"2022-02-02T17:56:00","slug":"memorias-para-la-historia-de-la-poesia-y-poetas-espanoles-obras-postumas","status":"publish","type":"product","link":"https:\/\/alvarelloseditora.gal\/es\/libro\/memorias-para-la-historia-de-la-poesia-y-poetas-espanoles-obras-postumas\/","title":{"rendered":"Memorias para la historia de la poes\u00eda y poetas espa\u00f1oles [Facsimilar]"},"content":{"rendered":"","protected":false},"excerpt":{"rendered":"<p>P\u00e1ginas: 429<br \/>\nLengua: castellano<br \/>\nColecci\u00f3n: Facs\u00edmiles Siglo XVIII<br \/>\nA\u00f1o 1\u00aa edici\u00f3n: 1775<br \/>\nA\u00f1o edici\u00f3n facs\u00edmil: 1988<br \/>\nMedidas: 15,5 x 21 cms.<br \/>\nISBN: 84\u201385311\u201370-1<br \/>\nPr\u00f3logo: Eligio Rivas Quintas<\/p>\n<p>&nbsp;<\/p>\n<p>&nbsp;<\/p>\n<p>Mart\u00edn Sarmiento es una de las grandes personalidades de Galicia. La obra que editamos en facs\u00edmil (encuadernada en tapa dura y en edici\u00f3n de lujo) fue publicada originariamente por Ibarra en Madrid en 1775, tres a\u00f1os despu\u00e9s del fallecimiento de este ilustrado nacido en Villafranca del Bierzo (Le\u00f3n).<\/p>\n<p>Estas Memorias para la historia de la poes\u00eda, y poetas espa\u00f1oles son todo un tratado completo de las letras hispanas. Como afirma, en el Pr\u00f3logo, el doctor en Filolog\u00eda Rom\u00e1nica Eligio Rivas Quintas, \u201cel Padre Sarmiento va directo a las fuentes, a menudo a los propios originales. Es uno de los primeros en abrir caminos tanto en la literatura castellana como gallega. Analiza el Cantar del M\u00edo Cid y su significado en la \u00e9pica, su antig\u00fcedad y la m\u00e9trica, luego de leer todo el manuscrito. Se lamenta de que no haya quien d\u00e9 imprima la poes\u00eda de Gonzalo de Berceo y se ofrece, si tal sucediera, a comentarla \u00e9l mismo. Enseguida se da cuenta de los valores que encierra el Arcipreste de Hita en la peculiar miscel\u00e1nea del Libro del Buen Amor. Y adivina toda la dimensi\u00f3n de nuestra Escuela l\u00edrica galaico-portuguesa cuando a\u00fan no hab\u00edan aparecidos los Cancioneros\u201d.<\/p>\n","protected":false},"featured_media":7109,"comment_status":"closed","ping_status":"closed","template":"","meta":[],"product_brand":[],"product_cat":[112],"product_tag":[],"class_list":{"0":"post-2688","1":"product","2":"type-product","3":"status-publish","4":"has-post-thumbnail","6":"product_author-frai-martin-sarmiento-es","7":"product_cat-facsimiles-es","9":"first","10":"instock","11":"taxable","12":"shipping-taxable","13":"purchasable","14":"product-type-simple"},"yoast_head":"<!-- This site is optimized with the Yoast SEO plugin v27.3 - https:\/\/yoast.com\/product\/yoast-seo-wordpress\/ -->\n<title>Memorias para la historia de la poes\u00eda y poetas espa\u00f1oles [Facsimilar] - Alvarellos Editora<\/title>\n<meta name=\"description\" content=\"Memorias para la historia de la poes\u00eda y poetas espa\u00f1oles [Facsimilar]. C\u00f3mprao na tenda en li\u00f1a de Alvarellos Editora.\" \/>\n<meta name=\"robots\" content=\"index, follow, max-snippet:-1, max-image-preview:large, max-video-preview:-1\" \/>\n<link rel=\"canonical\" href=\"https:\/\/alvarelloseditora.gal\/es\/libro\/memorias-para-la-historia-de-la-poesia-y-poetas-espanoles-obras-postumas\/\" \/>\n<meta property=\"og:locale\" content=\"es_ES\" \/>\n<meta property=\"og:type\" content=\"article\" \/>\n<meta property=\"og:title\" content=\"Memorias para la historia de la poes\u00eda y poetas espa\u00f1oles [Facsimilar] - Alvarellos Editora\" \/>\n<meta property=\"og:description\" content=\"Memorias para la historia de la poes\u00eda y poetas espa\u00f1oles [Facsimilar]. C\u00f3mprao na tenda en li\u00f1a de Alvarellos Editora.\" \/>\n<meta property=\"og:url\" content=\"https:\/\/alvarelloseditora.gal\/es\/libro\/memorias-para-la-historia-de-la-poesia-y-poetas-espanoles-obras-postumas\/\" \/>\n<meta property=\"og:site_name\" content=\"Alvarellos Editora\" \/>\n<meta property=\"article:publisher\" content=\"https:\/\/www.facebook.com\/alvarelloseditora\" \/>\n<meta property=\"article:modified_time\" content=\"2022-02-02T17:56:00+00:00\" \/>\n<meta property=\"og:image\" content=\"https:\/\/alvarelloseditora.gal\/wp-content\/uploads\/2019\/12\/Obras-postumas-Sarmiento-Capa-Interior.jpg\" \/>\n\t<meta property=\"og:image:width\" content=\"556\" \/>\n\t<meta property=\"og:image:height\" content=\"761\" \/>\n\t<meta property=\"og:image:type\" content=\"image\/jpeg\" \/>\n<meta name=\"twitter:card\" content=\"summary_large_image\" \/>\n<meta name=\"twitter:site\" content=\"@alvarellos_ed\" \/>\n<!-- \/ Yoast SEO plugin. -->","yoast_head_json":{"title":"Memorias para la historia de la poes\u00eda y poetas espa\u00f1oles [Facsimilar] - Alvarellos Editora","description":"Memorias para la historia de la poes\u00eda y poetas espa\u00f1oles [Facsimilar]. C\u00f3mprao na tenda en li\u00f1a de Alvarellos Editora.","robots":{"index":"index","follow":"follow","max-snippet":"max-snippet:-1","max-image-preview":"max-image-preview:large","max-video-preview":"max-video-preview:-1"},"canonical":"https:\/\/alvarelloseditora.gal\/es\/libro\/memorias-para-la-historia-de-la-poesia-y-poetas-espanoles-obras-postumas\/","og_locale":"es_ES","og_type":"article","og_title":"Memorias para la historia de la poes\u00eda y poetas espa\u00f1oles [Facsimilar] - Alvarellos Editora","og_description":"Memorias para la historia de la poes\u00eda y poetas espa\u00f1oles [Facsimilar]. C\u00f3mprao na tenda en li\u00f1a de Alvarellos Editora.","og_url":"https:\/\/alvarelloseditora.gal\/es\/libro\/memorias-para-la-historia-de-la-poesia-y-poetas-espanoles-obras-postumas\/","og_site_name":"Alvarellos Editora","article_publisher":"https:\/\/www.facebook.com\/alvarelloseditora","article_modified_time":"2022-02-02T17:56:00+00:00","og_image":[{"width":556,"height":761,"url":"https:\/\/alvarelloseditora.gal\/wp-content\/uploads\/2019\/12\/Obras-postumas-Sarmiento-Capa-Interior.jpg","type":"image\/jpeg"}],"twitter_card":"summary_large_image","twitter_site":"@alvarellos_ed","schema":{"@context":"https:\/\/schema.org","@graph":[{"@type":["WebPage","ItemPage"],"@id":"https:\/\/alvarelloseditora.gal\/es\/libro\/memorias-para-la-historia-de-la-poesia-y-poetas-espanoles-obras-postumas\/","url":"https:\/\/alvarelloseditora.gal\/es\/libro\/memorias-para-la-historia-de-la-poesia-y-poetas-espanoles-obras-postumas\/","name":"Memorias para la historia de la poes\u00eda y poetas espa\u00f1oles [Facsimilar] - Alvarellos Editora","isPartOf":{"@id":"https:\/\/alvarelloseditora.gal\/#website"},"primaryImageOfPage":{"@id":"https:\/\/alvarelloseditora.gal\/es\/libro\/memorias-para-la-historia-de-la-poesia-y-poetas-espanoles-obras-postumas\/#primaryimage"},"image":{"@id":"https:\/\/alvarelloseditora.gal\/es\/libro\/memorias-para-la-historia-de-la-poesia-y-poetas-espanoles-obras-postumas\/#primaryimage"},"thumbnailUrl":"https:\/\/alvarelloseditora.gal\/wp-content\/uploads\/2019\/12\/Obras-postumas-Sarmiento-Capa-Interior.jpg","datePublished":"2019-12-27T14:00:59+00:00","dateModified":"2022-02-02T17:56:00+00:00","description":"Memorias para la historia de la poes\u00eda y poetas espa\u00f1oles [Facsimilar]. C\u00f3mprao na tenda en li\u00f1a de Alvarellos Editora.","breadcrumb":{"@id":"https:\/\/alvarelloseditora.gal\/es\/libro\/memorias-para-la-historia-de-la-poesia-y-poetas-espanoles-obras-postumas\/#breadcrumb"},"inLanguage":"es","potentialAction":[{"@type":"ReadAction","target":["https:\/\/alvarelloseditora.gal\/es\/libro\/memorias-para-la-historia-de-la-poesia-y-poetas-espanoles-obras-postumas\/"]}]},{"@type":"ImageObject","inLanguage":"es","@id":"https:\/\/alvarelloseditora.gal\/es\/libro\/memorias-para-la-historia-de-la-poesia-y-poetas-espanoles-obras-postumas\/#primaryimage","url":"https:\/\/alvarelloseditora.gal\/wp-content\/uploads\/2019\/12\/Obras-postumas-Sarmiento-Capa-Interior.jpg","contentUrl":"https:\/\/alvarelloseditora.gal\/wp-content\/uploads\/2019\/12\/Obras-postumas-Sarmiento-Capa-Interior.jpg","width":556,"height":761},{"@type":"BreadcrumbList","@id":"https:\/\/alvarelloseditora.gal\/es\/libro\/memorias-para-la-historia-de-la-poesia-y-poetas-espanoles-obras-postumas\/#breadcrumb","itemListElement":[{"@type":"ListItem","position":1,"name":"Portada","item":"https:\/\/alvarelloseditora.gal\/"},{"@type":"ListItem","position":2,"name":"Tienda","item":"https:\/\/alvarelloseditora.gal\/es\/tienda\/"},{"@type":"ListItem","position":3,"name":"Memorias para la historia de la poes\u00eda y poetas espa\u00f1oles [Facsimilar]"}]},{"@type":"WebSite","@id":"https:\/\/alvarelloseditora.gal\/#website","url":"https:\/\/alvarelloseditora.gal\/","name":"Alvarellos Editora","description":"Libros para un mundo en tr\u00e1nsito","publisher":{"@id":"https:\/\/alvarelloseditora.gal\/#organization"},"potentialAction":[{"@type":"SearchAction","target":{"@type":"EntryPoint","urlTemplate":"https:\/\/alvarelloseditora.gal\/?s={search_term_string}"},"query-input":{"@type":"PropertyValueSpecification","valueRequired":true,"valueName":"search_term_string"}}],"inLanguage":"es"},{"@type":"Organization","@id":"https:\/\/alvarelloseditora.gal\/#organization","name":"Alvarellos Editora","url":"https:\/\/alvarelloseditora.gal\/","logo":{"@type":"ImageObject","inLanguage":"es","@id":"https:\/\/alvarelloseditora.gal\/#\/schema\/logo\/image\/","url":"https:\/\/alvarelloseditora.gal\/wp-content\/uploads\/2020\/02\/alv-icon.png","contentUrl":"https:\/\/alvarelloseditora.gal\/wp-content\/uploads\/2020\/02\/alv-icon.png","width":177,"height":175,"caption":"Alvarellos Editora"},"image":{"@id":"https:\/\/alvarelloseditora.gal\/#\/schema\/logo\/image\/"},"sameAs":["https:\/\/www.facebook.com\/alvarelloseditora","https:\/\/x.com\/alvarellos_ed"]}]}},"_links":{"self":[{"href":"https:\/\/alvarelloseditora.gal\/es\/wp-json\/wp\/v2\/product\/2688","targetHints":{"allow":["GET"]}}],"collection":[{"href":"https:\/\/alvarelloseditora.gal\/es\/wp-json\/wp\/v2\/product"}],"about":[{"href":"https:\/\/alvarelloseditora.gal\/es\/wp-json\/wp\/v2\/types\/product"}],"replies":[{"embeddable":true,"href":"https:\/\/alvarelloseditora.gal\/es\/wp-json\/wp\/v2\/comments?post=2688"}],"wp:featuredmedia":[{"embeddable":true,"href":"https:\/\/alvarelloseditora.gal\/es\/wp-json\/wp\/v2\/media\/7109"}],"wp:attachment":[{"href":"https:\/\/alvarelloseditora.gal\/es\/wp-json\/wp\/v2\/media?parent=2688"}],"wp:term":[{"taxonomy":"product_brand","embeddable":true,"href":"https:\/\/alvarelloseditora.gal\/es\/wp-json\/wp\/v2\/product_brand?post=2688"},{"taxonomy":"product_cat","embeddable":true,"href":"https:\/\/alvarelloseditora.gal\/es\/wp-json\/wp\/v2\/product_cat?post=2688"},{"taxonomy":"product_tag","embeddable":true,"href":"https:\/\/alvarelloseditora.gal\/es\/wp-json\/wp\/v2\/product_tag?post=2688"}],"curies":[{"name":"wp","href":"https:\/\/api.w.org\/{rel}","templated":true}]}}