{"id":2687,"date":"2019-12-27T13:37:44","date_gmt":"2019-12-27T14:00:59","guid":{"rendered":"https:\/\/nueva.alvarellos.info\/product\/obras-del-cura-de-fruime-7-tomos\/"},"modified":"2022-04-04T12:03:09","modified_gmt":"2022-04-04T10:03:09","slug":"obras-del-cura-de-fruime-7-tomos","status":"publish","type":"product","link":"https:\/\/alvarelloseditora.gal\/es\/libro\/obras-del-cura-de-fruime-7-tomos\/","title":{"rendered":"Obras del Cura de Fru\u00edme [7 tomos]"},"content":{"rendered":"","protected":false},"excerpt":{"rendered":"<p>P\u00e1ginas (total de los 7 vol\u00famenes): 2.897<br \/>\nLengua: castellano (principalmente) y gallego<br \/>\nColecci\u00f3n: Facs\u00edmiles Siglo XVIII<br \/>\nA\u00f1o edici\u00f3n pr\u00edncipe: 1778<br \/>\nA\u00f1o edici\u00f3n facs\u00edmil: 1988<br \/>\nMedidas: 15,5 x 21 cms.<br \/>\nISBN obra completa: 84-85311-74-4<\/p>\n<p>&nbsp;<\/p>\n<p>Nos encontramos ante una de esas obras fundacionales de la cultura de Galicia. La edici\u00f3n facs\u00edmil \u2014en siete tomos y encuadernada a todo lujo\u2014 recupera la obra completa de Cernadas y Castro publicada en Madrid en 1778 (un a\u00f1o despu\u00e9s del fallecimiento de este sacerdote ilustrado). La mayor parte de los escritos del Cura de Fru\u00edme est\u00e1n en castellano, pero tambi\u00e9n escribi\u00f3 singulares piezas en gallego. Tal y como subraya su estudioso Xos\u00e9 Manuel Rivas Troiti\u00f1o, Fruime \u201cquiz\u00e1s fuera el escritor de mayor producci\u00f3n en gallego en este siglo. Adem\u00e1s, justific\u00f3 el uso del gallego como idioma literario en unas c\u00e9lebres d\u00e9cimas a la marquesa de Camarasa. Para Benito Vicetto, Neira de Mosquera o Couceiro Freijomil fue el poeta m\u00e1s popular que hubo en Galicia\u201d.<\/p>\n<p>El Cura de Fru\u00edme fue un fecundo escritor, en prosa, verso y teatro. En sus textos sobre temas gallegos muestra un profundo galleguismo y se alza con indignaci\u00f3n contra las injusticias de las que era v\u00edctima Galicia.<\/p>\n<p>Diego Antonio Cernadas y Castro est\u00e1 a\u00fan hoy injustamente olvidado, raz\u00f3n por la que nos complace especialmente incluir en nuestro cat\u00e1logo su obra completa.<\/p>\n","protected":false},"featured_media":7362,"comment_status":"closed","ping_status":"closed","template":"","meta":[],"product_brand":[],"product_cat":[112],"product_tag":[],"class_list":{"0":"post-2687","1":"product","2":"type-product","3":"status-publish","4":"has-post-thumbnail","6":"product_author-diego-antonio-cernadas-y-castro-es","7":"product_cat-facsimiles-es","9":"first","10":"instock","11":"taxable","12":"shipping-taxable","13":"purchasable","14":"product-type-simple"},"yoast_head":"<!-- This site is optimized with the Yoast SEO plugin v27.3 - https:\/\/yoast.com\/product\/yoast-seo-wordpress\/ -->\n<title>Obras del Cura de Fru\u00edme [7 tomos] - Alvarellos Editora<\/title>\n<meta name=\"description\" content=\"Obras del Cura de Fru\u00edme [7 tomos]. C\u00f3mprao na tenda en li\u00f1a de Alvarellos Editora.\" \/>\n<meta name=\"robots\" content=\"index, follow, max-snippet:-1, max-image-preview:large, max-video-preview:-1\" \/>\n<link rel=\"canonical\" href=\"https:\/\/alvarelloseditora.gal\/es\/libro\/obras-del-cura-de-fruime-7-tomos\/\" \/>\n<meta property=\"og:locale\" content=\"es_ES\" \/>\n<meta property=\"og:type\" content=\"article\" \/>\n<meta property=\"og:title\" content=\"Obras del Cura de Fru\u00edme [7 tomos] - Alvarellos Editora\" \/>\n<meta property=\"og:description\" content=\"Obras del Cura de Fru\u00edme [7 tomos]. C\u00f3mprao na tenda en li\u00f1a de Alvarellos Editora.\" \/>\n<meta property=\"og:url\" content=\"https:\/\/alvarelloseditora.gal\/es\/libro\/obras-del-cura-de-fruime-7-tomos\/\" \/>\n<meta property=\"og:site_name\" content=\"Alvarellos Editora\" \/>\n<meta property=\"article:publisher\" content=\"https:\/\/www.facebook.com\/alvarelloseditora\" \/>\n<meta property=\"article:modified_time\" content=\"2022-04-04T10:03:09+00:00\" \/>\n<meta property=\"og:image\" content=\"https:\/\/alvarelloseditora.gal\/wp-content\/uploads\/2019\/12\/Obras-completas-Cura-Fruime-7vol-3.jpg\" \/>\n\t<meta property=\"og:image:width\" content=\"768\" \/>\n\t<meta property=\"og:image:height\" content=\"837\" \/>\n\t<meta property=\"og:image:type\" content=\"image\/jpeg\" \/>\n<meta name=\"twitter:card\" content=\"summary_large_image\" \/>\n<meta name=\"twitter:site\" content=\"@alvarellos_ed\" \/>\n<!-- \/ Yoast SEO plugin. -->","yoast_head_json":{"title":"Obras del Cura de Fru\u00edme [7 tomos] - Alvarellos Editora","description":"Obras del Cura de Fru\u00edme [7 tomos]. C\u00f3mprao na tenda en li\u00f1a de Alvarellos Editora.","robots":{"index":"index","follow":"follow","max-snippet":"max-snippet:-1","max-image-preview":"max-image-preview:large","max-video-preview":"max-video-preview:-1"},"canonical":"https:\/\/alvarelloseditora.gal\/es\/libro\/obras-del-cura-de-fruime-7-tomos\/","og_locale":"es_ES","og_type":"article","og_title":"Obras del Cura de Fru\u00edme [7 tomos] - Alvarellos Editora","og_description":"Obras del Cura de Fru\u00edme [7 tomos]. C\u00f3mprao na tenda en li\u00f1a de Alvarellos Editora.","og_url":"https:\/\/alvarelloseditora.gal\/es\/libro\/obras-del-cura-de-fruime-7-tomos\/","og_site_name":"Alvarellos Editora","article_publisher":"https:\/\/www.facebook.com\/alvarelloseditora","article_modified_time":"2022-04-04T10:03:09+00:00","og_image":[{"width":768,"height":837,"url":"https:\/\/alvarelloseditora.gal\/wp-content\/uploads\/2019\/12\/Obras-completas-Cura-Fruime-7vol-3.jpg","type":"image\/jpeg"}],"twitter_card":"summary_large_image","twitter_site":"@alvarellos_ed","schema":{"@context":"https:\/\/schema.org","@graph":[{"@type":["WebPage","ItemPage"],"@id":"https:\/\/alvarelloseditora.gal\/es\/libro\/obras-del-cura-de-fruime-7-tomos\/","url":"https:\/\/alvarelloseditora.gal\/es\/libro\/obras-del-cura-de-fruime-7-tomos\/","name":"Obras del Cura de Fru\u00edme [7 tomos] - Alvarellos Editora","isPartOf":{"@id":"https:\/\/alvarelloseditora.gal\/#website"},"primaryImageOfPage":{"@id":"https:\/\/alvarelloseditora.gal\/es\/libro\/obras-del-cura-de-fruime-7-tomos\/#primaryimage"},"image":{"@id":"https:\/\/alvarelloseditora.gal\/es\/libro\/obras-del-cura-de-fruime-7-tomos\/#primaryimage"},"thumbnailUrl":"https:\/\/alvarelloseditora.gal\/wp-content\/uploads\/2019\/12\/Obras-completas-Cura-Fruime-7vol-3.jpg","datePublished":"2019-12-27T14:00:59+00:00","dateModified":"2022-04-04T10:03:09+00:00","description":"Obras del Cura de Fru\u00edme [7 tomos]. C\u00f3mprao na tenda en li\u00f1a de Alvarellos Editora.","breadcrumb":{"@id":"https:\/\/alvarelloseditora.gal\/es\/libro\/obras-del-cura-de-fruime-7-tomos\/#breadcrumb"},"inLanguage":"es","potentialAction":[{"@type":"ReadAction","target":["https:\/\/alvarelloseditora.gal\/es\/libro\/obras-del-cura-de-fruime-7-tomos\/"]}]},{"@type":"ImageObject","inLanguage":"es","@id":"https:\/\/alvarelloseditora.gal\/es\/libro\/obras-del-cura-de-fruime-7-tomos\/#primaryimage","url":"https:\/\/alvarelloseditora.gal\/wp-content\/uploads\/2019\/12\/Obras-completas-Cura-Fruime-7vol-3.jpg","contentUrl":"https:\/\/alvarelloseditora.gal\/wp-content\/uploads\/2019\/12\/Obras-completas-Cura-Fruime-7vol-3.jpg","width":768,"height":837},{"@type":"BreadcrumbList","@id":"https:\/\/alvarelloseditora.gal\/es\/libro\/obras-del-cura-de-fruime-7-tomos\/#breadcrumb","itemListElement":[{"@type":"ListItem","position":1,"name":"Portada","item":"https:\/\/alvarelloseditora.gal\/"},{"@type":"ListItem","position":2,"name":"Tienda","item":"https:\/\/alvarelloseditora.gal\/es\/tienda\/"},{"@type":"ListItem","position":3,"name":"Obras del Cura de Fru\u00edme [7 tomos]"}]},{"@type":"WebSite","@id":"https:\/\/alvarelloseditora.gal\/#website","url":"https:\/\/alvarelloseditora.gal\/","name":"Alvarellos Editora","description":"Libros para un mundo en tr\u00e1nsito","publisher":{"@id":"https:\/\/alvarelloseditora.gal\/#organization"},"potentialAction":[{"@type":"SearchAction","target":{"@type":"EntryPoint","urlTemplate":"https:\/\/alvarelloseditora.gal\/?s={search_term_string}"},"query-input":{"@type":"PropertyValueSpecification","valueRequired":true,"valueName":"search_term_string"}}],"inLanguage":"es"},{"@type":"Organization","@id":"https:\/\/alvarelloseditora.gal\/#organization","name":"Alvarellos Editora","url":"https:\/\/alvarelloseditora.gal\/","logo":{"@type":"ImageObject","inLanguage":"es","@id":"https:\/\/alvarelloseditora.gal\/#\/schema\/logo\/image\/","url":"https:\/\/alvarelloseditora.gal\/wp-content\/uploads\/2020\/02\/alv-icon.png","contentUrl":"https:\/\/alvarelloseditora.gal\/wp-content\/uploads\/2020\/02\/alv-icon.png","width":177,"height":175,"caption":"Alvarellos Editora"},"image":{"@id":"https:\/\/alvarelloseditora.gal\/#\/schema\/logo\/image\/"},"sameAs":["https:\/\/www.facebook.com\/alvarelloseditora","https:\/\/x.com\/alvarellos_ed"]}]}},"_links":{"self":[{"href":"https:\/\/alvarelloseditora.gal\/es\/wp-json\/wp\/v2\/product\/2687","targetHints":{"allow":["GET"]}}],"collection":[{"href":"https:\/\/alvarelloseditora.gal\/es\/wp-json\/wp\/v2\/product"}],"about":[{"href":"https:\/\/alvarelloseditora.gal\/es\/wp-json\/wp\/v2\/types\/product"}],"replies":[{"embeddable":true,"href":"https:\/\/alvarelloseditora.gal\/es\/wp-json\/wp\/v2\/comments?post=2687"}],"wp:featuredmedia":[{"embeddable":true,"href":"https:\/\/alvarelloseditora.gal\/es\/wp-json\/wp\/v2\/media\/7362"}],"wp:attachment":[{"href":"https:\/\/alvarelloseditora.gal\/es\/wp-json\/wp\/v2\/media?parent=2687"}],"wp:term":[{"taxonomy":"product_brand","embeddable":true,"href":"https:\/\/alvarelloseditora.gal\/es\/wp-json\/wp\/v2\/product_brand?post=2687"},{"taxonomy":"product_cat","embeddable":true,"href":"https:\/\/alvarelloseditora.gal\/es\/wp-json\/wp\/v2\/product_cat?post=2687"},{"taxonomy":"product_tag","embeddable":true,"href":"https:\/\/alvarelloseditora.gal\/es\/wp-json\/wp\/v2\/product_tag?post=2687"}],"curies":[{"name":"wp","href":"https:\/\/api.w.org\/{rel}","templated":true}]}}