{"id":10745,"date":"2026-05-15T12:30:59","date_gmt":"2026-05-15T10:30:59","guid":{"rendered":"https:\/\/alvarelloseditora.gal\/book\/sonata-de-otono-edicion-facsimilar-1933\/"},"modified":"2026-05-15T12:38:07","modified_gmt":"2026-05-15T10:38:07","slug":"sonata-de-otono-edicion-facsimilar-1933","status":"publish","type":"product","link":"https:\/\/alvarelloseditora.gal\/es\/libro\/sonata-de-otono-edicion-facsimilar-1933\/","title":{"rendered":"Sonata de oto\u00f1o. Edici\u00f3n facsimilar (1933)"},"content":{"rendered":"<p><a href=\"https:\/\/alvarelloseditora.gal\/wp-content\/uploads\/2026\/05\/NP_CAST_Sonata_de_Otono.pdf\">NP_CAST_Sonata_de_Oto\u00f1o<\/a><\/p>\n","protected":false},"excerpt":{"rendered":"<p>Ram\u00f3n Mar\u00eda del Valle-Incl\u00e1n<br \/>\nFormato: 296 pp. 13 x 18 cms.<br \/>\nISBN 978-84-18567-92-6.<br \/>\nImpreso en papel Amigo de los bosques.<br \/>\nCosido con hilo vegetal.<br \/>\nEncuadernado con sobrecubierta.<\/p>\n<p>Invitamos a lectores y lectoras a disfrutar de un gran cl\u00e1sico, cumbre de la prosa modernista espa\u00f1ola. La Sonata de oto\u00f1o es la primera de las cuatro geniales novelas que Valle-Incl\u00e1n (Vilanova de Arousa, 1866 &#8211; Santiago de Compostela, 1936) consagr\u00f3 a su inolvidable marqu\u00e9s, aquel \u00abfeo, cat\u00f3lico y sentimental\u00bb. Son realmente unas memorias er\u00f3ticas de un personaje que, desde hace m\u00e1s de un siglo, ha quedado para siempre en la historia de nuestra literatura.<\/p>\n<p>La Sonata de oto\u00f1o apareci\u00f3 por vez primera en 1902, pero la \u00faltima edici\u00f3n revisada por el autor ser\u00eda la publicada en la primavera de 1933 y auspiciada por la Rep\u00fablica. Y esta es la que hemos rescatado para nuestra especial \u00abBiblioteca facsimilar Valle-Incl\u00e1n\u00bb.<\/p>\n<p>Como en los anteriores vol\u00famenes publicados por nosotros \u2013La l\u00e1mpara maravillosa, Flor de santidad y Jard\u00edn umbr\u00edo\u2013, la reproducci\u00f3n es fiel al original, pues hablamos de una rigurosa edici\u00f3n facsimilar. Nuestro prop\u00f3sito es que las personas lectoras puedan sentir hoy, directamente, la experiencia de tener en sus manos exactamente el \u00abmismo\u00bb ejemplar que en su d\u00eda concibi\u00f3 Valle-Incl\u00e1n. Afirmamos \u00abconcibi\u00f3\u00bb y deber\u00edamos decir incluso edit\u00f3, ya que, como veremos en la introducci\u00f3n de su bi\u00f3grafo, estudioso y nieto, Joaqu\u00edn del Valle-Incl\u00e1n Alsina, Valle fue tambi\u00e9n el editor de sus propias obras.<\/p>\n<p>Gocemos de un relato \u00fanico, junto con un dise\u00f1o y composici\u00f3n de p\u00e1gina verdaderamente espectaculares, y viajemos, con todo este equipaje, a esa Galicia fr\u00eda y lluviosa, habitual refugio creativo del autor. Porque, en un viejo pazo galaico, agoniza una mujer\u2026<\/p>\n","protected":false},"featured_media":10743,"comment_status":"closed","ping_status":"closed","template":"","meta":[],"product_brand":[],"product_cat":[112],"product_tag":[],"class_list":{"0":"post-10745","1":"product","2":"type-product","3":"status-publish","4":"has-post-thumbnail","6":"product_author-ramon-del-valle-inclan-es","7":"product_cat-facsimiles-es","9":"first","10":"instock","11":"taxable","12":"shipping-taxable","13":"purchasable","14":"product-type-simple"},"yoast_head":"<!-- This site is optimized with the Yoast SEO plugin v27.6 - https:\/\/yoast.com\/product\/yoast-seo-wordpress\/ -->\n<title>Sonata de oto\u00f1o. Edici\u00f3n facsimilar (1933) - Alvarellos Editora<\/title>\n<meta name=\"description\" content=\"Sonata de oto\u00f1o. Edici\u00f3n facsimilar (1933). C\u00f3mprao na tenda en li\u00f1a de Alvarellos Editora.\" \/>\n<meta name=\"robots\" content=\"index, follow, max-snippet:-1, max-image-preview:large, max-video-preview:-1\" \/>\n<link rel=\"canonical\" href=\"https:\/\/alvarelloseditora.gal\/es\/libro\/sonata-de-otono-edicion-facsimilar-1933\/\" \/>\n<meta property=\"og:locale\" content=\"es_ES\" \/>\n<meta property=\"og:type\" content=\"article\" \/>\n<meta property=\"og:title\" content=\"Sonata de oto\u00f1o. Edici\u00f3n facsimilar (1933) - Alvarellos Editora\" \/>\n<meta property=\"og:description\" content=\"Sonata de oto\u00f1o. Edici\u00f3n facsimilar (1933). C\u00f3mprao na tenda en li\u00f1a de Alvarellos Editora.\" \/>\n<meta property=\"og:url\" content=\"https:\/\/alvarelloseditora.gal\/es\/libro\/sonata-de-otono-edicion-facsimilar-1933\/\" \/>\n<meta property=\"og:site_name\" content=\"Alvarellos Editora\" \/>\n<meta property=\"article:publisher\" content=\"https:\/\/www.facebook.com\/alvarelloseditora\" \/>\n<meta property=\"article:modified_time\" content=\"2026-05-15T10:38:07+00:00\" \/>\n<meta property=\"og:image\" content=\"https:\/\/alvarelloseditora.gal\/wp-content\/uploads\/2026\/05\/Sonata-de-otono-facsimilar-2026.jpg\" \/>\n\t<meta property=\"og:image:width\" content=\"1533\" \/>\n\t<meta property=\"og:image:height\" content=\"2098\" \/>\n\t<meta property=\"og:image:type\" content=\"image\/jpeg\" \/>\n<meta name=\"twitter:card\" content=\"summary_large_image\" \/>\n<meta name=\"twitter:site\" content=\"@alvarellos_ed\" \/>\n<meta name=\"twitter:label1\" content=\"Tiempo de lectura\" \/>\n\t<meta name=\"twitter:data1\" content=\"1 minuto\" \/>\n<!-- \/ Yoast SEO plugin. -->","yoast_head_json":{"title":"Sonata de oto\u00f1o. Edici\u00f3n facsimilar (1933) - Alvarellos Editora","description":"Sonata de oto\u00f1o. Edici\u00f3n facsimilar (1933). C\u00f3mprao na tenda en li\u00f1a de Alvarellos Editora.","robots":{"index":"index","follow":"follow","max-snippet":"max-snippet:-1","max-image-preview":"max-image-preview:large","max-video-preview":"max-video-preview:-1"},"canonical":"https:\/\/alvarelloseditora.gal\/es\/libro\/sonata-de-otono-edicion-facsimilar-1933\/","og_locale":"es_ES","og_type":"article","og_title":"Sonata de oto\u00f1o. Edici\u00f3n facsimilar (1933) - Alvarellos Editora","og_description":"Sonata de oto\u00f1o. Edici\u00f3n facsimilar (1933). C\u00f3mprao na tenda en li\u00f1a de Alvarellos Editora.","og_url":"https:\/\/alvarelloseditora.gal\/es\/libro\/sonata-de-otono-edicion-facsimilar-1933\/","og_site_name":"Alvarellos Editora","article_publisher":"https:\/\/www.facebook.com\/alvarelloseditora","article_modified_time":"2026-05-15T10:38:07+00:00","og_image":[{"width":1533,"height":2098,"url":"https:\/\/alvarelloseditora.gal\/wp-content\/uploads\/2026\/05\/Sonata-de-otono-facsimilar-2026.jpg","type":"image\/jpeg"}],"twitter_card":"summary_large_image","twitter_site":"@alvarellos_ed","twitter_misc":{"Tiempo de lectura":"1 minuto"},"schema":{"@context":"https:\/\/schema.org","@graph":[{"@type":["WebPage","ItemPage"],"@id":"https:\/\/alvarelloseditora.gal\/es\/libro\/sonata-de-otono-edicion-facsimilar-1933\/","url":"https:\/\/alvarelloseditora.gal\/es\/libro\/sonata-de-otono-edicion-facsimilar-1933\/","name":"Sonata de oto\u00f1o. Edici\u00f3n facsimilar (1933) - Alvarellos Editora","isPartOf":{"@id":"https:\/\/alvarelloseditora.gal\/#website"},"primaryImageOfPage":{"@id":"https:\/\/alvarelloseditora.gal\/es\/libro\/sonata-de-otono-edicion-facsimilar-1933\/#primaryimage"},"image":{"@id":"https:\/\/alvarelloseditora.gal\/es\/libro\/sonata-de-otono-edicion-facsimilar-1933\/#primaryimage"},"thumbnailUrl":"https:\/\/alvarelloseditora.gal\/wp-content\/uploads\/2026\/05\/Sonata-de-otono-facsimilar-2026.jpg","datePublished":"2026-05-15T10:30:59+00:00","dateModified":"2026-05-15T10:38:07+00:00","description":"Sonata de oto\u00f1o. Edici\u00f3n facsimilar (1933). C\u00f3mprao na tenda en li\u00f1a de Alvarellos Editora.","breadcrumb":{"@id":"https:\/\/alvarelloseditora.gal\/es\/libro\/sonata-de-otono-edicion-facsimilar-1933\/#breadcrumb"},"inLanguage":"es","potentialAction":[{"@type":"ReadAction","target":["https:\/\/alvarelloseditora.gal\/es\/libro\/sonata-de-otono-edicion-facsimilar-1933\/"]}]},{"@type":"ImageObject","inLanguage":"es","@id":"https:\/\/alvarelloseditora.gal\/es\/libro\/sonata-de-otono-edicion-facsimilar-1933\/#primaryimage","url":"https:\/\/alvarelloseditora.gal\/wp-content\/uploads\/2026\/05\/Sonata-de-otono-facsimilar-2026.jpg","contentUrl":"https:\/\/alvarelloseditora.gal\/wp-content\/uploads\/2026\/05\/Sonata-de-otono-facsimilar-2026.jpg","width":1533,"height":2098},{"@type":"BreadcrumbList","@id":"https:\/\/alvarelloseditora.gal\/es\/libro\/sonata-de-otono-edicion-facsimilar-1933\/#breadcrumb","itemListElement":[{"@type":"ListItem","position":1,"name":"Portada","item":"https:\/\/alvarelloseditora.gal\/"},{"@type":"ListItem","position":2,"name":"Tienda","item":"https:\/\/alvarelloseditora.gal\/es\/tienda\/"},{"@type":"ListItem","position":3,"name":"Sonata de oto\u00f1o. Edici\u00f3n facsimilar (1933)"}]},{"@type":"WebSite","@id":"https:\/\/alvarelloseditora.gal\/#website","url":"https:\/\/alvarelloseditora.gal\/","name":"Alvarellos Editora","description":"Libros para un mundo en tr\u00e1nsito","publisher":{"@id":"https:\/\/alvarelloseditora.gal\/#organization"},"potentialAction":[{"@type":"SearchAction","target":{"@type":"EntryPoint","urlTemplate":"https:\/\/alvarelloseditora.gal\/?s={search_term_string}"},"query-input":{"@type":"PropertyValueSpecification","valueRequired":true,"valueName":"search_term_string"}}],"inLanguage":"es"},{"@type":"Organization","@id":"https:\/\/alvarelloseditora.gal\/#organization","name":"Alvarellos Editora","url":"https:\/\/alvarelloseditora.gal\/","logo":{"@type":"ImageObject","inLanguage":"es","@id":"https:\/\/alvarelloseditora.gal\/#\/schema\/logo\/image\/","url":"https:\/\/alvarelloseditora.gal\/wp-content\/uploads\/2020\/02\/alv-icon.png","contentUrl":"https:\/\/alvarelloseditora.gal\/wp-content\/uploads\/2020\/02\/alv-icon.png","width":177,"height":175,"caption":"Alvarellos Editora"},"image":{"@id":"https:\/\/alvarelloseditora.gal\/#\/schema\/logo\/image\/"},"sameAs":["https:\/\/www.facebook.com\/alvarelloseditora","https:\/\/x.com\/alvarellos_ed"]}]}},"_links":{"self":[{"href":"https:\/\/alvarelloseditora.gal\/es\/wp-json\/wp\/v2\/product\/10745","targetHints":{"allow":["GET"]}}],"collection":[{"href":"https:\/\/alvarelloseditora.gal\/es\/wp-json\/wp\/v2\/product"}],"about":[{"href":"https:\/\/alvarelloseditora.gal\/es\/wp-json\/wp\/v2\/types\/product"}],"replies":[{"embeddable":true,"href":"https:\/\/alvarelloseditora.gal\/es\/wp-json\/wp\/v2\/comments?post=10745"}],"wp:featuredmedia":[{"embeddable":true,"href":"https:\/\/alvarelloseditora.gal\/es\/wp-json\/wp\/v2\/media\/10743"}],"wp:attachment":[{"href":"https:\/\/alvarelloseditora.gal\/es\/wp-json\/wp\/v2\/media?parent=10745"}],"wp:term":[{"taxonomy":"product_brand","embeddable":true,"href":"https:\/\/alvarelloseditora.gal\/es\/wp-json\/wp\/v2\/product_brand?post=10745"},{"taxonomy":"product_cat","embeddable":true,"href":"https:\/\/alvarelloseditora.gal\/es\/wp-json\/wp\/v2\/product_cat?post=10745"},{"taxonomy":"product_tag","embeddable":true,"href":"https:\/\/alvarelloseditora.gal\/es\/wp-json\/wp\/v2\/product_tag?post=10745"}],"curies":[{"name":"wp","href":"https:\/\/api.w.org\/{rel}","templated":true}]}}