{"id":10665,"date":"2026-04-22T12:36:59","date_gmt":"2026-04-22T10:36:59","guid":{"rendered":"https:\/\/alvarelloseditora.gal\/book\/cunetas\/"},"modified":"2026-04-22T13:10:46","modified_gmt":"2026-04-22T11:10:46","slug":"cunetas","status":"publish","type":"product","link":"https:\/\/alvarelloseditora.gal\/es\/libro\/cunetas\/","title":{"rendered":"Cunetas"},"content":{"rendered":"<p><a href=\"https:\/\/alvarelloseditora.gal\/wp-content\/uploads\/2026\/04\/NP_CAST_Cunetas-1.pdf\">NP_CAST_Cunetas<\/a><\/p>\n","protected":false},"excerpt":{"rendered":"<p>Lu\u00eds Pimentel<br \/>\n62 pp. 14 x 21 cms<br \/>\nISBN 978-84-18567-97-1<br \/>\nPapel FSC. Amigo de los Bosques<\/p>\n[video width=\"464\" height=\"832\" mp4=\"https:\/\/alvarelloseditora.gal\/wp-content\/uploads\/2026\/04\/WhatsApp-Video-2026-04-22-at-12.42.40.mp4\"][\/video]\n<p>La serie de poemas \u00abCunetas\u00bb, escrita en castellano y fechada por Lu\u00eds Pimentel en 1947, denuncia la represi\u00f3n fascista en la guerra civil, por lo que permaneci\u00f3 in\u00e9dita durante toda la dictadura. Solo se publicar\u00eda de manera independiente en Madrid en 1981, en una plaquette de 215 ejemplares.<\/p>\n<p>Ahora, Alvarellos Editora lanza una singular edici\u00f3n que re\u00fane todos estes poemas junto con otros dispersos de Pimentel de la misma tem\u00e1tica de denuncia de la represi\u00f3n franquista. Son once en total m\u00e1s el poema ap\u00f3crifo en galego \u00abCunetas\u00bb. Estamos delante de unos versos de angustia y dolor, del grito desesperado de uno de los m\u00e1s extraordinarios poetas que dio Galicia.<\/p>\n<p>Colaboran en esta edici\u00f3n el fil\u00f3logo Claudio Rodr\u00edguez Fer \u2013que repasa la trayectoria po\u00e9tica de Pimentel y el significado de estes versos\u2013, y Xurxo M\u00e1rtinez G\u00f3nzalez, que firma el ep\u00edlogo.<\/p>\n<p>Rodr\u00edguez Fer define el verso de Pimentel como \u00abexquisito e sensible\u00bb, dentro de una po\u00e9tica \u00abexistencial, \u00edntima, solidaria, pol\u00edtica&#8230;\u00bb. En el Ep\u00edlogo, Xurxo Mart\u00ednez Gonz\u00e1lez afirma: \u00abEu, ao ler os poemas de Cunetas fago meu todo o sangue verquido pola liberdade do noso pobo e pola fraternidade de todos os esquecidos\u00bb.<\/p>\n","protected":false},"featured_media":10642,"comment_status":"closed","ping_status":"closed","template":"","meta":[],"product_brand":[],"product_cat":[106],"product_tag":[],"class_list":{"0":"post-10665","1":"product","2":"type-product","3":"status-publish","4":"has-post-thumbnail","6":"product_author-luis-pimentel","7":"product_cat-libros-do-sarela-es","9":"first","10":"instock","11":"taxable","12":"shipping-taxable","13":"purchasable","14":"product-type-simple"},"yoast_head":"<!-- This site is optimized with the Yoast SEO plugin v27.4 - https:\/\/yoast.com\/product\/yoast-seo-wordpress\/ -->\n<title>Cunetas - Alvarellos Editora<\/title>\n<meta name=\"description\" content=\"Cunetas. C\u00f3mprao na tenda en li\u00f1a de Alvarellos Editora.\" \/>\n<meta name=\"robots\" content=\"index, follow, max-snippet:-1, max-image-preview:large, max-video-preview:-1\" \/>\n<link rel=\"canonical\" href=\"https:\/\/alvarelloseditora.gal\/es\/libro\/cunetas\/\" \/>\n<meta property=\"og:locale\" content=\"es_ES\" \/>\n<meta property=\"og:type\" content=\"article\" \/>\n<meta property=\"og:title\" content=\"Cunetas - Alvarellos Editora\" \/>\n<meta property=\"og:description\" content=\"Cunetas. C\u00f3mprao na tenda en li\u00f1a de Alvarellos Editora.\" \/>\n<meta property=\"og:url\" content=\"https:\/\/alvarelloseditora.gal\/es\/libro\/cunetas\/\" \/>\n<meta property=\"og:site_name\" content=\"Alvarellos Editora\" \/>\n<meta property=\"article:publisher\" content=\"https:\/\/www.facebook.com\/alvarelloseditora\" \/>\n<meta property=\"article:modified_time\" content=\"2026-04-22T11:10:46+00:00\" \/>\n<meta property=\"og:image\" content=\"https:\/\/alvarelloseditora.gal\/wp-content\/uploads\/2026\/04\/Capa-A-Cunetas-scaled.jpg\" \/>\n\t<meta property=\"og:image:width\" content=\"1719\" \/>\n\t<meta property=\"og:image:height\" content=\"2560\" \/>\n\t<meta property=\"og:image:type\" content=\"image\/jpeg\" \/>\n<meta name=\"twitter:card\" content=\"summary_large_image\" \/>\n<meta name=\"twitter:site\" content=\"@alvarellos_ed\" \/>\n<meta name=\"twitter:label1\" content=\"Tiempo de lectura\" \/>\n\t<meta name=\"twitter:data1\" content=\"1 minuto\" \/>\n<!-- \/ Yoast SEO plugin. -->","yoast_head_json":{"title":"Cunetas - Alvarellos Editora","description":"Cunetas. C\u00f3mprao na tenda en li\u00f1a de Alvarellos Editora.","robots":{"index":"index","follow":"follow","max-snippet":"max-snippet:-1","max-image-preview":"max-image-preview:large","max-video-preview":"max-video-preview:-1"},"canonical":"https:\/\/alvarelloseditora.gal\/es\/libro\/cunetas\/","og_locale":"es_ES","og_type":"article","og_title":"Cunetas - Alvarellos Editora","og_description":"Cunetas. C\u00f3mprao na tenda en li\u00f1a de Alvarellos Editora.","og_url":"https:\/\/alvarelloseditora.gal\/es\/libro\/cunetas\/","og_site_name":"Alvarellos Editora","article_publisher":"https:\/\/www.facebook.com\/alvarelloseditora","article_modified_time":"2026-04-22T11:10:46+00:00","og_image":[{"width":1719,"height":2560,"url":"https:\/\/alvarelloseditora.gal\/wp-content\/uploads\/2026\/04\/Capa-A-Cunetas-scaled.jpg","type":"image\/jpeg"}],"twitter_card":"summary_large_image","twitter_site":"@alvarellos_ed","twitter_misc":{"Tiempo de lectura":"1 minuto"},"schema":{"@context":"https:\/\/schema.org","@graph":[{"@type":["WebPage","ItemPage"],"@id":"https:\/\/alvarelloseditora.gal\/es\/libro\/cunetas\/","url":"https:\/\/alvarelloseditora.gal\/es\/libro\/cunetas\/","name":"Cunetas - Alvarellos Editora","isPartOf":{"@id":"https:\/\/alvarelloseditora.gal\/#website"},"primaryImageOfPage":{"@id":"https:\/\/alvarelloseditora.gal\/es\/libro\/cunetas\/#primaryimage"},"image":{"@id":"https:\/\/alvarelloseditora.gal\/es\/libro\/cunetas\/#primaryimage"},"thumbnailUrl":"https:\/\/alvarelloseditora.gal\/wp-content\/uploads\/2026\/04\/Capa-A-Cunetas-scaled.jpg","datePublished":"2026-04-22T10:36:59+00:00","dateModified":"2026-04-22T11:10:46+00:00","description":"Cunetas. C\u00f3mprao na tenda en li\u00f1a de Alvarellos Editora.","breadcrumb":{"@id":"https:\/\/alvarelloseditora.gal\/es\/libro\/cunetas\/#breadcrumb"},"inLanguage":"es","potentialAction":[{"@type":"ReadAction","target":["https:\/\/alvarelloseditora.gal\/es\/libro\/cunetas\/"]}]},{"@type":"ImageObject","inLanguage":"es","@id":"https:\/\/alvarelloseditora.gal\/es\/libro\/cunetas\/#primaryimage","url":"https:\/\/alvarelloseditora.gal\/wp-content\/uploads\/2026\/04\/Capa-A-Cunetas-scaled.jpg","contentUrl":"https:\/\/alvarelloseditora.gal\/wp-content\/uploads\/2026\/04\/Capa-A-Cunetas-scaled.jpg","width":1719,"height":2560},{"@type":"BreadcrumbList","@id":"https:\/\/alvarelloseditora.gal\/es\/libro\/cunetas\/#breadcrumb","itemListElement":[{"@type":"ListItem","position":1,"name":"Portada","item":"https:\/\/alvarelloseditora.gal\/"},{"@type":"ListItem","position":2,"name":"Tienda","item":"https:\/\/alvarelloseditora.gal\/es\/tienda\/"},{"@type":"ListItem","position":3,"name":"Cunetas"}]},{"@type":"WebSite","@id":"https:\/\/alvarelloseditora.gal\/#website","url":"https:\/\/alvarelloseditora.gal\/","name":"Alvarellos Editora","description":"Libros para un mundo en tr\u00e1nsito","publisher":{"@id":"https:\/\/alvarelloseditora.gal\/#organization"},"potentialAction":[{"@type":"SearchAction","target":{"@type":"EntryPoint","urlTemplate":"https:\/\/alvarelloseditora.gal\/?s={search_term_string}"},"query-input":{"@type":"PropertyValueSpecification","valueRequired":true,"valueName":"search_term_string"}}],"inLanguage":"es"},{"@type":"Organization","@id":"https:\/\/alvarelloseditora.gal\/#organization","name":"Alvarellos Editora","url":"https:\/\/alvarelloseditora.gal\/","logo":{"@type":"ImageObject","inLanguage":"es","@id":"https:\/\/alvarelloseditora.gal\/#\/schema\/logo\/image\/","url":"https:\/\/alvarelloseditora.gal\/wp-content\/uploads\/2020\/02\/alv-icon.png","contentUrl":"https:\/\/alvarelloseditora.gal\/wp-content\/uploads\/2020\/02\/alv-icon.png","width":177,"height":175,"caption":"Alvarellos Editora"},"image":{"@id":"https:\/\/alvarelloseditora.gal\/#\/schema\/logo\/image\/"},"sameAs":["https:\/\/www.facebook.com\/alvarelloseditora","https:\/\/x.com\/alvarellos_ed"]}]}},"_links":{"self":[{"href":"https:\/\/alvarelloseditora.gal\/es\/wp-json\/wp\/v2\/product\/10665","targetHints":{"allow":["GET"]}}],"collection":[{"href":"https:\/\/alvarelloseditora.gal\/es\/wp-json\/wp\/v2\/product"}],"about":[{"href":"https:\/\/alvarelloseditora.gal\/es\/wp-json\/wp\/v2\/types\/product"}],"replies":[{"embeddable":true,"href":"https:\/\/alvarelloseditora.gal\/es\/wp-json\/wp\/v2\/comments?post=10665"}],"wp:featuredmedia":[{"embeddable":true,"href":"https:\/\/alvarelloseditora.gal\/es\/wp-json\/wp\/v2\/media\/10642"}],"wp:attachment":[{"href":"https:\/\/alvarelloseditora.gal\/es\/wp-json\/wp\/v2\/media?parent=10665"}],"wp:term":[{"taxonomy":"product_brand","embeddable":true,"href":"https:\/\/alvarelloseditora.gal\/es\/wp-json\/wp\/v2\/product_brand?post=10665"},{"taxonomy":"product_cat","embeddable":true,"href":"https:\/\/alvarelloseditora.gal\/es\/wp-json\/wp\/v2\/product_cat?post=10665"},{"taxonomy":"product_tag","embeddable":true,"href":"https:\/\/alvarelloseditora.gal\/es\/wp-json\/wp\/v2\/product_tag?post=10665"}],"curies":[{"name":"wp","href":"https:\/\/api.w.org\/{rel}","templated":true}]}}