{"id":10615,"date":"2026-04-22T10:21:00","date_gmt":"2026-04-22T08:21:00","guid":{"rendered":"https:\/\/alvarelloseditora.gal\/?post_type=product&#038;p=10615"},"modified":"2026-04-22T13:13:17","modified_gmt":"2026-04-22T11:13:17","slug":"memoria-do-vivido","status":"publish","type":"product","link":"https:\/\/alvarelloseditora.gal\/es\/libro\/memoria-do-vivido\/","title":{"rendered":"Memoria do vivido"},"content":{"rendered":"<p><a href=\"https:\/\/alvarelloseditora.gal\/wp-content\/uploads\/2026\/04\/NP_CAST_Memoria_do_vivido.pdf\">NP_CAST_Memoria_do_vivido<\/a><\/p>\n","protected":false},"excerpt":{"rendered":"<p>Xos\u00e9 Ram\u00f3n Fandi\u00f1o<br \/>\n268 pp. 13 x 23 cms<br \/>\nISBN 978-84-18567-96-4<br \/>\nPapel FSC. Amigo dos Bosques<\/p>\n<p>Memoria do vivido (Alvarellos Editora) re\u00fane 17 textos en los que Xos\u00e9 Ram\u00f3n Fandi\u00f1o deja testimonio de una vida consagrada a nuestra cultura. Se re\u00fanen evocaciones, entrevistas y art\u00edculos dispersos que, en conjunto, constituyen un verdadero foro de reflexi\u00f3n sobre la historia reciente de nuestro Pa\u00eds.<\/p>\n<p>Fandi\u00f1o es fil\u00f3logo, editor, traductor y pol\u00edgrafo comprometido. Por su labor profesional, pudo protagonizar, en el \u00faltimo medio siglo, momentos decisivos de nuestro devenir cultural, como fue la direcci\u00f3n de la Gran Enciclopedia Gallega, sus a\u00f1os fundamentales de trabajo en Sargadelos al lado de Isaac D\u00edaz Pardo, a su intensa dedicaci\u00f3n a la Fundaci\u00f3n Pedr\u00f3n de Ouro&#8230; Y tratar a artistas y creadores como Xulio Maside, Ramiro Fonte, Aurichu Pereira, Carlos Garc\u00eda Mart\u00ednez o Antonio Fraguas.<\/p>\n<p>Un apartado especial merecen las extensas entrevistas, conversaciones profundas, que el autor mantuvo con el artista y empresario Isaac D\u00edaz Pardo, con la poeta Luz Pozo Garza, con el historiador Xos\u00e9 Ram\u00f3n Barreiro o con el arquitecto Andr\u00e9s Fern\u00e1ndez-Albalat. En el juego de preguntas y respuestas parece que los estamos a escuchar de nuevo a todos ellos, que reviven para nosotros.<\/p>\n<p>Estes peque\u00f1os ensayos narrativos reconstr\u00faen un mapa emocional e intelectual de la Galicia contempor\u00e1nea.<\/p>\n<p>La capa reproduce una de las obras m\u00e1s reconocidas de D\u00edaz Pardo: Xentes que ollan (1963).<\/p>\n","protected":false},"featured_media":10616,"comment_status":"closed","ping_status":"closed","template":"","meta":[],"product_brand":[],"product_cat":[105],"product_tag":[],"class_list":{"0":"post-10615","1":"product","2":"type-product","3":"status-publish","4":"has-post-thumbnail","6":"product_cat-oeste-es","8":"first","9":"instock","10":"taxable","11":"shipping-taxable","12":"purchasable","13":"product-type-simple"},"yoast_head":"<!-- This site is optimized with the Yoast SEO plugin v27.4 - https:\/\/yoast.com\/product\/yoast-seo-wordpress\/ -->\n<title>Memoria do vivido - Alvarellos Editora<\/title>\n<meta name=\"description\" content=\"Memoria do vivido. C\u00f3mprao na tenda en li\u00f1a de Alvarellos Editora.\" \/>\n<meta name=\"robots\" content=\"index, follow, max-snippet:-1, max-image-preview:large, max-video-preview:-1\" \/>\n<link rel=\"canonical\" href=\"https:\/\/alvarelloseditora.gal\/es\/libro\/memoria-do-vivido\/\" \/>\n<meta property=\"og:locale\" content=\"es_ES\" \/>\n<meta property=\"og:type\" content=\"article\" \/>\n<meta property=\"og:title\" content=\"Memoria do vivido - Alvarellos Editora\" \/>\n<meta property=\"og:description\" content=\"Memoria do vivido. C\u00f3mprao na tenda en li\u00f1a de Alvarellos Editora.\" \/>\n<meta property=\"og:url\" content=\"https:\/\/alvarelloseditora.gal\/es\/libro\/memoria-do-vivido\/\" \/>\n<meta property=\"og:site_name\" content=\"Alvarellos Editora\" \/>\n<meta property=\"article:publisher\" content=\"https:\/\/www.facebook.com\/alvarelloseditora\" \/>\n<meta property=\"article:modified_time\" content=\"2026-04-22T11:13:17+00:00\" \/>\n<meta property=\"og:image\" content=\"https:\/\/alvarelloseditora.gal\/wp-content\/uploads\/2026\/04\/9788418567964memoriadovivido-scaled.jpg\" \/>\n\t<meta property=\"og:image:width\" content=\"1467\" \/>\n\t<meta property=\"og:image:height\" content=\"2560\" \/>\n\t<meta property=\"og:image:type\" content=\"image\/jpeg\" \/>\n<meta name=\"twitter:card\" content=\"summary_large_image\" \/>\n<meta name=\"twitter:site\" content=\"@alvarellos_ed\" \/>\n<meta name=\"twitter:label1\" content=\"Tiempo de lectura\" \/>\n\t<meta name=\"twitter:data1\" content=\"1 minuto\" \/>\n<!-- \/ Yoast SEO plugin. -->","yoast_head_json":{"title":"Memoria do vivido - Alvarellos Editora","description":"Memoria do vivido. C\u00f3mprao na tenda en li\u00f1a de Alvarellos Editora.","robots":{"index":"index","follow":"follow","max-snippet":"max-snippet:-1","max-image-preview":"max-image-preview:large","max-video-preview":"max-video-preview:-1"},"canonical":"https:\/\/alvarelloseditora.gal\/es\/libro\/memoria-do-vivido\/","og_locale":"es_ES","og_type":"article","og_title":"Memoria do vivido - Alvarellos Editora","og_description":"Memoria do vivido. C\u00f3mprao na tenda en li\u00f1a de Alvarellos Editora.","og_url":"https:\/\/alvarelloseditora.gal\/es\/libro\/memoria-do-vivido\/","og_site_name":"Alvarellos Editora","article_publisher":"https:\/\/www.facebook.com\/alvarelloseditora","article_modified_time":"2026-04-22T11:13:17+00:00","og_image":[{"width":1467,"height":2560,"url":"https:\/\/alvarelloseditora.gal\/wp-content\/uploads\/2026\/04\/9788418567964memoriadovivido-scaled.jpg","type":"image\/jpeg"}],"twitter_card":"summary_large_image","twitter_site":"@alvarellos_ed","twitter_misc":{"Tiempo de lectura":"1 minuto"},"schema":{"@context":"https:\/\/schema.org","@graph":[{"@type":["WebPage","ItemPage"],"@id":"https:\/\/alvarelloseditora.gal\/es\/libro\/memoria-do-vivido\/","url":"https:\/\/alvarelloseditora.gal\/es\/libro\/memoria-do-vivido\/","name":"Memoria do vivido - Alvarellos Editora","isPartOf":{"@id":"https:\/\/alvarelloseditora.gal\/#website"},"primaryImageOfPage":{"@id":"https:\/\/alvarelloseditora.gal\/es\/libro\/memoria-do-vivido\/#primaryimage"},"image":{"@id":"https:\/\/alvarelloseditora.gal\/es\/libro\/memoria-do-vivido\/#primaryimage"},"thumbnailUrl":"https:\/\/alvarelloseditora.gal\/wp-content\/uploads\/2026\/04\/9788418567964memoriadovivido-scaled.jpg","datePublished":"2026-04-22T08:21:00+00:00","dateModified":"2026-04-22T11:13:17+00:00","description":"Memoria do vivido. C\u00f3mprao na tenda en li\u00f1a de Alvarellos Editora.","breadcrumb":{"@id":"https:\/\/alvarelloseditora.gal\/es\/libro\/memoria-do-vivido\/#breadcrumb"},"inLanguage":"es","potentialAction":[{"@type":"ReadAction","target":["https:\/\/alvarelloseditora.gal\/es\/libro\/memoria-do-vivido\/"]}]},{"@type":"ImageObject","inLanguage":"es","@id":"https:\/\/alvarelloseditora.gal\/es\/libro\/memoria-do-vivido\/#primaryimage","url":"https:\/\/alvarelloseditora.gal\/wp-content\/uploads\/2026\/04\/9788418567964memoriadovivido-scaled.jpg","contentUrl":"https:\/\/alvarelloseditora.gal\/wp-content\/uploads\/2026\/04\/9788418567964memoriadovivido-scaled.jpg","width":1467,"height":2560},{"@type":"BreadcrumbList","@id":"https:\/\/alvarelloseditora.gal\/es\/libro\/memoria-do-vivido\/#breadcrumb","itemListElement":[{"@type":"ListItem","position":1,"name":"Portada","item":"https:\/\/alvarelloseditora.gal\/"},{"@type":"ListItem","position":2,"name":"Tienda","item":"https:\/\/alvarelloseditora.gal\/es\/tienda\/"},{"@type":"ListItem","position":3,"name":"Memoria do vivido"}]},{"@type":"WebSite","@id":"https:\/\/alvarelloseditora.gal\/#website","url":"https:\/\/alvarelloseditora.gal\/","name":"Alvarellos Editora","description":"Libros para un mundo en tr\u00e1nsito","publisher":{"@id":"https:\/\/alvarelloseditora.gal\/#organization"},"potentialAction":[{"@type":"SearchAction","target":{"@type":"EntryPoint","urlTemplate":"https:\/\/alvarelloseditora.gal\/?s={search_term_string}"},"query-input":{"@type":"PropertyValueSpecification","valueRequired":true,"valueName":"search_term_string"}}],"inLanguage":"es"},{"@type":"Organization","@id":"https:\/\/alvarelloseditora.gal\/#organization","name":"Alvarellos Editora","url":"https:\/\/alvarelloseditora.gal\/","logo":{"@type":"ImageObject","inLanguage":"es","@id":"https:\/\/alvarelloseditora.gal\/#\/schema\/logo\/image\/","url":"https:\/\/alvarelloseditora.gal\/wp-content\/uploads\/2020\/02\/alv-icon.png","contentUrl":"https:\/\/alvarelloseditora.gal\/wp-content\/uploads\/2020\/02\/alv-icon.png","width":177,"height":175,"caption":"Alvarellos Editora"},"image":{"@id":"https:\/\/alvarelloseditora.gal\/#\/schema\/logo\/image\/"},"sameAs":["https:\/\/www.facebook.com\/alvarelloseditora","https:\/\/x.com\/alvarellos_ed"]}]}},"_links":{"self":[{"href":"https:\/\/alvarelloseditora.gal\/es\/wp-json\/wp\/v2\/product\/10615","targetHints":{"allow":["GET"]}}],"collection":[{"href":"https:\/\/alvarelloseditora.gal\/es\/wp-json\/wp\/v2\/product"}],"about":[{"href":"https:\/\/alvarelloseditora.gal\/es\/wp-json\/wp\/v2\/types\/product"}],"replies":[{"embeddable":true,"href":"https:\/\/alvarelloseditora.gal\/es\/wp-json\/wp\/v2\/comments?post=10615"}],"wp:featuredmedia":[{"embeddable":true,"href":"https:\/\/alvarelloseditora.gal\/es\/wp-json\/wp\/v2\/media\/10616"}],"wp:attachment":[{"href":"https:\/\/alvarelloseditora.gal\/es\/wp-json\/wp\/v2\/media?parent=10615"}],"wp:term":[{"taxonomy":"product_brand","embeddable":true,"href":"https:\/\/alvarelloseditora.gal\/es\/wp-json\/wp\/v2\/product_brand?post=10615"},{"taxonomy":"product_cat","embeddable":true,"href":"https:\/\/alvarelloseditora.gal\/es\/wp-json\/wp\/v2\/product_cat?post=10615"},{"taxonomy":"product_tag","embeddable":true,"href":"https:\/\/alvarelloseditora.gal\/es\/wp-json\/wp\/v2\/product_tag?post=10615"}],"curies":[{"name":"wp","href":"https:\/\/api.w.org\/{rel}","templated":true}]}}