{"id":10550,"date":"2026-03-23T10:06:25","date_gmt":"2026-03-23T09:06:25","guid":{"rendered":"https:\/\/alvarelloseditora.gal\/book\/as-pequenas-virtudes\/"},"modified":"2026-03-23T13:42:03","modified_gmt":"2026-03-23T12:42:03","slug":"as-pequenas-virtudes","status":"publish","type":"product","link":"https:\/\/alvarelloseditora.gal\/es\/libro\/as-pequenas-virtudes\/","title":{"rendered":"As pequenas virtudes"},"content":{"rendered":"<p><a href=\"https:\/\/alvarelloseditora.gal\/wp-content\/uploads\/2026\/03\/NP_GAL_As_pequenas_Virtudes-1.pdf\">NP_GAL_As_pequenas_Virtudes<\/a><\/p>\n<p><a href=\"https:\/\/alvarelloseditora.gal\/wp-content\/uploads\/2026\/03\/NP_ESP_As_pequenas_virtudes-1.pdf\">NP_ESP_As_pequenas_virtudes<\/a><\/p>\n","protected":false},"excerpt":{"rendered":"<p>Natalia Ginzburg<br \/>\n81 pp. 12 x 19 cms<br \/>\nISBN 978-84-18567-94-0<br \/>\nPapel FSC. Amigo de los Bosques.<br \/>\n[video width=\"480\" height=\"864\" mp4=\"https:\/\/alvarelloseditora.gal\/wp-content\/uploads\/2026\/03\/Video_As_Pequenas_Virtudes_Alvarellos-Ed.mp4\"][\/video]<\/p>\n<p>&nbsp;<\/p>\n<p>Traemos a la lengua de Galicia As pequenas virtudes, dos textos de una de las mejores escritoras europeas de la posguerra, Natalia Ginzburg, que consideramos imprescindibles, por originales y honestos, sobre la educaci\u00f3n y las relaciones humanas.<\/p>\n<p>Hemos decidido seleccionar dos relatos \u2013situados a medio camino entre el ensayo y la autobiograf\u00eda\u2013, de los once que integraron originalmente el volumen Le piccole virt\u00f9 (Tur\u00edn, 1962) de Natalia Ginzburg (Palermo, 1916-Roma, 1991): el que da t\u00edtulo a este libro, \u00abAs pequenas virtudes\u00bb, escrito en Londres en la primavera de 1960, y, previamente, el titulado \u00abAs relaci\u00f3ns humanas\u00bb, escrito en Roma en 1953.<\/p>\n<p>Contamos, para nuestro proyecto, con una traductora de excepci\u00f3n, la Premio Nacional de Traducci\u00f3n Mar\u00eda Alonso Seisdedos, quien ya hab\u00eda tra\u00eddo al gallego la inolvidable L\u00e9xico familiar (Laiovento, 2022), el gran \u00e9xito de ventas de Ginzburg, que ver\u00eda la luz precisamente muy poco despu\u00e9s de estas \u00abpeque\u00f1as virtudes\u00bb.<\/p>\n<p>Con estos dos relatos Natalia \u00abhabla\u00bb por segunda vez en galego. Ojal\u00e1 vengan m\u00e1s traducciones. \u00abAs relaci\u00f3ns humanas\u00bb y \u00abAs pequenas virtudes\u00bb tuvieron el poder de cambiar nuestra manera de mirar. Deseamos que, cada uno y cada una de vosotras, lectoras y lectores, sint\u00e1is esa misma emoci\u00f3n transformadora, la de las palabras escritas con honestidad y libertad.<\/p>\n","protected":false},"featured_media":10541,"comment_status":"closed","ping_status":"closed","template":"","meta":[],"product_brand":[],"product_cat":[1872],"product_tag":[],"class_list":{"0":"post-10550","1":"product","2":"type-product","3":"status-publish","4":"has-post-thumbnail","6":"product_author-natalia-ginzburg","7":"product_cat-oeste-12x19-es","9":"first","10":"instock","11":"taxable","12":"shipping-taxable","13":"purchasable","14":"product-type-simple"},"yoast_head":"<!-- This site is optimized with the Yoast SEO plugin v27.3 - https:\/\/yoast.com\/product\/yoast-seo-wordpress\/ -->\n<title>As pequenas virtudes - Alvarellos Editora<\/title>\n<meta name=\"description\" content=\"As pequenas virtudes. C\u00f3mprao na tenda en li\u00f1a de Alvarellos Editora.\" \/>\n<meta name=\"robots\" content=\"index, follow, max-snippet:-1, max-image-preview:large, max-video-preview:-1\" \/>\n<link rel=\"canonical\" href=\"https:\/\/alvarelloseditora.gal\/es\/libro\/as-pequenas-virtudes\/\" \/>\n<meta property=\"og:locale\" content=\"es_ES\" \/>\n<meta property=\"og:type\" content=\"article\" \/>\n<meta property=\"og:title\" content=\"As pequenas virtudes - Alvarellos Editora\" \/>\n<meta property=\"og:description\" content=\"As pequenas virtudes. C\u00f3mprao na tenda en li\u00f1a de Alvarellos Editora.\" \/>\n<meta property=\"og:url\" content=\"https:\/\/alvarelloseditora.gal\/es\/libro\/as-pequenas-virtudes\/\" \/>\n<meta property=\"og:site_name\" content=\"Alvarellos Editora\" \/>\n<meta property=\"article:publisher\" content=\"https:\/\/www.facebook.com\/alvarelloseditora\" \/>\n<meta property=\"article:modified_time\" content=\"2026-03-23T12:42:03+00:00\" \/>\n<meta property=\"og:image\" content=\"https:\/\/alvarelloseditora.gal\/wp-content\/uploads\/2026\/03\/As-pequenas-virtudes.jpg\" \/>\n\t<meta property=\"og:image:width\" content=\"1379\" \/>\n\t<meta property=\"og:image:height\" content=\"2229\" \/>\n\t<meta property=\"og:image:type\" content=\"image\/jpeg\" \/>\n<meta name=\"twitter:card\" content=\"summary_large_image\" \/>\n<meta name=\"twitter:site\" content=\"@alvarellos_ed\" \/>\n<meta name=\"twitter:label1\" content=\"Tiempo de lectura\" \/>\n\t<meta name=\"twitter:data1\" content=\"1 minuto\" \/>\n<!-- \/ Yoast SEO plugin. -->","yoast_head_json":{"title":"As pequenas virtudes - Alvarellos Editora","description":"As pequenas virtudes. C\u00f3mprao na tenda en li\u00f1a de Alvarellos Editora.","robots":{"index":"index","follow":"follow","max-snippet":"max-snippet:-1","max-image-preview":"max-image-preview:large","max-video-preview":"max-video-preview:-1"},"canonical":"https:\/\/alvarelloseditora.gal\/es\/libro\/as-pequenas-virtudes\/","og_locale":"es_ES","og_type":"article","og_title":"As pequenas virtudes - Alvarellos Editora","og_description":"As pequenas virtudes. C\u00f3mprao na tenda en li\u00f1a de Alvarellos Editora.","og_url":"https:\/\/alvarelloseditora.gal\/es\/libro\/as-pequenas-virtudes\/","og_site_name":"Alvarellos Editora","article_publisher":"https:\/\/www.facebook.com\/alvarelloseditora","article_modified_time":"2026-03-23T12:42:03+00:00","og_image":[{"width":1379,"height":2229,"url":"https:\/\/alvarelloseditora.gal\/wp-content\/uploads\/2026\/03\/As-pequenas-virtudes.jpg","type":"image\/jpeg"}],"twitter_card":"summary_large_image","twitter_site":"@alvarellos_ed","twitter_misc":{"Tiempo de lectura":"1 minuto"},"schema":{"@context":"https:\/\/schema.org","@graph":[{"@type":["WebPage","ItemPage"],"@id":"https:\/\/alvarelloseditora.gal\/es\/libro\/as-pequenas-virtudes\/","url":"https:\/\/alvarelloseditora.gal\/es\/libro\/as-pequenas-virtudes\/","name":"As pequenas virtudes - Alvarellos Editora","isPartOf":{"@id":"https:\/\/alvarelloseditora.gal\/#website"},"primaryImageOfPage":{"@id":"https:\/\/alvarelloseditora.gal\/es\/libro\/as-pequenas-virtudes\/#primaryimage"},"image":{"@id":"https:\/\/alvarelloseditora.gal\/es\/libro\/as-pequenas-virtudes\/#primaryimage"},"thumbnailUrl":"https:\/\/alvarelloseditora.gal\/wp-content\/uploads\/2026\/03\/As-pequenas-virtudes.jpg","datePublished":"2026-03-23T09:06:25+00:00","dateModified":"2026-03-23T12:42:03+00:00","description":"As pequenas virtudes. C\u00f3mprao na tenda en li\u00f1a de Alvarellos Editora.","breadcrumb":{"@id":"https:\/\/alvarelloseditora.gal\/es\/libro\/as-pequenas-virtudes\/#breadcrumb"},"inLanguage":"es","potentialAction":[{"@type":"ReadAction","target":["https:\/\/alvarelloseditora.gal\/es\/libro\/as-pequenas-virtudes\/"]}]},{"@type":"ImageObject","inLanguage":"es","@id":"https:\/\/alvarelloseditora.gal\/es\/libro\/as-pequenas-virtudes\/#primaryimage","url":"https:\/\/alvarelloseditora.gal\/wp-content\/uploads\/2026\/03\/As-pequenas-virtudes.jpg","contentUrl":"https:\/\/alvarelloseditora.gal\/wp-content\/uploads\/2026\/03\/As-pequenas-virtudes.jpg","width":1379,"height":2229},{"@type":"BreadcrumbList","@id":"https:\/\/alvarelloseditora.gal\/es\/libro\/as-pequenas-virtudes\/#breadcrumb","itemListElement":[{"@type":"ListItem","position":1,"name":"Portada","item":"https:\/\/alvarelloseditora.gal\/"},{"@type":"ListItem","position":2,"name":"Tienda","item":"https:\/\/alvarelloseditora.gal\/es\/tienda\/"},{"@type":"ListItem","position":3,"name":"As pequenas virtudes"}]},{"@type":"WebSite","@id":"https:\/\/alvarelloseditora.gal\/#website","url":"https:\/\/alvarelloseditora.gal\/","name":"Alvarellos Editora","description":"Libros para un mundo en tr\u00e1nsito","publisher":{"@id":"https:\/\/alvarelloseditora.gal\/#organization"},"potentialAction":[{"@type":"SearchAction","target":{"@type":"EntryPoint","urlTemplate":"https:\/\/alvarelloseditora.gal\/?s={search_term_string}"},"query-input":{"@type":"PropertyValueSpecification","valueRequired":true,"valueName":"search_term_string"}}],"inLanguage":"es"},{"@type":"Organization","@id":"https:\/\/alvarelloseditora.gal\/#organization","name":"Alvarellos Editora","url":"https:\/\/alvarelloseditora.gal\/","logo":{"@type":"ImageObject","inLanguage":"es","@id":"https:\/\/alvarelloseditora.gal\/#\/schema\/logo\/image\/","url":"https:\/\/alvarelloseditora.gal\/wp-content\/uploads\/2020\/02\/alv-icon.png","contentUrl":"https:\/\/alvarelloseditora.gal\/wp-content\/uploads\/2020\/02\/alv-icon.png","width":177,"height":175,"caption":"Alvarellos Editora"},"image":{"@id":"https:\/\/alvarelloseditora.gal\/#\/schema\/logo\/image\/"},"sameAs":["https:\/\/www.facebook.com\/alvarelloseditora","https:\/\/x.com\/alvarellos_ed"]}]}},"_links":{"self":[{"href":"https:\/\/alvarelloseditora.gal\/es\/wp-json\/wp\/v2\/product\/10550","targetHints":{"allow":["GET"]}}],"collection":[{"href":"https:\/\/alvarelloseditora.gal\/es\/wp-json\/wp\/v2\/product"}],"about":[{"href":"https:\/\/alvarelloseditora.gal\/es\/wp-json\/wp\/v2\/types\/product"}],"replies":[{"embeddable":true,"href":"https:\/\/alvarelloseditora.gal\/es\/wp-json\/wp\/v2\/comments?post=10550"}],"wp:featuredmedia":[{"embeddable":true,"href":"https:\/\/alvarelloseditora.gal\/es\/wp-json\/wp\/v2\/media\/10541"}],"wp:attachment":[{"href":"https:\/\/alvarelloseditora.gal\/es\/wp-json\/wp\/v2\/media?parent=10550"}],"wp:term":[{"taxonomy":"product_brand","embeddable":true,"href":"https:\/\/alvarelloseditora.gal\/es\/wp-json\/wp\/v2\/product_brand?post=10550"},{"taxonomy":"product_cat","embeddable":true,"href":"https:\/\/alvarelloseditora.gal\/es\/wp-json\/wp\/v2\/product_cat?post=10550"},{"taxonomy":"product_tag","embeddable":true,"href":"https:\/\/alvarelloseditora.gal\/es\/wp-json\/wp\/v2\/product_tag?post=10550"}],"curies":[{"name":"wp","href":"https:\/\/api.w.org\/{rel}","templated":true}]}}