{"id":10404,"date":"2026-01-23T10:16:50","date_gmt":"2026-01-23T09:16:50","guid":{"rendered":"https:\/\/alvarelloseditora.gal\/book\/poden-pensar-as-maquinas\/"},"modified":"2026-01-23T10:42:37","modified_gmt":"2026-01-23T09:42:37","slug":"poden-pensar-as-maquinas","status":"publish","type":"product","link":"https:\/\/alvarelloseditora.gal\/es\/libro\/poden-pensar-as-maquinas\/","title":{"rendered":"Poden pensar as m\u00e1quinas?"},"content":{"rendered":"<p><a href=\"https:\/\/alvarelloseditora.gal\/wp-content\/uploads\/2026\/01\/NP_ESP_Poden_Pensar_As_Maquinas.pdf\">NP_ESP_Poden_Pensar_As_Maquinas<\/a><\/p>\n","protected":false},"excerpt":{"rendered":"<p>Sen\u00e9n Barro<br \/>\n142 pp. 13 x 23 cms<br \/>\nISBN 978-84-18567-90-2<br \/>\nPAPEL FSC. Amigo de los Bosques<\/p>\n<p>La inteligencia artificial (IA) se dedica a recorrer el camino que va desde las m\u00e1quinas carentes de comprensi\u00f3n hasta aquellas que razonablemente podemos considerar inteligentes. Aunque tiene d\u00e9cadas de historia, con una vida llena de altibajos, si la comparamos con otros campos del conocimiento, es una disciplina cient\u00edfico-tecnol\u00f3gica reciente.<\/p>\n<p>El f\u00edsico Sen\u00e9n Barro es un gran experto en inteligencia artificial. En 2026, Alvarellos Editora publica su ensayo Poden pensar as m\u00e1quinas?, donde, de forma divulgativa y entretenida, nos introduce a este nuevo mundo que se abre ante nosotros.<\/p>\n<p>El impacto que la IA est\u00e1 teniendo en nuestras vidas es de tal calibre que no dejamos de asombrarnos y de hacernos muchas preguntas. Es normal y, adem\u00e1s, es positivo que as\u00ed sea. Al fin y al cabo, aunque las m\u00e1quinas nos den cada d\u00eda m\u00e1s y mejores respuestas, las preguntas, especialmente las m\u00e1s trascendentales, siguen siendo nuestras.<\/p>\n<p>Por eso, este libro comienza con una pregunta: \u201cPoden pensar as m\u00e1quinas?, y contin\u00faa con muchas otras: \u00bfQu\u00e9 es la inteligencia artificial y c\u00f3mo surgi\u00f3? \u00bfSon similares el cerebro y una computadora? \u00bfLograr\u00e1n las m\u00e1quinas la superinteligencia?<br \/>\nEsperamos que encuentres algunas respuestas aqu\u00ed, pero sobre todo que estas p\u00e1ginas te planteen muchas m\u00e1s preguntas&#8230;<\/p>\n","protected":false},"featured_media":10400,"comment_status":"closed","ping_status":"closed","template":"","meta":[],"product_brand":[],"product_cat":[105],"product_tag":[],"class_list":{"0":"post-10404","1":"product","2":"type-product","3":"status-publish","4":"has-post-thumbnail","6":"product_author-senen-barro","7":"product_cat-oeste-es","9":"first","10":"instock","11":"taxable","12":"shipping-taxable","13":"purchasable","14":"product-type-simple"},"yoast_head":"<!-- This site is optimized with the Yoast SEO plugin v27.3 - https:\/\/yoast.com\/product\/yoast-seo-wordpress\/ -->\n<title>Poden pensar as m\u00e1quinas? - Alvarellos Editora<\/title>\n<meta name=\"description\" content=\"Poden pensar as m\u00e1quinas?. C\u00f3mprao na tenda en li\u00f1a de Alvarellos Editora.\" \/>\n<meta name=\"robots\" content=\"index, follow, max-snippet:-1, max-image-preview:large, max-video-preview:-1\" \/>\n<link rel=\"canonical\" href=\"https:\/\/alvarelloseditora.gal\/es\/libro\/poden-pensar-as-maquinas\/\" \/>\n<meta property=\"og:locale\" content=\"es_ES\" \/>\n<meta property=\"og:type\" content=\"article\" \/>\n<meta property=\"og:title\" content=\"Poden pensar as m\u00e1quinas? - Alvarellos Editora\" \/>\n<meta property=\"og:description\" content=\"Poden pensar as m\u00e1quinas?. C\u00f3mprao na tenda en li\u00f1a de Alvarellos Editora.\" \/>\n<meta property=\"og:url\" content=\"https:\/\/alvarelloseditora.gal\/es\/libro\/poden-pensar-as-maquinas\/\" \/>\n<meta property=\"og:site_name\" content=\"Alvarellos Editora\" \/>\n<meta property=\"article:publisher\" content=\"https:\/\/www.facebook.com\/alvarelloseditora\" \/>\n<meta property=\"article:modified_time\" content=\"2026-01-23T09:42:37+00:00\" \/>\n<meta property=\"og:image\" content=\"https:\/\/alvarelloseditora.gal\/wp-content\/uploads\/2026\/01\/Poden-pensar-as-maquinas-Alvarellos-Ed-2026-scaled.jpg\" \/>\n\t<meta property=\"og:image:width\" content=\"1447\" \/>\n\t<meta property=\"og:image:height\" content=\"2560\" \/>\n\t<meta property=\"og:image:type\" content=\"image\/jpeg\" \/>\n<meta name=\"twitter:card\" content=\"summary_large_image\" \/>\n<meta name=\"twitter:site\" content=\"@alvarellos_ed\" \/>\n<meta name=\"twitter:label1\" content=\"Tiempo de lectura\" \/>\n\t<meta name=\"twitter:data1\" content=\"1 minuto\" \/>\n<!-- \/ Yoast SEO plugin. -->","yoast_head_json":{"title":"Poden pensar as m\u00e1quinas? - Alvarellos Editora","description":"Poden pensar as m\u00e1quinas?. C\u00f3mprao na tenda en li\u00f1a de Alvarellos Editora.","robots":{"index":"index","follow":"follow","max-snippet":"max-snippet:-1","max-image-preview":"max-image-preview:large","max-video-preview":"max-video-preview:-1"},"canonical":"https:\/\/alvarelloseditora.gal\/es\/libro\/poden-pensar-as-maquinas\/","og_locale":"es_ES","og_type":"article","og_title":"Poden pensar as m\u00e1quinas? - Alvarellos Editora","og_description":"Poden pensar as m\u00e1quinas?. C\u00f3mprao na tenda en li\u00f1a de Alvarellos Editora.","og_url":"https:\/\/alvarelloseditora.gal\/es\/libro\/poden-pensar-as-maquinas\/","og_site_name":"Alvarellos Editora","article_publisher":"https:\/\/www.facebook.com\/alvarelloseditora","article_modified_time":"2026-01-23T09:42:37+00:00","og_image":[{"width":1447,"height":2560,"url":"https:\/\/alvarelloseditora.gal\/wp-content\/uploads\/2026\/01\/Poden-pensar-as-maquinas-Alvarellos-Ed-2026-scaled.jpg","type":"image\/jpeg"}],"twitter_card":"summary_large_image","twitter_site":"@alvarellos_ed","twitter_misc":{"Tiempo de lectura":"1 minuto"},"schema":{"@context":"https:\/\/schema.org","@graph":[{"@type":["WebPage","ItemPage"],"@id":"https:\/\/alvarelloseditora.gal\/es\/libro\/poden-pensar-as-maquinas\/","url":"https:\/\/alvarelloseditora.gal\/es\/libro\/poden-pensar-as-maquinas\/","name":"Poden pensar as m\u00e1quinas? - Alvarellos Editora","isPartOf":{"@id":"https:\/\/alvarelloseditora.gal\/#website"},"primaryImageOfPage":{"@id":"https:\/\/alvarelloseditora.gal\/es\/libro\/poden-pensar-as-maquinas\/#primaryimage"},"image":{"@id":"https:\/\/alvarelloseditora.gal\/es\/libro\/poden-pensar-as-maquinas\/#primaryimage"},"thumbnailUrl":"https:\/\/alvarelloseditora.gal\/wp-content\/uploads\/2026\/01\/Poden-pensar-as-maquinas-Alvarellos-Ed-2026-scaled.jpg","datePublished":"2026-01-23T09:16:50+00:00","dateModified":"2026-01-23T09:42:37+00:00","description":"Poden pensar as m\u00e1quinas?. C\u00f3mprao na tenda en li\u00f1a de Alvarellos Editora.","breadcrumb":{"@id":"https:\/\/alvarelloseditora.gal\/es\/libro\/poden-pensar-as-maquinas\/#breadcrumb"},"inLanguage":"es","potentialAction":[{"@type":"ReadAction","target":["https:\/\/alvarelloseditora.gal\/es\/libro\/poden-pensar-as-maquinas\/"]}]},{"@type":"ImageObject","inLanguage":"es","@id":"https:\/\/alvarelloseditora.gal\/es\/libro\/poden-pensar-as-maquinas\/#primaryimage","url":"https:\/\/alvarelloseditora.gal\/wp-content\/uploads\/2026\/01\/Poden-pensar-as-maquinas-Alvarellos-Ed-2026-scaled.jpg","contentUrl":"https:\/\/alvarelloseditora.gal\/wp-content\/uploads\/2026\/01\/Poden-pensar-as-maquinas-Alvarellos-Ed-2026-scaled.jpg","width":1447,"height":2560},{"@type":"BreadcrumbList","@id":"https:\/\/alvarelloseditora.gal\/es\/libro\/poden-pensar-as-maquinas\/#breadcrumb","itemListElement":[{"@type":"ListItem","position":1,"name":"Portada","item":"https:\/\/alvarelloseditora.gal\/"},{"@type":"ListItem","position":2,"name":"Tienda","item":"https:\/\/alvarelloseditora.gal\/es\/tienda\/"},{"@type":"ListItem","position":3,"name":"Poden pensar as m\u00e1quinas?"}]},{"@type":"WebSite","@id":"https:\/\/alvarelloseditora.gal\/#website","url":"https:\/\/alvarelloseditora.gal\/","name":"Alvarellos Editora","description":"Libros para un mundo en tr\u00e1nsito","publisher":{"@id":"https:\/\/alvarelloseditora.gal\/#organization"},"potentialAction":[{"@type":"SearchAction","target":{"@type":"EntryPoint","urlTemplate":"https:\/\/alvarelloseditora.gal\/?s={search_term_string}"},"query-input":{"@type":"PropertyValueSpecification","valueRequired":true,"valueName":"search_term_string"}}],"inLanguage":"es"},{"@type":"Organization","@id":"https:\/\/alvarelloseditora.gal\/#organization","name":"Alvarellos Editora","url":"https:\/\/alvarelloseditora.gal\/","logo":{"@type":"ImageObject","inLanguage":"es","@id":"https:\/\/alvarelloseditora.gal\/#\/schema\/logo\/image\/","url":"https:\/\/alvarelloseditora.gal\/wp-content\/uploads\/2020\/02\/alv-icon.png","contentUrl":"https:\/\/alvarelloseditora.gal\/wp-content\/uploads\/2020\/02\/alv-icon.png","width":177,"height":175,"caption":"Alvarellos Editora"},"image":{"@id":"https:\/\/alvarelloseditora.gal\/#\/schema\/logo\/image\/"},"sameAs":["https:\/\/www.facebook.com\/alvarelloseditora","https:\/\/x.com\/alvarellos_ed"]}]}},"_links":{"self":[{"href":"https:\/\/alvarelloseditora.gal\/es\/wp-json\/wp\/v2\/product\/10404","targetHints":{"allow":["GET"]}}],"collection":[{"href":"https:\/\/alvarelloseditora.gal\/es\/wp-json\/wp\/v2\/product"}],"about":[{"href":"https:\/\/alvarelloseditora.gal\/es\/wp-json\/wp\/v2\/types\/product"}],"replies":[{"embeddable":true,"href":"https:\/\/alvarelloseditora.gal\/es\/wp-json\/wp\/v2\/comments?post=10404"}],"wp:featuredmedia":[{"embeddable":true,"href":"https:\/\/alvarelloseditora.gal\/es\/wp-json\/wp\/v2\/media\/10400"}],"wp:attachment":[{"href":"https:\/\/alvarelloseditora.gal\/es\/wp-json\/wp\/v2\/media?parent=10404"}],"wp:term":[{"taxonomy":"product_brand","embeddable":true,"href":"https:\/\/alvarelloseditora.gal\/es\/wp-json\/wp\/v2\/product_brand?post=10404"},{"taxonomy":"product_cat","embeddable":true,"href":"https:\/\/alvarelloseditora.gal\/es\/wp-json\/wp\/v2\/product_cat?post=10404"},{"taxonomy":"product_tag","embeddable":true,"href":"https:\/\/alvarelloseditora.gal\/es\/wp-json\/wp\/v2\/product_tag?post=10404"}],"curies":[{"name":"wp","href":"https:\/\/api.w.org\/{rel}","templated":true}]}}