{"id":10384,"date":"2026-01-22T12:28:34","date_gmt":"2026-01-22T11:28:34","guid":{"rendered":"https:\/\/alvarelloseditora.gal\/book\/arbore-arriba-memoria-das-orixes\/"},"modified":"2026-01-22T18:26:08","modified_gmt":"2026-01-22T17:26:08","slug":"arbore-arriba-memoria-das-orixes","status":"publish","type":"product","link":"https:\/\/alvarelloseditora.gal\/es\/libro\/arbore-arriba-memoria-das-orixes\/","title":{"rendered":"\u00c1rbore arriba. Memoria das orixes"},"content":{"rendered":"<p><a href=\"https:\/\/alvarelloseditora.gal\/wp-content\/uploads\/2026\/01\/NP_ESP_Arbore_Arriba.pdf\">NP_ESP_Arbore_Arriba<\/a><\/p>\n","protected":false},"excerpt":{"rendered":"<p>X. M. \u00c1lvarez C\u00e1ccamo<br \/>\n144 pp. 13 x 23 cms<br \/>\nISBN 978-84-18567-89-6.<br \/>\nPAPEL FSC. Amigo de los bosques<\/p>\n<p>\u00c1rbore Arriba. Memoria das orixes es el t\u00edtulo de la nueva obra del poeta, narrador y ensayista Pepe C\u00e1ccamo.<\/p>\n<p>Esta obra completa y quiz\u00e1s culmina un proyecto muy personal de Xos\u00e9 Mar\u00eda \u00c1lvarez C\u00e1ccamo: la narraci\u00f3n de su memoria familiar, uno de los ejes de su creaci\u00f3n literaria.<\/p>\n<p>\u00abGabeo \u00e1rbore arriba na procura das mi\u00f1as ra\u00edces familiares \u2013afirma el poeta\u2013. Os alicerces de calquera xenealox\u00eda humana disp\u00f3\u00f1ense na altura, non asentan na terra. Son ra\u00edces a\u00e9reas\u00bb.<\/p>\n<p>El autor asciende por el tronco principal de su estirpe hasta las ramas de sus ocho bisabuelos y bisabuelas y, de generaci\u00f3n en generaci\u00f3n, teje la historia de las singulares aventuras vitales de los antepasados \u200b\u200bde apellidos C\u00e1ccamo, Ambrosino, Frieben, Zimmmermann, Bl\u00e1zquez, Ballester, \u00c1lvarez y Limeses, junto con las fotograf\u00edas que los identifican.<\/p>\n<p>&nbsp;<\/p>\n<p>&nbsp;<\/p>\n","protected":false},"featured_media":10383,"comment_status":"closed","ping_status":"closed","template":"","meta":[],"product_brand":[],"product_cat":[105],"product_tag":[],"class_list":{"0":"post-10384","1":"product","2":"type-product","3":"status-publish","4":"has-post-thumbnail","6":"product_author-xose-maria-alvarez-caccamo","7":"product_cat-oeste-es","9":"first","10":"instock","11":"taxable","12":"shipping-taxable","13":"purchasable","14":"product-type-simple"},"yoast_head":"<!-- This site is optimized with the Yoast SEO plugin v27.3 - https:\/\/yoast.com\/product\/yoast-seo-wordpress\/ -->\n<title>\u00c1rbore arriba. Memoria das orixes - Alvarellos Editora<\/title>\n<meta name=\"description\" content=\"\u00c1rbore arriba. Memoria das orixes. C\u00f3mprao na tenda en li\u00f1a de Alvarellos Editora.\" \/>\n<meta name=\"robots\" content=\"index, follow, max-snippet:-1, max-image-preview:large, max-video-preview:-1\" \/>\n<link rel=\"canonical\" href=\"https:\/\/alvarelloseditora.gal\/es\/libro\/arbore-arriba-memoria-das-orixes\/\" \/>\n<meta property=\"og:locale\" content=\"es_ES\" \/>\n<meta property=\"og:type\" content=\"article\" \/>\n<meta property=\"og:title\" content=\"\u00c1rbore arriba. Memoria das orixes - Alvarellos Editora\" \/>\n<meta property=\"og:description\" content=\"\u00c1rbore arriba. Memoria das orixes. C\u00f3mprao na tenda en li\u00f1a de Alvarellos Editora.\" \/>\n<meta property=\"og:url\" content=\"https:\/\/alvarelloseditora.gal\/es\/libro\/arbore-arriba-memoria-das-orixes\/\" \/>\n<meta property=\"og:site_name\" content=\"Alvarellos Editora\" \/>\n<meta property=\"article:publisher\" content=\"https:\/\/www.facebook.com\/alvarelloseditora\" \/>\n<meta property=\"article:modified_time\" content=\"2026-01-22T17:26:08+00:00\" \/>\n<meta property=\"og:image\" content=\"https:\/\/alvarelloseditora.gal\/wp-content\/uploads\/2026\/01\/Arbore-arriba-alvarellos-ed-2026.jpg\" \/>\n\t<meta property=\"og:image:width\" content=\"1181\" \/>\n\t<meta property=\"og:image:height\" content=\"2105\" \/>\n\t<meta property=\"og:image:type\" content=\"image\/jpeg\" \/>\n<meta name=\"twitter:card\" content=\"summary_large_image\" \/>\n<meta name=\"twitter:site\" content=\"@alvarellos_ed\" \/>\n<meta name=\"twitter:label1\" content=\"Tiempo de lectura\" \/>\n\t<meta name=\"twitter:data1\" content=\"1 minuto\" \/>\n<!-- \/ Yoast SEO plugin. -->","yoast_head_json":{"title":"\u00c1rbore arriba. Memoria das orixes - Alvarellos Editora","description":"\u00c1rbore arriba. Memoria das orixes. C\u00f3mprao na tenda en li\u00f1a de Alvarellos Editora.","robots":{"index":"index","follow":"follow","max-snippet":"max-snippet:-1","max-image-preview":"max-image-preview:large","max-video-preview":"max-video-preview:-1"},"canonical":"https:\/\/alvarelloseditora.gal\/es\/libro\/arbore-arriba-memoria-das-orixes\/","og_locale":"es_ES","og_type":"article","og_title":"\u00c1rbore arriba. Memoria das orixes - Alvarellos Editora","og_description":"\u00c1rbore arriba. Memoria das orixes. C\u00f3mprao na tenda en li\u00f1a de Alvarellos Editora.","og_url":"https:\/\/alvarelloseditora.gal\/es\/libro\/arbore-arriba-memoria-das-orixes\/","og_site_name":"Alvarellos Editora","article_publisher":"https:\/\/www.facebook.com\/alvarelloseditora","article_modified_time":"2026-01-22T17:26:08+00:00","og_image":[{"width":1181,"height":2105,"url":"https:\/\/alvarelloseditora.gal\/wp-content\/uploads\/2026\/01\/Arbore-arriba-alvarellos-ed-2026.jpg","type":"image\/jpeg"}],"twitter_card":"summary_large_image","twitter_site":"@alvarellos_ed","twitter_misc":{"Tiempo de lectura":"1 minuto"},"schema":{"@context":"https:\/\/schema.org","@graph":[{"@type":["WebPage","ItemPage"],"@id":"https:\/\/alvarelloseditora.gal\/es\/libro\/arbore-arriba-memoria-das-orixes\/","url":"https:\/\/alvarelloseditora.gal\/es\/libro\/arbore-arriba-memoria-das-orixes\/","name":"\u00c1rbore arriba. Memoria das orixes - Alvarellos Editora","isPartOf":{"@id":"https:\/\/alvarelloseditora.gal\/#website"},"primaryImageOfPage":{"@id":"https:\/\/alvarelloseditora.gal\/es\/libro\/arbore-arriba-memoria-das-orixes\/#primaryimage"},"image":{"@id":"https:\/\/alvarelloseditora.gal\/es\/libro\/arbore-arriba-memoria-das-orixes\/#primaryimage"},"thumbnailUrl":"https:\/\/alvarelloseditora.gal\/wp-content\/uploads\/2026\/01\/Arbore-arriba-alvarellos-ed-2026.jpg","datePublished":"2026-01-22T11:28:34+00:00","dateModified":"2026-01-22T17:26:08+00:00","description":"\u00c1rbore arriba. Memoria das orixes. C\u00f3mprao na tenda en li\u00f1a de Alvarellos Editora.","breadcrumb":{"@id":"https:\/\/alvarelloseditora.gal\/es\/libro\/arbore-arriba-memoria-das-orixes\/#breadcrumb"},"inLanguage":"es","potentialAction":[{"@type":"ReadAction","target":["https:\/\/alvarelloseditora.gal\/es\/libro\/arbore-arriba-memoria-das-orixes\/"]}]},{"@type":"ImageObject","inLanguage":"es","@id":"https:\/\/alvarelloseditora.gal\/es\/libro\/arbore-arriba-memoria-das-orixes\/#primaryimage","url":"https:\/\/alvarelloseditora.gal\/wp-content\/uploads\/2026\/01\/Arbore-arriba-alvarellos-ed-2026.jpg","contentUrl":"https:\/\/alvarelloseditora.gal\/wp-content\/uploads\/2026\/01\/Arbore-arriba-alvarellos-ed-2026.jpg","width":1181,"height":2105},{"@type":"BreadcrumbList","@id":"https:\/\/alvarelloseditora.gal\/es\/libro\/arbore-arriba-memoria-das-orixes\/#breadcrumb","itemListElement":[{"@type":"ListItem","position":1,"name":"Portada","item":"https:\/\/alvarelloseditora.gal\/"},{"@type":"ListItem","position":2,"name":"Tienda","item":"https:\/\/alvarelloseditora.gal\/es\/tienda\/"},{"@type":"ListItem","position":3,"name":"\u00c1rbore arriba. Memoria das orixes"}]},{"@type":"WebSite","@id":"https:\/\/alvarelloseditora.gal\/#website","url":"https:\/\/alvarelloseditora.gal\/","name":"Alvarellos Editora","description":"Libros para un mundo en tr\u00e1nsito","publisher":{"@id":"https:\/\/alvarelloseditora.gal\/#organization"},"potentialAction":[{"@type":"SearchAction","target":{"@type":"EntryPoint","urlTemplate":"https:\/\/alvarelloseditora.gal\/?s={search_term_string}"},"query-input":{"@type":"PropertyValueSpecification","valueRequired":true,"valueName":"search_term_string"}}],"inLanguage":"es"},{"@type":"Organization","@id":"https:\/\/alvarelloseditora.gal\/#organization","name":"Alvarellos Editora","url":"https:\/\/alvarelloseditora.gal\/","logo":{"@type":"ImageObject","inLanguage":"es","@id":"https:\/\/alvarelloseditora.gal\/#\/schema\/logo\/image\/","url":"https:\/\/alvarelloseditora.gal\/wp-content\/uploads\/2020\/02\/alv-icon.png","contentUrl":"https:\/\/alvarelloseditora.gal\/wp-content\/uploads\/2020\/02\/alv-icon.png","width":177,"height":175,"caption":"Alvarellos Editora"},"image":{"@id":"https:\/\/alvarelloseditora.gal\/#\/schema\/logo\/image\/"},"sameAs":["https:\/\/www.facebook.com\/alvarelloseditora","https:\/\/x.com\/alvarellos_ed"]}]}},"_links":{"self":[{"href":"https:\/\/alvarelloseditora.gal\/es\/wp-json\/wp\/v2\/product\/10384","targetHints":{"allow":["GET"]}}],"collection":[{"href":"https:\/\/alvarelloseditora.gal\/es\/wp-json\/wp\/v2\/product"}],"about":[{"href":"https:\/\/alvarelloseditora.gal\/es\/wp-json\/wp\/v2\/types\/product"}],"replies":[{"embeddable":true,"href":"https:\/\/alvarelloseditora.gal\/es\/wp-json\/wp\/v2\/comments?post=10384"}],"wp:featuredmedia":[{"embeddable":true,"href":"https:\/\/alvarelloseditora.gal\/es\/wp-json\/wp\/v2\/media\/10383"}],"wp:attachment":[{"href":"https:\/\/alvarelloseditora.gal\/es\/wp-json\/wp\/v2\/media?parent=10384"}],"wp:term":[{"taxonomy":"product_brand","embeddable":true,"href":"https:\/\/alvarelloseditora.gal\/es\/wp-json\/wp\/v2\/product_brand?post=10384"},{"taxonomy":"product_cat","embeddable":true,"href":"https:\/\/alvarelloseditora.gal\/es\/wp-json\/wp\/v2\/product_cat?post=10384"},{"taxonomy":"product_tag","embeddable":true,"href":"https:\/\/alvarelloseditora.gal\/es\/wp-json\/wp\/v2\/product_tag?post=10384"}],"curies":[{"name":"wp","href":"https:\/\/api.w.org\/{rel}","templated":true}]}}