{"id":10319,"date":"2025-12-12T11:10:09","date_gmt":"2025-12-12T10:10:09","guid":{"rendered":"https:\/\/alvarelloseditora.gal\/book\/bestiario-das-alturas-a-incrible-historia-dos-escalatorres\/"},"modified":"2025-12-12T11:23:19","modified_gmt":"2025-12-12T10:23:19","slug":"bestiario-das-alturas-a-incrible-historia-dos-escalatorres","status":"publish","type":"product","link":"https:\/\/alvarelloseditora.gal\/es\/libro\/bestiario-das-alturas-a-incrible-historia-dos-escalatorres\/","title":{"rendered":"Bestiario das alturas. A incrible historia dos escalatorres"},"content":{"rendered":"","protected":false},"excerpt":{"rendered":"<p>Inacio e Iv\u00e1n Su\u00e1rez<br \/>\n64 pp. 23 x 31 cms.<br \/>\nISBN 978-84-18567-88-9.<br \/>\nPAPEL FSC Amigo de los Bosques<\/p>\n<p>NP_ESP_Bestiario_das_alturas_2025<\/p>\n<p>Hoy parecen seres ficticios, pero realmente existieron. Se les conoce como Escalatorres. Personajes m\u00edticos que, antes de la guerra civil, ascend\u00edan sin protecci\u00f3n a lo alto de los edificios m\u00e1s emblem\u00e1ticos de Galicia y el noroeste peninsular. Bestiario das alturas (Alvarellos Editora-Consorcio de Santiago) es el t\u00edtulo de una novela gr\u00e1fica escrita por Inacio e ilustrada por Iv\u00e1n Su\u00e1rez, que concebida para todos los p\u00fablicos, recupera las extraordinarias existencias de estos artistas circenses.<\/p>\n<p>Como el granadino Puertollano, que coron\u00f3 la compostelana Torre Berenguela en 1909; el Barquerito Manuel Escudero, que vestido de torero trepaba la torre de la Peregrina de Pontevedra, o los portugueses Antonio Sousa y su mujer, apodados Os Morcegos, porque escalaron la concatedral de Vigo con los ojos vendados&#8230; Este volumen recoge quince biograf\u00edas realmente incre\u00edbles.<\/p>\n<p>A partir de estos hechos reales, la ficci\u00f3n se ambienta en 1965. Gracias al entonces alcalde de Pontevedra, Xos\u00e9 Filgueira Valverde, el escritor \u00c1lvaro Cunqueiro conoce al escalatorres Barquerito. Durante un paseo por la ciudad del L\u00e9rez ir\u00e1n surgiendo, en la conversaci\u00f3n, los m\u00e1s famosos trepadores de nuestra historia.<\/p>\n<p>Esta novela gr\u00e1fica pretende ser tambi\u00e9n una reflexi\u00f3n sobre el miedo y como enfrontarse a \u00e9l. Os chinos din que o medo sempre est\u00e1 de costas, que se estivese de fronte non haber\u00eda ningu\u00e9n vivo, todos teriamos morrido xa de medo, afirmaba \u00c1lvaro Cunqueiro.<\/p>\n","protected":false},"featured_media":10315,"comment_status":"closed","ping_status":"closed","template":"","meta":[],"product_brand":[],"product_cat":[104],"product_tag":[],"class_list":{"0":"post-10319","1":"product","2":"type-product","3":"status-publish","4":"has-post-thumbnail","6":"product_author-inacio-e-ivan-suarez","7":"product_cat-ilustrada-es","9":"first","10":"instock","11":"taxable","12":"shipping-taxable","13":"purchasable","14":"product-type-simple"},"yoast_head":"<!-- This site is optimized with the Yoast SEO plugin v27.3 - https:\/\/yoast.com\/product\/yoast-seo-wordpress\/ -->\n<title>Bestiario das alturas. A incrible historia dos escalatorres - Alvarellos Editora<\/title>\n<meta name=\"description\" content=\"Bestiario das alturas. A incrible historia dos escalatorres. C\u00f3mprao na tenda en li\u00f1a de Alvarellos Editora.\" \/>\n<meta name=\"robots\" content=\"index, follow, max-snippet:-1, max-image-preview:large, max-video-preview:-1\" \/>\n<link rel=\"canonical\" href=\"https:\/\/alvarelloseditora.gal\/es\/libro\/bestiario-das-alturas-a-incrible-historia-dos-escalatorres\/\" \/>\n<meta property=\"og:locale\" content=\"es_ES\" \/>\n<meta property=\"og:type\" content=\"article\" \/>\n<meta property=\"og:title\" content=\"Bestiario das alturas. A incrible historia dos escalatorres - Alvarellos Editora\" \/>\n<meta property=\"og:description\" content=\"Bestiario das alturas. A incrible historia dos escalatorres. C\u00f3mprao na tenda en li\u00f1a de Alvarellos Editora.\" \/>\n<meta property=\"og:url\" content=\"https:\/\/alvarelloseditora.gal\/es\/libro\/bestiario-das-alturas-a-incrible-historia-dos-escalatorres\/\" \/>\n<meta property=\"og:site_name\" content=\"Alvarellos Editora\" \/>\n<meta property=\"article:publisher\" content=\"https:\/\/www.facebook.com\/alvarelloseditora\" \/>\n<meta property=\"article:modified_time\" content=\"2025-12-12T10:23:19+00:00\" \/>\n<meta property=\"og:image\" content=\"https:\/\/alvarelloseditora.gal\/wp-content\/uploads\/2025\/12\/Bestiario-das-alturas-scaled.jpg\" \/>\n\t<meta property=\"og:image:width\" content=\"1983\" \/>\n\t<meta property=\"og:image:height\" content=\"2560\" \/>\n\t<meta property=\"og:image:type\" content=\"image\/jpeg\" \/>\n<meta name=\"twitter:card\" content=\"summary_large_image\" \/>\n<meta name=\"twitter:site\" content=\"@alvarellos_ed\" \/>\n<meta name=\"twitter:label1\" content=\"Tiempo de lectura\" \/>\n\t<meta name=\"twitter:data1\" content=\"1 minuto\" \/>\n<!-- \/ Yoast SEO plugin. -->","yoast_head_json":{"title":"Bestiario das alturas. A incrible historia dos escalatorres - Alvarellos Editora","description":"Bestiario das alturas. A incrible historia dos escalatorres. C\u00f3mprao na tenda en li\u00f1a de Alvarellos Editora.","robots":{"index":"index","follow":"follow","max-snippet":"max-snippet:-1","max-image-preview":"max-image-preview:large","max-video-preview":"max-video-preview:-1"},"canonical":"https:\/\/alvarelloseditora.gal\/es\/libro\/bestiario-das-alturas-a-incrible-historia-dos-escalatorres\/","og_locale":"es_ES","og_type":"article","og_title":"Bestiario das alturas. A incrible historia dos escalatorres - Alvarellos Editora","og_description":"Bestiario das alturas. A incrible historia dos escalatorres. C\u00f3mprao na tenda en li\u00f1a de Alvarellos Editora.","og_url":"https:\/\/alvarelloseditora.gal\/es\/libro\/bestiario-das-alturas-a-incrible-historia-dos-escalatorres\/","og_site_name":"Alvarellos Editora","article_publisher":"https:\/\/www.facebook.com\/alvarelloseditora","article_modified_time":"2025-12-12T10:23:19+00:00","og_image":[{"width":1983,"height":2560,"url":"https:\/\/alvarelloseditora.gal\/wp-content\/uploads\/2025\/12\/Bestiario-das-alturas-scaled.jpg","type":"image\/jpeg"}],"twitter_card":"summary_large_image","twitter_site":"@alvarellos_ed","twitter_misc":{"Tiempo de lectura":"1 minuto"},"schema":{"@context":"https:\/\/schema.org","@graph":[{"@type":["WebPage","ItemPage"],"@id":"https:\/\/alvarelloseditora.gal\/es\/libro\/bestiario-das-alturas-a-incrible-historia-dos-escalatorres\/","url":"https:\/\/alvarelloseditora.gal\/es\/libro\/bestiario-das-alturas-a-incrible-historia-dos-escalatorres\/","name":"Bestiario das alturas. A incrible historia dos escalatorres - Alvarellos Editora","isPartOf":{"@id":"https:\/\/alvarelloseditora.gal\/#website"},"primaryImageOfPage":{"@id":"https:\/\/alvarelloseditora.gal\/es\/libro\/bestiario-das-alturas-a-incrible-historia-dos-escalatorres\/#primaryimage"},"image":{"@id":"https:\/\/alvarelloseditora.gal\/es\/libro\/bestiario-das-alturas-a-incrible-historia-dos-escalatorres\/#primaryimage"},"thumbnailUrl":"https:\/\/alvarelloseditora.gal\/wp-content\/uploads\/2025\/12\/Bestiario-das-alturas-scaled.jpg","datePublished":"2025-12-12T10:10:09+00:00","dateModified":"2025-12-12T10:23:19+00:00","description":"Bestiario das alturas. A incrible historia dos escalatorres. C\u00f3mprao na tenda en li\u00f1a de Alvarellos Editora.","breadcrumb":{"@id":"https:\/\/alvarelloseditora.gal\/es\/libro\/bestiario-das-alturas-a-incrible-historia-dos-escalatorres\/#breadcrumb"},"inLanguage":"es","potentialAction":[{"@type":"ReadAction","target":["https:\/\/alvarelloseditora.gal\/es\/libro\/bestiario-das-alturas-a-incrible-historia-dos-escalatorres\/"]}]},{"@type":"ImageObject","inLanguage":"es","@id":"https:\/\/alvarelloseditora.gal\/es\/libro\/bestiario-das-alturas-a-incrible-historia-dos-escalatorres\/#primaryimage","url":"https:\/\/alvarelloseditora.gal\/wp-content\/uploads\/2025\/12\/Bestiario-das-alturas-scaled.jpg","contentUrl":"https:\/\/alvarelloseditora.gal\/wp-content\/uploads\/2025\/12\/Bestiario-das-alturas-scaled.jpg","width":1983,"height":2560},{"@type":"BreadcrumbList","@id":"https:\/\/alvarelloseditora.gal\/es\/libro\/bestiario-das-alturas-a-incrible-historia-dos-escalatorres\/#breadcrumb","itemListElement":[{"@type":"ListItem","position":1,"name":"Portada","item":"https:\/\/alvarelloseditora.gal\/"},{"@type":"ListItem","position":2,"name":"Tienda","item":"https:\/\/alvarelloseditora.gal\/es\/tienda\/"},{"@type":"ListItem","position":3,"name":"Bestiario das alturas. A incrible historia dos escalatorres"}]},{"@type":"WebSite","@id":"https:\/\/alvarelloseditora.gal\/#website","url":"https:\/\/alvarelloseditora.gal\/","name":"Alvarellos Editora","description":"Libros para un mundo en tr\u00e1nsito","publisher":{"@id":"https:\/\/alvarelloseditora.gal\/#organization"},"potentialAction":[{"@type":"SearchAction","target":{"@type":"EntryPoint","urlTemplate":"https:\/\/alvarelloseditora.gal\/?s={search_term_string}"},"query-input":{"@type":"PropertyValueSpecification","valueRequired":true,"valueName":"search_term_string"}}],"inLanguage":"es"},{"@type":"Organization","@id":"https:\/\/alvarelloseditora.gal\/#organization","name":"Alvarellos Editora","url":"https:\/\/alvarelloseditora.gal\/","logo":{"@type":"ImageObject","inLanguage":"es","@id":"https:\/\/alvarelloseditora.gal\/#\/schema\/logo\/image\/","url":"https:\/\/alvarelloseditora.gal\/wp-content\/uploads\/2020\/02\/alv-icon.png","contentUrl":"https:\/\/alvarelloseditora.gal\/wp-content\/uploads\/2020\/02\/alv-icon.png","width":177,"height":175,"caption":"Alvarellos Editora"},"image":{"@id":"https:\/\/alvarelloseditora.gal\/#\/schema\/logo\/image\/"},"sameAs":["https:\/\/www.facebook.com\/alvarelloseditora","https:\/\/x.com\/alvarellos_ed"]}]}},"_links":{"self":[{"href":"https:\/\/alvarelloseditora.gal\/es\/wp-json\/wp\/v2\/product\/10319","targetHints":{"allow":["GET"]}}],"collection":[{"href":"https:\/\/alvarelloseditora.gal\/es\/wp-json\/wp\/v2\/product"}],"about":[{"href":"https:\/\/alvarelloseditora.gal\/es\/wp-json\/wp\/v2\/types\/product"}],"replies":[{"embeddable":true,"href":"https:\/\/alvarelloseditora.gal\/es\/wp-json\/wp\/v2\/comments?post=10319"}],"wp:featuredmedia":[{"embeddable":true,"href":"https:\/\/alvarelloseditora.gal\/es\/wp-json\/wp\/v2\/media\/10315"}],"wp:attachment":[{"href":"https:\/\/alvarelloseditora.gal\/es\/wp-json\/wp\/v2\/media?parent=10319"}],"wp:term":[{"taxonomy":"product_brand","embeddable":true,"href":"https:\/\/alvarelloseditora.gal\/es\/wp-json\/wp\/v2\/product_brand?post=10319"},{"taxonomy":"product_cat","embeddable":true,"href":"https:\/\/alvarelloseditora.gal\/es\/wp-json\/wp\/v2\/product_cat?post=10319"},{"taxonomy":"product_tag","embeddable":true,"href":"https:\/\/alvarelloseditora.gal\/es\/wp-json\/wp\/v2\/product_tag?post=10319"}],"curies":[{"name":"wp","href":"https:\/\/api.w.org\/{rel}","templated":true}]}}