{"id":10292,"date":"2025-12-03T14:35:21","date_gmt":"2025-12-03T13:35:21","guid":{"rendered":"https:\/\/alvarelloseditora.gal\/book\/pegadas-no-muro-cultura-urbana-e-arte-nas-ruas\/"},"modified":"2025-12-03T14:56:40","modified_gmt":"2025-12-03T13:56:40","slug":"pegadas-no-muro-cultura-urbana-e-arte-nas-ruas","status":"publish","type":"product","link":"https:\/\/alvarelloseditora.gal\/es\/libro\/pegadas-no-muro-cultura-urbana-e-arte-nas-ruas\/","title":{"rendered":"Pegadas no muro. Cultura urbana e arte nas r\u00faas"},"content":{"rendered":"<p><a href=\"https:\/\/alvarelloseditora.gal\/wp-content\/uploads\/2025\/12\/NP_ESP_Pegadas_no_muro_dec_2025.pdf\">NP_ESP_Pegadas_no_muro_dec_2025<\/a><a href=\"https:\/\/alvarelloseditora.gal\/wp-content\/uploads\/2025\/12\/NP_GAL_Pegadas_no_muro_dec_2025.pdf\">o_muro_dec_2025<\/a><\/p>\n<p>EMPEZAR A LEER: <a href=\"https:\/\/alvarelloseditora.gal\/wp-content\/uploads\/2025\/12\/Mostra-Pegadas-no-muro.pdf\">Mostra-Pegadas-no-muro<\/a><\/p>\n","protected":false},"excerpt":{"rendered":"<p>Patricia Cupeiro<br \/>\nMiriam E. Cort\u00e9s<br \/>\n(eds.)<br \/>\n240 pp . 15\u20195 x 23\u20190 cms.<br \/>\nISBN 978-84-18567-73-5<br \/>\nPAPEL FSC Amigo de los bosques<\/p>\n<p>NP_ESP_Pegadas_no_muro_dec_2025<\/p>\n<p>Analizar la relevancia de las manifestaciones art\u00edsticas conocidas como arte urbana y muralismo contempor\u00e1neo es el objetivo de este volumen colectivo titulado Pegadas no muro. Cultura urbana e arte nas r\u00faas (Alvarellos Editora). Un an\u00e1lisis desde el \u00e1mbito acad\u00e9mico, pero tambi\u00e9n desde el profesional y el art\u00edstico. No existen precedentes en Galicia de una publicaci\u00f3n similar, que aborde de manera integral el fen\u00f3meno de los graffitis, del arte urbano y del muralismo p\u00fablico, en un contexto que abarca desde lo internacional hasta lo local.<\/p>\n<p>El proyecto naci\u00f3 en Lugo en 2024, al amparo de un curso celebrado en la Facultad de Humanidades. Coordinado por las dos investigadoras de la USC que tambi\u00e9n se encargan de la presente edici\u00f3n, Patricia Cupeiro y Miriam E. Cort\u00e9s. En este volumen colaboran catorce especialistas de diferentes disciplinas.<\/p>\n<p>El car\u00e1cter de potente motor de cambio social de estos fen\u00f3menos culturales (como herramienta de identidad y cohesi\u00f3n comunitaria), la visibilidad de las mujeres o la conquista de espacios rurales son algunos de los temas tratados. Tambi\u00e9n, la reciente institucionalizaci\u00f3n del fen\u00f3meno \u2013que hace surgir dudas sobre su autenticidad cultural\u2013 o las tensiones entre legalidad y legitimidad.<\/p>\n<p>Desde Lugo, ciudad que durante estos a\u00f1os ha alcanzado relevancia internacional gracias a algunos de sus espectaculares murales, viajamos tambi\u00e9n por otras experiencias, en Galicia \u2013Ferrol\/Canido, Lugo, Burela, Fene, Ordes , Carballo, As Pontes, Vigo ou Compostela&#8230; \u2013y fuera de ella \u2013Lisboa, M\u00e9xico e Santiago de Chile\u2013.<\/p>\n<p>Asimismo, hasta ocho artistas aportan sus creaciones: desde los an\u00f3nimos Primobanksy o Ferrol Mola hasta Diego AS, Bublegum, Edu Hermida, Emi de las Heras, P\u00eda Piadosa y\u00a0Yoe33.<\/p>\n<p>ESCRIBEN EN ESTA OBRA<\/p>\n<p>Laura Luque Rodrigo<br \/>\nLorena Ar\u00e9valo Iglesias<br \/>\nMiguel Anxo Rodr\u00edguez Gonz\u00e1lez<br \/>\nAdris D\u00edaz Fern\u00e1ndez<br \/>\nBeatriz Fern\u00e1ndez Herrero<br \/>\nLuzia Oca Gonz\u00e1lez<br \/>\nAurelia Balseiro Garc\u00eda<br \/>\nAlba D\u00edaz-Geada<br \/>\nBego\u00f1a Fern\u00e1ndez Rodr\u00edguez<br \/>\nPatricia Cupeiro L\u00f3pez<br \/>\nAndrea Barreira Freije<br \/>\nClara Rodr\u00edguez Cordeiro<br \/>\nAscensi\u00f3n Moreno Gonz\u00e1lez<br \/>\nAntonio Alc\u00e1ntara Alc\u00e1ntarae<\/p>\n<p>&nbsp;<\/p>\n<p>EMPEZAR A LEER:<br \/>\nMostra-Pegadas-no-muro<\/p>\n<p>&nbsp;<\/p>\n<p>&nbsp;<\/p>\n","protected":false},"featured_media":10291,"comment_status":"closed","ping_status":"closed","template":"","meta":[],"product_brand":[],"product_cat":[105],"product_tag":[],"class_list":{"0":"post-10292","1":"product","2":"type-product","3":"status-publish","4":"has-post-thumbnail","6":"product_author-varias-os-autoras-es","7":"product_cat-oeste-es","9":"first","10":"instock","11":"taxable","12":"shipping-taxable","13":"purchasable","14":"product-type-simple"},"yoast_head":"<!-- This site is optimized with the Yoast SEO plugin v27.3 - https:\/\/yoast.com\/product\/yoast-seo-wordpress\/ -->\n<title>Pegadas no muro. Cultura urbana e arte nas r\u00faas - Alvarellos Editora<\/title>\n<meta name=\"description\" content=\"Pegadas no muro. Cultura urbana e arte nas r\u00faas. C\u00f3mprao na tenda en li\u00f1a de Alvarellos Editora.\" \/>\n<meta name=\"robots\" content=\"index, follow, max-snippet:-1, max-image-preview:large, max-video-preview:-1\" \/>\n<link rel=\"canonical\" href=\"https:\/\/alvarelloseditora.gal\/es\/libro\/pegadas-no-muro-cultura-urbana-e-arte-nas-ruas\/\" \/>\n<meta property=\"og:locale\" content=\"es_ES\" \/>\n<meta property=\"og:type\" content=\"article\" \/>\n<meta property=\"og:title\" content=\"Pegadas no muro. Cultura urbana e arte nas r\u00faas - Alvarellos Editora\" \/>\n<meta property=\"og:description\" content=\"Pegadas no muro. Cultura urbana e arte nas r\u00faas. C\u00f3mprao na tenda en li\u00f1a de Alvarellos Editora.\" \/>\n<meta property=\"og:url\" content=\"https:\/\/alvarelloseditora.gal\/es\/libro\/pegadas-no-muro-cultura-urbana-e-arte-nas-ruas\/\" \/>\n<meta property=\"og:site_name\" content=\"Alvarellos Editora\" \/>\n<meta property=\"article:publisher\" content=\"https:\/\/www.facebook.com\/alvarelloseditora\" \/>\n<meta property=\"article:modified_time\" content=\"2025-12-03T13:56:40+00:00\" \/>\n<meta property=\"og:image\" content=\"https:\/\/alvarelloseditora.gal\/wp-content\/uploads\/2025\/12\/Pegadas-no-muro-capa-scaled.jpg\" \/>\n\t<meta property=\"og:image:width\" content=\"1715\" \/>\n\t<meta property=\"og:image:height\" content=\"2560\" \/>\n\t<meta property=\"og:image:type\" content=\"image\/jpeg\" \/>\n<meta name=\"twitter:card\" content=\"summary_large_image\" \/>\n<meta name=\"twitter:site\" content=\"@alvarellos_ed\" \/>\n<meta name=\"twitter:label1\" content=\"Tiempo de lectura\" \/>\n\t<meta name=\"twitter:data1\" content=\"1 minuto\" \/>\n<!-- \/ Yoast SEO plugin. -->","yoast_head_json":{"title":"Pegadas no muro. Cultura urbana e arte nas r\u00faas - Alvarellos Editora","description":"Pegadas no muro. Cultura urbana e arte nas r\u00faas. C\u00f3mprao na tenda en li\u00f1a de Alvarellos Editora.","robots":{"index":"index","follow":"follow","max-snippet":"max-snippet:-1","max-image-preview":"max-image-preview:large","max-video-preview":"max-video-preview:-1"},"canonical":"https:\/\/alvarelloseditora.gal\/es\/libro\/pegadas-no-muro-cultura-urbana-e-arte-nas-ruas\/","og_locale":"es_ES","og_type":"article","og_title":"Pegadas no muro. Cultura urbana e arte nas r\u00faas - Alvarellos Editora","og_description":"Pegadas no muro. Cultura urbana e arte nas r\u00faas. C\u00f3mprao na tenda en li\u00f1a de Alvarellos Editora.","og_url":"https:\/\/alvarelloseditora.gal\/es\/libro\/pegadas-no-muro-cultura-urbana-e-arte-nas-ruas\/","og_site_name":"Alvarellos Editora","article_publisher":"https:\/\/www.facebook.com\/alvarelloseditora","article_modified_time":"2025-12-03T13:56:40+00:00","og_image":[{"width":1715,"height":2560,"url":"https:\/\/alvarelloseditora.gal\/wp-content\/uploads\/2025\/12\/Pegadas-no-muro-capa-scaled.jpg","type":"image\/jpeg"}],"twitter_card":"summary_large_image","twitter_site":"@alvarellos_ed","twitter_misc":{"Tiempo de lectura":"1 minuto"},"schema":{"@context":"https:\/\/schema.org","@graph":[{"@type":["WebPage","ItemPage"],"@id":"https:\/\/alvarelloseditora.gal\/es\/libro\/pegadas-no-muro-cultura-urbana-e-arte-nas-ruas\/","url":"https:\/\/alvarelloseditora.gal\/es\/libro\/pegadas-no-muro-cultura-urbana-e-arte-nas-ruas\/","name":"Pegadas no muro. Cultura urbana e arte nas r\u00faas - Alvarellos Editora","isPartOf":{"@id":"https:\/\/alvarelloseditora.gal\/#website"},"primaryImageOfPage":{"@id":"https:\/\/alvarelloseditora.gal\/es\/libro\/pegadas-no-muro-cultura-urbana-e-arte-nas-ruas\/#primaryimage"},"image":{"@id":"https:\/\/alvarelloseditora.gal\/es\/libro\/pegadas-no-muro-cultura-urbana-e-arte-nas-ruas\/#primaryimage"},"thumbnailUrl":"https:\/\/alvarelloseditora.gal\/wp-content\/uploads\/2025\/12\/Pegadas-no-muro-capa-scaled.jpg","datePublished":"2025-12-03T13:35:21+00:00","dateModified":"2025-12-03T13:56:40+00:00","description":"Pegadas no muro. Cultura urbana e arte nas r\u00faas. C\u00f3mprao na tenda en li\u00f1a de Alvarellos Editora.","breadcrumb":{"@id":"https:\/\/alvarelloseditora.gal\/es\/libro\/pegadas-no-muro-cultura-urbana-e-arte-nas-ruas\/#breadcrumb"},"inLanguage":"es","potentialAction":[{"@type":"ReadAction","target":["https:\/\/alvarelloseditora.gal\/es\/libro\/pegadas-no-muro-cultura-urbana-e-arte-nas-ruas\/"]}]},{"@type":"ImageObject","inLanguage":"es","@id":"https:\/\/alvarelloseditora.gal\/es\/libro\/pegadas-no-muro-cultura-urbana-e-arte-nas-ruas\/#primaryimage","url":"https:\/\/alvarelloseditora.gal\/wp-content\/uploads\/2025\/12\/Pegadas-no-muro-capa-scaled.jpg","contentUrl":"https:\/\/alvarelloseditora.gal\/wp-content\/uploads\/2025\/12\/Pegadas-no-muro-capa-scaled.jpg","width":1715,"height":2560},{"@type":"BreadcrumbList","@id":"https:\/\/alvarelloseditora.gal\/es\/libro\/pegadas-no-muro-cultura-urbana-e-arte-nas-ruas\/#breadcrumb","itemListElement":[{"@type":"ListItem","position":1,"name":"Portada","item":"https:\/\/alvarelloseditora.gal\/"},{"@type":"ListItem","position":2,"name":"Tienda","item":"https:\/\/alvarelloseditora.gal\/es\/tienda\/"},{"@type":"ListItem","position":3,"name":"Pegadas no muro. Cultura urbana e arte nas r\u00faas"}]},{"@type":"WebSite","@id":"https:\/\/alvarelloseditora.gal\/#website","url":"https:\/\/alvarelloseditora.gal\/","name":"Alvarellos Editora","description":"Libros para un mundo en tr\u00e1nsito","publisher":{"@id":"https:\/\/alvarelloseditora.gal\/#organization"},"potentialAction":[{"@type":"SearchAction","target":{"@type":"EntryPoint","urlTemplate":"https:\/\/alvarelloseditora.gal\/?s={search_term_string}"},"query-input":{"@type":"PropertyValueSpecification","valueRequired":true,"valueName":"search_term_string"}}],"inLanguage":"es"},{"@type":"Organization","@id":"https:\/\/alvarelloseditora.gal\/#organization","name":"Alvarellos Editora","url":"https:\/\/alvarelloseditora.gal\/","logo":{"@type":"ImageObject","inLanguage":"es","@id":"https:\/\/alvarelloseditora.gal\/#\/schema\/logo\/image\/","url":"https:\/\/alvarelloseditora.gal\/wp-content\/uploads\/2020\/02\/alv-icon.png","contentUrl":"https:\/\/alvarelloseditora.gal\/wp-content\/uploads\/2020\/02\/alv-icon.png","width":177,"height":175,"caption":"Alvarellos Editora"},"image":{"@id":"https:\/\/alvarelloseditora.gal\/#\/schema\/logo\/image\/"},"sameAs":["https:\/\/www.facebook.com\/alvarelloseditora","https:\/\/x.com\/alvarellos_ed"]}]}},"_links":{"self":[{"href":"https:\/\/alvarelloseditora.gal\/es\/wp-json\/wp\/v2\/product\/10292","targetHints":{"allow":["GET"]}}],"collection":[{"href":"https:\/\/alvarelloseditora.gal\/es\/wp-json\/wp\/v2\/product"}],"about":[{"href":"https:\/\/alvarelloseditora.gal\/es\/wp-json\/wp\/v2\/types\/product"}],"replies":[{"embeddable":true,"href":"https:\/\/alvarelloseditora.gal\/es\/wp-json\/wp\/v2\/comments?post=10292"}],"wp:featuredmedia":[{"embeddable":true,"href":"https:\/\/alvarelloseditora.gal\/es\/wp-json\/wp\/v2\/media\/10291"}],"wp:attachment":[{"href":"https:\/\/alvarelloseditora.gal\/es\/wp-json\/wp\/v2\/media?parent=10292"}],"wp:term":[{"taxonomy":"product_brand","embeddable":true,"href":"https:\/\/alvarelloseditora.gal\/es\/wp-json\/wp\/v2\/product_brand?post=10292"},{"taxonomy":"product_cat","embeddable":true,"href":"https:\/\/alvarelloseditora.gal\/es\/wp-json\/wp\/v2\/product_cat?post=10292"},{"taxonomy":"product_tag","embeddable":true,"href":"https:\/\/alvarelloseditora.gal\/es\/wp-json\/wp\/v2\/product_tag?post=10292"}],"curies":[{"name":"wp","href":"https:\/\/api.w.org\/{rel}","templated":true}]}}