{"id":10273,"date":"2025-11-25T11:40:24","date_gmt":"2025-11-25T10:40:24","guid":{"rendered":"https:\/\/alvarelloseditora.gal\/book\/semente-de-mencer-obra-poetica-i-volumes-editados-1970-2006\/"},"modified":"2025-11-25T12:04:29","modified_gmt":"2025-11-25T11:04:29","slug":"semente-de-mencer-obra-poetica-i-volumes-editados-1970-2006","status":"publish","type":"product","link":"https:\/\/alvarelloseditora.gal\/es\/libro\/semente-de-mencer-obra-poetica-i-volumes-editados-1970-2006\/","title":{"rendered":"Semente de mencer. Obra po\u00e9tica I. Volumes editados 1970-2006"},"content":{"rendered":"<p><a href=\"https:\/\/alvarelloseditora.gal\/wp-content\/uploads\/2025\/11\/NP_ESP_Semente_de_mencer_nov_2025.pdf\">NP_ESP_Semente_de_mencer_nov_2025<\/a><\/p>\n<p><a href=\"https:\/\/alvarelloseditora.gal\/es\/libro\/as-florinas-de-san-francisco\/\">Tambi\u00e9n en el cat\u00e1logo de Alvarellos Editora, la premiada traducci\u00f3n al galego: AS FLORI\u00d1AS DE SAN FRANCISCO realizada por Xoh\u00e1n Cabana en 2014.<\/a><\/p>\n<p>&nbsp;<\/p>\n","protected":false},"excerpt":{"rendered":"<p>Dar\u00edo Xoh\u00e1n Cabana<br \/>\n746 pp . 13 x 20 cms.<br \/>\nISBN 978-84-18567-86-5.<br \/>\nPAPEL FSC. Amigo de los Bosques<\/p>\n<p>NP_ESP_Semente_de_mencer_nov_2025<\/p>\n<p>Bajo el t\u00edtulo Semente de mencer publicamos toda la obra po\u00e9tica, editada en libro en vida del autor, de Dar\u00edo Xoh\u00e1n Cabana (Ro\u00e1s, 1952\u2013Rome\u00e1n, 2021). Un cuidado volumen de 746 p\u00e1ginas, en tapa dura, dentro de nuestra colecci\u00f3n Rescate. Y en una edici\u00f3n, estudio y notas a cargo de Anxo Angueira.<\/p>\n<p>Re\u00fane los quince libros publicados en vida del autor, desde Verbas a un irmao (1970) hasta Cabalgada na br\u00e9tema (2006). Adem\u00e1s, aporta un apartado gr\u00e1fico que recorre la vida de Xoh\u00e1n Cabana a trav\u00e9s de fotograf\u00edas, manuscritos y portadas hist\u00f3ricas de algunos de sus t\u00edtulos.<\/p>\n<p>As\u00ed lo explica, en el pr\u00f3logo, Anxo Angueira:<\/p>\n<p>\u00abNo s\u00e9 si en un caso de escritor total como el de Dar\u00edo Xoh\u00e1n Cabana procede mejor que en ning\u00fan otro afirmar que es poeta por encima de todo. La poes\u00eda organiz\u00f3 toda su vida literaria de tal modo que concebimos la obra monumental de Dar\u00edo como la de un poeta constante e incansable.<\/p>\n<p>\u00bbPoblada de flores de acero y en un galego literario rico, abierto y poderoso, la poes\u00eda de Dar\u00edo, desde una perspectiva actual, nos invita a hacer memoria de las grandes encrucijadas pol\u00edticas de la Galicia contempor\u00e1nea, especialmente aquellas que \u00e9l vivi\u00f3 en primera persona. Pero tambi\u00e9n nos conduce a las grandes encrucijadas atemporales del ser humano, aquellas que lo sit\u00faan ante el amor y la muerte, ante la angustia y la esperanza, ante la libertad encadenada y la semente do mencer\u00bb.<\/p>\n<p>La presente edici\u00f3n lleva por subt\u00edtulo \u00abVolume 1\u00bb porque esta editorial prepara para finales de 2026 un segundo volumen que reunir\u00e1 la obra in\u00e9dita y dispersa del autor.<\/p>\n<p>T\u00edtulos reunidos en Semente de mencer:<\/p>\n<p>Verbas a un irmao (1970), Home e terra (1970), Romanceiro da Terra Ch\u00e1 (1973), Mortos porque Galicia viva (1974), Elex\u00eda nunha escuridade mortal (1974),<br \/>\n\u00c1brelle a porta \u00f3 d\u00eda (1981), A fraga amurallada (1983), VIII Fragmentos (1987), Amor e tempo liso (1987), Cantigas de amor vilao (1987), Patria do mar (1989), Chirlo Merlo na figueira (1990), Cinco lendas (1993), Canta de cerca a morte (1994), Cabalgada na br\u00e9tema (2006).<\/p>\n","protected":false},"featured_media":10268,"comment_status":"closed","ping_status":"closed","template":"","meta":[],"product_brand":[],"product_cat":[111],"product_tag":[],"class_list":{"0":"post-10273","1":"product","2":"type-product","3":"status-publish","4":"has-post-thumbnail","6":"product_author-dario-xohan-cabana","7":"product_cat-coleccion-rescate-es","9":"first","10":"instock","11":"taxable","12":"shipping-taxable","13":"purchasable","14":"product-type-simple"},"yoast_head":"<!-- This site is optimized with the Yoast SEO plugin v27.3 - https:\/\/yoast.com\/product\/yoast-seo-wordpress\/ -->\n<title>Semente de mencer. Obra po\u00e9tica I. Volumes editados 1970-2006 - Alvarellos Editora<\/title>\n<meta name=\"description\" content=\"Semente de mencer. Obra po\u00e9tica I. Volumes editados 1970-2006. C\u00f3mprao na tenda en li\u00f1a de Alvarellos Editora.\" \/>\n<meta name=\"robots\" content=\"index, follow, max-snippet:-1, max-image-preview:large, max-video-preview:-1\" \/>\n<link rel=\"canonical\" href=\"https:\/\/alvarelloseditora.gal\/es\/libro\/semente-de-mencer-obra-poetica-i-volumes-editados-1970-2006\/\" \/>\n<meta property=\"og:locale\" content=\"es_ES\" \/>\n<meta property=\"og:type\" content=\"article\" \/>\n<meta property=\"og:title\" content=\"Semente de mencer. Obra po\u00e9tica I. Volumes editados 1970-2006 - Alvarellos Editora\" \/>\n<meta property=\"og:description\" content=\"Semente de mencer. Obra po\u00e9tica I. Volumes editados 1970-2006. C\u00f3mprao na tenda en li\u00f1a de Alvarellos Editora.\" \/>\n<meta property=\"og:url\" content=\"https:\/\/alvarelloseditora.gal\/es\/libro\/semente-de-mencer-obra-poetica-i-volumes-editados-1970-2006\/\" \/>\n<meta property=\"og:site_name\" content=\"Alvarellos Editora\" \/>\n<meta property=\"article:publisher\" content=\"https:\/\/www.facebook.com\/alvarelloseditora\" \/>\n<meta property=\"article:modified_time\" content=\"2025-11-25T11:04:29+00:00\" \/>\n<meta property=\"og:image\" content=\"https:\/\/alvarelloseditora.gal\/wp-content\/uploads\/2025\/11\/Semente-de-mencer-capa-scaled.jpg\" \/>\n\t<meta property=\"og:image:width\" content=\"1671\" \/>\n\t<meta property=\"og:image:height\" content=\"2560\" \/>\n\t<meta property=\"og:image:type\" content=\"image\/jpeg\" \/>\n<meta name=\"twitter:card\" content=\"summary_large_image\" \/>\n<meta name=\"twitter:site\" content=\"@alvarellos_ed\" \/>\n<meta name=\"twitter:label1\" content=\"Tiempo de lectura\" \/>\n\t<meta name=\"twitter:data1\" content=\"1 minuto\" \/>\n<!-- \/ Yoast SEO plugin. -->","yoast_head_json":{"title":"Semente de mencer. Obra po\u00e9tica I. Volumes editados 1970-2006 - Alvarellos Editora","description":"Semente de mencer. Obra po\u00e9tica I. Volumes editados 1970-2006. C\u00f3mprao na tenda en li\u00f1a de Alvarellos Editora.","robots":{"index":"index","follow":"follow","max-snippet":"max-snippet:-1","max-image-preview":"max-image-preview:large","max-video-preview":"max-video-preview:-1"},"canonical":"https:\/\/alvarelloseditora.gal\/es\/libro\/semente-de-mencer-obra-poetica-i-volumes-editados-1970-2006\/","og_locale":"es_ES","og_type":"article","og_title":"Semente de mencer. Obra po\u00e9tica I. Volumes editados 1970-2006 - Alvarellos Editora","og_description":"Semente de mencer. Obra po\u00e9tica I. Volumes editados 1970-2006. C\u00f3mprao na tenda en li\u00f1a de Alvarellos Editora.","og_url":"https:\/\/alvarelloseditora.gal\/es\/libro\/semente-de-mencer-obra-poetica-i-volumes-editados-1970-2006\/","og_site_name":"Alvarellos Editora","article_publisher":"https:\/\/www.facebook.com\/alvarelloseditora","article_modified_time":"2025-11-25T11:04:29+00:00","og_image":[{"width":1671,"height":2560,"url":"https:\/\/alvarelloseditora.gal\/wp-content\/uploads\/2025\/11\/Semente-de-mencer-capa-scaled.jpg","type":"image\/jpeg"}],"twitter_card":"summary_large_image","twitter_site":"@alvarellos_ed","twitter_misc":{"Tiempo de lectura":"1 minuto"},"schema":{"@context":"https:\/\/schema.org","@graph":[{"@type":["WebPage","ItemPage"],"@id":"https:\/\/alvarelloseditora.gal\/es\/libro\/semente-de-mencer-obra-poetica-i-volumes-editados-1970-2006\/","url":"https:\/\/alvarelloseditora.gal\/es\/libro\/semente-de-mencer-obra-poetica-i-volumes-editados-1970-2006\/","name":"Semente de mencer. Obra po\u00e9tica I. Volumes editados 1970-2006 - Alvarellos Editora","isPartOf":{"@id":"https:\/\/alvarelloseditora.gal\/#website"},"primaryImageOfPage":{"@id":"https:\/\/alvarelloseditora.gal\/es\/libro\/semente-de-mencer-obra-poetica-i-volumes-editados-1970-2006\/#primaryimage"},"image":{"@id":"https:\/\/alvarelloseditora.gal\/es\/libro\/semente-de-mencer-obra-poetica-i-volumes-editados-1970-2006\/#primaryimage"},"thumbnailUrl":"https:\/\/alvarelloseditora.gal\/wp-content\/uploads\/2025\/11\/Semente-de-mencer-capa-scaled.jpg","datePublished":"2025-11-25T10:40:24+00:00","dateModified":"2025-11-25T11:04:29+00:00","description":"Semente de mencer. Obra po\u00e9tica I. Volumes editados 1970-2006. C\u00f3mprao na tenda en li\u00f1a de Alvarellos Editora.","breadcrumb":{"@id":"https:\/\/alvarelloseditora.gal\/es\/libro\/semente-de-mencer-obra-poetica-i-volumes-editados-1970-2006\/#breadcrumb"},"inLanguage":"es","potentialAction":[{"@type":"ReadAction","target":["https:\/\/alvarelloseditora.gal\/es\/libro\/semente-de-mencer-obra-poetica-i-volumes-editados-1970-2006\/"]}]},{"@type":"ImageObject","inLanguage":"es","@id":"https:\/\/alvarelloseditora.gal\/es\/libro\/semente-de-mencer-obra-poetica-i-volumes-editados-1970-2006\/#primaryimage","url":"https:\/\/alvarelloseditora.gal\/wp-content\/uploads\/2025\/11\/Semente-de-mencer-capa-scaled.jpg","contentUrl":"https:\/\/alvarelloseditora.gal\/wp-content\/uploads\/2025\/11\/Semente-de-mencer-capa-scaled.jpg","width":1671,"height":2560},{"@type":"BreadcrumbList","@id":"https:\/\/alvarelloseditora.gal\/es\/libro\/semente-de-mencer-obra-poetica-i-volumes-editados-1970-2006\/#breadcrumb","itemListElement":[{"@type":"ListItem","position":1,"name":"Portada","item":"https:\/\/alvarelloseditora.gal\/"},{"@type":"ListItem","position":2,"name":"Tienda","item":"https:\/\/alvarelloseditora.gal\/es\/tienda\/"},{"@type":"ListItem","position":3,"name":"Semente de mencer. Obra po\u00e9tica I. Volumes editados 1970-2006"}]},{"@type":"WebSite","@id":"https:\/\/alvarelloseditora.gal\/#website","url":"https:\/\/alvarelloseditora.gal\/","name":"Alvarellos Editora","description":"Libros para un mundo en tr\u00e1nsito","publisher":{"@id":"https:\/\/alvarelloseditora.gal\/#organization"},"potentialAction":[{"@type":"SearchAction","target":{"@type":"EntryPoint","urlTemplate":"https:\/\/alvarelloseditora.gal\/?s={search_term_string}"},"query-input":{"@type":"PropertyValueSpecification","valueRequired":true,"valueName":"search_term_string"}}],"inLanguage":"es"},{"@type":"Organization","@id":"https:\/\/alvarelloseditora.gal\/#organization","name":"Alvarellos Editora","url":"https:\/\/alvarelloseditora.gal\/","logo":{"@type":"ImageObject","inLanguage":"es","@id":"https:\/\/alvarelloseditora.gal\/#\/schema\/logo\/image\/","url":"https:\/\/alvarelloseditora.gal\/wp-content\/uploads\/2020\/02\/alv-icon.png","contentUrl":"https:\/\/alvarelloseditora.gal\/wp-content\/uploads\/2020\/02\/alv-icon.png","width":177,"height":175,"caption":"Alvarellos Editora"},"image":{"@id":"https:\/\/alvarelloseditora.gal\/#\/schema\/logo\/image\/"},"sameAs":["https:\/\/www.facebook.com\/alvarelloseditora","https:\/\/x.com\/alvarellos_ed"]}]}},"_links":{"self":[{"href":"https:\/\/alvarelloseditora.gal\/es\/wp-json\/wp\/v2\/product\/10273","targetHints":{"allow":["GET"]}}],"collection":[{"href":"https:\/\/alvarelloseditora.gal\/es\/wp-json\/wp\/v2\/product"}],"about":[{"href":"https:\/\/alvarelloseditora.gal\/es\/wp-json\/wp\/v2\/types\/product"}],"replies":[{"embeddable":true,"href":"https:\/\/alvarelloseditora.gal\/es\/wp-json\/wp\/v2\/comments?post=10273"}],"wp:featuredmedia":[{"embeddable":true,"href":"https:\/\/alvarelloseditora.gal\/es\/wp-json\/wp\/v2\/media\/10268"}],"wp:attachment":[{"href":"https:\/\/alvarelloseditora.gal\/es\/wp-json\/wp\/v2\/media?parent=10273"}],"wp:term":[{"taxonomy":"product_brand","embeddable":true,"href":"https:\/\/alvarelloseditora.gal\/es\/wp-json\/wp\/v2\/product_brand?post=10273"},{"taxonomy":"product_cat","embeddable":true,"href":"https:\/\/alvarelloseditora.gal\/es\/wp-json\/wp\/v2\/product_cat?post=10273"},{"taxonomy":"product_tag","embeddable":true,"href":"https:\/\/alvarelloseditora.gal\/es\/wp-json\/wp\/v2\/product_tag?post=10273"}],"curies":[{"name":"wp","href":"https:\/\/api.w.org\/{rel}","templated":true}]}}