{"id":10246,"date":"2025-11-18T17:57:38","date_gmt":"2025-11-18T16:57:38","guid":{"rendered":"https:\/\/alvarelloseditora.gal\/?post_type=product&#038;p=10246"},"modified":"2025-11-19T12:51:58","modified_gmt":"2025-11-19T11:51:58","slug":"10246","status":"publish","type":"product","link":"https:\/\/alvarelloseditora.gal\/es\/libro\/10246\/","title":{"rendered":"O x\u00e9nero detr\u00e1s da c\u00e1mara. Identidades e narrativas na fotograf\u00eda galega contempor\u00e1nea."},"content":{"rendered":"<p><a href=\"https:\/\/alvarelloseditora.gal\/wp-content\/uploads\/2025\/11\/NP_ESP_O_Xenero_detras_da_camara_nov_2025-2.pdf\">NP_ESP_O_X\u00e9nero_detr\u00e1s_da_c\u00e1mara_nov_2025<\/a><\/p>\n","protected":false},"excerpt":{"rendered":"<p>Jennifer Novoa Dom\u00ednguez<br \/>\nMiguel Anxo Rodr\u00edguez Gonz\u00e1lez<br \/>\n(eds.)<br \/>\n186 pp. 15\u20195 x 23\u20190 cms.<\/p>\n<p>ISBN 978-84-18567-87-2<br \/>\nPAPEL FSC-Amigo de los Bosques.<\/p>\n<p>NP_ESP_O_X\u00e9nero_detr\u00e1s_da_c\u00e1mara_nov_2025<\/p>\n<p>La fotograf\u00eda, como medio, siempre se ha prestado a cuestionar los l\u00edmites entre lo p\u00fablico y lo privado, a exploraciones que, desde lo \u00edntimo, alcanzan una dimensi\u00f3n p\u00fablica y pol\u00edtica. Este nuevo libro, O x\u00e9nero detr\u00e1s da c\u00e1mara. Identidades e narrativas na fotograf\u00eda galega contempor\u00e1nea (Alvarellos Editora).\u00a0es una obra colectiva impulsada por el grupo de investigaci\u00f3n IDEAHS de la Universidade de Santiago y coordinada por los historiadores del arte Jennifer Novoa y Miguel Anxo Rodr\u00edguez. Su objetivo es ampliar las narrativas sobre la fotograf\u00eda en Galicia asumiendo coordenadas muy presentes hoy en el an\u00e1lisis del arte y la cultura visual.<\/p>\n<p>Presentamos una historia plural e inclusiva de la fotograf\u00eda en Galicia basada en textos que valoran las m\u00faltiples voces y que reivindican la importancia del g\u00e9nero como categor\u00eda de an\u00e1lisis.<\/p>\n<p>Esta investigaci\u00f3n colectiva re\u00fane las voces de ocho fot\u00f3grafos e investigadores que asumen el cuestionamiento y la necesidad de ampliar el canon existente.<\/p>\n<p>LA \u00daLTIMA ENTREVISTA A ANNA TURBAU<\/p>\n<p>Asimismo, esta publicaci\u00f3n quiere rendir homenaje p\u00f3stumo a la fotoperiodista catalana Anna Turbau, cuya \u00faltima entrevista aparece aqu\u00ed recogida.<\/p>\n<p>ESCRIBEN EN ESTA OBRA:<\/p>\n<p>Jennifer Novoa Dom\u00ednguez<br \/>\nMar\u00eda Gil Mart\u00ednez<br \/>\nOlaia Send\u00f3n Ogando<br \/>\nVioleta Janeiro Alfageme<br \/>\nMiguel Anxo Rodr\u00edguez Gonz\u00e1lez<br \/>\nAndrea Costas Lago<br \/>\nXos\u00e9 M. Bux\u00e1n Bran<br \/>\nSabela Eiriz<\/p>\n","protected":false},"featured_media":10244,"comment_status":"closed","ping_status":"closed","template":"","meta":[],"product_brand":[],"product_cat":[105],"product_tag":[],"class_list":{"0":"post-10246","1":"product","2":"type-product","3":"status-publish","4":"has-post-thumbnail","6":"product_cat-oeste-es","8":"first","9":"instock","10":"taxable","11":"shipping-taxable","12":"purchasable","13":"product-type-simple"},"yoast_head":"<!-- This site is optimized with the Yoast SEO plugin v27.3 - https:\/\/yoast.com\/product\/yoast-seo-wordpress\/ -->\n<title>O x\u00e9nero detr\u00e1s da c\u00e1mara. Identidades e narrativas na fotograf\u00eda galega contempor\u00e1nea. - Alvarellos Editora<\/title>\n<meta name=\"description\" content=\"O x\u00e9nero detr\u00e1s da c\u00e1mara. Identidades e narrativas na fotograf\u00eda galega contempor\u00e1nea.. C\u00f3mprao na tenda en li\u00f1a de Alvarellos Editora.\" \/>\n<meta name=\"robots\" content=\"index, follow, max-snippet:-1, max-image-preview:large, max-video-preview:-1\" \/>\n<link rel=\"canonical\" href=\"https:\/\/alvarelloseditora.gal\/es\/libro\/10246\/\" \/>\n<meta property=\"og:locale\" content=\"es_ES\" \/>\n<meta property=\"og:type\" content=\"article\" \/>\n<meta property=\"og:title\" content=\"O x\u00e9nero detr\u00e1s da c\u00e1mara. Identidades e narrativas na fotograf\u00eda galega contempor\u00e1nea. - Alvarellos Editora\" \/>\n<meta property=\"og:description\" content=\"O x\u00e9nero detr\u00e1s da c\u00e1mara. Identidades e narrativas na fotograf\u00eda galega contempor\u00e1nea.. C\u00f3mprao na tenda en li\u00f1a de Alvarellos Editora.\" \/>\n<meta property=\"og:url\" content=\"https:\/\/alvarelloseditora.gal\/es\/libro\/10246\/\" \/>\n<meta property=\"og:site_name\" content=\"Alvarellos Editora\" \/>\n<meta property=\"article:publisher\" content=\"https:\/\/www.facebook.com\/alvarelloseditora\" \/>\n<meta property=\"article:modified_time\" content=\"2025-11-19T11:51:58+00:00\" \/>\n<meta property=\"og:image\" content=\"https:\/\/alvarelloseditora.gal\/wp-content\/uploads\/2025\/11\/O-xenero-detras-da-camara-CAPA-2-scaled.jpg\" \/>\n\t<meta property=\"og:image:width\" content=\"1723\" \/>\n\t<meta property=\"og:image:height\" content=\"2560\" \/>\n\t<meta property=\"og:image:type\" content=\"image\/jpeg\" \/>\n<meta name=\"twitter:card\" content=\"summary_large_image\" \/>\n<meta name=\"twitter:site\" content=\"@alvarellos_ed\" \/>\n<meta name=\"twitter:label1\" content=\"Tiempo de lectura\" \/>\n\t<meta name=\"twitter:data1\" content=\"1 minuto\" \/>\n<!-- \/ Yoast SEO plugin. -->","yoast_head_json":{"title":"O x\u00e9nero detr\u00e1s da c\u00e1mara. Identidades e narrativas na fotograf\u00eda galega contempor\u00e1nea. - Alvarellos Editora","description":"O x\u00e9nero detr\u00e1s da c\u00e1mara. Identidades e narrativas na fotograf\u00eda galega contempor\u00e1nea.. C\u00f3mprao na tenda en li\u00f1a de Alvarellos Editora.","robots":{"index":"index","follow":"follow","max-snippet":"max-snippet:-1","max-image-preview":"max-image-preview:large","max-video-preview":"max-video-preview:-1"},"canonical":"https:\/\/alvarelloseditora.gal\/es\/libro\/10246\/","og_locale":"es_ES","og_type":"article","og_title":"O x\u00e9nero detr\u00e1s da c\u00e1mara. Identidades e narrativas na fotograf\u00eda galega contempor\u00e1nea. - Alvarellos Editora","og_description":"O x\u00e9nero detr\u00e1s da c\u00e1mara. Identidades e narrativas na fotograf\u00eda galega contempor\u00e1nea.. C\u00f3mprao na tenda en li\u00f1a de Alvarellos Editora.","og_url":"https:\/\/alvarelloseditora.gal\/es\/libro\/10246\/","og_site_name":"Alvarellos Editora","article_publisher":"https:\/\/www.facebook.com\/alvarelloseditora","article_modified_time":"2025-11-19T11:51:58+00:00","og_image":[{"width":1723,"height":2560,"url":"https:\/\/alvarelloseditora.gal\/wp-content\/uploads\/2025\/11\/O-xenero-detras-da-camara-CAPA-2-scaled.jpg","type":"image\/jpeg"}],"twitter_card":"summary_large_image","twitter_site":"@alvarellos_ed","twitter_misc":{"Tiempo de lectura":"1 minuto"},"schema":{"@context":"https:\/\/schema.org","@graph":[{"@type":["WebPage","ItemPage"],"@id":"https:\/\/alvarelloseditora.gal\/es\/libro\/10246\/","url":"https:\/\/alvarelloseditora.gal\/es\/libro\/10246\/","name":"O x\u00e9nero detr\u00e1s da c\u00e1mara. Identidades e narrativas na fotograf\u00eda galega contempor\u00e1nea. - Alvarellos Editora","isPartOf":{"@id":"https:\/\/alvarelloseditora.gal\/#website"},"primaryImageOfPage":{"@id":"https:\/\/alvarelloseditora.gal\/es\/libro\/10246\/#primaryimage"},"image":{"@id":"https:\/\/alvarelloseditora.gal\/es\/libro\/10246\/#primaryimage"},"thumbnailUrl":"https:\/\/alvarelloseditora.gal\/wp-content\/uploads\/2025\/11\/O-xenero-detras-da-camara-CAPA-2-scaled.jpg","datePublished":"2025-11-18T16:57:38+00:00","dateModified":"2025-11-19T11:51:58+00:00","description":"O x\u00e9nero detr\u00e1s da c\u00e1mara. Identidades e narrativas na fotograf\u00eda galega contempor\u00e1nea.. C\u00f3mprao na tenda en li\u00f1a de Alvarellos Editora.","breadcrumb":{"@id":"https:\/\/alvarelloseditora.gal\/es\/libro\/10246\/#breadcrumb"},"inLanguage":"es","potentialAction":[{"@type":"ReadAction","target":["https:\/\/alvarelloseditora.gal\/es\/libro\/10246\/"]}]},{"@type":"ImageObject","inLanguage":"es","@id":"https:\/\/alvarelloseditora.gal\/es\/libro\/10246\/#primaryimage","url":"https:\/\/alvarelloseditora.gal\/wp-content\/uploads\/2025\/11\/O-xenero-detras-da-camara-CAPA-2-scaled.jpg","contentUrl":"https:\/\/alvarelloseditora.gal\/wp-content\/uploads\/2025\/11\/O-xenero-detras-da-camara-CAPA-2-scaled.jpg","width":1723,"height":2560},{"@type":"BreadcrumbList","@id":"https:\/\/alvarelloseditora.gal\/es\/libro\/10246\/#breadcrumb","itemListElement":[{"@type":"ListItem","position":1,"name":"Portada","item":"https:\/\/alvarelloseditora.gal\/"},{"@type":"ListItem","position":2,"name":"Tienda","item":"https:\/\/alvarelloseditora.gal\/es\/tienda\/"},{"@type":"ListItem","position":3,"name":"O x\u00e9nero detr\u00e1s da c\u00e1mara. Identidades e narrativas na fotograf\u00eda galega contempor\u00e1nea."}]},{"@type":"WebSite","@id":"https:\/\/alvarelloseditora.gal\/#website","url":"https:\/\/alvarelloseditora.gal\/","name":"Alvarellos Editora","description":"Libros para un mundo en tr\u00e1nsito","publisher":{"@id":"https:\/\/alvarelloseditora.gal\/#organization"},"potentialAction":[{"@type":"SearchAction","target":{"@type":"EntryPoint","urlTemplate":"https:\/\/alvarelloseditora.gal\/?s={search_term_string}"},"query-input":{"@type":"PropertyValueSpecification","valueRequired":true,"valueName":"search_term_string"}}],"inLanguage":"es"},{"@type":"Organization","@id":"https:\/\/alvarelloseditora.gal\/#organization","name":"Alvarellos Editora","url":"https:\/\/alvarelloseditora.gal\/","logo":{"@type":"ImageObject","inLanguage":"es","@id":"https:\/\/alvarelloseditora.gal\/#\/schema\/logo\/image\/","url":"https:\/\/alvarelloseditora.gal\/wp-content\/uploads\/2020\/02\/alv-icon.png","contentUrl":"https:\/\/alvarelloseditora.gal\/wp-content\/uploads\/2020\/02\/alv-icon.png","width":177,"height":175,"caption":"Alvarellos Editora"},"image":{"@id":"https:\/\/alvarelloseditora.gal\/#\/schema\/logo\/image\/"},"sameAs":["https:\/\/www.facebook.com\/alvarelloseditora","https:\/\/x.com\/alvarellos_ed"]}]}},"_links":{"self":[{"href":"https:\/\/alvarelloseditora.gal\/es\/wp-json\/wp\/v2\/product\/10246","targetHints":{"allow":["GET"]}}],"collection":[{"href":"https:\/\/alvarelloseditora.gal\/es\/wp-json\/wp\/v2\/product"}],"about":[{"href":"https:\/\/alvarelloseditora.gal\/es\/wp-json\/wp\/v2\/types\/product"}],"replies":[{"embeddable":true,"href":"https:\/\/alvarelloseditora.gal\/es\/wp-json\/wp\/v2\/comments?post=10246"}],"wp:featuredmedia":[{"embeddable":true,"href":"https:\/\/alvarelloseditora.gal\/es\/wp-json\/wp\/v2\/media\/10244"}],"wp:attachment":[{"href":"https:\/\/alvarelloseditora.gal\/es\/wp-json\/wp\/v2\/media?parent=10246"}],"wp:term":[{"taxonomy":"product_brand","embeddable":true,"href":"https:\/\/alvarelloseditora.gal\/es\/wp-json\/wp\/v2\/product_brand?post=10246"},{"taxonomy":"product_cat","embeddable":true,"href":"https:\/\/alvarelloseditora.gal\/es\/wp-json\/wp\/v2\/product_cat?post=10246"},{"taxonomy":"product_tag","embeddable":true,"href":"https:\/\/alvarelloseditora.gal\/es\/wp-json\/wp\/v2\/product_tag?post=10246"}],"curies":[{"name":"wp","href":"https:\/\/api.w.org\/{rel}","templated":true}]}}