{"id":10195,"date":"2025-11-03T10:57:07","date_gmt":"2025-11-03T09:57:07","guid":{"rendered":"https:\/\/alvarelloseditora.gal\/book\/calendario-historico-de-redondela\/"},"modified":"2025-11-11T10:07:56","modified_gmt":"2025-11-11T09:07:56","slug":"calendario-historico-de-redondela","status":"publish","type":"product","link":"https:\/\/alvarelloseditora.gal\/es\/libro\/calendario-historico-de-redondela\/","title":{"rendered":"Calendario hist\u00f3rico de Redondela"},"content":{"rendered":"<p><a href=\"https:\/\/alvarelloseditora.gal\/wp-content\/uploads\/2025\/11\/NP_CAST_Calendario-Historico-Redondela-nov-2025-6.pdf\">NP_CAST_Calendario-Hist\u00f3rico-Redondela-nov-2025<\/a><\/p>\n","protected":false},"excerpt":{"rendered":"<p>Juan Migueles Fern\u00e1ndez<br \/>\n299 pp . 17,5 x 25 cms.<br \/>\nISBN 978-84-18567-85-8<br \/>\nImpreso en Papel FSC-Amigo de los Bosques<br \/>\nEl Calendario Hist\u00f3rico de Redondela (Alvarellos Editora), del divulgador cultural Juan Migueles, nos muestra de una forma diferente la historia colectiva de este municipio pontevedr\u00e9s. Organizado, a lo largo de sus 300 p\u00e1ginas, como un calendario de eventos destacados, est\u00e1 ilustrado con m\u00e1s de cien fotograf\u00edas.<br \/>\nComo se\u00f1ala Xurxo Mart\u00ednez Gonz\u00e1lez, responsable del Servicio de Normalizaci\u00f3n Ling\u00fc\u00edstica de Redondela:<br \/>\n\u00abEste volumen responde a una demanda ciudadana: conocer, de modo divulgativo y breve, riguroso y conciso, la biograf\u00eda colectiva de Redondela. La villa y las parroquias. Todas ellas configuran un espacio de vivencias, narradas y documentadas a lo largo de los siglos. La suma de tantos episodios explica parte de la identidad redondelana. La historia pol\u00edtica y deportiva, la marinera y sindical, la cient\u00edfica y migratoria, la artesanal y cultural. De esto trata este libro, y de m\u00e1s. A partir del modelo del calendario hist\u00f3rico se nos ofrecen p\u00e1ginas de la vida local con una frescura agradecida para el p\u00fablico lector. A cada d\u00eda del a\u00f1o se le asigna un dato. Un libro que deber\u00eda estar tanto en las casas de Redondela como en las de aquellos que, lejos de ella, sienten la misma emoci\u00f3n y pasi\u00f3n choqueiras\u00bb.<br \/>\nNP_CAST_Calendario-Hist\u00f3rico-Redondela-nov-2025<\/p>\n<p>&nbsp;<\/p>\n","protected":false},"featured_media":10194,"comment_status":"closed","ping_status":"closed","template":"","meta":[],"product_brand":[],"product_cat":[105],"product_tag":[],"class_list":{"0":"post-10195","1":"product","2":"type-product","3":"status-publish","4":"has-post-thumbnail","6":"product_author-juan-migueles","7":"product_cat-oeste-es","9":"first","10":"instock","11":"taxable","12":"shipping-taxable","13":"purchasable","14":"product-type-simple"},"yoast_head":"<!-- This site is optimized with the Yoast SEO plugin v27.3 - https:\/\/yoast.com\/product\/yoast-seo-wordpress\/ -->\n<title>Calendario hist\u00f3rico de Redondela - Alvarellos Editora<\/title>\n<meta name=\"description\" content=\"Calendario hist\u00f3rico de Redondela. C\u00f3mprao na tenda en li\u00f1a de Alvarellos Editora.\" \/>\n<meta name=\"robots\" content=\"index, follow, max-snippet:-1, max-image-preview:large, max-video-preview:-1\" \/>\n<link rel=\"canonical\" href=\"https:\/\/alvarelloseditora.gal\/es\/libro\/calendario-historico-de-redondela\/\" \/>\n<meta property=\"og:locale\" content=\"es_ES\" \/>\n<meta property=\"og:type\" content=\"article\" \/>\n<meta property=\"og:title\" content=\"Calendario hist\u00f3rico de Redondela - Alvarellos Editora\" \/>\n<meta property=\"og:description\" content=\"Calendario hist\u00f3rico de Redondela. C\u00f3mprao na tenda en li\u00f1a de Alvarellos Editora.\" \/>\n<meta property=\"og:url\" content=\"https:\/\/alvarelloseditora.gal\/es\/libro\/calendario-historico-de-redondela\/\" \/>\n<meta property=\"og:site_name\" content=\"Alvarellos Editora\" \/>\n<meta property=\"article:publisher\" content=\"https:\/\/www.facebook.com\/alvarelloseditora\" \/>\n<meta property=\"article:modified_time\" content=\"2025-11-11T09:07:56+00:00\" \/>\n<meta property=\"og:image\" content=\"https:\/\/alvarelloseditora.gal\/wp-content\/uploads\/2025\/11\/Calendario-historico-de-Redondela.jpg\" \/>\n\t<meta property=\"og:image:width\" content=\"549\" \/>\n\t<meta property=\"og:image:height\" content=\"790\" \/>\n\t<meta property=\"og:image:type\" content=\"image\/jpeg\" \/>\n<meta name=\"twitter:card\" content=\"summary_large_image\" \/>\n<meta name=\"twitter:site\" content=\"@alvarellos_ed\" \/>\n<meta name=\"twitter:label1\" content=\"Tiempo de lectura\" \/>\n\t<meta name=\"twitter:data1\" content=\"1 minuto\" \/>\n<!-- \/ Yoast SEO plugin. -->","yoast_head_json":{"title":"Calendario hist\u00f3rico de Redondela - Alvarellos Editora","description":"Calendario hist\u00f3rico de Redondela. C\u00f3mprao na tenda en li\u00f1a de Alvarellos Editora.","robots":{"index":"index","follow":"follow","max-snippet":"max-snippet:-1","max-image-preview":"max-image-preview:large","max-video-preview":"max-video-preview:-1"},"canonical":"https:\/\/alvarelloseditora.gal\/es\/libro\/calendario-historico-de-redondela\/","og_locale":"es_ES","og_type":"article","og_title":"Calendario hist\u00f3rico de Redondela - Alvarellos Editora","og_description":"Calendario hist\u00f3rico de Redondela. C\u00f3mprao na tenda en li\u00f1a de Alvarellos Editora.","og_url":"https:\/\/alvarelloseditora.gal\/es\/libro\/calendario-historico-de-redondela\/","og_site_name":"Alvarellos Editora","article_publisher":"https:\/\/www.facebook.com\/alvarelloseditora","article_modified_time":"2025-11-11T09:07:56+00:00","og_image":[{"width":549,"height":790,"url":"https:\/\/alvarelloseditora.gal\/wp-content\/uploads\/2025\/11\/Calendario-historico-de-Redondela.jpg","type":"image\/jpeg"}],"twitter_card":"summary_large_image","twitter_site":"@alvarellos_ed","twitter_misc":{"Tiempo de lectura":"1 minuto"},"schema":{"@context":"https:\/\/schema.org","@graph":[{"@type":["WebPage","ItemPage"],"@id":"https:\/\/alvarelloseditora.gal\/es\/libro\/calendario-historico-de-redondela\/","url":"https:\/\/alvarelloseditora.gal\/es\/libro\/calendario-historico-de-redondela\/","name":"Calendario hist\u00f3rico de Redondela - Alvarellos Editora","isPartOf":{"@id":"https:\/\/alvarelloseditora.gal\/#website"},"primaryImageOfPage":{"@id":"https:\/\/alvarelloseditora.gal\/es\/libro\/calendario-historico-de-redondela\/#primaryimage"},"image":{"@id":"https:\/\/alvarelloseditora.gal\/es\/libro\/calendario-historico-de-redondela\/#primaryimage"},"thumbnailUrl":"https:\/\/alvarelloseditora.gal\/wp-content\/uploads\/2025\/11\/Calendario-historico-de-Redondela.jpg","datePublished":"2025-11-03T09:57:07+00:00","dateModified":"2025-11-11T09:07:56+00:00","description":"Calendario hist\u00f3rico de Redondela. C\u00f3mprao na tenda en li\u00f1a de Alvarellos Editora.","breadcrumb":{"@id":"https:\/\/alvarelloseditora.gal\/es\/libro\/calendario-historico-de-redondela\/#breadcrumb"},"inLanguage":"es","potentialAction":[{"@type":"ReadAction","target":["https:\/\/alvarelloseditora.gal\/es\/libro\/calendario-historico-de-redondela\/"]}]},{"@type":"ImageObject","inLanguage":"es","@id":"https:\/\/alvarelloseditora.gal\/es\/libro\/calendario-historico-de-redondela\/#primaryimage","url":"https:\/\/alvarelloseditora.gal\/wp-content\/uploads\/2025\/11\/Calendario-historico-de-Redondela.jpg","contentUrl":"https:\/\/alvarelloseditora.gal\/wp-content\/uploads\/2025\/11\/Calendario-historico-de-Redondela.jpg","width":549,"height":790},{"@type":"BreadcrumbList","@id":"https:\/\/alvarelloseditora.gal\/es\/libro\/calendario-historico-de-redondela\/#breadcrumb","itemListElement":[{"@type":"ListItem","position":1,"name":"Portada","item":"https:\/\/alvarelloseditora.gal\/"},{"@type":"ListItem","position":2,"name":"Tienda","item":"https:\/\/alvarelloseditora.gal\/es\/tienda\/"},{"@type":"ListItem","position":3,"name":"Calendario hist\u00f3rico de Redondela"}]},{"@type":"WebSite","@id":"https:\/\/alvarelloseditora.gal\/#website","url":"https:\/\/alvarelloseditora.gal\/","name":"Alvarellos Editora","description":"Libros para un mundo en tr\u00e1nsito","publisher":{"@id":"https:\/\/alvarelloseditora.gal\/#organization"},"potentialAction":[{"@type":"SearchAction","target":{"@type":"EntryPoint","urlTemplate":"https:\/\/alvarelloseditora.gal\/?s={search_term_string}"},"query-input":{"@type":"PropertyValueSpecification","valueRequired":true,"valueName":"search_term_string"}}],"inLanguage":"es"},{"@type":"Organization","@id":"https:\/\/alvarelloseditora.gal\/#organization","name":"Alvarellos Editora","url":"https:\/\/alvarelloseditora.gal\/","logo":{"@type":"ImageObject","inLanguage":"es","@id":"https:\/\/alvarelloseditora.gal\/#\/schema\/logo\/image\/","url":"https:\/\/alvarelloseditora.gal\/wp-content\/uploads\/2020\/02\/alv-icon.png","contentUrl":"https:\/\/alvarelloseditora.gal\/wp-content\/uploads\/2020\/02\/alv-icon.png","width":177,"height":175,"caption":"Alvarellos Editora"},"image":{"@id":"https:\/\/alvarelloseditora.gal\/#\/schema\/logo\/image\/"},"sameAs":["https:\/\/www.facebook.com\/alvarelloseditora","https:\/\/x.com\/alvarellos_ed"]}]}},"_links":{"self":[{"href":"https:\/\/alvarelloseditora.gal\/es\/wp-json\/wp\/v2\/product\/10195","targetHints":{"allow":["GET"]}}],"collection":[{"href":"https:\/\/alvarelloseditora.gal\/es\/wp-json\/wp\/v2\/product"}],"about":[{"href":"https:\/\/alvarelloseditora.gal\/es\/wp-json\/wp\/v2\/types\/product"}],"replies":[{"embeddable":true,"href":"https:\/\/alvarelloseditora.gal\/es\/wp-json\/wp\/v2\/comments?post=10195"}],"wp:featuredmedia":[{"embeddable":true,"href":"https:\/\/alvarelloseditora.gal\/es\/wp-json\/wp\/v2\/media\/10194"}],"wp:attachment":[{"href":"https:\/\/alvarelloseditora.gal\/es\/wp-json\/wp\/v2\/media?parent=10195"}],"wp:term":[{"taxonomy":"product_brand","embeddable":true,"href":"https:\/\/alvarelloseditora.gal\/es\/wp-json\/wp\/v2\/product_brand?post=10195"},{"taxonomy":"product_cat","embeddable":true,"href":"https:\/\/alvarelloseditora.gal\/es\/wp-json\/wp\/v2\/product_cat?post=10195"},{"taxonomy":"product_tag","embeddable":true,"href":"https:\/\/alvarelloseditora.gal\/es\/wp-json\/wp\/v2\/product_tag?post=10195"}],"curies":[{"name":"wp","href":"https:\/\/api.w.org\/{rel}","templated":true}]}}