{"id":10141,"date":"2025-11-11T09:51:03","date_gmt":"2025-11-11T08:51:03","guid":{"rendered":"https:\/\/alvarelloseditora.gal\/book\/maria-vazquez-a-mestra-socialista-eliminada-polo-franquismo\/"},"modified":"2025-09-26T10:01:27","modified_gmt":"2025-09-26T08:01:27","slug":"maria-vazquez-a-mestra-socialista-eliminada-polo-franquismo","status":"publish","type":"product","link":"https:\/\/alvarelloseditora.gal\/es\/libro\/maria-vazquez-a-mestra-socialista-eliminada-polo-franquismo\/","title":{"rendered":"Mar\u00eda V\u00e1zquez, a mestra socialista eliminada polo franquismo"},"content":{"rendered":"<p><a href=\"https:\/\/alvarelloseditora.gal\/wp-content\/uploads\/2025\/09\/NP_GAL_Maria_Vazquez_mestra_set-2025.pdf\">NP_GAL_Mar\u00eda_V\u00e1zquez_mestra_set-2025<\/a><\/p>\n","protected":false},"excerpt":{"rendered":"<p>Aurora Marco<br \/>\n272 pp . 13 x 23 cms.<br \/>\nISBN 978-84-18567-84-1<br \/>\nPAPEL FSC Amigo de los Bosques<\/p>\n<p>Aurora Marco, catedr\u00e1tica de la Universidade de Santiago de Compostela y especialisa en la recuperaci\u00f3n de la memoria de mujeres gallegas, especialmente las represaliadas, rescata del olvido la figura de la maestra Mar\u00eda V\u00e1zquez Su\u00e1rez (Santiago, 1894-Pontedeume, [?], 1936).<\/p>\n<p>Un ensayo de 272 p\u00e1ginas que aporta hasta cien fotograf\u00edas y documentos hist\u00f3ricos, la mayor parte de ellos, desconocidos.<\/p>\n<p>Relata la autora en el Pr\u00f3logo:<\/p>\n<p>\u00abAquel 19 de agosto de 1936 resoaron na noite os disparos que acabaron coa vida dunha mestra vocacional, dunha renovadora pedag\u00f3xica, dunha muller progresista, militante socialista, afervoada defensora dos dereitos femininos, (&#8230;) No per\u00edodo republicano, as mestras tiveron un papel capital, como os mestres. O que acontece \u00e9 que as s\u00faas achegas, e at\u00e9 os seus nomes, ficaron con moita frecuencia invisibilizados\u00bb.<\/p>\n<p>Nacida en Compostela, con ra\u00edces en Sober, estudi\u00f3 Magisterio en A Coru\u00f1a, maestra en A Pobra do Carami\u00f1al y en Mi\u00f1o, y enterrada en Pontedeume.<br \/>\nTantos a\u00f1os despu\u00e9s, estas p\u00e1ginas son memoria reparadora, lucha contra el olvido.<\/p>\n<p>Al final de este ensayo se incorpora el lamentable expediente de depuraci\u00f3n, abierto cuatro a\u00f1os despu\u00e9s de su asesinato.<\/p>\n","protected":false},"featured_media":10136,"comment_status":"closed","ping_status":"closed","template":"","meta":[],"product_brand":[],"product_cat":[105],"product_tag":[1086,1087,1042,1369,1524],"class_list":{"0":"post-10141","1":"product","2":"type-product","3":"status-publish","4":"has-post-thumbnail","6":"product_author-aurora-marco","7":"product_cat-oeste-es","8":"product_tag-franquismo-es","9":"product_tag-guerra-civil-es","10":"product_tag-libros-con-memoria-es","11":"product_tag-memoria-historica-es","12":"product_tag-republica-es","14":"first","15":"instock","16":"taxable","17":"shipping-taxable","18":"purchasable","19":"product-type-simple"},"yoast_head":"<!-- This site is optimized with the Yoast SEO plugin v27.3 - https:\/\/yoast.com\/product\/yoast-seo-wordpress\/ -->\n<title>Mar\u00eda V\u00e1zquez, a mestra socialista eliminada polo franquismo - Alvarellos Editora<\/title>\n<meta name=\"description\" content=\"Mar\u00eda V\u00e1zquez, a mestra socialista eliminada polo franquismo. C\u00f3mprao na tenda en li\u00f1a de Alvarellos Editora.\" \/>\n<meta name=\"robots\" content=\"index, follow, max-snippet:-1, max-image-preview:large, max-video-preview:-1\" \/>\n<link rel=\"canonical\" href=\"https:\/\/alvarelloseditora.gal\/es\/libro\/maria-vazquez-a-mestra-socialista-eliminada-polo-franquismo\/\" \/>\n<meta property=\"og:locale\" content=\"es_ES\" \/>\n<meta property=\"og:type\" content=\"article\" \/>\n<meta property=\"og:title\" content=\"Mar\u00eda V\u00e1zquez, a mestra socialista eliminada polo franquismo - Alvarellos Editora\" \/>\n<meta property=\"og:description\" content=\"Mar\u00eda V\u00e1zquez, a mestra socialista eliminada polo franquismo. C\u00f3mprao na tenda en li\u00f1a de Alvarellos Editora.\" \/>\n<meta property=\"og:url\" content=\"https:\/\/alvarelloseditora.gal\/es\/libro\/maria-vazquez-a-mestra-socialista-eliminada-polo-franquismo\/\" \/>\n<meta property=\"og:site_name\" content=\"Alvarellos Editora\" \/>\n<meta property=\"article:publisher\" content=\"https:\/\/www.facebook.com\/alvarelloseditora\" \/>\n<meta property=\"og:image\" content=\"https:\/\/alvarelloseditora.gal\/wp-content\/uploads\/2025\/09\/Maria-Vazquez-a-mestra-socialista.CAPA-Alvarellos-ed-2025-scaled.jpg\" \/>\n\t<meta property=\"og:image:width\" content=\"1457\" \/>\n\t<meta property=\"og:image:height\" content=\"2560\" \/>\n\t<meta property=\"og:image:type\" content=\"image\/jpeg\" \/>\n<meta name=\"twitter:card\" content=\"summary_large_image\" \/>\n<meta name=\"twitter:site\" content=\"@alvarellos_ed\" \/>\n<meta name=\"twitter:label1\" content=\"Tiempo de lectura\" \/>\n\t<meta name=\"twitter:data1\" content=\"1 minuto\" \/>\n<!-- \/ Yoast SEO plugin. -->","yoast_head_json":{"title":"Mar\u00eda V\u00e1zquez, a mestra socialista eliminada polo franquismo - Alvarellos Editora","description":"Mar\u00eda V\u00e1zquez, a mestra socialista eliminada polo franquismo. C\u00f3mprao na tenda en li\u00f1a de Alvarellos Editora.","robots":{"index":"index","follow":"follow","max-snippet":"max-snippet:-1","max-image-preview":"max-image-preview:large","max-video-preview":"max-video-preview:-1"},"canonical":"https:\/\/alvarelloseditora.gal\/es\/libro\/maria-vazquez-a-mestra-socialista-eliminada-polo-franquismo\/","og_locale":"es_ES","og_type":"article","og_title":"Mar\u00eda V\u00e1zquez, a mestra socialista eliminada polo franquismo - Alvarellos Editora","og_description":"Mar\u00eda V\u00e1zquez, a mestra socialista eliminada polo franquismo. C\u00f3mprao na tenda en li\u00f1a de Alvarellos Editora.","og_url":"https:\/\/alvarelloseditora.gal\/es\/libro\/maria-vazquez-a-mestra-socialista-eliminada-polo-franquismo\/","og_site_name":"Alvarellos Editora","article_publisher":"https:\/\/www.facebook.com\/alvarelloseditora","og_image":[{"width":1457,"height":2560,"url":"https:\/\/alvarelloseditora.gal\/wp-content\/uploads\/2025\/09\/Maria-Vazquez-a-mestra-socialista.CAPA-Alvarellos-ed-2025-scaled.jpg","type":"image\/jpeg"}],"twitter_card":"summary_large_image","twitter_site":"@alvarellos_ed","twitter_misc":{"Tiempo de lectura":"1 minuto"},"schema":{"@context":"https:\/\/schema.org","@graph":[{"@type":["WebPage","ItemPage"],"@id":"https:\/\/alvarelloseditora.gal\/es\/libro\/maria-vazquez-a-mestra-socialista-eliminada-polo-franquismo\/","url":"https:\/\/alvarelloseditora.gal\/es\/libro\/maria-vazquez-a-mestra-socialista-eliminada-polo-franquismo\/","name":"Mar\u00eda V\u00e1zquez, a mestra socialista eliminada polo franquismo - Alvarellos Editora","isPartOf":{"@id":"https:\/\/alvarelloseditora.gal\/#website"},"primaryImageOfPage":{"@id":"https:\/\/alvarelloseditora.gal\/es\/libro\/maria-vazquez-a-mestra-socialista-eliminada-polo-franquismo\/#primaryimage"},"image":{"@id":"https:\/\/alvarelloseditora.gal\/es\/libro\/maria-vazquez-a-mestra-socialista-eliminada-polo-franquismo\/#primaryimage"},"thumbnailUrl":"https:\/\/alvarelloseditora.gal\/wp-content\/uploads\/2025\/09\/Maria-Vazquez-a-mestra-socialista.CAPA-Alvarellos-ed-2025-scaled.jpg","datePublished":"2025-11-11T08:51:03+00:00","description":"Mar\u00eda V\u00e1zquez, a mestra socialista eliminada polo franquismo. C\u00f3mprao na tenda en li\u00f1a de Alvarellos Editora.","breadcrumb":{"@id":"https:\/\/alvarelloseditora.gal\/es\/libro\/maria-vazquez-a-mestra-socialista-eliminada-polo-franquismo\/#breadcrumb"},"inLanguage":"es","potentialAction":[{"@type":"ReadAction","target":["https:\/\/alvarelloseditora.gal\/es\/libro\/maria-vazquez-a-mestra-socialista-eliminada-polo-franquismo\/"]}]},{"@type":"ImageObject","inLanguage":"es","@id":"https:\/\/alvarelloseditora.gal\/es\/libro\/maria-vazquez-a-mestra-socialista-eliminada-polo-franquismo\/#primaryimage","url":"https:\/\/alvarelloseditora.gal\/wp-content\/uploads\/2025\/09\/Maria-Vazquez-a-mestra-socialista.CAPA-Alvarellos-ed-2025-scaled.jpg","contentUrl":"https:\/\/alvarelloseditora.gal\/wp-content\/uploads\/2025\/09\/Maria-Vazquez-a-mestra-socialista.CAPA-Alvarellos-ed-2025-scaled.jpg","width":1457,"height":2560},{"@type":"BreadcrumbList","@id":"https:\/\/alvarelloseditora.gal\/es\/libro\/maria-vazquez-a-mestra-socialista-eliminada-polo-franquismo\/#breadcrumb","itemListElement":[{"@type":"ListItem","position":1,"name":"Portada","item":"https:\/\/alvarelloseditora.gal\/"},{"@type":"ListItem","position":2,"name":"Tienda","item":"https:\/\/alvarelloseditora.gal\/es\/tienda\/"},{"@type":"ListItem","position":3,"name":"Mar\u00eda V\u00e1zquez, a mestra socialista eliminada polo franquismo"}]},{"@type":"WebSite","@id":"https:\/\/alvarelloseditora.gal\/#website","url":"https:\/\/alvarelloseditora.gal\/","name":"Alvarellos Editora","description":"Libros para un mundo en tr\u00e1nsito","publisher":{"@id":"https:\/\/alvarelloseditora.gal\/#organization"},"potentialAction":[{"@type":"SearchAction","target":{"@type":"EntryPoint","urlTemplate":"https:\/\/alvarelloseditora.gal\/?s={search_term_string}"},"query-input":{"@type":"PropertyValueSpecification","valueRequired":true,"valueName":"search_term_string"}}],"inLanguage":"es"},{"@type":"Organization","@id":"https:\/\/alvarelloseditora.gal\/#organization","name":"Alvarellos Editora","url":"https:\/\/alvarelloseditora.gal\/","logo":{"@type":"ImageObject","inLanguage":"es","@id":"https:\/\/alvarelloseditora.gal\/#\/schema\/logo\/image\/","url":"https:\/\/alvarelloseditora.gal\/wp-content\/uploads\/2020\/02\/alv-icon.png","contentUrl":"https:\/\/alvarelloseditora.gal\/wp-content\/uploads\/2020\/02\/alv-icon.png","width":177,"height":175,"caption":"Alvarellos Editora"},"image":{"@id":"https:\/\/alvarelloseditora.gal\/#\/schema\/logo\/image\/"},"sameAs":["https:\/\/www.facebook.com\/alvarelloseditora","https:\/\/x.com\/alvarellos_ed"]}]}},"_links":{"self":[{"href":"https:\/\/alvarelloseditora.gal\/es\/wp-json\/wp\/v2\/product\/10141","targetHints":{"allow":["GET"]}}],"collection":[{"href":"https:\/\/alvarelloseditora.gal\/es\/wp-json\/wp\/v2\/product"}],"about":[{"href":"https:\/\/alvarelloseditora.gal\/es\/wp-json\/wp\/v2\/types\/product"}],"replies":[{"embeddable":true,"href":"https:\/\/alvarelloseditora.gal\/es\/wp-json\/wp\/v2\/comments?post=10141"}],"wp:featuredmedia":[{"embeddable":true,"href":"https:\/\/alvarelloseditora.gal\/es\/wp-json\/wp\/v2\/media\/10136"}],"wp:attachment":[{"href":"https:\/\/alvarelloseditora.gal\/es\/wp-json\/wp\/v2\/media?parent=10141"}],"wp:term":[{"taxonomy":"product_brand","embeddable":true,"href":"https:\/\/alvarelloseditora.gal\/es\/wp-json\/wp\/v2\/product_brand?post=10141"},{"taxonomy":"product_cat","embeddable":true,"href":"https:\/\/alvarelloseditora.gal\/es\/wp-json\/wp\/v2\/product_cat?post=10141"},{"taxonomy":"product_tag","embeddable":true,"href":"https:\/\/alvarelloseditora.gal\/es\/wp-json\/wp\/v2\/product_tag?post=10141"}],"curies":[{"name":"wp","href":"https:\/\/api.w.org\/{rel}","templated":true}]}}