{"id":10106,"date":"2025-07-05T11:52:17","date_gmt":"2025-07-05T09:52:17","guid":{"rendered":"https:\/\/alvarelloseditora.gal\/book\/historia-do-antigo-concello-de-conxo\/"},"modified":"2025-09-26T10:15:48","modified_gmt":"2025-09-26T08:15:48","slug":"historia-do-antigo-concello-de-conxo","status":"publish","type":"product","link":"https:\/\/alvarelloseditora.gal\/es\/libro\/historia-do-antigo-concello-de-conxo\/","title":{"rendered":"Historia do antigo concello de Conxo"},"content":{"rendered":"<p><a href=\"https:\/\/alvarelloseditora.gal\/wp-content\/uploads\/2025\/09\/NP-GAL-Historia-Concello-Conxo-set-2025.pdf\">NP-GAL-Historia-Concello-Conxo-set-2025<\/a><\/p>\n<p><a href=\"https:\/\/alvarelloseditora.gal\/wp-content\/uploads\/2025\/09\/Ler-primeiras-paxinas-Historia-antigo-concello-Conxo.pdf\">Ler-primeiras-p\u00e1xinas-Historia-antigo-concello-Conxo<\/a><\/p>\n<p><a href=\"https:\/\/alvarelloseditora.gal\/wp-content\/uploads\/2025\/09\/Biografias-de-autores-e-autoras.pdf\">Biograf\u00edas-de-autores-e-autoras<\/a><\/p>\n","protected":false},"excerpt":{"rendered":"<p>Rafael Garc\u00eda Ferreira (ed.)<br \/>\nP\u00e1xinas: 206. Formato 15,5 x 23 cms.<br \/>\nISBN 978-84-18567-83-4<br \/>\nImpreso en Papel FSC Amigo dos Bosques.<\/p>\n<p>Dez especialistas reconstr\u00faen os noventa anos (entre 1835 e 1925) nos que o hist\u00f3rico barrio de Conxo, ao sur de Santiago de Compostela, foi municipio independente.<\/p>\n<p>Historia do antigo concello de Conxo \u00e9 o t\u00edtulo desta nova obra colectiva, coordinada polo historiador Rafael Garc\u00eda Ferreira e coeditada polo Consorcio de Santiago e Alvarellos Editora que sae \u00e1 venda en setembro de 2025, coincidindo cos cen anos da anexi\u00f3n de Conxo a Santiago de Compostela.<\/p>\n<p>O hist\u00f3rico barrio de Conxo, ao sur da cidade, foi concello independente durante case un s\u00e9culo, entre 1835 e 1925. Da s\u00faa estaci\u00f3n de ferrocarril partiu a primeira li\u00f1a de tren de Galicia e nel naceu a fundadora da literatura galega moderna, Rosal\u00eda de Castro. Conxo protagonizar\u00eda loitas imprescindibles para entender hoxe a mellora das condici\u00f3ns de vida da clase traballadora, dende o Banquete democr\u00e1tico de 1856 ata os movementos obreiros de 1898, pasando pola creaci\u00f3n e mantemento da s\u00faa Sociedade Ben\u00e9fica.<\/p>\n<p>Ademais, o Conxo hist\u00f3rico das oito parroquias mant\u00e9n un valios\u00edsimo patrimonio, con tesouros \u00fanicos: a memoria milenaria do seu petr\u00f3glifo e castro, o rom\u00e1nico do seu antigo mosteiro, o barroco da actual igrexa parroquial, ou a fortaleza da Rocha, s\u00edmbolo das loitas dos irmandi\u00f1os contra os se\u00f1ores feudais.<\/p>\n<p>De todo isto, e tam\u00e9n da vida coti\u00e1 no concello, do seu asociacionismo, e do papel das mulleres, trata este valioso volume.<\/p>\n<p>NOVOS TRABALLOS DE INVESTIGACI\u00d3N<\/p>\n<p>Participan dez especialistas con novos traballos de investigaci\u00f3n, historiadores e historiadoras que levan a cabo unha reconstruci\u00f3n honesta e documentada dos noventa anos nos que Conxo foi independente. O obxectivo, como afirma o seu coordinador, Rafael Garc\u00eda Ferreira, \u00e9 transmitir os feitos con fidelidade e lectura cr\u00edtica do pasado. A obra incl\u00fae a publicaci\u00f3n de 50 fotograf\u00edas e documentaci\u00f3n hist\u00f3rica, unha parte dela moi desco\u00f1ecida.<\/p>\n<p>NP-GAL-Historia-Concello-Conxo-set-2025<\/p>\n<p>Ler-primeiras-p\u00e1xinas-Historia-antigo-concello-Conxo<\/p>\n<p>AUTOR\u00cdA<\/p>\n<p>Francisco Alonso Toucido<br \/>\nConchi L\u00f3pez S\u00e1nchez<br \/>\nAlfonso Iglesias Amor\u00edn<br \/>\nNoelia Vali\u00f1o V\u00e1zquez<br \/>\nAna P\u00e9rez Varela<br \/>\nEncarna Otero Cepeda<br \/>\nMiguel Cabo Villaverde<br \/>\nDaniel Lanero T\u00e1boas<br \/>\nAntonio M\u00edguez Macho<br \/>\nRafael Garc\u00eda Ferreira (ed.)<\/p>\n<p>Biograf\u00edas-de-autores-e-autoras<\/p>\n","protected":false},"featured_media":10113,"comment_status":"closed","ping_status":"closed","template":"","meta":[],"product_brand":[],"product_cat":[105],"product_tag":[1045],"class_list":{"0":"post-10106","1":"product","2":"type-product","3":"status-publish","4":"has-post-thumbnail","6":"product_author-rafael-garcia-ferreira-ed","7":"product_cat-oeste-es","8":"product_tag-santiago-de-compostela-y-el-camino","10":"first","11":"instock","12":"taxable","13":"shipping-taxable","14":"purchasable","15":"product-type-simple"},"yoast_head":"<!-- This site is optimized with the Yoast SEO plugin v27.3 - https:\/\/yoast.com\/product\/yoast-seo-wordpress\/ -->\n<title>Historia do antigo concello de Conxo - Alvarellos Editora<\/title>\n<meta name=\"description\" content=\"Historia do antigo concello de Conxo. C\u00f3mprao na tenda en li\u00f1a de Alvarellos Editora.\" \/>\n<meta name=\"robots\" content=\"index, follow, max-snippet:-1, max-image-preview:large, max-video-preview:-1\" \/>\n<link rel=\"canonical\" href=\"https:\/\/alvarelloseditora.gal\/es\/libro\/historia-do-antigo-concello-de-conxo\/\" \/>\n<meta property=\"og:locale\" content=\"es_ES\" \/>\n<meta property=\"og:type\" content=\"article\" \/>\n<meta property=\"og:title\" content=\"Historia do antigo concello de Conxo - Alvarellos Editora\" \/>\n<meta property=\"og:description\" content=\"Historia do antigo concello de Conxo. C\u00f3mprao na tenda en li\u00f1a de Alvarellos Editora.\" \/>\n<meta property=\"og:url\" content=\"https:\/\/alvarelloseditora.gal\/es\/libro\/historia-do-antigo-concello-de-conxo\/\" \/>\n<meta property=\"og:site_name\" content=\"Alvarellos Editora\" \/>\n<meta property=\"article:publisher\" content=\"https:\/\/www.facebook.com\/alvarelloseditora\" \/>\n<meta property=\"article:modified_time\" content=\"2025-09-26T08:15:48+00:00\" \/>\n<meta property=\"og:image\" content=\"https:\/\/alvarelloseditora.gal\/wp-content\/uploads\/2025\/09\/Historia-antigo-concello-conxo-2025-scaled.jpg\" \/>\n\t<meta property=\"og:image:width\" content=\"1648\" \/>\n\t<meta property=\"og:image:height\" content=\"2560\" \/>\n\t<meta property=\"og:image:type\" content=\"image\/jpeg\" \/>\n<meta name=\"twitter:card\" content=\"summary_large_image\" \/>\n<meta name=\"twitter:site\" content=\"@alvarellos_ed\" \/>\n<meta name=\"twitter:label1\" content=\"Tiempo de lectura\" \/>\n\t<meta name=\"twitter:data1\" content=\"1 minuto\" \/>\n<!-- \/ Yoast SEO plugin. -->","yoast_head_json":{"title":"Historia do antigo concello de Conxo - Alvarellos Editora","description":"Historia do antigo concello de Conxo. C\u00f3mprao na tenda en li\u00f1a de Alvarellos Editora.","robots":{"index":"index","follow":"follow","max-snippet":"max-snippet:-1","max-image-preview":"max-image-preview:large","max-video-preview":"max-video-preview:-1"},"canonical":"https:\/\/alvarelloseditora.gal\/es\/libro\/historia-do-antigo-concello-de-conxo\/","og_locale":"es_ES","og_type":"article","og_title":"Historia do antigo concello de Conxo - Alvarellos Editora","og_description":"Historia do antigo concello de Conxo. C\u00f3mprao na tenda en li\u00f1a de Alvarellos Editora.","og_url":"https:\/\/alvarelloseditora.gal\/es\/libro\/historia-do-antigo-concello-de-conxo\/","og_site_name":"Alvarellos Editora","article_publisher":"https:\/\/www.facebook.com\/alvarelloseditora","article_modified_time":"2025-09-26T08:15:48+00:00","og_image":[{"width":1648,"height":2560,"url":"https:\/\/alvarelloseditora.gal\/wp-content\/uploads\/2025\/09\/Historia-antigo-concello-conxo-2025-scaled.jpg","type":"image\/jpeg"}],"twitter_card":"summary_large_image","twitter_site":"@alvarellos_ed","twitter_misc":{"Tiempo de lectura":"1 minuto"},"schema":{"@context":"https:\/\/schema.org","@graph":[{"@type":["WebPage","ItemPage"],"@id":"https:\/\/alvarelloseditora.gal\/es\/libro\/historia-do-antigo-concello-de-conxo\/","url":"https:\/\/alvarelloseditora.gal\/es\/libro\/historia-do-antigo-concello-de-conxo\/","name":"Historia do antigo concello de Conxo - Alvarellos Editora","isPartOf":{"@id":"https:\/\/alvarelloseditora.gal\/#website"},"primaryImageOfPage":{"@id":"https:\/\/alvarelloseditora.gal\/es\/libro\/historia-do-antigo-concello-de-conxo\/#primaryimage"},"image":{"@id":"https:\/\/alvarelloseditora.gal\/es\/libro\/historia-do-antigo-concello-de-conxo\/#primaryimage"},"thumbnailUrl":"https:\/\/alvarelloseditora.gal\/wp-content\/uploads\/2025\/09\/Historia-antigo-concello-conxo-2025-scaled.jpg","datePublished":"2025-07-05T09:52:17+00:00","dateModified":"2025-09-26T08:15:48+00:00","description":"Historia do antigo concello de Conxo. C\u00f3mprao na tenda en li\u00f1a de Alvarellos Editora.","breadcrumb":{"@id":"https:\/\/alvarelloseditora.gal\/es\/libro\/historia-do-antigo-concello-de-conxo\/#breadcrumb"},"inLanguage":"es","potentialAction":[{"@type":"ReadAction","target":["https:\/\/alvarelloseditora.gal\/es\/libro\/historia-do-antigo-concello-de-conxo\/"]}]},{"@type":"ImageObject","inLanguage":"es","@id":"https:\/\/alvarelloseditora.gal\/es\/libro\/historia-do-antigo-concello-de-conxo\/#primaryimage","url":"https:\/\/alvarelloseditora.gal\/wp-content\/uploads\/2025\/09\/Historia-antigo-concello-conxo-2025-scaled.jpg","contentUrl":"https:\/\/alvarelloseditora.gal\/wp-content\/uploads\/2025\/09\/Historia-antigo-concello-conxo-2025-scaled.jpg","width":1648,"height":2560},{"@type":"BreadcrumbList","@id":"https:\/\/alvarelloseditora.gal\/es\/libro\/historia-do-antigo-concello-de-conxo\/#breadcrumb","itemListElement":[{"@type":"ListItem","position":1,"name":"Portada","item":"https:\/\/alvarelloseditora.gal\/"},{"@type":"ListItem","position":2,"name":"Tienda","item":"https:\/\/alvarelloseditora.gal\/es\/tienda\/"},{"@type":"ListItem","position":3,"name":"Historia do antigo concello de Conxo"}]},{"@type":"WebSite","@id":"https:\/\/alvarelloseditora.gal\/#website","url":"https:\/\/alvarelloseditora.gal\/","name":"Alvarellos Editora","description":"Libros para un mundo en tr\u00e1nsito","publisher":{"@id":"https:\/\/alvarelloseditora.gal\/#organization"},"potentialAction":[{"@type":"SearchAction","target":{"@type":"EntryPoint","urlTemplate":"https:\/\/alvarelloseditora.gal\/?s={search_term_string}"},"query-input":{"@type":"PropertyValueSpecification","valueRequired":true,"valueName":"search_term_string"}}],"inLanguage":"es"},{"@type":"Organization","@id":"https:\/\/alvarelloseditora.gal\/#organization","name":"Alvarellos Editora","url":"https:\/\/alvarelloseditora.gal\/","logo":{"@type":"ImageObject","inLanguage":"es","@id":"https:\/\/alvarelloseditora.gal\/#\/schema\/logo\/image\/","url":"https:\/\/alvarelloseditora.gal\/wp-content\/uploads\/2020\/02\/alv-icon.png","contentUrl":"https:\/\/alvarelloseditora.gal\/wp-content\/uploads\/2020\/02\/alv-icon.png","width":177,"height":175,"caption":"Alvarellos Editora"},"image":{"@id":"https:\/\/alvarelloseditora.gal\/#\/schema\/logo\/image\/"},"sameAs":["https:\/\/www.facebook.com\/alvarelloseditora","https:\/\/x.com\/alvarellos_ed"]}]}},"_links":{"self":[{"href":"https:\/\/alvarelloseditora.gal\/es\/wp-json\/wp\/v2\/product\/10106","targetHints":{"allow":["GET"]}}],"collection":[{"href":"https:\/\/alvarelloseditora.gal\/es\/wp-json\/wp\/v2\/product"}],"about":[{"href":"https:\/\/alvarelloseditora.gal\/es\/wp-json\/wp\/v2\/types\/product"}],"replies":[{"embeddable":true,"href":"https:\/\/alvarelloseditora.gal\/es\/wp-json\/wp\/v2\/comments?post=10106"}],"wp:featuredmedia":[{"embeddable":true,"href":"https:\/\/alvarelloseditora.gal\/es\/wp-json\/wp\/v2\/media\/10113"}],"wp:attachment":[{"href":"https:\/\/alvarelloseditora.gal\/es\/wp-json\/wp\/v2\/media?parent=10106"}],"wp:term":[{"taxonomy":"product_brand","embeddable":true,"href":"https:\/\/alvarelloseditora.gal\/es\/wp-json\/wp\/v2\/product_brand?post=10106"},{"taxonomy":"product_cat","embeddable":true,"href":"https:\/\/alvarelloseditora.gal\/es\/wp-json\/wp\/v2\/product_cat?post=10106"},{"taxonomy":"product_tag","embeddable":true,"href":"https:\/\/alvarelloseditora.gal\/es\/wp-json\/wp\/v2\/product_tag?post=10106"}],"curies":[{"name":"wp","href":"https:\/\/api.w.org\/{rel}","templated":true}]}}