{"id":10025,"date":"2025-07-24T12:21:12","date_gmt":"2025-07-24T10:21:12","guid":{"rendered":"https:\/\/alvarelloseditora.gal\/book\/a-coruna-memoria-de-mar\/"},"modified":"2025-07-30T14:16:23","modified_gmt":"2025-07-30T12:16:23","slug":"a-coruna-memoria-de-mar","status":"publish","type":"product","link":"https:\/\/alvarelloseditora.gal\/es\/libro\/a-coruna-memoria-de-mar\/","title":{"rendered":"A Coru\u00f1a, memoria de mar [Fotograf\u00eda hist\u00f3rica en once postales]"},"content":{"rendered":"<p><a href=\"https:\/\/alvarelloseditora.gal\/wp-content\/uploads\/2025\/07\/NP_GAL_ESP_CORUNA_MEMORIA_DE_MAR_2025.pdf\">NP_GAL_ESP_CORU\u00d1A_MEMORIA_DE_MAR_2025<\/a><\/p>\n<p><img loading=\"lazy\" decoding=\"async\" class=\"alignnone size-medium wp-image-10027\" src=\"https:\/\/alvarelloseditora.gal\/wp-content\/uploads\/2025\/07\/A-Coruna-Memoria-de-Mar-PROMO-900x699.jpg\" alt=\"\" width=\"900\" height=\"699\" srcset=\"https:\/\/alvarelloseditora.gal\/wp-content\/uploads\/2025\/07\/A-Coruna-Memoria-de-Mar-PROMO-900x699.jpg 900w, https:\/\/alvarelloseditora.gal\/wp-content\/uploads\/2025\/07\/A-Coruna-Memoria-de-Mar-PROMO-160x124.jpg 160w, https:\/\/alvarelloseditora.gal\/wp-content\/uploads\/2025\/07\/A-Coruna-Memoria-de-Mar-PROMO-768x596.jpg 768w, https:\/\/alvarelloseditora.gal\/wp-content\/uploads\/2025\/07\/A-Coruna-Memoria-de-Mar-PROMO-1536x1193.jpg 1536w, https:\/\/alvarelloseditora.gal\/wp-content\/uploads\/2025\/07\/A-Coruna-Memoria-de-Mar-PROMO-2048x1590.jpg 2048w, https:\/\/alvarelloseditora.gal\/wp-content\/uploads\/2025\/07\/A-Coruna-Memoria-de-Mar-PROMO-330x256.jpg 330w, https:\/\/alvarelloseditora.gal\/wp-content\/uploads\/2025\/07\/A-Coruna-Memoria-de-Mar-PROMO-600x466.jpg 600w\" sizes=\"auto, (max-width: 900px) 100vw, 900px\" \/><\/p>\n<p>&nbsp;<\/p>\n<p><img loading=\"lazy\" decoding=\"async\" class=\"alignnone size-medium wp-image-10033\" src=\"https:\/\/alvarelloseditora.gal\/wp-content\/uploads\/2025\/07\/Promo-todas-Coruna-BX-900x786.jpg\" alt=\"\" width=\"900\" height=\"786\" srcset=\"https:\/\/alvarelloseditora.gal\/wp-content\/uploads\/2025\/07\/Promo-todas-Coruna-BX-900x786.jpg 900w, https:\/\/alvarelloseditora.gal\/wp-content\/uploads\/2025\/07\/Promo-todas-Coruna-BX-160x140.jpg 160w, https:\/\/alvarelloseditora.gal\/wp-content\/uploads\/2025\/07\/Promo-todas-Coruna-BX-768x671.jpg 768w, https:\/\/alvarelloseditora.gal\/wp-content\/uploads\/2025\/07\/Promo-todas-Coruna-BX-1536x1342.jpg 1536w, https:\/\/alvarelloseditora.gal\/wp-content\/uploads\/2025\/07\/Promo-todas-Coruna-BX-2048x1789.jpg 2048w, https:\/\/alvarelloseditora.gal\/wp-content\/uploads\/2025\/07\/Promo-todas-Coruna-BX-330x288.jpg 330w, https:\/\/alvarelloseditora.gal\/wp-content\/uploads\/2025\/07\/Promo-todas-Coruna-BX-600x524.jpg 600w\" sizes=\"auto, (max-width: 900px) 100vw, 900px\" \/><\/p>\n","protected":false},"excerpt":{"rendered":"<p>Caja de 11 postales<br \/>\nFormato: 20,5 x 13 cms<br \/>\nDep\u00f3sito Legal C 1150-2025<\/p>\n<p>&nbsp;<\/p>\n<p>NP_GAL_ESP_CORU\u00d1A_MEMORIA_DE_MAR_2025<\/p>\n<p>&nbsp;<\/p>\n<p>Alvarellos Editora recupera una nueva serie de im\u00e1genes hist\u00f3ricas de A Coru\u00f1a. Memoria de mar re\u00fane 11 fotograf\u00edas en formato postal, algunas muy desconocidas, de playas desaparecidas o de ba\u00f1istas disfrutando del verano de hace un siglo.<\/p>\n<p>Alvarellos Editora rescata una nueva serie de fotograf\u00edas hist\u00f3ricas de la ciudad. Bajo el t\u00edtulo gen\u00e9rico de A Coru\u00f1a, memoria de mar, hemos exhumado once im\u00e1genes, algunas muy desconocidas, de playas y ba\u00f1istas disfrutando del verano coru\u00f1\u00e9s.<\/p>\n<p>Presentadas en un pack de postales de gran formato. Algunas de las im\u00e1genes proceden del Archivo Municipal de A Coru\u00f1a (AMC) y tambi\u00e9n de la colecci\u00f3n del fot\u00f3grafo Jos\u00e9 Villar Martelo (1863-1951), custodiada por el propio AMC. Otras pertenecen al archivo de Alvarellos Editora.<\/p>\n<p>RESCATE DE LUGARES DESAPARECIDOS: DESDE LA A\u00d1ORADA PLAYA DE PARROTE AL CASTILLO DE SAN AMARO<\/p>\n<p>La \u00e9poca de las im\u00e1genes abarca desde inicios del siglo XX hasta los a\u00f1os 60. Entre ellas, figuran dos fotograf\u00edas de la desaparecida playa del Parrote y otras dos del tambi\u00e9n desaparecido Castillo de San Amaro, ubicado donde hoy se encuentra el club n\u00e1utico. Otras muestran a grupos de ba\u00f1istas disfrutando de la playa de Riazor, el Sanatorio de Oza o Santa Cristina. Varias im\u00e1genes de la bah\u00eda completan esta atractiva selecci\u00f3n.Esta nueva serie A CORU\u00d1A, MEMORIA DE MAR, se suma a otras cuatro entregas anteriores que, desde 2016, publica esta editorial y que presentamos cada agosto, en la Feria del Libro de A Coru\u00f1a:<\/p>\n<p>A Coru\u00f1a, anos 20<\/p>\n<p>A Coru\u00f1a, anos 20 (II)<\/p>\n<p>A Coru\u00f1a anos 30<\/p>\n<p>A Coru\u00f1a Coloreada. Anos 50.<\/p>\n<p>&nbsp;<\/p>\n<p>&nbsp;<\/p>\n","protected":false},"featured_media":10015,"comment_status":"closed","ping_status":"closed","template":"","meta":[],"product_brand":[],"product_cat":[109],"product_tag":[1967],"class_list":{"0":"post-10025","1":"product","2":"type-product","3":"status-publish","4":"has-post-thumbnail","6":"product_cat-varia-es","7":"product_tag-coruna-es","9":"first","10":"instock","11":"taxable","12":"shipping-taxable","13":"purchasable","14":"product-type-simple"},"yoast_head":"<!-- This site is optimized with the Yoast SEO plugin v27.3 - https:\/\/yoast.com\/product\/yoast-seo-wordpress\/ -->\n<title>A Coru\u00f1a, memoria de mar [Fotograf\u00eda hist\u00f3rica en once postales] - Alvarellos Editora<\/title>\n<meta name=\"description\" content=\"A Coru\u00f1a, memoria de mar [Fotograf\u00eda hist\u00f3rica en once postales]. C\u00f3mprao na tenda en li\u00f1a de Alvarellos Editora.\" \/>\n<meta name=\"robots\" content=\"index, follow, max-snippet:-1, max-image-preview:large, max-video-preview:-1\" \/>\n<link rel=\"canonical\" href=\"https:\/\/alvarelloseditora.gal\/es\/libro\/a-coruna-memoria-de-mar\/\" \/>\n<meta property=\"og:locale\" content=\"es_ES\" \/>\n<meta property=\"og:type\" content=\"article\" \/>\n<meta property=\"og:title\" content=\"A Coru\u00f1a, memoria de mar [Fotograf\u00eda hist\u00f3rica en once postales] - Alvarellos Editora\" \/>\n<meta property=\"og:description\" content=\"A Coru\u00f1a, memoria de mar [Fotograf\u00eda hist\u00f3rica en once postales]. C\u00f3mprao na tenda en li\u00f1a de Alvarellos Editora.\" \/>\n<meta property=\"og:url\" content=\"https:\/\/alvarelloseditora.gal\/es\/libro\/a-coruna-memoria-de-mar\/\" \/>\n<meta property=\"og:site_name\" content=\"Alvarellos Editora\" \/>\n<meta property=\"article:publisher\" content=\"https:\/\/www.facebook.com\/alvarelloseditora\" \/>\n<meta property=\"article:modified_time\" content=\"2025-07-30T12:16:23+00:00\" \/>\n<meta property=\"og:image\" content=\"https:\/\/alvarelloseditora.gal\/wp-content\/uploads\/2025\/07\/A-Coruna-Memoria-de-Mar-scaled.jpg\" \/>\n\t<meta property=\"og:image:width\" content=\"2560\" \/>\n\t<meta property=\"og:image:height\" content=\"1426\" \/>\n\t<meta property=\"og:image:type\" content=\"image\/jpeg\" \/>\n<meta name=\"twitter:card\" content=\"summary_large_image\" \/>\n<meta name=\"twitter:site\" content=\"@alvarellos_ed\" \/>\n<meta name=\"twitter:label1\" content=\"Tiempo de lectura\" \/>\n\t<meta name=\"twitter:data1\" content=\"1 minuto\" \/>\n<!-- \/ Yoast SEO plugin. -->","yoast_head_json":{"title":"A Coru\u00f1a, memoria de mar [Fotograf\u00eda hist\u00f3rica en once postales] - Alvarellos Editora","description":"A Coru\u00f1a, memoria de mar [Fotograf\u00eda hist\u00f3rica en once postales]. C\u00f3mprao na tenda en li\u00f1a de Alvarellos Editora.","robots":{"index":"index","follow":"follow","max-snippet":"max-snippet:-1","max-image-preview":"max-image-preview:large","max-video-preview":"max-video-preview:-1"},"canonical":"https:\/\/alvarelloseditora.gal\/es\/libro\/a-coruna-memoria-de-mar\/","og_locale":"es_ES","og_type":"article","og_title":"A Coru\u00f1a, memoria de mar [Fotograf\u00eda hist\u00f3rica en once postales] - Alvarellos Editora","og_description":"A Coru\u00f1a, memoria de mar [Fotograf\u00eda hist\u00f3rica en once postales]. C\u00f3mprao na tenda en li\u00f1a de Alvarellos Editora.","og_url":"https:\/\/alvarelloseditora.gal\/es\/libro\/a-coruna-memoria-de-mar\/","og_site_name":"Alvarellos Editora","article_publisher":"https:\/\/www.facebook.com\/alvarelloseditora","article_modified_time":"2025-07-30T12:16:23+00:00","og_image":[{"width":2560,"height":1426,"url":"https:\/\/alvarelloseditora.gal\/wp-content\/uploads\/2025\/07\/A-Coruna-Memoria-de-Mar-scaled.jpg","type":"image\/jpeg"}],"twitter_card":"summary_large_image","twitter_site":"@alvarellos_ed","twitter_misc":{"Tiempo de lectura":"1 minuto"},"schema":{"@context":"https:\/\/schema.org","@graph":[{"@type":["WebPage","ItemPage"],"@id":"https:\/\/alvarelloseditora.gal\/es\/libro\/a-coruna-memoria-de-mar\/","url":"https:\/\/alvarelloseditora.gal\/es\/libro\/a-coruna-memoria-de-mar\/","name":"A Coru\u00f1a, memoria de mar [Fotograf\u00eda hist\u00f3rica en once postales] - Alvarellos Editora","isPartOf":{"@id":"https:\/\/alvarelloseditora.gal\/#website"},"primaryImageOfPage":{"@id":"https:\/\/alvarelloseditora.gal\/es\/libro\/a-coruna-memoria-de-mar\/#primaryimage"},"image":{"@id":"https:\/\/alvarelloseditora.gal\/es\/libro\/a-coruna-memoria-de-mar\/#primaryimage"},"thumbnailUrl":"https:\/\/alvarelloseditora.gal\/wp-content\/uploads\/2025\/07\/A-Coruna-Memoria-de-Mar-scaled.jpg","datePublished":"2025-07-24T10:21:12+00:00","dateModified":"2025-07-30T12:16:23+00:00","description":"A Coru\u00f1a, memoria de mar [Fotograf\u00eda hist\u00f3rica en once postales]. C\u00f3mprao na tenda en li\u00f1a de Alvarellos Editora.","breadcrumb":{"@id":"https:\/\/alvarelloseditora.gal\/es\/libro\/a-coruna-memoria-de-mar\/#breadcrumb"},"inLanguage":"es","potentialAction":[{"@type":"ReadAction","target":["https:\/\/alvarelloseditora.gal\/es\/libro\/a-coruna-memoria-de-mar\/"]}]},{"@type":"ImageObject","inLanguage":"es","@id":"https:\/\/alvarelloseditora.gal\/es\/libro\/a-coruna-memoria-de-mar\/#primaryimage","url":"https:\/\/alvarelloseditora.gal\/wp-content\/uploads\/2025\/07\/A-Coruna-Memoria-de-Mar-scaled.jpg","contentUrl":"https:\/\/alvarelloseditora.gal\/wp-content\/uploads\/2025\/07\/A-Coruna-Memoria-de-Mar-scaled.jpg","width":2560,"height":1426},{"@type":"BreadcrumbList","@id":"https:\/\/alvarelloseditora.gal\/es\/libro\/a-coruna-memoria-de-mar\/#breadcrumb","itemListElement":[{"@type":"ListItem","position":1,"name":"Portada","item":"https:\/\/alvarelloseditora.gal\/"},{"@type":"ListItem","position":2,"name":"Tienda","item":"https:\/\/alvarelloseditora.gal\/es\/tienda\/"},{"@type":"ListItem","position":3,"name":"A Coru\u00f1a, memoria de mar [Fotograf\u00eda hist\u00f3rica en once postales]"}]},{"@type":"WebSite","@id":"https:\/\/alvarelloseditora.gal\/#website","url":"https:\/\/alvarelloseditora.gal\/","name":"Alvarellos Editora","description":"Libros para un mundo en tr\u00e1nsito","publisher":{"@id":"https:\/\/alvarelloseditora.gal\/#organization"},"potentialAction":[{"@type":"SearchAction","target":{"@type":"EntryPoint","urlTemplate":"https:\/\/alvarelloseditora.gal\/?s={search_term_string}"},"query-input":{"@type":"PropertyValueSpecification","valueRequired":true,"valueName":"search_term_string"}}],"inLanguage":"es"},{"@type":"Organization","@id":"https:\/\/alvarelloseditora.gal\/#organization","name":"Alvarellos Editora","url":"https:\/\/alvarelloseditora.gal\/","logo":{"@type":"ImageObject","inLanguage":"es","@id":"https:\/\/alvarelloseditora.gal\/#\/schema\/logo\/image\/","url":"https:\/\/alvarelloseditora.gal\/wp-content\/uploads\/2020\/02\/alv-icon.png","contentUrl":"https:\/\/alvarelloseditora.gal\/wp-content\/uploads\/2020\/02\/alv-icon.png","width":177,"height":175,"caption":"Alvarellos Editora"},"image":{"@id":"https:\/\/alvarelloseditora.gal\/#\/schema\/logo\/image\/"},"sameAs":["https:\/\/www.facebook.com\/alvarelloseditora","https:\/\/x.com\/alvarellos_ed"]}]}},"_links":{"self":[{"href":"https:\/\/alvarelloseditora.gal\/es\/wp-json\/wp\/v2\/product\/10025","targetHints":{"allow":["GET"]}}],"collection":[{"href":"https:\/\/alvarelloseditora.gal\/es\/wp-json\/wp\/v2\/product"}],"about":[{"href":"https:\/\/alvarelloseditora.gal\/es\/wp-json\/wp\/v2\/types\/product"}],"replies":[{"embeddable":true,"href":"https:\/\/alvarelloseditora.gal\/es\/wp-json\/wp\/v2\/comments?post=10025"}],"wp:featuredmedia":[{"embeddable":true,"href":"https:\/\/alvarelloseditora.gal\/es\/wp-json\/wp\/v2\/media\/10015"}],"wp:attachment":[{"href":"https:\/\/alvarelloseditora.gal\/es\/wp-json\/wp\/v2\/media?parent=10025"}],"wp:term":[{"taxonomy":"product_brand","embeddable":true,"href":"https:\/\/alvarelloseditora.gal\/es\/wp-json\/wp\/v2\/product_brand?post=10025"},{"taxonomy":"product_cat","embeddable":true,"href":"https:\/\/alvarelloseditora.gal\/es\/wp-json\/wp\/v2\/product_cat?post=10025"},{"taxonomy":"product_tag","embeddable":true,"href":"https:\/\/alvarelloseditora.gal\/es\/wp-json\/wp\/v2\/product_tag?post=10025"}],"curies":[{"name":"wp","href":"https:\/\/api.w.org\/{rel}","templated":true}]}}