{"id":9945,"date":"2025-06-30T17:20:01","date_gmt":"2025-06-30T15:20:01","guid":{"rendered":"https:\/\/alvarelloseditora.gal\/?page_id=9945"},"modified":"2025-07-02T09:28:45","modified_gmt":"2025-07-02T07:28:45","slug":"facsimiles-de-valle-inclan","status":"publish","type":"page","link":"https:\/\/alvarelloseditora.gal\/es\/facsimiles-de-valle-inclan\/","title":{"rendered":"Facs\u00edmiles de Valle-Incl\u00e1n"},"content":{"rendered":"<p data-start=\"143\" data-end=\"602\">En <strong>Alvarellos Editora<\/strong> llevamos casi cinco d\u00e9cadas compartiendo historias que enriquecen la cultura gallega y universal. Desde Santiago de Compostela, publicamos libros que combinan calidad literaria, rigor hist\u00f3rico y un firme compromiso con nuestra lengua y patrimonio. Con un cat\u00e1logo diverso que abarca ensayo, poes\u00eda, divulgaci\u00f3n y literatura infantil, seguimos apostando por la creatividad y la reflexi\u00f3n para construir un futuro m\u00e1s consciente y plural.<\/p>\n<ul>\n<li><a href=\"https:\/\/alvarelloseditora.gal\/es\/editorial-de-libros-gallegos\/\"><b>Editorial de libros gallegos<\/b><\/a><\/li>\n<li><a href=\"https:\/\/alvarelloseditora.gal\/es\/facsimiles-de-rosalia-de-castro\/\"><b>Facs\u00edmiles de Rosal\u00eda de Castro<\/b><\/a><\/li>\n<li><a href=\"https:\/\/alvarelloseditora.gal\/es\/literatura-gallega-clasica\/\"><strong>Literatura gallega cl\u00e1sica<\/strong><\/a><\/li>\n<li><a href=\"https:\/\/alvarelloseditora.gal\/es\/libros-de-fotografia-historica-de-galicia\/\"><strong>Libros de fotograf\u00eda hist\u00f3rica de Galicia<\/strong><\/a><\/li>\n<li><a href=\"https:\/\/alvarelloseditora.gal\/es\/libros-infantiles-en-gallego\/\"><strong>Libros infantiles en gallego<\/strong><\/a><\/li>\n<li><a href=\"https:\/\/alvarelloseditora.gal\/es\/guias-del-camino-de-santiago\/\"><strong>Gu\u00edas del Camino de Santiago<\/strong><\/a><\/li>\n<li><a href=\"https:\/\/alvarelloseditora.gal\/es\/codice-calixtino\/\"><strong>C\u00f3dice Calixtino<\/strong><\/a><\/li>\n<li><a href=\"https:\/\/alvarelloseditora.gal\/federico-garcia-lorca-y-galicia\/\"><strong>Federico Garc\u00eda Lorca y Galicia<\/strong><\/a><\/li>\n<\/ul>\n<p>Si est\u00e1s interesado en\u00a0<strong>Facs\u00edmiles de Valle-Incl\u00e1n\u00a0<\/strong>o en cualquiera de los productos que ofrecemos, no dudes en contactarnos a trav\u00e9s del formulario:<\/p>\n\n<div class=\"wpcf7 no-js\" id=\"wpcf7-f5595-o1\" lang=\"en-US\" dir=\"ltr\" data-wpcf7-id=\"5595\">\n<div class=\"screen-reader-response\"><p role=\"status\" aria-live=\"polite\" aria-atomic=\"true\"><\/p> <ul><\/ul><\/div>\n<form action=\"\/es\/wp-json\/wp\/v2\/pages\/9945#wpcf7-f5595-o1\" method=\"post\" class=\"wpcf7-form init\" aria-label=\"Contact form\" novalidate=\"novalidate\" data-status=\"init\">\n<fieldset class=\"hidden-fields-container\"><input type=\"hidden\" name=\"_wpcf7\" value=\"5595\" \/><input type=\"hidden\" name=\"_wpcf7_version\" value=\"6.1.5\" \/><input type=\"hidden\" name=\"_wpcf7_locale\" value=\"en_US\" \/><input type=\"hidden\" name=\"_wpcf7_unit_tag\" value=\"wpcf7-f5595-o1\" \/><input type=\"hidden\" name=\"_wpcf7_container_post\" value=\"0\" \/><input type=\"hidden\" name=\"_wpcf7_posted_data_hash\" value=\"\" \/><input type=\"hidden\" name=\"_wpcf7_recaptcha_response\" value=\"\" \/>\n<\/fieldset>\n<p><label> Nombre completo *<br \/>\n<span class=\"wpcf7-form-control-wrap\" data-name=\"your-name\"><input size=\"40\" maxlength=\"400\" class=\"wpcf7-form-control wpcf7-text wpcf7-validates-as-required\" aria-required=\"true\" aria-invalid=\"false\" value=\"\" type=\"text\" name=\"your-name\" \/><\/span> <\/label>\n<\/p>\n<p><label> Email *<br \/>\n<span class=\"wpcf7-form-control-wrap\" data-name=\"your-email\"><input size=\"40\" maxlength=\"400\" class=\"wpcf7-form-control wpcf7-email wpcf7-validates-as-required wpcf7-text wpcf7-validates-as-email\" aria-required=\"true\" aria-invalid=\"false\" value=\"\" type=\"email\" name=\"your-email\" \/><\/span> <\/label>\n<\/p>\n<p><label> Tel\u00e9fono<br \/>\n<span class=\"wpcf7-form-control-wrap\" data-name=\"your-telf\"><input size=\"40\" maxlength=\"400\" class=\"wpcf7-form-control wpcf7-text\" aria-invalid=\"false\" value=\"\" type=\"text\" name=\"your-telf\" \/><\/span> <\/label>\n<\/p>\n<p><label> Mensaje<br \/>\n<span class=\"wpcf7-form-control-wrap\" data-name=\"your-message\"><textarea cols=\"40\" rows=\"10\" maxlength=\"2000\" class=\"wpcf7-form-control wpcf7-textarea\" aria-invalid=\"false\" name=\"your-message\"><\/textarea><\/span> <\/label>\n<\/p>\n<p style=\"font-size:10px\"><em>De acuerdo con la Ley de Protecci\u00f3n de Datos, se le informa de que sus datos personales van a ser incorporados a un fichero automatizado cuya finalidad es la gesti\u00f3n y prestaci\u00f3n de servicios a los clientes por parte de Alvarellos Editora. Puede ejercer el derecho de acceso, rectificaci\u00f3n, cancelaci\u00f3n y oposici\u00f3n al tratamiento de sus datos personales, mediante escrito dirigido a Alvarellos Editora, R\u00faa Sempre en Galiza, 4 (Praza Int.), 15706 Santiago de Compostela.<\/em>\n<\/p>\n<p><span class=\"wpcf7-form-control-wrap\" data-name=\"acceptance-543\"><span class=\"wpcf7-form-control wpcf7-acceptance\"><span class=\"wpcf7-list-item\"><label><input type=\"checkbox\" name=\"acceptance-543\" value=\"1\" aria-invalid=\"false\" \/><span class=\"wpcf7-list-item-label\">Acepto la pol\u00edtica de privacidad *<\/span><\/label><\/span><\/span><\/span>\n<\/p>\n<p><input class=\"wpcf7-form-control wpcf7-submit has-spinner\" type=\"submit\" value=\"ENVIAR\" \/>\n<\/p><div class=\"wpcf7-response-output\" aria-hidden=\"true\"><\/div>\n<\/form>\n<\/div>\n\n","protected":false},"excerpt":{"rendered":"<p>En Alvarellos Editora llevamos casi cinco d\u00e9cadas compartiendo historias que enriquecen la cultura gallega y universal. Desde Santiago de Compostela, publicamos libros que combinan calidad literaria, rigor hist\u00f3rico y un firme compromiso con nuestra lengua y patrimonio. Con un cat\u00e1logo diverso que abarca ensayo, poes\u00eda, divulgaci\u00f3n y literatura infantil, seguimos apostando por la creatividad y [&hellip;]<\/p>\n","protected":false},"author":54,"featured_media":0,"parent":0,"menu_order":0,"comment_status":"closed","ping_status":"closed","template":"","meta":{"footnotes":""},"class_list":["post-9945","page","type-page","status-publish","hentry"],"yoast_head":"<!-- This site is optimized with the Yoast SEO plugin v27.3 - https:\/\/yoast.com\/product\/yoast-seo-wordpress\/ -->\n<title>Facs\u00edmiles de Valle-Incl\u00e1n - Alvarellos Editora<\/title>\n<meta name=\"description\" content=\"Facs\u00edmiles de Valle-Incl\u00e1n - Alvarellos Editora . Tenda en li\u00f1a de Alvarellos Editora.\" \/>\n<meta name=\"robots\" content=\"index, follow, max-snippet:-1, max-image-preview:large, max-video-preview:-1\" \/>\n<link rel=\"canonical\" href=\"https:\/\/alvarelloseditora.gal\/es\/facsimiles-de-valle-inclan\/\" \/>\n<meta property=\"og:locale\" content=\"es_ES\" \/>\n<meta property=\"og:type\" content=\"article\" \/>\n<meta property=\"og:title\" content=\"Facs\u00edmiles de Valle-Incl\u00e1n - Alvarellos Editora\" \/>\n<meta property=\"og:description\" content=\"Facs\u00edmiles de Valle-Incl\u00e1n - Alvarellos Editora . Tenda en li\u00f1a de Alvarellos Editora.\" \/>\n<meta property=\"og:url\" content=\"https:\/\/alvarelloseditora.gal\/es\/facsimiles-de-valle-inclan\/\" \/>\n<meta property=\"og:site_name\" content=\"Alvarellos Editora\" \/>\n<meta property=\"article:publisher\" content=\"https:\/\/www.facebook.com\/alvarelloseditora\" \/>\n<meta property=\"article:modified_time\" content=\"2025-07-02T07:28:45+00:00\" \/>\n<meta name=\"twitter:card\" content=\"summary_large_image\" \/>\n<meta name=\"twitter:site\" content=\"@alvarellos_ed\" \/>\n<meta name=\"twitter:label1\" content=\"Tiempo de lectura\" \/>\n\t<meta name=\"twitter:data1\" content=\"1 minuto\" \/>\n<!-- \/ Yoast SEO plugin. -->","yoast_head_json":{"title":"Facs\u00edmiles de Valle-Incl\u00e1n - Alvarellos Editora","description":"Facs\u00edmiles de Valle-Incl\u00e1n - Alvarellos Editora . Tenda en li\u00f1a de Alvarellos Editora.","robots":{"index":"index","follow":"follow","max-snippet":"max-snippet:-1","max-image-preview":"max-image-preview:large","max-video-preview":"max-video-preview:-1"},"canonical":"https:\/\/alvarelloseditora.gal\/es\/facsimiles-de-valle-inclan\/","og_locale":"es_ES","og_type":"article","og_title":"Facs\u00edmiles de Valle-Incl\u00e1n - Alvarellos Editora","og_description":"Facs\u00edmiles de Valle-Incl\u00e1n - Alvarellos Editora . Tenda en li\u00f1a de Alvarellos Editora.","og_url":"https:\/\/alvarelloseditora.gal\/es\/facsimiles-de-valle-inclan\/","og_site_name":"Alvarellos Editora","article_publisher":"https:\/\/www.facebook.com\/alvarelloseditora","article_modified_time":"2025-07-02T07:28:45+00:00","twitter_card":"summary_large_image","twitter_site":"@alvarellos_ed","twitter_misc":{"Tiempo de lectura":"1 minuto"},"schema":{"@context":"https:\/\/schema.org","@graph":[{"@type":"WebPage","@id":"https:\/\/alvarelloseditora.gal\/es\/facsimiles-de-valle-inclan\/","url":"https:\/\/alvarelloseditora.gal\/es\/facsimiles-de-valle-inclan\/","name":"Facs\u00edmiles de Valle-Incl\u00e1n - Alvarellos Editora","isPartOf":{"@id":"https:\/\/alvarelloseditora.gal\/#website"},"datePublished":"2025-06-30T15:20:01+00:00","dateModified":"2025-07-02T07:28:45+00:00","description":"Facs\u00edmiles de Valle-Incl\u00e1n - Alvarellos Editora . Tenda en li\u00f1a de Alvarellos Editora.","breadcrumb":{"@id":"https:\/\/alvarelloseditora.gal\/es\/facsimiles-de-valle-inclan\/#breadcrumb"},"inLanguage":"es","potentialAction":[{"@type":"ReadAction","target":["https:\/\/alvarelloseditora.gal\/es\/facsimiles-de-valle-inclan\/"]}]},{"@type":"BreadcrumbList","@id":"https:\/\/alvarelloseditora.gal\/es\/facsimiles-de-valle-inclan\/#breadcrumb","itemListElement":[{"@type":"ListItem","position":1,"name":"Portada","item":"https:\/\/alvarelloseditora.gal\/"},{"@type":"ListItem","position":2,"name":"Facs\u00edmiles de Valle-Incl\u00e1n"}]},{"@type":"WebSite","@id":"https:\/\/alvarelloseditora.gal\/#website","url":"https:\/\/alvarelloseditora.gal\/","name":"Alvarellos Editora","description":"Libros para un mundo en tr\u00e1nsito","publisher":{"@id":"https:\/\/alvarelloseditora.gal\/#organization"},"potentialAction":[{"@type":"SearchAction","target":{"@type":"EntryPoint","urlTemplate":"https:\/\/alvarelloseditora.gal\/?s={search_term_string}"},"query-input":{"@type":"PropertyValueSpecification","valueRequired":true,"valueName":"search_term_string"}}],"inLanguage":"es"},{"@type":"Organization","@id":"https:\/\/alvarelloseditora.gal\/#organization","name":"Alvarellos Editora","url":"https:\/\/alvarelloseditora.gal\/","logo":{"@type":"ImageObject","inLanguage":"es","@id":"https:\/\/alvarelloseditora.gal\/#\/schema\/logo\/image\/","url":"https:\/\/alvarelloseditora.gal\/wp-content\/uploads\/2020\/02\/alv-icon.png","contentUrl":"https:\/\/alvarelloseditora.gal\/wp-content\/uploads\/2020\/02\/alv-icon.png","width":177,"height":175,"caption":"Alvarellos Editora"},"image":{"@id":"https:\/\/alvarelloseditora.gal\/#\/schema\/logo\/image\/"},"sameAs":["https:\/\/www.facebook.com\/alvarelloseditora","https:\/\/x.com\/alvarellos_ed"]}]}},"_links":{"self":[{"href":"https:\/\/alvarelloseditora.gal\/es\/wp-json\/wp\/v2\/pages\/9945","targetHints":{"allow":["GET"]}}],"collection":[{"href":"https:\/\/alvarelloseditora.gal\/es\/wp-json\/wp\/v2\/pages"}],"about":[{"href":"https:\/\/alvarelloseditora.gal\/es\/wp-json\/wp\/v2\/types\/page"}],"author":[{"embeddable":true,"href":"https:\/\/alvarelloseditora.gal\/es\/wp-json\/wp\/v2\/users\/54"}],"replies":[{"embeddable":true,"href":"https:\/\/alvarelloseditora.gal\/es\/wp-json\/wp\/v2\/comments?post=9945"}],"version-history":[{"count":4,"href":"https:\/\/alvarelloseditora.gal\/es\/wp-json\/wp\/v2\/pages\/9945\/revisions"}],"predecessor-version":[{"id":9966,"href":"https:\/\/alvarelloseditora.gal\/es\/wp-json\/wp\/v2\/pages\/9945\/revisions\/9966"}],"wp:attachment":[{"href":"https:\/\/alvarelloseditora.gal\/es\/wp-json\/wp\/v2\/media?parent=9945"}],"curies":[{"name":"wp","href":"https:\/\/api.w.org\/{rel}","templated":true}]}}