{"id":8019,"date":"2023-01-31T13:18:02","date_gmt":"2023-01-31T12:18:02","guid":{"rendered":"https:\/\/alvarelloseditora.gal\/catalogos-en-pdf\/"},"modified":"2025-12-19T10:56:11","modified_gmt":"2025-12-19T09:56:11","slug":"catalogos-en-pdf","status":"publish","type":"page","link":"https:\/\/alvarelloseditora.gal\/es\/catalogos-en-pdf\/","title":{"rendered":"Cat\u00e1logos en PDF"},"content":{"rendered":"<div class=\"wpb-content-wrapper\"><p>[vc_row gap=\u00bb35&#8243;][vc_column width=\u00bb1\/3&#8243;][gsf_banner el_class=\u00bb\u00bb image=\u00bb10342&#8243; link=\u00bburl:https%3A%2F%2Falvarelloseditora.gal%2Fwp-content%2Fuploads%2F2025%2F12%2FTriptico_Verdemar_2025.pdf|target:_blank\u00bb][\/gsf_banner][vc_btn title=\u00bbdescargar\u00bb style=\u00bbcustom\u00bb custom_background=\u00bb#cf2e2e\u00bb custom_text=\u00bb#ffffff\u00bb align=\u00bbcenter\u00bb i_icon_fontawesome=\u00bbfar fa-file-pdf\u00bb css=\u00bb.vc_custom_1699009343395{margin-top: 15px !important;}\u00bb add_icon=\u00bbtrue\u00bb link=\u00bburl:https%3A%2F%2Falvarelloseditora.gal%2Fwp-content%2Fuploads%2F2023%2F11%2FTriptico_GAL_Verdemar_2023_19_titulos_Alvarellos_Editora_outubro.pdf|target:_blank\u00bb][\/vc_column][vc_column width=\u00bb1\/3&#8243;][gsf_banner image=\u00bb8008&#8243; link=\u00bburl:https%3A%2F%2Falvarelloseditora.gal%2Fwp-content%2Fuploads%2F2023%2F01%2FTriptico_FACSIMILARES_2022.pdf|target:_blank\u00bb][\/gsf_banner][vc_btn title=\u00bbdescargar\u00bb style=\u00bbcustom\u00bb custom_background=\u00bb#cf2e2e\u00bb custom_text=\u00bb#ffffff\u00bb align=\u00bbcenter\u00bb i_icon_fontawesome=\u00bbfar fa-file-pdf\u00bb css=\u00bb.vc_custom_1675167121750{margin-top: 15px !important;}\u00bb add_icon=\u00bbtrue\u00bb link=\u00bburl:https%3A%2F%2Falvarelloseditora.gal%2Fwp-content%2Fuploads%2F2023%2F02%2FTriptico_FACSIMILARES_CAST_2022.pdf|target:_blank|\u00bb][\/vc_column][vc_column width=\u00bb1\/3&#8243;][gsf_banner image=\u00bb8005&#8243; link=\u00bburl:https%3A%2F%2Falvarelloseditora.gal%2Fwp-content%2Fuploads%2F2023%2F01%2FTriptico_LIBROS_CON_MEMORIA_GAL_2022.pdf|target:_blank\u00bb][\/gsf_banner][vc_btn title=\u00bbdescargar\u00bb style=\u00bbcustom\u00bb custom_background=\u00bb#cf2e2e\u00bb custom_text=\u00bb#ffffff\u00bb align=\u00bbcenter\u00bb i_icon_fontawesome=\u00bbfar fa-file-pdf\u00bb css=\u00bb.vc_custom_1675167136080{margin-top: 15px !important;}\u00bb add_icon=\u00bbtrue\u00bb link=\u00bburl:https%3A%2F%2Falvarelloseditora.gal%2Fwp-content%2Fuploads%2F2023%2F02%2FTriptico_LIBROS_CON_MEMORIA_CAST_2022.pdf|target:_blank|\u00bb][\/vc_column][\/vc_row]<\/p>\n<\/div>","protected":false},"excerpt":{"rendered":"<p>[vc_row gap=\u00bb35&#8243;][vc_column width=\u00bb1\/3&#8243;][gsf_banner el_class=\u00bb\u00bb image=\u00bb10342&#8243; link=\u00bburl:https%3A%2F%2Falvarelloseditora.gal%2Fwp-content%2Fuploads%2F2025%2F12%2FTriptico_Verdemar_2025.pdf|target:_blank\u00bb][\/gsf_banner][vc_btn title=\u00bbdescargar\u00bb style=\u00bbcustom\u00bb custom_background=\u00bb#cf2e2e\u00bb custom_text=\u00bb#ffffff\u00bb align=\u00bbcenter\u00bb i_icon_fontawesome=\u00bbfar fa-file-pdf\u00bb css=\u00bb.vc_custom_1699009343395{margin-top: 15px !important;}\u00bb add_icon=\u00bbtrue\u00bb link=\u00bburl:https%3A%2F%2Falvarelloseditora.gal%2Fwp-content%2Fuploads%2F2023%2F11%2FTriptico_GAL_Verdemar_2023_19_titulos_Alvarellos_Editora_outubro.pdf|target:_blank\u00bb][\/vc_column][vc_column width=\u00bb1\/3&#8243;][gsf_banner image=\u00bb8008&#8243; link=\u00bburl:https%3A%2F%2Falvarelloseditora.gal%2Fwp-content%2Fuploads%2F2023%2F01%2FTriptico_FACSIMILARES_2022.pdf|target:_blank\u00bb][\/gsf_banner][vc_btn title=\u00bbdescargar\u00bb style=\u00bbcustom\u00bb custom_background=\u00bb#cf2e2e\u00bb custom_text=\u00bb#ffffff\u00bb align=\u00bbcenter\u00bb i_icon_fontawesome=\u00bbfar fa-file-pdf\u00bb css=\u00bb.vc_custom_1675167121750{margin-top: 15px !important;}\u00bb add_icon=\u00bbtrue\u00bb link=\u00bburl:https%3A%2F%2Falvarelloseditora.gal%2Fwp-content%2Fuploads%2F2023%2F02%2FTriptico_FACSIMILARES_CAST_2022.pdf|target:_blank|\u00bb][\/vc_column][vc_column width=\u00bb1\/3&#8243;][gsf_banner image=\u00bb8005&#8243; link=\u00bburl:https%3A%2F%2Falvarelloseditora.gal%2Fwp-content%2Fuploads%2F2023%2F01%2FTriptico_LIBROS_CON_MEMORIA_GAL_2022.pdf|target:_blank\u00bb][\/gsf_banner][vc_btn title=\u00bbdescargar\u00bb style=\u00bbcustom\u00bb custom_background=\u00bb#cf2e2e\u00bb custom_text=\u00bb#ffffff\u00bb align=\u00bbcenter\u00bb i_icon_fontawesome=\u00bbfar fa-file-pdf\u00bb css=\u00bb.vc_custom_1675167136080{margin-top: 15px !important;}\u00bb add_icon=\u00bbtrue\u00bb link=\u00bburl:https%3A%2F%2Falvarelloseditora.gal%2Fwp-content%2Fuploads%2F2023%2F02%2FTriptico_LIBROS_CON_MEMORIA_CAST_2022.pdf|target:_blank|\u00bb][\/vc_column][\/vc_row]<\/p>\n","protected":false},"author":1,"featured_media":0,"parent":0,"menu_order":0,"comment_status":"closed","ping_status":"closed","template":"","meta":{"footnotes":""},"class_list":["post-8019","page","type-page","status-publish","hentry"],"yoast_head":"<!-- This site is optimized with the Yoast SEO plugin v27.3 - https:\/\/yoast.com\/product\/yoast-seo-wordpress\/ -->\n<title>Cat\u00e1logos en PDF - Alvarellos Editora<\/title>\n<meta name=\"description\" content=\"Cat\u00e1logos en PDF - Alvarellos Editora . Tenda en li\u00f1a de Alvarellos Editora.\" \/>\n<meta name=\"robots\" content=\"index, follow, max-snippet:-1, max-image-preview:large, max-video-preview:-1\" \/>\n<link rel=\"canonical\" href=\"https:\/\/alvarelloseditora.gal\/es\/catalogos-en-pdf\/\" \/>\n<meta property=\"og:locale\" content=\"es_ES\" \/>\n<meta property=\"og:type\" content=\"article\" \/>\n<meta property=\"og:title\" content=\"Cat\u00e1logos en PDF - Alvarellos Editora\" \/>\n<meta property=\"og:description\" content=\"Cat\u00e1logos en PDF - Alvarellos Editora . Tenda en li\u00f1a de Alvarellos Editora.\" \/>\n<meta property=\"og:url\" content=\"https:\/\/alvarelloseditora.gal\/es\/catalogos-en-pdf\/\" \/>\n<meta property=\"og:site_name\" content=\"Alvarellos Editora\" \/>\n<meta property=\"article:publisher\" content=\"https:\/\/www.facebook.com\/alvarelloseditora\" \/>\n<meta property=\"article:modified_time\" content=\"2025-12-19T09:56:11+00:00\" \/>\n<meta name=\"twitter:card\" content=\"summary_large_image\" \/>\n<meta name=\"twitter:site\" content=\"@alvarellos_ed\" \/>\n<meta name=\"twitter:label1\" content=\"Tiempo de lectura\" \/>\n\t<meta name=\"twitter:data1\" content=\"1 minuto\" \/>\n<!-- \/ Yoast SEO plugin. -->","yoast_head_json":{"title":"Cat\u00e1logos en PDF - Alvarellos Editora","description":"Cat\u00e1logos en PDF - Alvarellos Editora . Tenda en li\u00f1a de Alvarellos Editora.","robots":{"index":"index","follow":"follow","max-snippet":"max-snippet:-1","max-image-preview":"max-image-preview:large","max-video-preview":"max-video-preview:-1"},"canonical":"https:\/\/alvarelloseditora.gal\/es\/catalogos-en-pdf\/","og_locale":"es_ES","og_type":"article","og_title":"Cat\u00e1logos en PDF - Alvarellos Editora","og_description":"Cat\u00e1logos en PDF - Alvarellos Editora . Tenda en li\u00f1a de Alvarellos Editora.","og_url":"https:\/\/alvarelloseditora.gal\/es\/catalogos-en-pdf\/","og_site_name":"Alvarellos Editora","article_publisher":"https:\/\/www.facebook.com\/alvarelloseditora","article_modified_time":"2025-12-19T09:56:11+00:00","twitter_card":"summary_large_image","twitter_site":"@alvarellos_ed","twitter_misc":{"Tiempo de lectura":"1 minuto"},"schema":{"@context":"https:\/\/schema.org","@graph":[{"@type":"WebPage","@id":"https:\/\/alvarelloseditora.gal\/es\/catalogos-en-pdf\/","url":"https:\/\/alvarelloseditora.gal\/es\/catalogos-en-pdf\/","name":"Cat\u00e1logos en PDF - Alvarellos Editora","isPartOf":{"@id":"https:\/\/alvarelloseditora.gal\/#website"},"datePublished":"2023-01-31T12:18:02+00:00","dateModified":"2025-12-19T09:56:11+00:00","description":"Cat\u00e1logos en PDF - Alvarellos Editora . Tenda en li\u00f1a de Alvarellos Editora.","breadcrumb":{"@id":"https:\/\/alvarelloseditora.gal\/es\/catalogos-en-pdf\/#breadcrumb"},"inLanguage":"es","potentialAction":[{"@type":"ReadAction","target":["https:\/\/alvarelloseditora.gal\/es\/catalogos-en-pdf\/"]}]},{"@type":"BreadcrumbList","@id":"https:\/\/alvarelloseditora.gal\/es\/catalogos-en-pdf\/#breadcrumb","itemListElement":[{"@type":"ListItem","position":1,"name":"Portada","item":"https:\/\/alvarelloseditora.gal\/"},{"@type":"ListItem","position":2,"name":"Cat\u00e1logos en PDF"}]},{"@type":"WebSite","@id":"https:\/\/alvarelloseditora.gal\/#website","url":"https:\/\/alvarelloseditora.gal\/","name":"Alvarellos Editora","description":"Libros para un mundo en tr\u00e1nsito","publisher":{"@id":"https:\/\/alvarelloseditora.gal\/#organization"},"potentialAction":[{"@type":"SearchAction","target":{"@type":"EntryPoint","urlTemplate":"https:\/\/alvarelloseditora.gal\/?s={search_term_string}"},"query-input":{"@type":"PropertyValueSpecification","valueRequired":true,"valueName":"search_term_string"}}],"inLanguage":"es"},{"@type":"Organization","@id":"https:\/\/alvarelloseditora.gal\/#organization","name":"Alvarellos Editora","url":"https:\/\/alvarelloseditora.gal\/","logo":{"@type":"ImageObject","inLanguage":"es","@id":"https:\/\/alvarelloseditora.gal\/#\/schema\/logo\/image\/","url":"https:\/\/alvarelloseditora.gal\/wp-content\/uploads\/2020\/02\/alv-icon.png","contentUrl":"https:\/\/alvarelloseditora.gal\/wp-content\/uploads\/2020\/02\/alv-icon.png","width":177,"height":175,"caption":"Alvarellos Editora"},"image":{"@id":"https:\/\/alvarelloseditora.gal\/#\/schema\/logo\/image\/"},"sameAs":["https:\/\/www.facebook.com\/alvarelloseditora","https:\/\/x.com\/alvarellos_ed"]}]}},"_links":{"self":[{"href":"https:\/\/alvarelloseditora.gal\/es\/wp-json\/wp\/v2\/pages\/8019","targetHints":{"allow":["GET"]}}],"collection":[{"href":"https:\/\/alvarelloseditora.gal\/es\/wp-json\/wp\/v2\/pages"}],"about":[{"href":"https:\/\/alvarelloseditora.gal\/es\/wp-json\/wp\/v2\/types\/page"}],"author":[{"embeddable":true,"href":"https:\/\/alvarelloseditora.gal\/es\/wp-json\/wp\/v2\/users\/1"}],"replies":[{"embeddable":true,"href":"https:\/\/alvarelloseditora.gal\/es\/wp-json\/wp\/v2\/comments?post=8019"}],"version-history":[{"count":17,"href":"https:\/\/alvarelloseditora.gal\/es\/wp-json\/wp\/v2\/pages\/8019\/revisions"}],"predecessor-version":[{"id":10346,"href":"https:\/\/alvarelloseditora.gal\/es\/wp-json\/wp\/v2\/pages\/8019\/revisions\/10346"}],"wp:attachment":[{"href":"https:\/\/alvarelloseditora.gal\/es\/wp-json\/wp\/v2\/media?parent=8019"}],"curies":[{"name":"wp","href":"https:\/\/api.w.org\/{rel}","templated":true}]}}