{"id":5562,"date":"2020-12-28T11:44:31","date_gmt":"2020-12-28T10:44:31","guid":{"rendered":"https:\/\/nueva.alvarellos.info\/condiciones-de-compra\/"},"modified":"2024-03-08T13:06:23","modified_gmt":"2024-03-08T12:06:23","slug":"condiciones-de-compra","status":"publish","type":"page","link":"https:\/\/alvarelloseditora.gal\/es\/condiciones-de-compra\/","title":{"rendered":"Condiciones de Compra"},"content":{"rendered":"\r\n<p>Puede realizar una compra desde el cat\u00e1logo del sitio web o desde lo cuadro de b\u00fasqueda. Le recomendamos que lea atentamente las condiciones de venta de ALVARELLOS EDITORA que figuran a continuaci\u00f3n.<\/p>\r\n\r\n\r\n<hr class=\"wp-block-separator has-text-color has-background has-vivid-red-background-color has-vivid-red-color is-style-wide\" \/>\r\n\r\n\r\n<p><strong>1 &#8211; SISTEMA DE COMPRA EN ALVARELLOSEDITORA.GAL<\/strong><\/p>\r\n\r\n\r\n\r\n<p>Las compras realizadas en ALVARELLOSEDITORA.GAL quedan sometidas a la normativa vigente y el resto de la legislaci\u00f3n concordante, entendi\u00e9ndose realizadas las operaciones de venta en el domicilio de ALVARELLOS EDITORA. Las compras efectuadas en ALVARELLOSEDITORA.GAL estar\u00e1n sujetas al pagado del Impuesto sobre el Valor A\u00f1adido (I.V.Y.) segundo el establecido en la normativa vigente para las personas f\u00edsicas o jur\u00eddicas residentes en Estados miembros de la Uni\u00f3n Europea y para aquellas residentes en pa\u00edses extracomunitarios.<\/p>\r\n\r\n\r\n\r\n<p><strong>2 &#8211; LA VENTA DE LOS ARTICULOS<\/strong><\/p>\r\n\r\n\r\n\r\n<p>Las carcter\u00edsticas de los art\u00edculos y sus precios aparecer\u00e1n en pantalla. Los art\u00edculos y servicios estar\u00e1n disponibles para su venta hasta fin de existencias. Los precios indicados en pantalla son en euros e incluyen I.V.La. y son los vigentes, excepto error mecanogr\u00e1fico. Las ofertas se encuentran debidamente marcadas e identificadas c\u00f3mo tal. Su plazo de validez tiene efectividad mientras aparezcan en la pantalla. Debido a la existencia de sistemas de proxy-cach\u00e9 en las conexiones de los usuarios de Internet, es posible que los contenidos que se ofrezcan en el navegador del usuario no est\u00e9n debidamente actualizados. ALVARELLOSEDITORA.GAL no puede responder por ese desfase en las actualizaciones, teniendo validez \u00fanicamente los precios y condiciones que se sirvan en tiempo real.<\/p>\r\n\r\n\r\n\r\n<p><strong>3 &#8211; LA FORMALIZACI\u00d3N DEL PEDIDO<\/strong><\/p>\r\n\r\n\r\n\r\n<p>El cliente que quiera realizar una compra en ALVARELLOSEDITORA.GALdeber\u00e1 visualizar las condiciones generales de compra que se incluyen en dicho aparado de la p\u00e1gina principal. La formalizaci\u00f3n de un pedido se entender\u00e1 realizada bajo la total aceptaci\u00f3n de las condiciones generales de venta contenidas en la p\u00e1gina.<\/p>\r\n\r\n\r\n\r\n<p>Junto que el pedido recibir\u00e1 una factura emitida por ALVARELLOSEDITORA.GAL. En una compra que deba ser enviada a una direcci\u00f3n diferente del que aparece en los datos de cliente, la factura siempre deber\u00e1 enviarse a la direcci\u00f3n del cliente, que en cualquiera caso ser\u00e1 la persona que haga efectivo el pago a ALVARELLOS.INFO. Los art\u00edculos se enviar\u00e1n a la direcci\u00f3n de entrega que usted nos indique, en los plazos estipulados seg\u00fan el servicio de modo de env\u00edo que usted hab\u00eda escogido.<\/p>\r\n\r\n\r\n\r\n<p><strong>4 &#8211; TARIFA DE PORTES<\/strong><\/p>\r\n\r\n\r\n\r\n<p>Para Espa\u00f1a y Portugal, los gastos de transporte ser\u00e1n de euros (IVA\/IVA incluido) para todos los pedidos de tres libros o menos y no habr\u00e1 coste para los pedidos de m\u00e1s de tres libros. Para otros destinos, ALVARELLOSEDITORA.GAL se reserva el derecho de modificar dichos gastos, informando previamente de los mismos al comprador.<\/p>\r\n\r\n\r\n\r\n<p><strong>5 &#8211; SERVICIO DE ATENCI\u00d3N AL CLIENTE<\/strong><\/p>\r\n\r\n\r\n\r\n<p>Si no queda satisfecho que los art\u00edculos adquiridos en ALVARELLOSEDITORA.GAL podr\u00e1 devolverlos en un plazo no superior a 7 d\u00edas, contados a partir de la recepci\u00f3n del art\u00edculo. Las devoluciones se enviaran junto que el original de la hoja de devoluci\u00f3n, debidamente cumplimentado, que acompa\u00f1a el albar\u00e1n. Para cualquier posible incidencia o reclamaci\u00f3n, le recomendamos que se ponga en contacto que el Servicio de Atenci\u00f3n al Cliente, tel\u00e9fono: +34 609 908852. O nos env\u00ede un correo electr\u00f3nico a la direcci\u00f3n: pedidos[ ARROBA] alvarellos. info<\/p>\r\n\r\n\r\n\r\n<p>La devoluci\u00f3n del importe se efectuar\u00e1 mediante abono.<\/p>\r\n\r\n\r\n\r\n<p>Las normas respeto a las devoluciones, reguladas por la Ley del 15\/1\/96 n\u00famero 7\/1996, sobre reclamaciones, garant\u00eda y emisi\u00f3n de facturas, son las siguientes: No se admitir\u00e1n devoluciones que no vengan no su embalaje original y con el producto en perfecto estado. Los productos que puedan ser reproducidos o copiados con car\u00e1cter inmediato ( CDs, software, pel\u00edculas de v\u00eddeo, libros, etc.) no se admitir\u00e1n a menos que se devuelvan en su embalaje original, excepto los casos de mercanc\u00eda defectuosa.<\/p>\r\n\r\n\r\n\r\n<p>El albar\u00e1n de entrega sellado por ALVARELLOS EDITORA tiene validez como garant\u00eda del fabricamente, \u00e9sta tendr\u00e1 efecto a partir del d\u00eda que se realiza la entrega en el domicilio del comprador.<\/p>\r\n\r\n\r\n\r\n<p>Las reclamaciones por posibles incidencias como que el producto se entregue deteriorado, averiado, equivocado o por cualquier otra causa susceptible de reclamaci\u00f3n, se tratar\u00e1n de la siguiente manera: Siempre deber\u00e1 devolverse cumplimentando el original de la hoja de devoluci\u00f3n que acompa\u00f1a al albar\u00e1n. En el caso de solicitar la devoluci\u00f3n del importe, el cliente debe remitir el producto en el plazo de 7 d\u00edas posteriores a la recepci\u00f3n del pedido, y los costes de devoluci\u00f3n corren a cargo del cliente (seg\u00fan Ley del 15\/1\/96 n\u00famero 7\/1996). Si por el contrario desea la sustituci\u00f3n del producto, ALVARELLOS EDITORA se compromete a entregar al cliente otro producto en perfecto estado y recoger el defectuoso al realizar la entrega.<\/p>\r\n\r\n\r\n\r\n<p class=\"has-vivid-red-color has-text-color\"><strong>PROTECCI\u00d3N DE DATOS<\/strong><\/p>\r\n\r\n\r\n<hr class=\"wp-block-separator has-text-color has-background has-vivid-red-background-color has-vivid-red-color is-style-wide\" \/>\r\n\r\n\r\n<p>De acuerdo con la Ley de Protecci\u00f3n de Datos, se le informa de que sus datos personales van a ser incorporados a un fichero automatizado que tiene por finalidad a gesti\u00f3n y prestaci\u00f3n de servicios a los clientes por parte de ALVARELLOS EDITORA. Puede ejercer el su derecho de acceso, rectificaci\u00f3n, cancelaci\u00f3n y oposici\u00f3n al tratamiento de sus datos personales, mediante escrito dirigido a ALVARELLOS EDITORA, R\u00faa Siempre en Galicia, 4 (plaza int.), 15706 SANTIAGO DE COMPOSTELA.<\/p>\r\n","protected":false},"excerpt":{"rendered":"<p>Puede realizar una compra desde el cat\u00e1logo del sitio web o desde lo cuadro de b\u00fasqueda. Le recomendamos que lea atentamente las condiciones de venta de ALVARELLOS EDITORA que figuran a continuaci\u00f3n. 1 &#8211; SISTEMA DE COMPRA EN ALVARELLOSEDITORA.GAL Las compras realizadas en ALVARELLOSEDITORA.GAL quedan sometidas a la normativa vigente y el resto de la [&hellip;]<\/p>\n","protected":false},"author":1,"featured_media":0,"parent":0,"menu_order":0,"comment_status":"closed","ping_status":"closed","template":"","meta":{"footnotes":""},"class_list":["post-5562","page","type-page","status-publish","hentry"],"yoast_head":"<!-- This site is optimized with the Yoast SEO plugin v27.3 - https:\/\/yoast.com\/product\/yoast-seo-wordpress\/ -->\n<title>Condiciones de Compra - Alvarellos Editora<\/title>\n<meta name=\"description\" content=\"Condiciones de Compra - Alvarellos Editora . Tenda en li\u00f1a de Alvarellos Editora.\" \/>\n<meta name=\"robots\" content=\"index, follow, max-snippet:-1, max-image-preview:large, max-video-preview:-1\" \/>\n<link rel=\"canonical\" href=\"https:\/\/alvarelloseditora.gal\/es\/condiciones-de-compra\/\" \/>\n<meta property=\"og:locale\" content=\"es_ES\" \/>\n<meta property=\"og:type\" content=\"article\" \/>\n<meta property=\"og:title\" content=\"Condiciones de Compra - Alvarellos Editora\" \/>\n<meta property=\"og:description\" content=\"Condiciones de Compra - Alvarellos Editora . Tenda en li\u00f1a de Alvarellos Editora.\" \/>\n<meta property=\"og:url\" content=\"https:\/\/alvarelloseditora.gal\/es\/condiciones-de-compra\/\" \/>\n<meta property=\"og:site_name\" content=\"Alvarellos Editora\" \/>\n<meta property=\"article:publisher\" content=\"https:\/\/www.facebook.com\/alvarelloseditora\" \/>\n<meta property=\"article:modified_time\" content=\"2024-03-08T12:06:23+00:00\" \/>\n<meta name=\"twitter:card\" content=\"summary_large_image\" \/>\n<meta name=\"twitter:site\" content=\"@alvarellos_ed\" \/>\n<meta name=\"twitter:label1\" content=\"Tiempo de lectura\" \/>\n\t<meta name=\"twitter:data1\" content=\"5 minutos\" \/>\n<!-- \/ Yoast SEO plugin. -->","yoast_head_json":{"title":"Condiciones de Compra - Alvarellos Editora","description":"Condiciones de Compra - Alvarellos Editora . Tenda en li\u00f1a de Alvarellos Editora.","robots":{"index":"index","follow":"follow","max-snippet":"max-snippet:-1","max-image-preview":"max-image-preview:large","max-video-preview":"max-video-preview:-1"},"canonical":"https:\/\/alvarelloseditora.gal\/es\/condiciones-de-compra\/","og_locale":"es_ES","og_type":"article","og_title":"Condiciones de Compra - Alvarellos Editora","og_description":"Condiciones de Compra - Alvarellos Editora . Tenda en li\u00f1a de Alvarellos Editora.","og_url":"https:\/\/alvarelloseditora.gal\/es\/condiciones-de-compra\/","og_site_name":"Alvarellos Editora","article_publisher":"https:\/\/www.facebook.com\/alvarelloseditora","article_modified_time":"2024-03-08T12:06:23+00:00","twitter_card":"summary_large_image","twitter_site":"@alvarellos_ed","twitter_misc":{"Tiempo de lectura":"5 minutos"},"schema":{"@context":"https:\/\/schema.org","@graph":[{"@type":"WebPage","@id":"https:\/\/alvarelloseditora.gal\/es\/condiciones-de-compra\/","url":"https:\/\/alvarelloseditora.gal\/es\/condiciones-de-compra\/","name":"Condiciones de Compra - Alvarellos Editora","isPartOf":{"@id":"https:\/\/alvarelloseditora.gal\/#website"},"datePublished":"2020-12-28T10:44:31+00:00","dateModified":"2024-03-08T12:06:23+00:00","description":"Condiciones de Compra - Alvarellos Editora . Tenda en li\u00f1a de Alvarellos Editora.","breadcrumb":{"@id":"https:\/\/alvarelloseditora.gal\/es\/condiciones-de-compra\/#breadcrumb"},"inLanguage":"es","potentialAction":[{"@type":"ReadAction","target":["https:\/\/alvarelloseditora.gal\/es\/condiciones-de-compra\/"]}]},{"@type":"BreadcrumbList","@id":"https:\/\/alvarelloseditora.gal\/es\/condiciones-de-compra\/#breadcrumb","itemListElement":[{"@type":"ListItem","position":1,"name":"Portada","item":"https:\/\/alvarelloseditora.gal\/"},{"@type":"ListItem","position":2,"name":"Condiciones de Compra"}]},{"@type":"WebSite","@id":"https:\/\/alvarelloseditora.gal\/#website","url":"https:\/\/alvarelloseditora.gal\/","name":"Alvarellos Editora","description":"Libros para un mundo en tr\u00e1nsito","publisher":{"@id":"https:\/\/alvarelloseditora.gal\/#organization"},"potentialAction":[{"@type":"SearchAction","target":{"@type":"EntryPoint","urlTemplate":"https:\/\/alvarelloseditora.gal\/?s={search_term_string}"},"query-input":{"@type":"PropertyValueSpecification","valueRequired":true,"valueName":"search_term_string"}}],"inLanguage":"es"},{"@type":"Organization","@id":"https:\/\/alvarelloseditora.gal\/#organization","name":"Alvarellos Editora","url":"https:\/\/alvarelloseditora.gal\/","logo":{"@type":"ImageObject","inLanguage":"es","@id":"https:\/\/alvarelloseditora.gal\/#\/schema\/logo\/image\/","url":"https:\/\/alvarelloseditora.gal\/wp-content\/uploads\/2020\/02\/alv-icon.png","contentUrl":"https:\/\/alvarelloseditora.gal\/wp-content\/uploads\/2020\/02\/alv-icon.png","width":177,"height":175,"caption":"Alvarellos Editora"},"image":{"@id":"https:\/\/alvarelloseditora.gal\/#\/schema\/logo\/image\/"},"sameAs":["https:\/\/www.facebook.com\/alvarelloseditora","https:\/\/x.com\/alvarellos_ed"]}]}},"_links":{"self":[{"href":"https:\/\/alvarelloseditora.gal\/es\/wp-json\/wp\/v2\/pages\/5562","targetHints":{"allow":["GET"]}}],"collection":[{"href":"https:\/\/alvarelloseditora.gal\/es\/wp-json\/wp\/v2\/pages"}],"about":[{"href":"https:\/\/alvarelloseditora.gal\/es\/wp-json\/wp\/v2\/types\/page"}],"author":[{"embeddable":true,"href":"https:\/\/alvarelloseditora.gal\/es\/wp-json\/wp\/v2\/users\/1"}],"replies":[{"embeddable":true,"href":"https:\/\/alvarelloseditora.gal\/es\/wp-json\/wp\/v2\/comments?post=5562"}],"version-history":[{"count":2,"href":"https:\/\/alvarelloseditora.gal\/es\/wp-json\/wp\/v2\/pages\/5562\/revisions"}],"predecessor-version":[{"id":8875,"href":"https:\/\/alvarelloseditora.gal\/es\/wp-json\/wp\/v2\/pages\/5562\/revisions\/8875"}],"wp:attachment":[{"href":"https:\/\/alvarelloseditora.gal\/es\/wp-json\/wp\/v2\/media?parent=5562"}],"curies":[{"name":"wp","href":"https:\/\/api.w.org\/{rel}","templated":true}]}}