{"id":534,"date":"2018-11-22T02:35:27","date_gmt":"2018-11-22T02:35:27","guid":{"rendered":"https:\/\/nueva.alvarellos.info\/?page_id=534"},"modified":"2023-02-02T13:57:10","modified_gmt":"2023-02-02T12:57:10","slug":"contacte","status":"publish","type":"page","link":"https:\/\/alvarelloseditora.gal\/es\/contacte\/","title":{"rendered":"Contacto"},"content":{"rendered":"<div class=\"wpb-content-wrapper\"><p>[vc_row content_width=\u00bbfull\u00bb][vc_column][\/vc_column][\/vc_row][vc_row][vc_column width=\u00bb2\/3&#8243;]\n<div class=\"wpcf7 no-js\" id=\"wpcf7-f5595-o1\" lang=\"en-US\" dir=\"ltr\" data-wpcf7-id=\"5595\">\n<div class=\"screen-reader-response\"><p role=\"status\" aria-live=\"polite\" aria-atomic=\"true\"><\/p> <ul><\/ul><\/div>\n<form action=\"\/es\/wp-json\/wp\/v2\/pages\/534#wpcf7-f5595-o1\" method=\"post\" class=\"wpcf7-form init\" aria-label=\"Contact form\" novalidate=\"novalidate\" data-status=\"init\">\n<fieldset class=\"hidden-fields-container\"><input type=\"hidden\" name=\"_wpcf7\" value=\"5595\" \/><input type=\"hidden\" name=\"_wpcf7_version\" value=\"6.1.5\" \/><input type=\"hidden\" name=\"_wpcf7_locale\" value=\"en_US\" \/><input type=\"hidden\" name=\"_wpcf7_unit_tag\" value=\"wpcf7-f5595-o1\" \/><input type=\"hidden\" name=\"_wpcf7_container_post\" value=\"0\" \/><input type=\"hidden\" name=\"_wpcf7_posted_data_hash\" value=\"\" \/><input type=\"hidden\" name=\"_wpcf7_recaptcha_response\" value=\"\" \/>\n<\/fieldset>\n<p><label> Nombre completo *<br \/>\n<span class=\"wpcf7-form-control-wrap\" data-name=\"your-name\"><input size=\"40\" maxlength=\"400\" class=\"wpcf7-form-control wpcf7-text wpcf7-validates-as-required\" aria-required=\"true\" aria-invalid=\"false\" value=\"\" type=\"text\" name=\"your-name\" \/><\/span> <\/label>\n<\/p>\n<p><label> Email *<br \/>\n<span class=\"wpcf7-form-control-wrap\" data-name=\"your-email\"><input size=\"40\" maxlength=\"400\" class=\"wpcf7-form-control wpcf7-email wpcf7-validates-as-required wpcf7-text wpcf7-validates-as-email\" aria-required=\"true\" aria-invalid=\"false\" value=\"\" type=\"email\" name=\"your-email\" \/><\/span> <\/label>\n<\/p>\n<p><label> Tel\u00e9fono<br \/>\n<span class=\"wpcf7-form-control-wrap\" data-name=\"your-telf\"><input size=\"40\" maxlength=\"400\" class=\"wpcf7-form-control wpcf7-text\" aria-invalid=\"false\" value=\"\" type=\"text\" name=\"your-telf\" \/><\/span> <\/label>\n<\/p>\n<p><label> Mensaje<br \/>\n<span class=\"wpcf7-form-control-wrap\" data-name=\"your-message\"><textarea cols=\"40\" rows=\"10\" maxlength=\"2000\" class=\"wpcf7-form-control wpcf7-textarea\" aria-invalid=\"false\" name=\"your-message\"><\/textarea><\/span> <\/label>\n<\/p>\n<p style=\"font-size:10px\"><em>De acuerdo con la Ley de Protecci\u00f3n de Datos, se le informa de que sus datos personales van a ser incorporados a un fichero automatizado cuya finalidad es la gesti\u00f3n y prestaci\u00f3n de servicios a los clientes por parte de Alvarellos Editora. Puede ejercer el derecho de acceso, rectificaci\u00f3n, cancelaci\u00f3n y oposici\u00f3n al tratamiento de sus datos personales, mediante escrito dirigido a Alvarellos Editora, R\u00faa Sempre en Galiza, 4 (Praza Int.), 15706 Santiago de Compostela.<\/em>\n<\/p>\n<p><span class=\"wpcf7-form-control-wrap\" data-name=\"acceptance-543\"><span class=\"wpcf7-form-control wpcf7-acceptance\"><span class=\"wpcf7-list-item\"><label><input type=\"checkbox\" name=\"acceptance-543\" value=\"1\" aria-invalid=\"false\" \/><span class=\"wpcf7-list-item-label\">Acepto la pol\u00edtica de privacidad *<\/span><\/label><\/span><\/span><\/span>\n<\/p>\n<p><input class=\"wpcf7-form-control wpcf7-submit has-spinner\" type=\"submit\" value=\"ENVIAR\" \/>\n<\/p><div class=\"wpcf7-response-output\" aria-hidden=\"true\"><\/div>\n<\/form>\n<\/div>\n[\/vc_column][vc_column width=\u00bb1\/3&#8243;][gsf_info_box layout_style=\u00bbib-left\u00bb title=\u00bbCONTACTO\u00bb use_theme_fonts=\u00bb\u00bb title_font_size=\u00bb20&#8243; title_letter_spacing=\u00bb1|px\u00bb sub_title_font_size=\u00bb15&#8243; ib_bg_color=\u00bb\u00bb icon_font=\u00bbfal fa-phone\u00bb icon_color=\u00bb#d8b069&#8243; icon_size=\u00bbib-medium\u00bb hover_bg_color=\u00bb\u00bb hover_text_color=\u00bb#333333&#8243; icon_hover_color=\u00bb#d8b069&#8243; typography=\u00bbNunito Sans|800|800|normal\u00bb]<\/p>\n<div class=\"fs-15 primary-font\" style=\"color: #7e7e7e; line-height: 2.13;\">Tel\u00e9fono\/Fax: <span class=\"fw-bold heading-color\">981 522 137<\/span><br \/>\nMail: correo@alvarellos.info<\/div>\n<div><\/div>\n<p>[\/gsf_info_box][gsf_space desktop=\u00bb60&#8243; tablet=\u00bb50&#8243; tablet_portrait=\u00bb40&#8243; mobile_landscape=\u00bb40&#8243; mobile=\u00bb40&#8243;][gsf_info_box layout_style=\u00bbib-left\u00bb title=\u00bbDIRECCI\u00d3N\u00bb use_theme_fonts=\u00bb\u00bb title_font_size=\u00bb20&#8243; title_letter_spacing=\u00bb1|px\u00bb sub_title_font_size=\u00bb15&#8243; ib_bg_color=\u00bb\u00bb icon_font=\u00bbfal fa-map-marker-alt\u00bb icon_color=\u00bb#d8b069&#8243; icon_size=\u00bbib-medium\u00bb hover_bg_color=\u00bb\u00bb hover_text_color=\u00bb#333333&#8243; icon_hover_color=\u00bb#d8b069&#8243; el_class=\u00bb\u00bb typography=\u00bbNunito Sans|800|800|normal\u00bb]<strong>Calle de Sempre en Galiza, 4<br \/>\n(plaza interior)<\/strong><br \/>\n15706 Santiago de Compostela (Galicia)[\/gsf_info_box][\/vc_column][\/vc_row][vc_row][vc_column][gsf_space desktop=\u00bb60&#8243; tablet=\u00bb50&#8243; tablet_portrait=\u00bb40&#8243; mobile_landscape=\u00bb40&#8243; mobile=\u00bb40&#8243;][vc_gmaps link=\u00bb#E-8_JTNDaWZyYW1lJTIwc3JjJTNEJTIyaHR0cHMlM0ElMkYlMkZ3d3cuZ29vZ2xlLmNvbSUyRm1hcHMlMkZlbWJlZCUzRnBiJTNEJTIxMW0xOCUyMTFtMTIlMjExbTMlMjExZDI5MjQuMTM0MzQ5ODAwMjQlMjEyZC04LjU2NTQ1MzM4NDUyNzQ4OSUyMTNkNDIuODcwMDA4Mzc5MTU1OTclMjEybTMlMjExZjAlMjEyZjAlMjEzZjAlMjEzbTIlMjExaTEwMjQlMjEyaTc2OCUyMTRmMTMuMSUyMTNtMyUyMTFtMiUyMTFzMHhkMmVmZTBkYzgzZDllZDklMjUzQTB4NWRhZTRlZTViM2ZiZGVmZiUyMTJzUiUyNUMzJTI1QkFhJTI1MjBkZSUyNTIwU2VtcHJlJTI1MjBlbiUyNTIwR2FsaXphJTI1MkMlMjUyMDQlMjUyQyUyNTIwMTU3MDYlMjUyMFNhbnRpYWdvJTI1MjBkZSUyNTIwQ29tcG9zdGVsYSUyNTJDJTI1MjBBJTI1MjBDb3J1JTI1QzMlMjVCMWElMjE1ZTAlMjEzbTIlMjExc2VzJTIxMnNlcyUyMTR2MTU5NjgwNDc2MTcyOSUyMTVtMiUyMTFzZXMlMjEyc2VzJTIyJTIwd2lkdGglM0QlMjIxMDAlMjUlMjIlMjBoZWlnaHQlM0QlMjI0NTAlMjIlMjBmcmFtZWJvcmRlciUzRCUyMjAlMjIlMjBzdHlsZSUzRCUyMmJvcmRlciUzQTAlM0IlMjIlMjBhbGxvd2Z1bGxzY3JlZW4lM0QlMjIlMjIlMjBhcmlhLWhpZGRlbiUzRCUyMmZhbHNlJTIyJTIwdGFiaW5kZXglM0QlMjIwJTIyJTNFJTNDJTJGaWZyYW1lJTNF\u00bb][\/vc_column][\/vc_row]<\/p>\n<\/div>","protected":false},"excerpt":{"rendered":"<p>[vc_row content_width=\u00bbfull\u00bb][vc_column][\/vc_column][\/vc_row][vc_row][vc_column width=\u00bb2\/3&#8243;][\/vc_column][vc_column width=\u00bb1\/3&#8243;][gsf_info_box layout_style=\u00bbib-left\u00bb title=\u00bbCONTACTO\u00bb use_theme_fonts=\u00bb\u00bb title_font_size=\u00bb20&#8243; title_letter_spacing=\u00bb1|px\u00bb sub_title_font_size=\u00bb15&#8243; ib_bg_color=\u00bb\u00bb icon_font=\u00bbfal fa-phone\u00bb icon_color=\u00bb#d8b069&#8243; icon_size=\u00bbib-medium\u00bb hover_bg_color=\u00bb\u00bb hover_text_color=\u00bb#333333&#8243; icon_hover_color=\u00bb#d8b069&#8243; typography=\u00bbNunito Sans|800|800|normal\u00bb] Tel\u00e9fono\/Fax: 981 522 137 Mail: correo@alvarellos.info [\/gsf_info_box][gsf_space desktop=\u00bb60&#8243; tablet=\u00bb50&#8243; tablet_portrait=\u00bb40&#8243; mobile_landscape=\u00bb40&#8243; mobile=\u00bb40&#8243;][gsf_info_box layout_style=\u00bbib-left\u00bb title=\u00bbDIRECCI\u00d3N\u00bb use_theme_fonts=\u00bb\u00bb title_font_size=\u00bb20&#8243; title_letter_spacing=\u00bb1|px\u00bb sub_title_font_size=\u00bb15&#8243; ib_bg_color=\u00bb\u00bb icon_font=\u00bbfal fa-map-marker-alt\u00bb icon_color=\u00bb#d8b069&#8243; icon_size=\u00bbib-medium\u00bb hover_bg_color=\u00bb\u00bb hover_text_color=\u00bb#333333&#8243; icon_hover_color=\u00bb#d8b069&#8243; el_class=\u00bb\u00bb typography=\u00bbNunito Sans|800|800|normal\u00bb]Calle de Sempre en Galiza, 4 (plaza [&hellip;]<\/p>\n","protected":false},"author":1,"featured_media":0,"parent":0,"menu_order":0,"comment_status":"closed","ping_status":"closed","template":"","meta":{"footnotes":""},"class_list":["post-534","page","type-page","status-publish","hentry"],"yoast_head":"<!-- This site is optimized with the Yoast SEO plugin v27.4 - https:\/\/yoast.com\/product\/yoast-seo-wordpress\/ -->\n<title>Contacto - Alvarellos Editora<\/title>\n<meta name=\"description\" content=\"Contacto - Alvarellos Editora . Tenda en li\u00f1a de Alvarellos Editora.\" \/>\n<meta name=\"robots\" content=\"index, follow, max-snippet:-1, max-image-preview:large, max-video-preview:-1\" \/>\n<link rel=\"canonical\" href=\"https:\/\/alvarelloseditora.gal\/es\/contacte\/\" \/>\n<meta property=\"og:locale\" content=\"es_ES\" \/>\n<meta property=\"og:type\" content=\"article\" \/>\n<meta property=\"og:title\" content=\"Contacto - Alvarellos Editora\" \/>\n<meta property=\"og:description\" content=\"Contacto - Alvarellos Editora . Tenda en li\u00f1a de Alvarellos Editora.\" \/>\n<meta property=\"og:url\" content=\"https:\/\/alvarelloseditora.gal\/es\/contacte\/\" \/>\n<meta property=\"og:site_name\" content=\"Alvarellos Editora\" \/>\n<meta property=\"article:publisher\" content=\"https:\/\/www.facebook.com\/alvarelloseditora\" \/>\n<meta property=\"article:modified_time\" content=\"2023-02-02T12:57:10+00:00\" \/>\n<meta name=\"twitter:card\" content=\"summary_large_image\" \/>\n<meta name=\"twitter:site\" content=\"@alvarellos_ed\" \/>\n<meta name=\"twitter:label1\" content=\"Tiempo de lectura\" \/>\n\t<meta name=\"twitter:data1\" content=\"1 minuto\" \/>\n<!-- \/ Yoast SEO plugin. -->","yoast_head_json":{"title":"Contacto - Alvarellos Editora","description":"Contacto - Alvarellos Editora . Tenda en li\u00f1a de Alvarellos Editora.","robots":{"index":"index","follow":"follow","max-snippet":"max-snippet:-1","max-image-preview":"max-image-preview:large","max-video-preview":"max-video-preview:-1"},"canonical":"https:\/\/alvarelloseditora.gal\/es\/contacte\/","og_locale":"es_ES","og_type":"article","og_title":"Contacto - Alvarellos Editora","og_description":"Contacto - Alvarellos Editora . Tenda en li\u00f1a de Alvarellos Editora.","og_url":"https:\/\/alvarelloseditora.gal\/es\/contacte\/","og_site_name":"Alvarellos Editora","article_publisher":"https:\/\/www.facebook.com\/alvarelloseditora","article_modified_time":"2023-02-02T12:57:10+00:00","twitter_card":"summary_large_image","twitter_site":"@alvarellos_ed","twitter_misc":{"Tiempo de lectura":"1 minuto"},"schema":{"@context":"https:\/\/schema.org","@graph":[{"@type":"WebPage","@id":"https:\/\/alvarelloseditora.gal\/es\/contacte\/","url":"https:\/\/alvarelloseditora.gal\/es\/contacte\/","name":"Contacto - Alvarellos Editora","isPartOf":{"@id":"https:\/\/alvarelloseditora.gal\/#website"},"datePublished":"2018-11-22T02:35:27+00:00","dateModified":"2023-02-02T12:57:10+00:00","description":"Contacto - Alvarellos Editora . Tenda en li\u00f1a de Alvarellos Editora.","breadcrumb":{"@id":"https:\/\/alvarelloseditora.gal\/es\/contacte\/#breadcrumb"},"inLanguage":"es","potentialAction":[{"@type":"ReadAction","target":["https:\/\/alvarelloseditora.gal\/es\/contacte\/"]}]},{"@type":"BreadcrumbList","@id":"https:\/\/alvarelloseditora.gal\/es\/contacte\/#breadcrumb","itemListElement":[{"@type":"ListItem","position":1,"name":"Portada","item":"https:\/\/alvarelloseditora.gal\/"},{"@type":"ListItem","position":2,"name":"Contacto"}]},{"@type":"WebSite","@id":"https:\/\/alvarelloseditora.gal\/#website","url":"https:\/\/alvarelloseditora.gal\/","name":"Alvarellos Editora","description":"Libros para un mundo en tr\u00e1nsito","publisher":{"@id":"https:\/\/alvarelloseditora.gal\/#organization"},"potentialAction":[{"@type":"SearchAction","target":{"@type":"EntryPoint","urlTemplate":"https:\/\/alvarelloseditora.gal\/?s={search_term_string}"},"query-input":{"@type":"PropertyValueSpecification","valueRequired":true,"valueName":"search_term_string"}}],"inLanguage":"es"},{"@type":"Organization","@id":"https:\/\/alvarelloseditora.gal\/#organization","name":"Alvarellos Editora","url":"https:\/\/alvarelloseditora.gal\/","logo":{"@type":"ImageObject","inLanguage":"es","@id":"https:\/\/alvarelloseditora.gal\/#\/schema\/logo\/image\/","url":"https:\/\/alvarelloseditora.gal\/wp-content\/uploads\/2020\/02\/alv-icon.png","contentUrl":"https:\/\/alvarelloseditora.gal\/wp-content\/uploads\/2020\/02\/alv-icon.png","width":177,"height":175,"caption":"Alvarellos Editora"},"image":{"@id":"https:\/\/alvarelloseditora.gal\/#\/schema\/logo\/image\/"},"sameAs":["https:\/\/www.facebook.com\/alvarelloseditora","https:\/\/x.com\/alvarellos_ed"]}]}},"_links":{"self":[{"href":"https:\/\/alvarelloseditora.gal\/es\/wp-json\/wp\/v2\/pages\/534","targetHints":{"allow":["GET"]}}],"collection":[{"href":"https:\/\/alvarelloseditora.gal\/es\/wp-json\/wp\/v2\/pages"}],"about":[{"href":"https:\/\/alvarelloseditora.gal\/es\/wp-json\/wp\/v2\/types\/page"}],"author":[{"embeddable":true,"href":"https:\/\/alvarelloseditora.gal\/es\/wp-json\/wp\/v2\/users\/1"}],"replies":[{"embeddable":true,"href":"https:\/\/alvarelloseditora.gal\/es\/wp-json\/wp\/v2\/comments?post=534"}],"version-history":[{"count":3,"href":"https:\/\/alvarelloseditora.gal\/es\/wp-json\/wp\/v2\/pages\/534\/revisions"}],"predecessor-version":[{"id":8084,"href":"https:\/\/alvarelloseditora.gal\/es\/wp-json\/wp\/v2\/pages\/534\/revisions\/8084"}],"wp:attachment":[{"href":"https:\/\/alvarelloseditora.gal\/es\/wp-json\/wp\/v2\/media?parent=534"}],"curies":[{"name":"wp","href":"https:\/\/api.w.org\/{rel}","templated":true}]}}