{"id":508,"date":"2018-11-21T02:34:29","date_gmt":"2018-11-21T02:34:29","guid":{"rendered":"https:\/\/nueva.alvarellos.info\/?page_id=508"},"modified":"2023-02-02T12:29:14","modified_gmt":"2023-02-02T11:29:14","slug":"nuestra-historia","status":"publish","type":"page","link":"https:\/\/alvarelloseditora.gal\/es\/nuestra-historia\/","title":{"rendered":"Nuestra historia"},"content":{"rendered":"<div class=\"wpb-content-wrapper\"><p>[vc_row css=\u00bb.vc_custom_1542182021570{background-color: #ffffff !important;}\u00bb][vc_column offset=\u00bbvc_col-lg-offset-2 vc_col-lg-8 vc_col-md-offset-1 vc_col-md-10&#8243;][vc_column_text el_class=\u00bb\u00bb css=\u00bb.vc_custom_1675335764977{margin-bottom: 30px !important;}\u00bb]<\/p>\n<h5 style=\"text-align: center;\">1969<br \/>\nNACE LA REPROGRAF\u00cdA ALVARELLOS<\/h5>\n<p>[\/vc_column_text][\/vc_column][\/vc_row][vc_row][vc_column width=\u00bb1\/2&#8243;][vc_column_text]<\/p>\n<p style=\"text-align: justify;\"><strong>Alvarellos Editora<\/strong> inicia su actividad en el mes de mayo de 1977 (Registro Nacional de Empresas Editoriales n\u00ba 1.776\/77). La nueva empresa cultural abre sus puertas en Lugo con la novela <em>Botei corenta anos<\/em>, de la que es autor <a href=\"https:\/\/alvarelloseditora.gal\/o-fundador\/\">Enrique Alvarellos Iglesias<\/a>, fundador y director de la propia editorial.[\/vc_column_text][vc_row_inner][vc_column_inner width=\u00bb1\/2&#8243;][vc_single_image image=\u00bb5647&#8243; add_caption=\u00bbyes\u00bb alignment=\u00bbright\u00bb onclick=\u00bblink_image\u00bb][\/vc_column_inner][vc_column_inner width=\u00bb1\/2&#8243;][vc_single_image image=\u00bb5650&#8243; add_caption=\u00bbyes\u00bb onclick=\u00bblink_image\u00bb][\/vc_column_inner][\/vc_row_inner][vc_row_inner][vc_column_inner][vc_single_image image=\u00bb5653&#8243; add_caption=\u00bbyes\u00bb alignment=\u00bbcenter\u00bb onclick=\u00bblink_image\u00bb][\/vc_column_inner][\/vc_row_inner][\/vc_column][vc_column width=\u00bb1\/2&#8243;][vc_column_text el_class=\u00bb\u00bb css=\u00bb.vc_custom_1675335832902{margin-bottom: 35px !important;}\u00bb]<\/p>\n<p style=\"text-align: justify;\">Pero ocho a\u00f1os antes, a finales de 1969, <a href=\"https:\/\/alvarelloseditora.gal\/o-fundador\/\">Alvarellos Iglesias<\/a> abr\u00eda ya una imprenta reprogr\u00e1fica, verdadero antecedente de la futura editorial. Del sello de la <strong>Reprograf\u00eda Alvarellos<\/strong> salieron t\u00edtulos como <i>Diversas melod\u00edas para la celebraci\u00f3n eucar\u00edstica<\/i> (1969), <em>Fundamentos de Sociolog\u00eda<\/em> (1971) de Manuel Cobeta, <em>Las cantigas de escarnio y maldecir de Alfonso X<\/em> (1973) de Epifanio Ramos, <em>Genealog\u00eda y Her\u00e1ldica<\/em> (1973) de Luis Campo Fern\u00e1ndez o <em>Los hijos de los conquistadores<\/em> (1974) de Xos\u00e9 L. Santos Lago, editados entonces por los respectivos autores, pero que sirvieron de pre\u00e1mbulo para que, en 1977, Alvarellos apostase directamente por la publicaci\u00f3n de libros. En la Reprograf\u00eda se imprimieron todos los vol\u00famenes de <strong>Alvarellos Editora<\/strong> (m\u00e1s de un centenar de t\u00edtulos) hasta el a\u00f1o 2002.<\/p>\n<p>[\/vc_column_text][\/vc_column][\/vc_row][vc_row css=\u00bb.vc_custom_1542182021570{background-color: #ffffff !important;}\u00bb][vc_column offset=\u00bbvc_col-lg-offset-2 vc_col-lg-8 vc_col-md-offset-1 vc_col-md-10&#8243;][vc_column_text el_class=\u00bb\u00bb css=\u00bb.vc_custom_1675335775179{margin-bottom: 30px !important;}\u00bb]<\/p>\n<h5 style=\"text-align: center;\">1977-1985<br \/>\nLA INTENSA ACTIVIDAD DE UNA NUEVA EDITORIAL<\/h5>\n<p>[\/vc_column_text][\/vc_column][\/vc_row][vc_row][vc_column width=\u00bb1\/2&#8243;][vc_column_text el_class=\u00bb\u00bb]<\/p>\n<p style=\"text-align: justify;\">En aquella \u00e9poca \u2014finales de los a\u00f1os setenta\u2014, Galicia y Espa\u00f1a entera experimentaban, despu\u00e9s de cuarenta a\u00f1os de r\u00e9gimen dictatorial, la llegada de la democracia. En este ambiente fund\u00f3 Alvarellos su nueva empresa. Eran muy pocas las editoriales que funcionaban en aquella \u00e9poca en Galicia.<\/p>\n<p style=\"text-align: justify;\">Dos claros objetivos presiden, desde el principio, la actividad de Alvarellos Editora (que luce como lema \u201cLoite connosco coa cultura\u201d, \u201cLuche con nosotros con la cultura\u201d):<\/p>\n<ul>\n<li>\n<p style=\"text-align: justify;\">Durante la transici\u00f3n democr\u00e1tica, dar a conocer a escritores nuevos de la narrativa gallega, en un momento en el que las letras viv\u00edan en este pa\u00eds un segundo resurgir tras la llegada de las libertades.<\/p>\n<\/li>\n<li>\n<p style=\"text-align: justify;\">Recuperar, por medio de ediciones facs\u00edmiles, obras de los siglos XVIII y XIX que permanecieron olvidadas y que, no obstante, forman parte crucial de la historia de nuestra Tierra.<\/p>\n<\/li>\n<\/ul>\n<p>[\/vc_column_text][\/vc_column][vc_column width=\u00bb1\/2&#8243;][vc_single_image image=\u00bb3309&#8243; img_size=\u00bbfull\u00bb add_caption=\u00bbyes\u00bb alignment=\u00bbright\u00bb onclick=\u00bblink_image\u00bb][\/vc_column][\/vc_row][vc_row css=\u00bb.vc_custom_1542182021570{background-color: #ffffff !important;}\u00bb][vc_column offset=\u00bbvc_col-lg-offset-2 vc_col-lg-8 vc_col-md-offset-1 vc_col-md-10&#8243;][vc_column_text css=\u00bb.vc_custom_1589371486762{margin-bottom: 30px !important;}\u00bb]<\/p>\n<h5 style=\"text-align: center;\">LA NUEVA NARRATIVA GALLEGA<\/h5>\n<p>[\/vc_column_text][\/vc_column][\/vc_row][vc_row][vc_column][vc_column_text el_class=\u00bb\u00bb]<\/p>\n<p style=\"text-align: justify;\">Durante los primeros a\u00f1os de funcionamiento de la editorial (ubicada en los bajos del n\u00famero 1 de la Plaza Comandante Manso de Lugo, donde compart\u00eda espacio con la <b>Academia Alvarellos<\/b> y con los talleres reprogr\u00e1ficos), el esfuerzo se concentr\u00f3 en la <b>NOVA NARRATIVA GALEGA<\/b>: Xabier Alcal\u00e1 (<i>A Insua<\/i>), Manuel Mar\u00eda (<i>Catavento de neutr\u00f3s domesticados<\/i>), Xabier Rodr\u00edguez Barrio (<i>Ant\u00edfona da Redenci\u00f3n<\/i>), Ant\u00f3n Risco (<i>Pensamento de Vicente Risco<\/i>), Colectivo Fuxan os Ventos (<i>Galicia canto ao neno<\/i>. <i>Cen panxoli\u00f1as<\/i>), Xos\u00e9 Lois Garc\u00eda (<i>Castelao i Catalunya<\/i>), Xos\u00e9 Moreiras Santiso (<i>Os 1001 refr\u00e1ns do Home<\/i> e <i>Os 1001 refr\u00e1ns da Muller<\/i>), Colectivo Limbo (<i>Nova alternativa cultural galega<\/i>)&#8230;<\/p>\n<p>[\/vc_column_text][vc_single_image image=\u00bb3326&#8243; img_size=\u00bb600&#215;200&#8243; add_caption=\u00bbyes\u00bb alignment=\u00bbcenter\u00bb onclick=\u00bblink_image\u00bb][\/vc_column][\/vc_row][vc_row css=\u00bb.vc_custom_1542182021570{background-color: #ffffff !important;}\u00bb][vc_column offset=\u00bbvc_col-lg-offset-2 vc_col-lg-8 vc_col-md-offset-1 vc_col-md-10&#8243;][vc_column_text css=\u00bb.vc_custom_1589370721472{margin-bottom: 30px !important;}\u00bb]<\/p>\n<h5 style=\"text-align: center;\">ENSAYOS Y PUBLICACIONES T\u00c9CNICAS<\/h5>\n<p>[\/vc_column_text][\/vc_column][\/vc_row][vc_row][vc_column][vc_column_text el_class=\u00bb\u00bb]<\/p>\n<p style=\"text-align: justify;\">Paralelamente, se inici\u00f3 una colecci\u00f3n de ENSAYOS con<em> El Mariscal Pardo de Cela<\/em> de Eduardo Pardo, <em>Lugo en sus or\u00edgenes <\/em>de Narciso Peinado o <em>Onom\u00e1stica Persoal do Noroeste Hispano<\/em>, de Eligio Rivas Quintas. Junto a ellos, la magna obra <em>Bandas de M\u00fasica de Galicia<\/em>, un ensayo de m\u00e1s de 1.000 p\u00e1ginas realizado por el propio Enrique Alvarellos Iglesias y que ser\u00eda finalista del Premio a la Investigaci\u00f3n de Galicia en 1987.<\/p>\n<p style=\"text-align: justify;\">En la actualidad, forman parte del cat\u00e1logo libros t\u00e9cnicos como <em>Xoguemos coas matem\u00e1ticas na ESO<\/em>, de Cecilia Alvarellos Casas, o <em>Nueva t\u00e9cnica de direcci\u00f3n de orquesta, coro y banda<\/em>, de Francisco Navarro Lara.<\/p>\n<p>[\/vc_column_text][\/vc_column][\/vc_row][vc_row css=\u00bb.vc_custom_1542182021570{background-color: #ffffff !important;}\u00bb][vc_column offset=\u00bbvc_col-lg-offset-2 vc_col-lg-8 vc_col-md-offset-1 vc_col-md-10&#8243;][vc_column_text css=\u00bb.vc_custom_1589371070489{margin-bottom: 30px !important;}\u00bb]<\/p>\n<h5 style=\"text-align: center;\">LOS FACS\u00cdMILES DE LOS SIGLOS XVIII Y XIX<\/h5>\n<p>[\/vc_column_text][\/vc_column][\/vc_row][vc_row][vc_column width=\u00bb5\/6&#8243;][vc_column_text el_class=\u00bb\u00bb]<\/p>\n<p style=\"text-align: justify;\">En el \u00e1mbito de las publicaciones FACS\u00cdMILES, Alvarellos Editora comenz\u00f3 su actividad con la publicaci\u00f3n de los siete tomos de la <em>Historia de Galicia<\/em> de Benito Vicetto, editados en r\u00fastica y a un precio sin competencia \u2014ya para 1978\u2014 de 3.500 pesetas (los siete vol\u00famenes). <em>O Almanaque da Inquisici\u00f3n<\/em>, el <em>Arte de destilar aguardientes y Licores<\/em>, la <em>Historia da M\u00fasica Antigua<\/em> o <em>Puntos negros del descubrimiento de Am\u00e9rica<\/em> fueron otros de los t\u00edtulos salidos con la firma de Alvarellos.<\/p>\n<p style=\"text-align: justify;\">A finales de los a\u00f1os ochenta se inici\u00f3 la Colecci\u00f3n Facs\u00edmiles del Siglo XVIII, donde vieron la luz, encuadernadas e impresas a todo lujo, las <em>Obras completas do Cura de Fru\u00edme<\/em> (siete tomos), los 12 tomos correspondientes a <em>Galicia de la monumental Espa\u00f1a Sagrada<\/em>, la primera historia barroca de Lugo (<em>Argos Divina<\/em>), la <em>Arquitectura de Vitrubio<\/em> o la <em>Historia del Pueblo Hebreo<\/em>, entre otros; t\u00edtulos todos ellos que siguen integrando hoy la Colecci\u00f3n Facs\u00edmiles del cat\u00e1logo editorial.<\/p>\n<p style=\"text-align: justify;\">Desde su origen, Alvarellos Editora fue una empresa familiar. Su fundador sol\u00eda ironizar definiendo su editorial como \u201csociedad limitad\u00edsima\u201d. Muchos de los libros eran concebidos, maquetados, impresos y distribuidos por el propio editor. Por lo tanto, mucho sacrificio y extraordinaria ilusi\u00f3n por la cultura e identidad de Galicia fueron los ingredientes b\u00e1sicos para mantener la actividad de esta empresa, durante las tres largas d\u00e9cadas en las que estuvo dirigida por Enrique Alvarellos Iglesias.<\/p>\n<p style=\"text-align: justify;\">(En 2002 se celebraron, con la publicaci\u00f3n del Cat\u00e1logo de Facs\u00edmiles del siglo XVIII, las Bodas de Plata de la editorial).<\/p>\n<p>[\/vc_column_text][\/vc_column][vc_column width=\u00bb1\/6&#8243;][vc_single_image image=\u00bb3347&#8243; img_size=\u00bbfull\u00bb add_caption=\u00bbyes\u00bb alignment=\u00bbright\u00bb onclick=\u00bblink_image\u00bb][\/vc_column][\/vc_row][vc_row css=\u00bb.vc_custom_1542182021570{background-color: #ffffff !important;}\u00bb][vc_column offset=\u00bbvc_col-lg-offset-2 vc_col-lg-8 vc_col-md-offset-1 vc_col-md-10&#8243;][vc_column_text css=\u00bb.vc_custom_1589371257774{margin-bottom: 30px !important;}\u00bb]<\/p>\n<h5 style=\"text-align: center;\">2005<br \/>\nCOMIENZA UNA NUEVA ETAPA<\/h5>\n<p>[\/vc_column_text][\/vc_column][\/vc_row][vc_row][vc_column width=\u00bb1\/6&#8243;][vc_single_image image=\u00bb3351&#8243; img_size=\u00bbfull\u00bb add_caption=\u00bbyes\u00bb onclick=\u00bblink_image\u00bb][\/vc_column][vc_column width=\u00bb5\/6&#8243;][vc_column_text el_class=\u00bb\u00bb]<\/p>\n<p style=\"text-align: justify;\">Tras el fallecimiento de su alma m\u00e1ter, en junio de 2004, la responsabilidad de la empresa pas\u00f3 a una segunda generaci\u00f3n de propietarios. Henrique Alvarellos Casas (Lugo, 1968), periodista y autor de varios libros, es el director desde ese momento. La actividad empresarial se desarrolla, desde entonces, entre Lugo y Santiago de Compostela. La empresa contin\u00faa siendo familiar, lleva con orgullo el hecho de ser una de las tres editoriales m\u00e1s veteranas de Galicia y afronta el siglo XXI con criterios de expansi\u00f3n y modernidad.<\/p>\n<p style=\"text-align: justify;\">En esta l\u00ednea, Alvarellos Editora comenz\u00f3 el a\u00f1o 2005 relanzando su colecci\u00f3n de Facs\u00edmiles (reediciones de la <em>Espa\u00f1a Sagrada<\/em>, <em>Obras Completas do Cura de Fru\u00edme<\/em> o la <em>Arquitectura de Vitrubio<\/em>) y la Colecci\u00f3n Cl\u00e1sicos (comenzando con la obra <em>Bandas de M\u00fasica de Galicia<\/em>). Asimismo, se pone en marcha la nueva colecci\u00f3n \u201cRescate\u201d, una serie de vol\u00famenes en los que se recuperan textos olvidados de destacadas plumas de nuestra cultura. El primero de ellos \u2014que vio la luz coincidiendo con el D\u00eda del Libro de 2005\u2014 es el volumen <em>Viajes y yantares por Galicia<\/em>, que recoge 37 art\u00edculos perdidos de \u00c1lvaro Cunqueiro, publicados en los a\u00f1os cincuenta y sesenta en la popular revista <em>Vida Gallega<\/em>.<\/p>\n<p>[\/vc_column_text][\/vc_column][\/vc_row][vc_row][vc_column][vc_column_text][\/vc_column_text][\/vc_column][\/vc_row][vc_row][vc_column][vc_column_text]<\/p>\n<p>[\/vc_column_text][\/vc_column][\/vc_row]<\/p>\n<\/div>","protected":false},"excerpt":{"rendered":"<p>[vc_row css=\u00bb.vc_custom_1542182021570{background-color: #ffffff !important;}\u00bb][vc_column offset=\u00bbvc_col-lg-offset-2 vc_col-lg-8 vc_col-md-offset-1 vc_col-md-10&#8243;][vc_column_text el_class=\u00bb\u00bb css=\u00bb.vc_custom_1675335764977{margin-bottom: 30px !important;}\u00bb] 1969 NACE LA REPROGRAF\u00cdA ALVARELLOS [\/vc_column_text][\/vc_column][\/vc_row][vc_row][vc_column width=\u00bb1\/2&#8243;][vc_column_text] Alvarellos Editora inicia su actividad en el mes de mayo de 1977 (Registro Nacional de Empresas Editoriales n\u00ba 1.776\/77). La nueva empresa cultural abre sus puertas en Lugo con la novela Botei corenta anos, de la [&hellip;]<\/p>\n","protected":false},"author":1,"featured_media":0,"parent":0,"menu_order":0,"comment_status":"closed","ping_status":"closed","template":"","meta":{"footnotes":""},"class_list":["post-508","page","type-page","status-publish","hentry"],"yoast_head":"<!-- This site is optimized with the Yoast SEO plugin v27.4 - https:\/\/yoast.com\/product\/yoast-seo-wordpress\/ -->\n<title>Historia de Alvarellos Editora - libros gallegos<\/title>\n<meta name=\"description\" content=\"Alvarellos Editora, fundada en Lugo en 1977, es una de las editoriales m\u00e1s veteranas de Galicia.\" \/>\n<meta name=\"robots\" content=\"index, follow, max-snippet:-1, max-image-preview:large, max-video-preview:-1\" \/>\n<link rel=\"canonical\" href=\"https:\/\/alvarelloseditora.gal\/es\/nuestra-historia\/\" \/>\n<meta property=\"og:locale\" content=\"es_ES\" \/>\n<meta property=\"og:type\" content=\"article\" \/>\n<meta property=\"og:title\" content=\"Historia de Alvarellos Editora - libros gallegos\" \/>\n<meta property=\"og:description\" content=\"Alvarellos Editora, fundada en Lugo en 1977, es una de las editoriales m\u00e1s veteranas de Galicia.\" \/>\n<meta property=\"og:url\" content=\"https:\/\/alvarelloseditora.gal\/es\/nuestra-historia\/\" \/>\n<meta property=\"og:site_name\" content=\"Alvarellos Editora\" \/>\n<meta property=\"article:publisher\" content=\"https:\/\/www.facebook.com\/alvarelloseditora\" \/>\n<meta property=\"article:modified_time\" content=\"2023-02-02T11:29:14+00:00\" \/>\n<meta name=\"twitter:card\" content=\"summary_large_image\" \/>\n<meta name=\"twitter:site\" content=\"@alvarellos_ed\" \/>\n<meta name=\"twitter:label1\" content=\"Tiempo de lectura\" \/>\n\t<meta name=\"twitter:data1\" content=\"7 minutos\" \/>\n<!-- \/ Yoast SEO plugin. -->","yoast_head_json":{"title":"Historia de Alvarellos Editora - libros gallegos","description":"Alvarellos Editora, fundada en Lugo en 1977, es una de las editoriales m\u00e1s veteranas de Galicia.","robots":{"index":"index","follow":"follow","max-snippet":"max-snippet:-1","max-image-preview":"max-image-preview:large","max-video-preview":"max-video-preview:-1"},"canonical":"https:\/\/alvarelloseditora.gal\/es\/nuestra-historia\/","og_locale":"es_ES","og_type":"article","og_title":"Historia de Alvarellos Editora - libros gallegos","og_description":"Alvarellos Editora, fundada en Lugo en 1977, es una de las editoriales m\u00e1s veteranas de Galicia.","og_url":"https:\/\/alvarelloseditora.gal\/es\/nuestra-historia\/","og_site_name":"Alvarellos Editora","article_publisher":"https:\/\/www.facebook.com\/alvarelloseditora","article_modified_time":"2023-02-02T11:29:14+00:00","twitter_card":"summary_large_image","twitter_site":"@alvarellos_ed","twitter_misc":{"Tiempo de lectura":"7 minutos"},"schema":{"@context":"https:\/\/schema.org","@graph":[{"@type":"WebPage","@id":"https:\/\/alvarelloseditora.gal\/es\/nuestra-historia\/","url":"https:\/\/alvarelloseditora.gal\/es\/nuestra-historia\/","name":"Historia de Alvarellos Editora - libros gallegos","isPartOf":{"@id":"https:\/\/alvarelloseditora.gal\/#website"},"datePublished":"2018-11-21T02:34:29+00:00","dateModified":"2023-02-02T11:29:14+00:00","description":"Alvarellos Editora, fundada en Lugo en 1977, es una de las editoriales m\u00e1s veteranas de Galicia.","breadcrumb":{"@id":"https:\/\/alvarelloseditora.gal\/es\/nuestra-historia\/#breadcrumb"},"inLanguage":"es","potentialAction":[{"@type":"ReadAction","target":["https:\/\/alvarelloseditora.gal\/es\/nuestra-historia\/"]}]},{"@type":"BreadcrumbList","@id":"https:\/\/alvarelloseditora.gal\/es\/nuestra-historia\/#breadcrumb","itemListElement":[{"@type":"ListItem","position":1,"name":"Portada","item":"https:\/\/alvarelloseditora.gal\/"},{"@type":"ListItem","position":2,"name":"Nuestra historia"}]},{"@type":"WebSite","@id":"https:\/\/alvarelloseditora.gal\/#website","url":"https:\/\/alvarelloseditora.gal\/","name":"Alvarellos Editora","description":"Libros para un mundo en tr\u00e1nsito","publisher":{"@id":"https:\/\/alvarelloseditora.gal\/#organization"},"potentialAction":[{"@type":"SearchAction","target":{"@type":"EntryPoint","urlTemplate":"https:\/\/alvarelloseditora.gal\/?s={search_term_string}"},"query-input":{"@type":"PropertyValueSpecification","valueRequired":true,"valueName":"search_term_string"}}],"inLanguage":"es"},{"@type":"Organization","@id":"https:\/\/alvarelloseditora.gal\/#organization","name":"Alvarellos Editora","url":"https:\/\/alvarelloseditora.gal\/","logo":{"@type":"ImageObject","inLanguage":"es","@id":"https:\/\/alvarelloseditora.gal\/#\/schema\/logo\/image\/","url":"https:\/\/alvarelloseditora.gal\/wp-content\/uploads\/2020\/02\/alv-icon.png","contentUrl":"https:\/\/alvarelloseditora.gal\/wp-content\/uploads\/2020\/02\/alv-icon.png","width":177,"height":175,"caption":"Alvarellos Editora"},"image":{"@id":"https:\/\/alvarelloseditora.gal\/#\/schema\/logo\/image\/"},"sameAs":["https:\/\/www.facebook.com\/alvarelloseditora","https:\/\/x.com\/alvarellos_ed"]}]}},"_links":{"self":[{"href":"https:\/\/alvarelloseditora.gal\/es\/wp-json\/wp\/v2\/pages\/508","targetHints":{"allow":["GET"]}}],"collection":[{"href":"https:\/\/alvarelloseditora.gal\/es\/wp-json\/wp\/v2\/pages"}],"about":[{"href":"https:\/\/alvarelloseditora.gal\/es\/wp-json\/wp\/v2\/types\/page"}],"author":[{"embeddable":true,"href":"https:\/\/alvarelloseditora.gal\/es\/wp-json\/wp\/v2\/users\/1"}],"replies":[{"embeddable":true,"href":"https:\/\/alvarelloseditora.gal\/es\/wp-json\/wp\/v2\/comments?post=508"}],"version-history":[{"count":3,"href":"https:\/\/alvarelloseditora.gal\/es\/wp-json\/wp\/v2\/pages\/508\/revisions"}],"predecessor-version":[{"id":8068,"href":"https:\/\/alvarelloseditora.gal\/es\/wp-json\/wp\/v2\/pages\/508\/revisions\/8068"}],"wp:attachment":[{"href":"https:\/\/alvarelloseditora.gal\/es\/wp-json\/wp\/v2\/media?parent=508"}],"curies":[{"name":"wp","href":"https:\/\/api.w.org\/{rel}","templated":true}]}}