{"id":489,"date":"2018-11-20T09:10:23","date_gmt":"2018-11-20T09:10:23","guid":{"rendered":"https:\/\/nueva.alvarellos.info\/?page_id=489"},"modified":"2024-03-04T13:08:49","modified_gmt":"2024-03-04T12:08:49","slug":"presentacion","status":"publish","type":"page","link":"https:\/\/alvarelloseditora.gal\/es\/presentacion\/","title":{"rendered":"Presentaci\u00f3n"},"content":{"rendered":"<div class=\"wpb-content-wrapper\"><p>[vc_row css=\u00bb.vc_custom_1621883148894{background-position: center !important;background-repeat: no-repeat !important;background-size: cover !important;}\u00bb][vc_column offset=\u00bbvc_col-lg-offset-0 vc_col-lg-12 vc_col-md-offset-1 vc_col-md-10&#8243; css=\u00bb.vc_custom_1621883024503{padding-top: 40px !important;}\u00bb][gsf_space desktop=\u00bb90&#8243; tablet=\u00bb70&#8243; tablet_portrait=\u00bb60&#8243; mobile_landscape=\u00bb50&#8243; mobile=\u00bb40&#8243;][gsf_heading layout_style=\u00bbstyle-4&#8243; space_between=\u00bb33|px\u00bb title=\u00bbQWx2YXJlbGxvcyUyMEVkaXRvcmE=\u00bb title_color=\u00bb#333333&#8243; title_line_height=\u00bb1.29|em\u00bb sub_title_font_size=\u00bb18&#8243; sub_title_letter_spacing=\u00bb5px\u00bb sub_title_use_theme_fonts=\u00bb\u00bb css=\u00bb.vc_custom_1582795016032{margin-bottom: 52px !important;}\u00bb][vc_column_text el_class=\u00bb\u00bb]Somos una editorial gallega, independiente, que naci\u00f3 en 1977 en Lugo y tiene su sede, desde 2004, en Santiago de Compostela. Luchamos por adaptarnos al siglo XXI sin perder las ra\u00edces hondas de nuestra historia y cultura.<\/p>\n<p>Publicamos ensayo y divulgaci\u00f3n, poes\u00eda, originales gu\u00edas de Santiago y Galicia, fotograf\u00eda hist\u00f3rica, rescatamos cl\u00e1sicos en ediciones muy cuidadas&#8230; Y tenemos un sello propio de \u00e1lbum ilustrado para primeras lecturas, <a href=\"https:\/\/alvarelloseditora.gal\/cat\/verdemar\/\">Verdemar<\/a>, de cuentos por la diversidad.<\/p>\n<p>Publicamos cada a\u00f1o entre 15 y 20 nuevos t\u00edtulos. Mantenemos un cat\u00e1logo vivo de unas 250 obras y un cat\u00e1logo hist\u00f3rico de m\u00e1s de 400.<\/p>\n<p>Nuestro proyecto editorial est\u00e1 encabezado <a href=\"https:\/\/alvarelloseditora.gal\/es\/quienes-somos\/\">por Henrique Alvarellos Casas, como director y editor, y Marta P\u00e9rez Rodr\u00edguez, como gerente y administradora.<\/a>\u00a0 Entre los dos coordinamos un grupo de colaboradores\u00a0 \u2014fil\u00f3logos e historiadores, dise\u00f1adores, ilustradores y distribuidores\u2014 con los que completamos un equipo que busca siempre seducir al p\u00fablico lector con nuevas propuestas.[\/vc_column_text][gsf_space desktop=\u00bb90&#8243; tablet=\u00bb70&#8243; tablet_portrait=\u00bb60&#8243; mobile_landscape=\u00bb50&#8243; mobile=\u00bb40&#8243;][gsf_heading layout_style=\u00bbstyle-4&#8243; space_between=\u00bb33|px\u00bb title_color=\u00bb#333333&#8243; title_line_height=\u00bb1.29|em\u00bb sub_title_font_size=\u00bb18&#8243; sub_title_letter_spacing=\u00bb5px\u00bb sub_title_use_theme_fonts=\u00bb\u00bb sub_title=\u00bbPALMAR\u00c9S DE ALVARELLOS EDITORA\u00bb css=\u00bb.vc_custom_1582795002330{margin-bottom: 52px !important;}\u00bb][vc_raw_html]JTVCdGFibGUlMjBpZCUzRDIlMjAlMkYlNUQ=[\/vc_raw_html][gsf_space desktop=\u00bb90&#8243; tablet=\u00bb70&#8243; tablet_portrait=\u00bb60&#8243; mobile_landscape=\u00bb50&#8243; mobile=\u00bb40&#8243;][\/vc_column][\/vc_row]<\/p>\n<\/div>","protected":false},"excerpt":{"rendered":"<p>[vc_row css=\u00bb.vc_custom_1621883148894{background-position: center !important;background-repeat: no-repeat !important;background-size: cover !important;}\u00bb][vc_column offset=\u00bbvc_col-lg-offset-0 vc_col-lg-12 vc_col-md-offset-1 vc_col-md-10&#8243; css=\u00bb.vc_custom_1621883024503{padding-top: 40px !important;}\u00bb][gsf_space desktop=\u00bb90&#8243; tablet=\u00bb70&#8243; tablet_portrait=\u00bb60&#8243; mobile_landscape=\u00bb50&#8243; mobile=\u00bb40&#8243;][gsf_heading layout_style=\u00bbstyle-4&#8243; space_between=\u00bb33|px\u00bb title=\u00bbQWx2YXJlbGxvcyUyMEVkaXRvcmE=\u00bb title_color=\u00bb#333333&#8243; title_line_height=\u00bb1.29|em\u00bb sub_title_font_size=\u00bb18&#8243; sub_title_letter_spacing=\u00bb5px\u00bb sub_title_use_theme_fonts=\u00bb\u00bb css=\u00bb.vc_custom_1582795016032{margin-bottom: 52px !important;}\u00bb][vc_column_text el_class=\u00bb\u00bb]Somos una editorial gallega, independiente, que naci\u00f3 en 1977 en Lugo y tiene su sede, desde 2004, en Santiago de Compostela. Luchamos por adaptarnos [&hellip;]<\/p>\n","protected":false},"author":1,"featured_media":0,"parent":0,"menu_order":0,"comment_status":"closed","ping_status":"closed","template":"","meta":{"footnotes":""},"class_list":["post-489","page","type-page","status-publish","hentry"],"yoast_head":"<!-- This site is optimized with the Yoast SEO plugin v27.3 - https:\/\/yoast.com\/product\/yoast-seo-wordpress\/ -->\n<title>Alvarellos Editora, una de las editoriales m\u00e1s veteranas de Galicia<\/title>\n<meta name=\"description\" content=\"Alvarellos Editora, fundada en Lugo en 1977, es una de las editoriales m\u00e1s veteranas de Galicia. Edita en libros de diversa tem\u00e1tica.\" \/>\n<meta name=\"robots\" content=\"index, follow, max-snippet:-1, max-image-preview:large, max-video-preview:-1\" \/>\n<link rel=\"canonical\" href=\"https:\/\/alvarelloseditora.gal\/es\/presentacion\/\" \/>\n<meta property=\"og:locale\" content=\"es_ES\" \/>\n<meta property=\"og:type\" content=\"article\" \/>\n<meta property=\"og:title\" content=\"Alvarellos Editora, una de las editoriales m\u00e1s veteranas de Galicia\" \/>\n<meta property=\"og:description\" content=\"Alvarellos Editora, fundada en Lugo en 1977, es una de las editoriales m\u00e1s veteranas de Galicia. Edita en libros de diversa tem\u00e1tica.\" \/>\n<meta property=\"og:url\" content=\"https:\/\/alvarelloseditora.gal\/es\/presentacion\/\" \/>\n<meta property=\"og:site_name\" content=\"Alvarellos Editora\" \/>\n<meta property=\"article:publisher\" content=\"https:\/\/www.facebook.com\/alvarelloseditora\" \/>\n<meta property=\"article:modified_time\" content=\"2024-03-04T12:08:49+00:00\" \/>\n<meta name=\"twitter:card\" content=\"summary_large_image\" \/>\n<meta name=\"twitter:site\" content=\"@alvarellos_ed\" \/>\n<meta name=\"twitter:label1\" content=\"Tiempo de lectura\" \/>\n\t<meta name=\"twitter:data1\" content=\"2 minutos\" \/>\n<!-- \/ Yoast SEO plugin. -->","yoast_head_json":{"title":"Alvarellos Editora, una de las editoriales m\u00e1s veteranas de Galicia","description":"Alvarellos Editora, fundada en Lugo en 1977, es una de las editoriales m\u00e1s veteranas de Galicia. Edita en libros de diversa tem\u00e1tica.","robots":{"index":"index","follow":"follow","max-snippet":"max-snippet:-1","max-image-preview":"max-image-preview:large","max-video-preview":"max-video-preview:-1"},"canonical":"https:\/\/alvarelloseditora.gal\/es\/presentacion\/","og_locale":"es_ES","og_type":"article","og_title":"Alvarellos Editora, una de las editoriales m\u00e1s veteranas de Galicia","og_description":"Alvarellos Editora, fundada en Lugo en 1977, es una de las editoriales m\u00e1s veteranas de Galicia. Edita en libros de diversa tem\u00e1tica.","og_url":"https:\/\/alvarelloseditora.gal\/es\/presentacion\/","og_site_name":"Alvarellos Editora","article_publisher":"https:\/\/www.facebook.com\/alvarelloseditora","article_modified_time":"2024-03-04T12:08:49+00:00","twitter_card":"summary_large_image","twitter_site":"@alvarellos_ed","twitter_misc":{"Tiempo de lectura":"2 minutos"},"schema":{"@context":"https:\/\/schema.org","@graph":[{"@type":"WebPage","@id":"https:\/\/alvarelloseditora.gal\/es\/presentacion\/","url":"https:\/\/alvarelloseditora.gal\/es\/presentacion\/","name":"Alvarellos Editora, una de las editoriales m\u00e1s veteranas de Galicia","isPartOf":{"@id":"https:\/\/alvarelloseditora.gal\/#website"},"datePublished":"2018-11-20T09:10:23+00:00","dateModified":"2024-03-04T12:08:49+00:00","description":"Alvarellos Editora, fundada en Lugo en 1977, es una de las editoriales m\u00e1s veteranas de Galicia. Edita en libros de diversa tem\u00e1tica.","breadcrumb":{"@id":"https:\/\/alvarelloseditora.gal\/es\/presentacion\/#breadcrumb"},"inLanguage":"es","potentialAction":[{"@type":"ReadAction","target":["https:\/\/alvarelloseditora.gal\/es\/presentacion\/"]}]},{"@type":"BreadcrumbList","@id":"https:\/\/alvarelloseditora.gal\/es\/presentacion\/#breadcrumb","itemListElement":[{"@type":"ListItem","position":1,"name":"Portada","item":"https:\/\/alvarelloseditora.gal\/"},{"@type":"ListItem","position":2,"name":"Presentaci\u00f3n"}]},{"@type":"WebSite","@id":"https:\/\/alvarelloseditora.gal\/#website","url":"https:\/\/alvarelloseditora.gal\/","name":"Alvarellos Editora","description":"Libros para un mundo en tr\u00e1nsito","publisher":{"@id":"https:\/\/alvarelloseditora.gal\/#organization"},"potentialAction":[{"@type":"SearchAction","target":{"@type":"EntryPoint","urlTemplate":"https:\/\/alvarelloseditora.gal\/?s={search_term_string}"},"query-input":{"@type":"PropertyValueSpecification","valueRequired":true,"valueName":"search_term_string"}}],"inLanguage":"es"},{"@type":"Organization","@id":"https:\/\/alvarelloseditora.gal\/#organization","name":"Alvarellos Editora","url":"https:\/\/alvarelloseditora.gal\/","logo":{"@type":"ImageObject","inLanguage":"es","@id":"https:\/\/alvarelloseditora.gal\/#\/schema\/logo\/image\/","url":"https:\/\/alvarelloseditora.gal\/wp-content\/uploads\/2020\/02\/alv-icon.png","contentUrl":"https:\/\/alvarelloseditora.gal\/wp-content\/uploads\/2020\/02\/alv-icon.png","width":177,"height":175,"caption":"Alvarellos Editora"},"image":{"@id":"https:\/\/alvarelloseditora.gal\/#\/schema\/logo\/image\/"},"sameAs":["https:\/\/www.facebook.com\/alvarelloseditora","https:\/\/x.com\/alvarellos_ed"]}]}},"_links":{"self":[{"href":"https:\/\/alvarelloseditora.gal\/es\/wp-json\/wp\/v2\/pages\/489","targetHints":{"allow":["GET"]}}],"collection":[{"href":"https:\/\/alvarelloseditora.gal\/es\/wp-json\/wp\/v2\/pages"}],"about":[{"href":"https:\/\/alvarelloseditora.gal\/es\/wp-json\/wp\/v2\/types\/page"}],"author":[{"embeddable":true,"href":"https:\/\/alvarelloseditora.gal\/es\/wp-json\/wp\/v2\/users\/1"}],"replies":[{"embeddable":true,"href":"https:\/\/alvarelloseditora.gal\/es\/wp-json\/wp\/v2\/comments?post=489"}],"version-history":[{"count":7,"href":"https:\/\/alvarelloseditora.gal\/es\/wp-json\/wp\/v2\/pages\/489\/revisions"}],"predecessor-version":[{"id":8851,"href":"https:\/\/alvarelloseditora.gal\/es\/wp-json\/wp\/v2\/pages\/489\/revisions\/8851"}],"wp:attachment":[{"href":"https:\/\/alvarelloseditora.gal\/es\/wp-json\/wp\/v2\/media?parent=489"}],"curies":[{"name":"wp","href":"https:\/\/api.w.org\/{rel}","templated":true}]}}