{"id":385,"date":"2018-11-16T08:35:03","date_gmt":"2018-11-16T07:35:03","guid":{"rendered":"https:\/\/nueva.alvarellos.info\/?page_id=385"},"modified":"2026-03-23T13:20:45","modified_gmt":"2026-03-23T12:20:45","slug":"inicio","status":"publish","type":"page","link":"https:\/\/alvarelloseditora.gal\/es\/","title":{"rendered":"Alvarellos editora"},"content":{"rendered":"<div class=\"wpb-content-wrapper\"><p>[vc_row content_width=\u00bbfull-desktop\u00bb gap=\u00bb35&#8243; equal_height=\u00bbyes\u00bb el_class=\u00bblg-pd-left-right-0,row\u00bb css=\u00bb.vc_custom_1773653839467{padding-right: 70px !important;padding-left: 70px !important;}\u00bb responsive=\u00bbvc_hidden-lg vc_hidden-md\u00bb][vc_column el_class=\u00bborder-xl-1&#8243; width=\u00bb1\/2&#8243; offset=\u00bbvc_col-lg-6 vc_col-md-offset-0 vc_col-md-6 vc_col-sm-offset-0 vc_col-xs-12&#8243; css=\u00bb.vc_custom_1621942044899{margin-bottom: 20px !important;padding-bottom: 20px !important;}\u00bb][gsf_banner layout_style=\u00bbstyle-02&#8243; el_class=\u00bb\u00bb image=\u00bb10509&#8243; link=\u00bburl:https%3A%2F%2Falvarelloseditora.gal%2Fes%2Fseleccion%2Ffederico-garcia-lorca-es%2F%3Forderby%3Ddate\u00bb]<\/p>\n<div style=\"position: absolute; top: 25px; left: 35px;\">\n<h2 class=\"mg-top-0 fw-bold banner-titulo\" style=\"display: table-caption; margin-bottom: 1px; line-height: 1;\"><a style=\"font-size: .9em;\" href=\"https:\/\/alvarelloseditora.gal\/es\/seleccion\/federico-garcia-lorca-es\/?orderby=date\">Federico Garc\u00eda<br \/>\nLorca<\/a><\/h2>\n<p style=\"letter-spacing: 1px;\"><a class=\"btn btn-accent btn-link btn-md\" style=\"color: #fff;\" href=\"https:\/\/alvarelloseditora.gal\/es\/seleccion\/federico-garcia-lorca-es\/?orderby=date\"> ver selecci\u00f3n <i class=\"fal fa-chevron-double-right\"><\/i><\/a><\/p>\n<\/div>\n<p>[\/gsf_banner][\/vc_column][vc_column el_class=\u00bbsm-mg-bottom-30,order-xl-3&#8243; width=\u00bb1\/2&#8243; offset=\u00bbvc_col-lg-offset-0 vc_col-lg-6 vc_col-md-offset-0 vc_col-md-6 vc_col-xs-12&#8243;][gsf_banner layout_style=\u00bbstyle-02&#8243; image=\u00bb6165&#8243; link=\u00bburl:https%3A%2F%2Falvarelloseditora.gal%2Fcat%2Fverdemar%2F\u00bb]<\/p>\n<div style=\"position: absolute; top: 25px; left: 35px;\">\n<h2 class=\"mg-top-0 fw-bold\" style=\"margin-bottom: 1px; line-height: 0.7;\"><a style=\"font-size: 0.8em;\" href=\"https:\/\/alvarelloseditora.gal\/cat\/verdemar\/\">Verdemar<\/a><br \/>\n<span class=\"text-italic fs-15 fw-normal\" style=\"margin-bottom: 1px;\">primeiras lecturas<\/span><\/h2>\n<p class=\"accent-color\" style=\"letter-spacing: 1px;\"><a class=\"btn btn-accent btn-link btn-md\" href=\"https:\/\/alvarelloseditora.gal\/cat\/verdemar\/\">ver selecci\u00f3n <i class=\"fal fa-chevron-double-right\"><\/i><\/a><\/p>\n<\/div>\n<p>[\/gsf_banner][\/vc_column][\/vc_row][vc_row content_width=\u00bbfull-desktop\u00bb gap=\u00bb35&#8243; equal_height=\u00bbyes\u00bb el_class=\u00bblg-pd-left-right-0,row\u00bb css=\u00bb.vc_custom_1621942339915{padding-right: 70px !important;padding-left: 70px !important;}\u00bb responsive=\u00bbvc_hidden-lg vc_hidden-md\u00bb][vc_column el_class=\u00bborder-xl-2&#8243; width=\u00bb1\/2&#8243; offset=\u00bbvc_col-lg-offset-0 vc_col-lg-6 vc_col-md-offset-0 vc_col-md-6 vc_col-xs-12&#8243;][gsf_banner layout_style=\u00bbstyle-02&#8243; image=\u00bb6168&#8243; link=\u00bburl:%2Fseleccion%2Flibros-con-memoria%2F\u00bb]<\/p>\n<div style=\"position: absolute; top: 25px; left: 35px;\">\n<h2 class=\"mg-top-0 fw-bold\" style=\"margin-bottom: 1px; line-height: 0.7;\"><a style=\"font-size: 0.7em;\" href=\"https:\/\/alvarelloseditora.gal\/seleccion\/libros-con-memoria\/\">Libros<br \/>\ncon Memoria<\/a><\/h2>\n<p class=\"accent-color\" style=\"letter-spacing: 1px;\"><a class=\"btn btn-accent btn-link btn-md\" href=\"https:\/\/alvarelloseditora.gal\/seleccion\/libros-con-memoria\/\"> ver selecci\u00f3n <i class=\"fal fa-chevron-double-right\"><\/i><\/a><\/p>\n<\/div>\n<p>[\/gsf_banner][\/vc_column][vc_column el_class=\u00bborder-xl-4&#8243; width=\u00bb1\/2&#8243; offset=\u00bbvc_col-lg-offset-0 vc_col-lg-6 vc_col-md-offset-0 vc_col-md-6 vc_col-xs-12&#8243;][gsf_banner layout_style=\u00bbstyle-02&#8243; image=\u00bb6058&#8243; link=\u00bburl:%2Fseleccion%2Fsantiago-de-compostela-e-o-camino%2F\u00bb]<\/p>\n<div style=\"position: absolute; top: 25px; left: 35px;\">\n<h2 class=\"mg-top-0 fw-bold\" style=\"margin-bottom: 1px; line-height: 0.7;\"><a style=\"font-size: 0.7em;\" href=\"https:\/\/alvarelloseditora.gal\/seleccion\/santiago-de-compostela-e-o-camino\/\">Santiago de Compostela<br \/>\ne o Cami\u00f1o<\/a><\/h2>\n<p style=\"letter-spacing: 1px;\"><a class=\"btn btn-accent btn-link btn-md\" href=\"https:\/\/alvarelloseditora.gal\/seleccion\/santiago-de-compostela-e-o-camino\/\">ver selecci\u00f3n <i class=\"fal fa-chevron-double-right\"><\/i><\/a><\/p>\n<\/div>\n<p>[\/gsf_banner][\/vc_column][\/vc_row][vc_row content_width=\u00bbfull-desktop\u00bb equal_height=\u00bbyes\u00bb el_class=\u00bblg-pd-left-right-0,row\u00bb css=\u00bb.vc_custom_1773653883141{padding-right: 70px !important;padding-left: 70px !important;}\u00bb responsive=\u00bbvc_hidden-sm vc_hidden-xs\u00bb][vc_column el_class=\u00bborder-xl-1&#8243; width=\u00bb1\/4&#8243; offset=\u00bbvc_col-lg-3 vc_col-md-offset-0 vc_col-md-6 vc_col-sm-offset-0 vc_col-xs-12&#8243;][gsf_banner layout_style=\u00bbstyle-02&#8243; el_class=\u00bb\u00bb image=\u00bb10509&#8243; link=\u00bburl:https%3A%2F%2Falvarelloseditora.gal%2Fes%2Fseleccion%2Ffederico-garcia-lorca-es%2F%3Forderby%3Ddate\u00bb]<\/p>\n<div style=\"position: absolute; top: 30px; left: 40px;\">\n<h2 class=\"mg-top-0 fw-bold banner-titulo\" style=\"display: table-caption; margin-bottom: 10px;\"><a href=\"https:\/\/alvarelloseditora.gal\/es\/seleccion\/federico-garcia-lorca-es\/?orderby=date\">Federico Garc\u00eda Lorca<\/a><\/h2>\n<p class=\"accent-color\" style=\"letter-spacing: 1px;\"><a class=\"btn btn-accent btn-link btn-md\" style=\"color: #fff;\" href=\"https:\/\/alvarelloseditora.gal\/es\/seleccion\/federico-garcia-lorca-es\/?orderby=date\"> ver selecci\u00f3n <i class=\"fal fa-chevron-double-right\"><\/i><\/a><\/p>\n<\/div>\n<p>[\/gsf_banner][\/vc_column][vc_column el_class=\u00bbsm-mg-bottom-30,order-xl-3&#8243; width=\u00bb1\/4&#8243; offset=\u00bbvc_col-lg-offset-0 vc_col-lg-3 vc_col-md-offset-0 vc_col-md-6 vc_col-xs-1&#8243;][gsf_banner layout_style=\u00bbstyle-02&#8243; image=\u00bb6165&#8243; link=\u00bburl:https%3A%2F%2Falvarelloseditora.gal%2Fcat%2Fverdemar%2F\u00bb css=\u00bb.vc_custom_1773739810866{margin-bottom: 20px !important;}\u00bb]<\/p>\n<div style=\"position: absolute; top: 30px; left: 40px;\">\n<h2 class=\"mg-top-0 fw-bold\" style=\"margin-bottom: 8px;\"><a style=\"font-size: 1.2em;\">Verdemar<\/a><br \/>\n<span class=\"text-italic fs-24 fw-normal\">primeiras lecturas<\/span><\/h2>\n<p class=\"accent-color\" style=\"letter-spacing: 1px;\"><a class=\"btn btn-accent btn-link btn-md\" href=\"https:\/\/alvarelloseditora.gal\/cat\/verdemar\/\">ver selecci\u00f3n <i class=\"fal fa-chevron-double-right\"><\/i><\/a><\/p>\n<\/div>\n<p>[\/gsf_banner][\/vc_column][vc_column el_class=\u00bborder-xl-2&#8243; width=\u00bb1\/4&#8243; offset=\u00bbvc_col-lg-offset-0 vc_col-lg-3 vc_col-md-offset-0 vc_col-md-6 vc_col-xs-12&#8243;][gsf_banner layout_style=\u00bbstyle-02&#8243; image=\u00bb6168&#8243; link=\u00bburl:%2Fseleccion%2Flibros-con-memoria%2F\u00bb]<\/p>\n<div style=\"position: absolute; top: 30px; left: 40px;\">\n<h2 class=\"mg-top-0 fw-bold\" style=\"margin-bottom: 10px; line-height: 48px;\"><a href=\"https:\/\/alvarelloseditora.gal\/seleccion\/libros-con-memoria\/\">Libros<br \/>\ncon Memoria<\/a><\/h2>\n<p class=\"accent-color\" style=\"letter-spacing: 1px;\"><a class=\"btn btn-accent btn-link btn-md\" href=\"https:\/\/alvarelloseditora.gal\/seleccion\/libros-con-memoria\/\"> ver selecci\u00f3n <i class=\"fal fa-chevron-double-right\"><\/i><\/a><\/p>\n<\/div>\n<p>[\/gsf_banner][\/vc_column][vc_column el_class=\u00bborder-xl-4&#8243; width=\u00bb1\/4&#8243; offset=\u00bbvc_col-lg-offset-0 vc_col-lg-3 vc_col-md-offset-0 vc_col-md-6 vc_col-xs-12&#8243;][gsf_banner layout_style=\u00bbstyle-02&#8243; image=\u00bb6058&#8243; link=\u00bburl:%2Fseleccion%2Fsantiago-de-compostela-e-o-camino%2F\u00bb]<\/p>\n<div style=\"position: absolute; top: 30px; left: 20px;\">\n<h2 class=\"mg-top-0 fw-bold\" style=\"margin-bottom: 12px; line-height: 48px;\"><a href=\"https:\/\/alvarelloseditora.gal\/seleccion\/santiago-de-compostela-e-o-camino\/\">Santiago de Compostela<br \/>\ne o Cami\u00f1o<\/a><\/h2>\n<p style=\"letter-spacing: 1px;\"><a class=\"btn btn-accent btn-link btn-md\" href=\"https:\/\/alvarelloseditora.gal\/seleccion\/santiago-de-compostela-e-o-camino\/\">ver selecci\u00f3n <i class=\"fal fa-chevron-double-right\"><\/i><\/a><\/p>\n<\/div>\n<p>[\/gsf_banner][\/vc_column][\/vc_row][vc_row content_width=\u00bbfull-desktop\u00bb css=\u00bb.vc_custom_1773741113132{margin-top: 50px !important;}\u00bb][vc_column offset=\u00bbvc_col-lg-offset-1 vc_col-lg-10 vc_col-md-11 vc_col-sm-offset-0 vc_col-xs-offset-1 vc_col-xs-9&#8243;][gsf_products show_category_filter=\u00bbon\u00bb cate_filter_align=\u00bbcate-filter-center\u00bb products_per_page=\u00bb10&#8243; orderby=\u00bbdate\u00bb product_paging=\u00bbnext-prev\u00bb columns=\u00bb5&#8243; columns_md=\u00bb4&#8243; columns_sm=\u00bb2&#8243; columns_xs=\u00bb1&#8243; columns_mb=\u00bb1&#8243;][\/vc_column][\/vc_row][vc_row][vc_column][gsf_space desktop=\u00bb85&#8243; tablet=\u00bb60&#8243; tablet_portrait=\u00bb70&#8243; mobile_landscape=\u00bb60&#8243; mobile=\u00bb50&#8243;][\/vc_column][\/vc_row][vc_row color_skin=\u00bbskin-dark\u00bb parallax=\u00bbcontent-moving\u00bb parallax_image=\u00bb5011&#8243; bg_overlay_mode=\u00bbcolor\u00bb el_class=\u00bbsobrenos\u00bb bg_overlay_color=\u00bbrgba(20,20,20,0.85)\u00bb][vc_column width=\u00bb5\/6&#8243; offset=\u00bbvc_col-lg-offset-3 vc_col-lg-6 vc_col-md-offset-2 vc_col-md-8 vc_col-sm-offset-1&#8243;][gsf_space desktop=\u00bb30&#8243; tablet=\u00bb20&#8243; tablet_portrait=\u00bb20&#8243; mobile_landscape=\u00bb10&#8243; mobile=\u00bb10&#8243;][gsf_heading layout_style=\u00bbstyle-3&#8243; title=\u00bbQWx2YXJlbGxvcyUyMGVkaXRvcmE=\u00bb title_color=\u00bb#ffffff\u00bb title_font_size=\u00bb48||40|34|30&#8243; title_line_height=\u00bb1.11&#8243; sub_title_font_size=\u00bb18&#8243; sub_title_letter_spacing=\u00bb5px\u00bb sub_title_color=\u00bbheading-color\u00bb title_use_theme_fonts=\u00bb\u00bb sub_title_use_theme_fonts=\u00bb\u00bb el_class=\u00bbheading-border-bottom,border-single\u00bb sub_title=\u00bbSobre N\u00f3s\u00bb][vc_column_text el_class=\u00bbtext-center\u00bb]<\/p>\n<div class=\"wpb_text_column wpb_content_element text-center\">\n<div class=\"wpb_wrapper\">\n<div class=\"wpb_text_column wpb_content_element text-center\">\n<div class=\"wpb_wrapper\">\n<p>Somos una editorial gallega, independiente, que naci\u00f3 en 1977 en Lugo y tiene su sede, desde 2004, en Santiago de Compostela. Luchamos por adaptarnos al siglo XXI sin perder las ra\u00edces hondas de nuestra historia y cultura.<\/p>\n<p>Publicamos ensayo y divulgaci\u00f3n, poes\u00eda, originales gu\u00edas de Santiago y Galicia, fotograf\u00eda hist\u00f3rica, rescatamos cl\u00e1sicos en ediciones muy cuidadas&#8230; Y tenemos un sello propio de \u00e1lbum ilustrado para primeras lecturas, Verdemar, de cuentos por la diversidad.<\/p>\n<p>Publicamos cada a\u00f1o entre 15 y 20 nuevos t\u00edtulos. Mantenemos un cat\u00e1logo vivo de unas 200 obras y un cat\u00e1logo hist\u00f3rico de m\u00e1s de 500.<\/p>\n<p>Nuestro proyecto editorial est\u00e1 encabezado por Henrique Alvarellos Casas, como director y editor, y Marta P\u00e9rez Rodr\u00edguez, como gerente y administradora.\u00a0 Entre los dos coordinamos un grupo de colaboradores\u00a0 \u00a0 \u00a0 \u00a0 \u00a0 \u00a0 \u2014fil\u00f3logos e historiadores, dise\u00f1adores, ilustradores y distribuidores\u2014 con los que completamos un equipo que busca siempre seducir al p\u00fablico lector con nuevas propuestas.<\/p><\/div>\n<\/div>\n<\/div>\n<\/div>\n<p>[\/vc_column_text][gsf_space desktop=\u00bb70&#8243; tablet=\u00bb60&#8243; tablet_portrait=\u00bb55&#8243; mobile_landscape=\u00bb50&#8243; mobile=\u00bb50&#8243;][gsf_button title=\u00bbCON\u00d3CENOS\u00bb color=\u00bbaccent\u00bb align=\u00bbcenter\u00bb icon_font=\u00bbfal fa-angle-double-right\u00bb icon_align=\u00bbright\u00bb link=\u00bburl:%2Fes%2Fnuestra-historia%2F\u00bb][gsf_space desktop=\u00bb30&#8243; tablet=\u00bb20&#8243; tablet_portrait=\u00bb20&#8243; mobile_landscape=\u00bb10&#8243; mobile=\u00bb10&#8243;][\/vc_column][\/vc_row][vc_row content_width=\u00bbfull-desktop\u00bb gap=\u00bb15&#8243; css=\u00bb.vc_custom_1621875181359{background-color: #f4f3ec !important;}\u00bb][vc_column width=\u00bb11\/12&#8243; offset=\u00bbvc_col-lg-offset-1 vc_col-lg-10 vc_col-md-11 vc_col-sm-offset-0 vc_col-xs-offset-1 vc_col-xs-9&#8243;][gsf_space desktop=\u00bb30&#8243; tablet=\u00bb20&#8243; tablet_portrait=\u00bb20&#8243; mobile_landscape=\u00bb10&#8243; mobile=\u00bb10&#8243;][gsf_heading layout_style=\u00bbstyle-3&#8243; title=\u00bbTm90aWNpYXM=\u00bb title_color=\u00bb#333333&#8243; title_font_size=\u00bb48||40|34|30&#8243; title_line_height=\u00bb1.11&#8243; sub_title_font_size=\u00bb18&#8243; sub_title_letter_spacing=\u00bb5px\u00bb sub_title_use_theme_fonts=\u00bb\u00bb sub_title=\u00bbPR\u00d3XIMAMENTE\u00bb css=\u00bb.vc_custom_1621874902792{margin-top: 10px !important;margin-bottom: 10px !important;padding-top: 75px !important;padding-bottom: 75px !important;background-image: url(https:\/\/alvarelloseditora.gal\/wp-content\/uploads\/2020\/11\/bg-alv.png?id=4880) !important;background-position: center !important;background-repeat: no-repeat !important;background-size: contain !important;}\u00bb][gsf_space desktop=\u00bb30&#8243; tablet=\u00bb20&#8243; tablet_portrait=\u00bb20&#8243; mobile_landscape=\u00bb10&#8243; mobile=\u00bb10&#8243;][vc_basic_grid post_type=\u00bbpost\u00bb max_items=\u00bb\u00bb style=\u00bbload-more\u00bb items_per_page=\u00bb4&#8243; btn_title=\u00bbread more\u00bb btn_style=\u00bbmodern\u00bb btn_color=\u00bbdefault\u00bb btn_size=\u00bbxs\u00bb grid_id=\u00bbvc_gid:1774268353454-dd7380c80f145d4244f4f8cb26a109d1-7&#8243;][\/vc_column][vc_column width=\u00bb1\/6&#8243; offset=\u00bbvc_col-xs-12&#8243;][\/vc_column][\/vc_row]<\/p>\n<\/div>","protected":false},"excerpt":{"rendered":"<p>[vc_row content_width=\u00bbfull-desktop\u00bb gap=\u00bb35&#8243; equal_height=\u00bbyes\u00bb el_class=\u00bblg-pd-left-right-0,row\u00bb css=\u00bb.vc_custom_1773653839467{padding-right: 70px !important;padding-left: 70px !important;}\u00bb responsive=\u00bbvc_hidden-lg vc_hidden-md\u00bb][vc_column el_class=\u00bborder-xl-1&#8243; width=\u00bb1\/2&#8243; offset=\u00bbvc_col-lg-6 vc_col-md-offset-0 vc_col-md-6 vc_col-sm-offset-0 vc_col-xs-12&#8243; css=\u00bb.vc_custom_1621942044899{margin-bottom: 20px !important;padding-bottom: 20px !important;}\u00bb][gsf_banner layout_style=\u00bbstyle-02&#8243; el_class=\u00bb\u00bb image=\u00bb10509&#8243; link=\u00bburl:https%3A%2F%2Falvarelloseditora.gal%2Fes%2Fseleccion%2Ffederico-garcia-lorca-es%2F%3Forderby%3Ddate\u00bb] Federico Garc\u00eda Lorca ver selecci\u00f3n [\/gsf_banner][\/vc_column][vc_column el_class=\u00bbsm-mg-bottom-30,order-xl-3&#8243; width=\u00bb1\/2&#8243; offset=\u00bbvc_col-lg-offset-0 vc_col-lg-6 vc_col-md-offset-0 vc_col-md-6 vc_col-xs-12&#8243;][gsf_banner layout_style=\u00bbstyle-02&#8243; image=\u00bb6165&#8243; link=\u00bburl:https%3A%2F%2Falvarelloseditora.gal%2Fcat%2Fverdemar%2F\u00bb] Verdemar primeiras lecturas ver selecci\u00f3n [\/gsf_banner][\/vc_column][\/vc_row][vc_row content_width=\u00bbfull-desktop\u00bb gap=\u00bb35&#8243; equal_height=\u00bbyes\u00bb el_class=\u00bblg-pd-left-right-0,row\u00bb css=\u00bb.vc_custom_1621942339915{padding-right: [&hellip;]<\/p>\n","protected":false},"author":1,"featured_media":0,"parent":0,"menu_order":0,"comment_status":"closed","ping_status":"closed","template":"","meta":{"footnotes":""},"class_list":["post-385","page","type-page","status-publish","hentry"],"yoast_head":"<!-- This site is optimized with the Yoast SEO plugin v27.3 - https:\/\/yoast.com\/product\/yoast-seo-wordpress\/ -->\n<title>Alvarellos Editora: Libros para un mundo en tr\u00e1nsito<\/title>\n<meta name=\"description\" content=\"Alvarellos Editora, una de las editoriales m\u00e1s veteranas de Galicia. Tienda en l\u00ednea.\" \/>\n<meta name=\"robots\" content=\"index, follow, max-snippet:-1, max-image-preview:large, max-video-preview:-1\" \/>\n<link rel=\"canonical\" href=\"https:\/\/alvarelloseditora.gal\/\" \/>\n<meta property=\"og:locale\" content=\"es_ES\" \/>\n<meta property=\"og:type\" content=\"article\" \/>\n<meta property=\"og:title\" content=\"Alvarellos Editora: Libros para un mundo en tr\u00e1nsito\" \/>\n<meta property=\"og:description\" content=\"Alvarellos Editora, una de las editoriales m\u00e1s veteranas de Galicia. Tienda en l\u00ednea.\" \/>\n<meta property=\"og:url\" content=\"https:\/\/alvarelloseditora.gal\/\" \/>\n<meta property=\"og:site_name\" content=\"Alvarellos Editora\" \/>\n<meta property=\"article:publisher\" content=\"https:\/\/www.facebook.com\/alvarelloseditora\" \/>\n<meta property=\"article:modified_time\" content=\"2026-03-23T12:20:45+00:00\" \/>\n<meta name=\"twitter:card\" content=\"summary_large_image\" \/>\n<meta name=\"twitter:site\" content=\"@alvarellos_ed\" \/>\n<meta name=\"twitter:label1\" content=\"Tiempo de lectura\" \/>\n\t<meta name=\"twitter:data1\" content=\"5 minutos\" \/>\n<!-- \/ Yoast SEO plugin. -->","yoast_head_json":{"title":"Alvarellos Editora: Libros para un mundo en tr\u00e1nsito","description":"Alvarellos Editora, una de las editoriales m\u00e1s veteranas de Galicia. Tienda en l\u00ednea.","robots":{"index":"index","follow":"follow","max-snippet":"max-snippet:-1","max-image-preview":"max-image-preview:large","max-video-preview":"max-video-preview:-1"},"canonical":"https:\/\/alvarelloseditora.gal\/","og_locale":"es_ES","og_type":"article","og_title":"Alvarellos Editora: Libros para un mundo en tr\u00e1nsito","og_description":"Alvarellos Editora, una de las editoriales m\u00e1s veteranas de Galicia. Tienda en l\u00ednea.","og_url":"https:\/\/alvarelloseditora.gal\/","og_site_name":"Alvarellos Editora","article_publisher":"https:\/\/www.facebook.com\/alvarelloseditora","article_modified_time":"2026-03-23T12:20:45+00:00","twitter_card":"summary_large_image","twitter_site":"@alvarellos_ed","twitter_misc":{"Tiempo de lectura":"5 minutos"},"schema":{"@context":"https:\/\/schema.org","@graph":[{"@type":"WebPage","@id":"https:\/\/alvarelloseditora.gal\/","url":"https:\/\/alvarelloseditora.gal\/","name":"Alvarellos Editora: Libros para un mundo en tr\u00e1nsito","isPartOf":{"@id":"https:\/\/alvarelloseditora.gal\/#website"},"datePublished":"2018-11-16T07:35:03+00:00","dateModified":"2026-03-23T12:20:45+00:00","description":"Alvarellos Editora, una de las editoriales m\u00e1s veteranas de Galicia. Tienda en l\u00ednea.","breadcrumb":{"@id":"https:\/\/alvarelloseditora.gal\/#breadcrumb"},"inLanguage":"es","potentialAction":[{"@type":"ReadAction","target":["https:\/\/alvarelloseditora.gal\/"]}]},{"@type":"BreadcrumbList","@id":"https:\/\/alvarelloseditora.gal\/#breadcrumb","itemListElement":[{"@type":"ListItem","position":1,"name":"Portada","item":"https:\/\/alvarelloseditora.gal\/"},{"@type":"ListItem","position":2,"name":"Alvarellos editora"}]},{"@type":"WebSite","@id":"https:\/\/alvarelloseditora.gal\/#website","url":"https:\/\/alvarelloseditora.gal\/","name":"Alvarellos Editora","description":"Libros para un mundo en tr\u00e1nsito","publisher":{"@id":"https:\/\/alvarelloseditora.gal\/#organization"},"potentialAction":[{"@type":"SearchAction","target":{"@type":"EntryPoint","urlTemplate":"https:\/\/alvarelloseditora.gal\/?s={search_term_string}"},"query-input":{"@type":"PropertyValueSpecification","valueRequired":true,"valueName":"search_term_string"}}],"inLanguage":"es"},{"@type":"Organization","@id":"https:\/\/alvarelloseditora.gal\/#organization","name":"Alvarellos Editora","url":"https:\/\/alvarelloseditora.gal\/","logo":{"@type":"ImageObject","inLanguage":"es","@id":"https:\/\/alvarelloseditora.gal\/#\/schema\/logo\/image\/","url":"https:\/\/alvarelloseditora.gal\/wp-content\/uploads\/2020\/02\/alv-icon.png","contentUrl":"https:\/\/alvarelloseditora.gal\/wp-content\/uploads\/2020\/02\/alv-icon.png","width":177,"height":175,"caption":"Alvarellos Editora"},"image":{"@id":"https:\/\/alvarelloseditora.gal\/#\/schema\/logo\/image\/"},"sameAs":["https:\/\/www.facebook.com\/alvarelloseditora","https:\/\/x.com\/alvarellos_ed"]}]}},"_links":{"self":[{"href":"https:\/\/alvarelloseditora.gal\/es\/wp-json\/wp\/v2\/pages\/385","targetHints":{"allow":["GET"]}}],"collection":[{"href":"https:\/\/alvarelloseditora.gal\/es\/wp-json\/wp\/v2\/pages"}],"about":[{"href":"https:\/\/alvarelloseditora.gal\/es\/wp-json\/wp\/v2\/types\/page"}],"author":[{"embeddable":true,"href":"https:\/\/alvarelloseditora.gal\/es\/wp-json\/wp\/v2\/users\/1"}],"replies":[{"embeddable":true,"href":"https:\/\/alvarelloseditora.gal\/es\/wp-json\/wp\/v2\/comments?post=385"}],"version-history":[{"count":52,"href":"https:\/\/alvarelloseditora.gal\/es\/wp-json\/wp\/v2\/pages\/385\/revisions"}],"predecessor-version":[{"id":10589,"href":"https:\/\/alvarelloseditora.gal\/es\/wp-json\/wp\/v2\/pages\/385\/revisions\/10589"}],"wp:attachment":[{"href":"https:\/\/alvarelloseditora.gal\/es\/wp-json\/wp\/v2\/media?parent=385"}],"curies":[{"name":"wp","href":"https:\/\/api.w.org\/{rel}","templated":true}]}}