{"id":3434,"date":"2020-08-07T11:11:24","date_gmt":"2020-08-07T11:11:24","guid":{"rendered":"https:\/\/nueva.alvarellos.info\/?page_id=3434"},"modified":"2025-09-03T11:43:02","modified_gmt":"2025-09-03T09:43:02","slug":"quienes-somos","status":"publish","type":"page","link":"https:\/\/alvarelloseditora.gal\/es\/quienes-somos\/","title":{"rendered":"Qui\u00e9nes somos"},"content":{"rendered":"<div class=\"wpb-content-wrapper\"><p>[vc_section content_width=\u00bbfull-desktop\u00bb full_height=\u00bbyes\u00bb el_class=\u00bbgf-skin\u00bb css=\u00bb.vc_custom_1642151733519{margin-top: -10px !important;border-top-width: 0px !important;padding-top: 10px !important;background-position: center !important;background-repeat: no-repeat !important;background-size: cover !important;}\u00bb el_id=\u00bbgf-skin .gf-skin .gf-skin\u00bb][vc_row][vc_column][gsf_space desktop=\u00bb25&#8243; tablet=\u00bb25&#8243; tablet_portrait=\u00bb25&#8243; mobile_landscape=\u00bb25&#8243; mobile=\u00bb25&#8243;][\/vc_column][\/vc_row][vc_row][vc_column width=\u00bb5\/6&#8243;][vc_column_text]<img loading=\"lazy\" decoding=\"async\" class=\"alignnone size-full wp-image-7016\" src=\"https:\/\/alvarelloseditora.gal\/wp-content\/uploads\/2022\/01\/Henrique-Alvarellos.jpg\" alt=\"Henrique Alvarellos\" width=\"600\" height=\"609\" srcset=\"https:\/\/alvarelloseditora.gal\/wp-content\/uploads\/2022\/01\/Henrique-Alvarellos.jpg 600w, https:\/\/alvarelloseditora.gal\/wp-content\/uploads\/2022\/01\/Henrique-Alvarellos-330x335.jpg 330w, https:\/\/alvarelloseditora.gal\/wp-content\/uploads\/2022\/01\/Henrique-Alvarellos-160x162.jpg 160w\" sizes=\"auto, (max-width: 600px) 100vw, 600px\" \/><\/p>\n<p><strong>Henrique Alvarellos Casas<\/strong> (Lugo, 1968) es licenciado en Filolog\u00eda Hisp\u00e1nica por la Universidad de Santiago (1991) y tiene un M\u00e1ster en Comunicaci\u00f3n por la Universidad de A Coru\u00f1a \/ La Voz de Galicia (1994). Periodista, escritor, editor y gestor cultural, es autor de varios libros, entre los que destaca el<em> <a href=\"http:\/\/www.consorciodesantiago.org\/gl\/territorio-auroral-36-memorias-vivas-de-compostela\" target=\"_blank\" rel=\"noopener noreferrer\">Territorio auroral. 36 memorias vivas de Compostela<\/a> <\/em>(1997), <em><a href=\"http:\/\/culturagalega.gal\/lg3\/novidade.php?Cod_prdccn=378\" target=\"_blank\" rel=\"noopener noreferrer\">Teor\u00eda de Lugo<\/a><\/em> (2004),<em> Galicia en cen prodixios<\/em> (2004),<em> <a href=\"https:\/\/www.xerais.gal\/libro.php?id=1760552\" target=\"_blank\" rel=\"noopener noreferrer\">Diario dun pai acabado de nacer<\/a><\/em> (2008), <em><a href=\"https:\/\/alvarelloseditora.gal\/tenda_catalogo.asp?id=176&amp;sec=&amp;no=&amp;titulo=SANTIAGO,_1909&amp;autor=Henrique_Alvarellos_Casas\" target=\"_blank\" rel=\"noopener noreferrer\">Santiago, 1909<\/a><\/em> (2009), <em>Balada ceibe no bosque de Conxo<\/em>, el \u00e1lbum ilustrado por Xulia Nieto<em><a href=\"https:\/\/alvarelloseditora.gal\/es\/libro\/a-nena-que-abrazaba-as-arbores\/\"> A nena que abrazaba as \u00e1rbores<\/a> <\/em>(2020) y <em><a href=\"https:\/\/alvarelloseditora.gal\/es\/libro\/federico-garcia-lorca-en-santiago-de-compostela-edicion-en-castellano\/\">Federico Garc\u00eda Lorca en Santiago de Compostela<\/a><\/em> (2020).[\/vc_column_text][gsf_space desktop=\u00bb25&#8243; tablet=\u00bb25&#8243; tablet_portrait=\u00bb25&#8243; mobile_landscape=\u00bb25&#8243; mobile=\u00bb25&#8243;][vc_column_text el_class=\u00bb\u00bb css=\u00bb\u00bb]Desde 2004, dirige Alvarellos Editora, la empresa cultural que su padre fund\u00f3 en Lugo en 1977. Define su empresa (que desde 2009 tiene su sede en la calle de Sempre en Galiza de Santiago de Compostela) como una &#8216;f\u00e1brica de contenidos culturales&#8217;.<\/p>\n<p>La editorial ha recibido en los \u00faltimos a\u00f1os, entre otras distinciones, el Premio Manuel Beiras (2016) por su defensa de la lengua gallega, el Irmandade do Libro (en dos ocasiones, 2008 y 2014), otorgado por la Federaci\u00f3n de Librer\u00edas de Galicia, el Premio a la Edici\u00f3n Hist\u00f3rica (2007) o <a href=\"https:\/\/alvarelloseditora.gal\/es\/libro\/flor-de-santidad-historia-milenaria\/\">el 2\u00ba Premio, otorgado por el Ministerio de Cultura, al Mejor Facs\u00edmil editado en Espa\u00f1a en 2023<\/a>. Adem\u00e1s, varias de las publicaciones de Alvarellos Editora han recibido el reconocimiento de los Premios da Edici\u00f3n de Galicia o han sido finalistas en diferentes categor\u00edas de la Gala do Libro Galego.[\/vc_column_text][gsf_space desktop=\u00bb25&#8243; tablet=\u00bb25&#8243; tablet_portrait=\u00bb25&#8243; mobile_landscape=\u00bb25&#8243; mobile=\u00bb25&#8243;][vc_column_text el_class=\u00bb\u00bb css=\u00bb\u00bb]Henrique Alvarellos tambi\u00e9n es autor de cientos de art\u00edculos y cr\u00f3nicas en la prensa gallega desde finales de los a\u00f1os ochenta y promotor de iniciativas culturales como la conmemoraci\u00f3n del <a href=\"https:\/\/alvarelloseditora.gal\/tenda_catalogo.asp?id=176&amp;sec=&amp;no=&amp;titulo=SANTIAGO,_1909&amp;autor=Henrique_Alvarellos_Casas\" target=\"_blank\" rel=\"noopener noreferrer\"><strong>Centenario de la Exposici\u00f3n Regional de Galicia de 1909<\/strong><\/a> (a trav\u00e9s de una gran exposici\u00f3n fotogr\u00e1fica encargada y montada por \u00e9l en 2009), la apertura de <strong>Bosque del Banquete de Conxo<\/strong> de 1856 (2018) o la puesta en marcha del 25 de octubre como <a href=\"https:\/\/www.lavanguardia.com\/vida\/20180920\/451933717392\/una-empresa-editora-pone-en-marcha-una-campana-para-declarar-el-25-de-octubre-como-el-dia-de-garcia-lorca-en-galicia.html\" target=\"_blank\" rel=\"noopener noreferrer\"><strong>D\u00eda de Garc\u00eda Lorca en Galicia<\/strong><\/a>, donde participaron, en la primera edici\u00f3n, celebrada en 2018, cientos de escolares, instituciones y personas a t\u00edtulo particular, de toda Galicia.<\/p>\n<p>Entre 2020 y 2024 presidi\u00f3 la Asociaci\u00f3n Galega de Editoras, el colectivo que agrupa el 90% de la producci\u00f3n editorial gallega.[\/vc_column_text][gsf_space desktop=\u00bb50&#8243; tablet=\u00bb30&#8243; tablet_portrait=\u00bb30&#8243; mobile_landscape=\u00bb30&#8243; mobile=\u00bb30&#8243;][vc_column_text]<img loading=\"lazy\" decoding=\"async\" class=\"alignnone size-medium wp-image-7063\" src=\"https:\/\/alvarelloseditora.gal\/wp-content\/uploads\/2022\/01\/Marta-Perez-2-1-900x848.jpg\" alt=\"\" width=\"900\" height=\"848\" srcset=\"https:\/\/alvarelloseditora.gal\/wp-content\/uploads\/2022\/01\/Marta-Perez-2-1-900x848.jpg 900w, https:\/\/alvarelloseditora.gal\/wp-content\/uploads\/2022\/01\/Marta-Perez-2-1-330x311.jpg 330w, https:\/\/alvarelloseditora.gal\/wp-content\/uploads\/2022\/01\/Marta-Perez-2-1-600x566.jpg 600w, https:\/\/alvarelloseditora.gal\/wp-content\/uploads\/2022\/01\/Marta-Perez-2-1-160x151.jpg 160w, https:\/\/alvarelloseditora.gal\/wp-content\/uploads\/2022\/01\/Marta-Perez-2-1-768x724.jpg 768w, https:\/\/alvarelloseditora.gal\/wp-content\/uploads\/2022\/01\/Marta-Perez-2-1-1536x1448.jpg 1536w, https:\/\/alvarelloseditora.gal\/wp-content\/uploads\/2022\/01\/Marta-Perez-2-1.jpg 2037w\" sizes=\"auto, (max-width: 900px) 100vw, 900px\" \/><\/p>\n<p><strong>Marta P\u00e9rez Rodr\u00edguez<\/strong> (Ourense, 1970) es diplomada en Ciencias Empresariales por la Universidad de Vigo. Despu\u00e9s de varios a\u00f1os de experiencia profesional en labores administrativas y contables en distintas empresas, viene a sumarse en 2008 al proyecto de Alvarellos Editora. Aqu\u00ed desempe\u00f1a tareas de gesti\u00f3n administrativa y contable. Su actividad tambi\u00e9n incluye revisi\u00f3n y traducci\u00f3n de textos, as\u00ed como valoraci\u00f3n y viabilidad de proyectos.<\/p>\n<p>Creadora en 2017, junto con Henrique Alvarellos, del sello <a href=\"https:\/\/alvarelloseditora.gal\/es\/cat\/verdemar-es\/\">Verdemar<\/a> de \u00e1lbum ilustrado para primeras lecturas. Una nueva l\u00ednea editorial que pretende transmitir, al p\u00fablico infantil, una mirada apreciativa hacia todo lo que nos rodea, as\u00ed como ofrecer lecturas divertidas e ilustraciones muy cuidadas. Verdemar quiere ayudar a los lectores en el cultivo de la tolerancia, en el respeto a la diversidad y en el cuidado del medio ambiente (todas las obras est\u00e1n impresas en papel ecol\u00f3gico).[\/vc_column_text][vc_empty_space][\/vc_column][vc_column width=\u00bb1\/6&#8243;][\/vc_column][\/vc_row][\/vc_section]<\/p>\n<\/div>","protected":false},"excerpt":{"rendered":"<p>[vc_section content_width=\u00bbfull-desktop\u00bb full_height=\u00bbyes\u00bb el_class=\u00bbgf-skin\u00bb css=\u00bb.vc_custom_1642151733519{margin-top: -10px !important;border-top-width: 0px !important;padding-top: 10px !important;background-position: center !important;background-repeat: no-repeat !important;background-size: cover !important;}\u00bb el_id=\u00bbgf-skin .gf-skin .gf-skin\u00bb][vc_row][vc_column][gsf_space desktop=\u00bb25&#8243; tablet=\u00bb25&#8243; tablet_portrait=\u00bb25&#8243; mobile_landscape=\u00bb25&#8243; mobile=\u00bb25&#8243;][\/vc_column][\/vc_row][vc_row][vc_column width=\u00bb5\/6&#8243;][vc_column_text] Henrique Alvarellos Casas (Lugo, 1968) es licenciado en Filolog\u00eda Hisp\u00e1nica por la Universidad de Santiago (1991) y tiene un M\u00e1ster en Comunicaci\u00f3n por la Universidad de A Coru\u00f1a \/ [&hellip;]<\/p>\n","protected":false},"author":1,"featured_media":0,"parent":0,"menu_order":0,"comment_status":"closed","ping_status":"closed","template":"","meta":{"footnotes":""},"class_list":["post-3434","page","type-page","status-publish","hentry"],"yoast_head":"<!-- This site is optimized with the Yoast SEO plugin v27.3 - https:\/\/yoast.com\/product\/yoast-seo-wordpress\/ -->\n<title>Qui\u00e9nes somos - Alvarellos Editora<\/title>\n<meta name=\"description\" content=\"Qui\u00e9nes somos - Alvarellos Editora . Tenda en li\u00f1a de Alvarellos Editora.\" \/>\n<meta name=\"robots\" content=\"index, follow, max-snippet:-1, max-image-preview:large, max-video-preview:-1\" \/>\n<link rel=\"canonical\" href=\"https:\/\/alvarelloseditora.gal\/es\/quienes-somos\/\" \/>\n<meta property=\"og:locale\" content=\"es_ES\" \/>\n<meta property=\"og:type\" content=\"article\" \/>\n<meta property=\"og:title\" content=\"Qui\u00e9nes somos - Alvarellos Editora\" \/>\n<meta property=\"og:description\" content=\"Qui\u00e9nes somos - Alvarellos Editora . Tenda en li\u00f1a de Alvarellos Editora.\" \/>\n<meta property=\"og:url\" content=\"https:\/\/alvarelloseditora.gal\/es\/quienes-somos\/\" \/>\n<meta property=\"og:site_name\" content=\"Alvarellos Editora\" \/>\n<meta property=\"article:publisher\" content=\"https:\/\/www.facebook.com\/alvarelloseditora\" \/>\n<meta property=\"article:modified_time\" content=\"2025-09-03T09:43:02+00:00\" \/>\n<meta property=\"og:image\" content=\"https:\/\/alvarelloseditora.gal\/wp-content\/uploads\/2022\/01\/Henrique-Alvarellos.jpg\" \/>\n\t<meta property=\"og:image:width\" content=\"600\" \/>\n\t<meta property=\"og:image:height\" content=\"609\" \/>\n\t<meta property=\"og:image:type\" content=\"image\/jpeg\" \/>\n<meta name=\"twitter:card\" content=\"summary_large_image\" \/>\n<meta name=\"twitter:site\" content=\"@alvarellos_ed\" \/>\n<meta name=\"twitter:label1\" content=\"Tiempo de lectura\" \/>\n\t<meta name=\"twitter:data1\" content=\"4 minutos\" \/>\n<!-- \/ Yoast SEO plugin. -->","yoast_head_json":{"title":"Qui\u00e9nes somos - Alvarellos Editora","description":"Qui\u00e9nes somos - Alvarellos Editora . Tenda en li\u00f1a de Alvarellos Editora.","robots":{"index":"index","follow":"follow","max-snippet":"max-snippet:-1","max-image-preview":"max-image-preview:large","max-video-preview":"max-video-preview:-1"},"canonical":"https:\/\/alvarelloseditora.gal\/es\/quienes-somos\/","og_locale":"es_ES","og_type":"article","og_title":"Qui\u00e9nes somos - Alvarellos Editora","og_description":"Qui\u00e9nes somos - Alvarellos Editora . Tenda en li\u00f1a de Alvarellos Editora.","og_url":"https:\/\/alvarelloseditora.gal\/es\/quienes-somos\/","og_site_name":"Alvarellos Editora","article_publisher":"https:\/\/www.facebook.com\/alvarelloseditora","article_modified_time":"2025-09-03T09:43:02+00:00","og_image":[{"width":600,"height":609,"url":"https:\/\/alvarelloseditora.gal\/wp-content\/uploads\/2022\/01\/Henrique-Alvarellos.jpg","type":"image\/jpeg"}],"twitter_card":"summary_large_image","twitter_site":"@alvarellos_ed","twitter_misc":{"Tiempo de lectura":"4 minutos"},"schema":{"@context":"https:\/\/schema.org","@graph":[{"@type":"WebPage","@id":"https:\/\/alvarelloseditora.gal\/es\/quienes-somos\/","url":"https:\/\/alvarelloseditora.gal\/es\/quienes-somos\/","name":"Qui\u00e9nes somos - Alvarellos Editora","isPartOf":{"@id":"https:\/\/alvarelloseditora.gal\/#website"},"primaryImageOfPage":{"@id":"https:\/\/alvarelloseditora.gal\/es\/quienes-somos\/#primaryimage"},"image":{"@id":"https:\/\/alvarelloseditora.gal\/es\/quienes-somos\/#primaryimage"},"thumbnailUrl":"https:\/\/alvarelloseditora.gal\/wp-content\/uploads\/2022\/01\/Henrique-Alvarellos.jpg","datePublished":"2020-08-07T11:11:24+00:00","dateModified":"2025-09-03T09:43:02+00:00","description":"Qui\u00e9nes somos - Alvarellos Editora . Tenda en li\u00f1a de Alvarellos Editora.","breadcrumb":{"@id":"https:\/\/alvarelloseditora.gal\/es\/quienes-somos\/#breadcrumb"},"inLanguage":"es","potentialAction":[{"@type":"ReadAction","target":["https:\/\/alvarelloseditora.gal\/es\/quienes-somos\/"]}]},{"@type":"ImageObject","inLanguage":"es","@id":"https:\/\/alvarelloseditora.gal\/es\/quienes-somos\/#primaryimage","url":"https:\/\/alvarelloseditora.gal\/wp-content\/uploads\/2022\/01\/Henrique-Alvarellos.jpg","contentUrl":"https:\/\/alvarelloseditora.gal\/wp-content\/uploads\/2022\/01\/Henrique-Alvarellos.jpg"},{"@type":"BreadcrumbList","@id":"https:\/\/alvarelloseditora.gal\/es\/quienes-somos\/#breadcrumb","itemListElement":[{"@type":"ListItem","position":1,"name":"Portada","item":"https:\/\/alvarelloseditora.gal\/"},{"@type":"ListItem","position":2,"name":"Qui\u00e9nes somos"}]},{"@type":"WebSite","@id":"https:\/\/alvarelloseditora.gal\/#website","url":"https:\/\/alvarelloseditora.gal\/","name":"Alvarellos Editora","description":"Libros para un mundo en tr\u00e1nsito","publisher":{"@id":"https:\/\/alvarelloseditora.gal\/#organization"},"potentialAction":[{"@type":"SearchAction","target":{"@type":"EntryPoint","urlTemplate":"https:\/\/alvarelloseditora.gal\/?s={search_term_string}"},"query-input":{"@type":"PropertyValueSpecification","valueRequired":true,"valueName":"search_term_string"}}],"inLanguage":"es"},{"@type":"Organization","@id":"https:\/\/alvarelloseditora.gal\/#organization","name":"Alvarellos Editora","url":"https:\/\/alvarelloseditora.gal\/","logo":{"@type":"ImageObject","inLanguage":"es","@id":"https:\/\/alvarelloseditora.gal\/#\/schema\/logo\/image\/","url":"https:\/\/alvarelloseditora.gal\/wp-content\/uploads\/2020\/02\/alv-icon.png","contentUrl":"https:\/\/alvarelloseditora.gal\/wp-content\/uploads\/2020\/02\/alv-icon.png","width":177,"height":175,"caption":"Alvarellos Editora"},"image":{"@id":"https:\/\/alvarelloseditora.gal\/#\/schema\/logo\/image\/"},"sameAs":["https:\/\/www.facebook.com\/alvarelloseditora","https:\/\/x.com\/alvarellos_ed"]}]}},"_links":{"self":[{"href":"https:\/\/alvarelloseditora.gal\/es\/wp-json\/wp\/v2\/pages\/3434","targetHints":{"allow":["GET"]}}],"collection":[{"href":"https:\/\/alvarelloseditora.gal\/es\/wp-json\/wp\/v2\/pages"}],"about":[{"href":"https:\/\/alvarelloseditora.gal\/es\/wp-json\/wp\/v2\/types\/page"}],"author":[{"embeddable":true,"href":"https:\/\/alvarelloseditora.gal\/es\/wp-json\/wp\/v2\/users\/1"}],"replies":[{"embeddable":true,"href":"https:\/\/alvarelloseditora.gal\/es\/wp-json\/wp\/v2\/comments?post=3434"}],"version-history":[{"count":27,"href":"https:\/\/alvarelloseditora.gal\/es\/wp-json\/wp\/v2\/pages\/3434\/revisions"}],"predecessor-version":[{"id":10087,"href":"https:\/\/alvarelloseditora.gal\/es\/wp-json\/wp\/v2\/pages\/3434\/revisions\/10087"}],"wp:attachment":[{"href":"https:\/\/alvarelloseditora.gal\/es\/wp-json\/wp\/v2\/media?parent=3434"}],"curies":[{"name":"wp","href":"https:\/\/api.w.org\/{rel}","templated":true}]}}