{"id":3405,"date":"2020-08-07T09:39:59","date_gmt":"2020-08-07T09:39:59","guid":{"rendered":"https:\/\/nueva.alvarellos.info\/distribucion\/"},"modified":"2023-02-02T13:52:38","modified_gmt":"2023-02-02T12:52:38","slug":"distribucion","status":"publish","type":"page","link":"https:\/\/alvarelloseditora.gal\/es\/distribucion\/","title":{"rendered":"Distribuci\u00f3n"},"content":{"rendered":"<div class=\"wpb-content-wrapper\"><p>[vc_row gap=\u00bb35&#8243;][vc_column width=\u00bb1\/2&#8243;][vc_column_text]<\/p>\n<h3 class=\"widget-title\">GALICIA<\/h3>\n<p><strong>Consorcio Editorial Galego<\/strong><br \/>\nEstrada da Estaci\u00f3n, 10 &#8211; A Portela<br \/>\n36818 Redondela<br \/>\nPontevedra<br \/>\n986 40 50 51<br \/>\n<a href=\"mailto:pedimentos@coegal.com\" target=\"_blank\" rel=\"noopener\">pedimentos@coegal.com<\/a>[\/vc_column_text][vc_empty_space][vc_column_text]<\/p>\n<h3 class=\"widget-title\">MADRID + ANDALUC\u00cdA + EXTREMADURA + CASTILLA-LA MANCHA + MURCIA + COMUNIDAD VALENCIANA + ASTURIAS + CANTABRIA + CASTILLA Y LE\u00d3N<\/h3>\n<p><strong>Azeta<\/strong><br \/>\nCamino Bajo, s\/n<br \/>\n18100 Armilla (Granada)<br \/>\nTel.: 902 131 014<br \/>\n<a href=\"mailto:info@azeta.es\" target=\"_blank\" rel=\"noopener\">info@azeta.es<\/a>[\/vc_column_text][vc_empty_space][vc_column_text]<\/p>\n<h3 class=\"widget-title\">PA\u00cdS VASCO + NAVARRA + CATALU\u00d1A + LA RIOJA + ARAG\u00d3N<\/h3>\n<p><strong>Elkar<\/strong><br \/>\nPortuetxe, 88. 20018 Donostia-Pa\u00eds Vasco<br \/>\n943 31 03 01<br \/>\n<a href=\"mailto:isors@elkar.com\">isors@elkar.com<\/a><br \/>\n<a href=\"mailto:fmerino@elkar.com\">fmerino@elkar.com<\/a>[\/vc_column_text][\/vc_column][\/vc_row][vc_row][vc_column][vc_empty_space][vc_column_text]<\/p>\n<h3 class=\"widget-title\">ARGENTINA + M\u00c9XICO + COLOMBIA + CHILE + ECUADOR<\/h3>\n<p><strong>Bibliomanager<\/strong><br \/>\nC\/ Cueva de Viera 2<br \/>\nAntequera (M\u00e1laga)<br \/>\n952 70 60 04<br \/>\n<a href=\"mailto:distribucion@bibliomanager.com\">distribucion@bibliomanager.com <\/a>[\/vc_column_text][\/vc_column][\/vc_row]<\/p>\n<\/div>","protected":false},"excerpt":{"rendered":"<p>[vc_row gap=\u00bb35&#8243;][vc_column width=\u00bb1\/2&#8243;][vc_column_text] GALICIA Consorcio Editorial Galego Estrada da Estaci\u00f3n, 10 &#8211; A Portela 36818 Redondela Pontevedra 986 40 50 51 pedimentos@coegal.com[\/vc_column_text][vc_empty_space][vc_column_text] MADRID + ANDALUC\u00cdA + EXTREMADURA + CASTILLA-LA MANCHA + MURCIA + COMUNIDAD VALENCIANA + ASTURIAS + CANTABRIA + CASTILLA Y LE\u00d3N Azeta Camino Bajo, s\/n 18100 Armilla (Granada) Tel.: 902 131 014 info@azeta.es[\/vc_column_text][vc_empty_space][vc_column_text] [&hellip;]<\/p>\n","protected":false},"author":1,"featured_media":0,"parent":0,"menu_order":0,"comment_status":"closed","ping_status":"closed","template":"","meta":{"footnotes":""},"class_list":["post-3405","page","type-page","status-publish","hentry"],"yoast_head":"<!-- This site is optimized with the Yoast SEO plugin v27.3 - https:\/\/yoast.com\/product\/yoast-seo-wordpress\/ -->\n<title>Distribuci\u00f3n - Alvarellos Editora<\/title>\n<meta name=\"description\" content=\"Distribuidores dos libros de Alvarellos Editora. Informaci\u00f3n de distribuidores e datos de contacto.\" \/>\n<meta name=\"robots\" content=\"index, follow, max-snippet:-1, max-image-preview:large, max-video-preview:-1\" \/>\n<link rel=\"canonical\" href=\"https:\/\/alvarelloseditora.gal\/es\/distribucion\/\" \/>\n<meta property=\"og:locale\" content=\"es_ES\" \/>\n<meta property=\"og:type\" content=\"article\" \/>\n<meta property=\"og:title\" content=\"Distribuci\u00f3n - Alvarellos Editora\" \/>\n<meta property=\"og:description\" content=\"Distribuidores dos libros de Alvarellos Editora. Informaci\u00f3n de distribuidores e datos de contacto.\" \/>\n<meta property=\"og:url\" content=\"https:\/\/alvarelloseditora.gal\/es\/distribucion\/\" \/>\n<meta property=\"og:site_name\" content=\"Alvarellos Editora\" \/>\n<meta property=\"article:publisher\" content=\"https:\/\/www.facebook.com\/alvarelloseditora\" \/>\n<meta property=\"article:modified_time\" content=\"2023-02-02T12:52:38+00:00\" \/>\n<meta name=\"twitter:card\" content=\"summary_large_image\" \/>\n<meta name=\"twitter:site\" content=\"@alvarellos_ed\" \/>\n<meta name=\"twitter:label1\" content=\"Tiempo de lectura\" \/>\n\t<meta name=\"twitter:data1\" content=\"1 minuto\" \/>\n<!-- \/ Yoast SEO plugin. -->","yoast_head_json":{"title":"Distribuci\u00f3n - Alvarellos Editora","description":"Distribuidores dos libros de Alvarellos Editora. Informaci\u00f3n de distribuidores e datos de contacto.","robots":{"index":"index","follow":"follow","max-snippet":"max-snippet:-1","max-image-preview":"max-image-preview:large","max-video-preview":"max-video-preview:-1"},"canonical":"https:\/\/alvarelloseditora.gal\/es\/distribucion\/","og_locale":"es_ES","og_type":"article","og_title":"Distribuci\u00f3n - Alvarellos Editora","og_description":"Distribuidores dos libros de Alvarellos Editora. Informaci\u00f3n de distribuidores e datos de contacto.","og_url":"https:\/\/alvarelloseditora.gal\/es\/distribucion\/","og_site_name":"Alvarellos Editora","article_publisher":"https:\/\/www.facebook.com\/alvarelloseditora","article_modified_time":"2023-02-02T12:52:38+00:00","twitter_card":"summary_large_image","twitter_site":"@alvarellos_ed","twitter_misc":{"Tiempo de lectura":"1 minuto"},"schema":{"@context":"https:\/\/schema.org","@graph":[{"@type":"WebPage","@id":"https:\/\/alvarelloseditora.gal\/es\/distribucion\/","url":"https:\/\/alvarelloseditora.gal\/es\/distribucion\/","name":"Distribuci\u00f3n - Alvarellos Editora","isPartOf":{"@id":"https:\/\/alvarelloseditora.gal\/#website"},"datePublished":"2020-08-07T09:39:59+00:00","dateModified":"2023-02-02T12:52:38+00:00","description":"Distribuidores dos libros de Alvarellos Editora. Informaci\u00f3n de distribuidores e datos de contacto.","breadcrumb":{"@id":"https:\/\/alvarelloseditora.gal\/es\/distribucion\/#breadcrumb"},"inLanguage":"es","potentialAction":[{"@type":"ReadAction","target":["https:\/\/alvarelloseditora.gal\/es\/distribucion\/"]}]},{"@type":"BreadcrumbList","@id":"https:\/\/alvarelloseditora.gal\/es\/distribucion\/#breadcrumb","itemListElement":[{"@type":"ListItem","position":1,"name":"Portada","item":"https:\/\/alvarelloseditora.gal\/"},{"@type":"ListItem","position":2,"name":"Distribuci\u00f3n"}]},{"@type":"WebSite","@id":"https:\/\/alvarelloseditora.gal\/#website","url":"https:\/\/alvarelloseditora.gal\/","name":"Alvarellos Editora","description":"Libros para un mundo en tr\u00e1nsito","publisher":{"@id":"https:\/\/alvarelloseditora.gal\/#organization"},"potentialAction":[{"@type":"SearchAction","target":{"@type":"EntryPoint","urlTemplate":"https:\/\/alvarelloseditora.gal\/?s={search_term_string}"},"query-input":{"@type":"PropertyValueSpecification","valueRequired":true,"valueName":"search_term_string"}}],"inLanguage":"es"},{"@type":"Organization","@id":"https:\/\/alvarelloseditora.gal\/#organization","name":"Alvarellos Editora","url":"https:\/\/alvarelloseditora.gal\/","logo":{"@type":"ImageObject","inLanguage":"es","@id":"https:\/\/alvarelloseditora.gal\/#\/schema\/logo\/image\/","url":"https:\/\/alvarelloseditora.gal\/wp-content\/uploads\/2020\/02\/alv-icon.png","contentUrl":"https:\/\/alvarelloseditora.gal\/wp-content\/uploads\/2020\/02\/alv-icon.png","width":177,"height":175,"caption":"Alvarellos Editora"},"image":{"@id":"https:\/\/alvarelloseditora.gal\/#\/schema\/logo\/image\/"},"sameAs":["https:\/\/www.facebook.com\/alvarelloseditora","https:\/\/x.com\/alvarellos_ed"]}]}},"_links":{"self":[{"href":"https:\/\/alvarelloseditora.gal\/es\/wp-json\/wp\/v2\/pages\/3405","targetHints":{"allow":["GET"]}}],"collection":[{"href":"https:\/\/alvarelloseditora.gal\/es\/wp-json\/wp\/v2\/pages"}],"about":[{"href":"https:\/\/alvarelloseditora.gal\/es\/wp-json\/wp\/v2\/types\/page"}],"author":[{"embeddable":true,"href":"https:\/\/alvarelloseditora.gal\/es\/wp-json\/wp\/v2\/users\/1"}],"replies":[{"embeddable":true,"href":"https:\/\/alvarelloseditora.gal\/es\/wp-json\/wp\/v2\/comments?post=3405"}],"version-history":[{"count":4,"href":"https:\/\/alvarelloseditora.gal\/es\/wp-json\/wp\/v2\/pages\/3405\/revisions"}],"predecessor-version":[{"id":8081,"href":"https:\/\/alvarelloseditora.gal\/es\/wp-json\/wp\/v2\/pages\/3405\/revisions\/8081"}],"wp:attachment":[{"href":"https:\/\/alvarelloseditora.gal\/es\/wp-json\/wp\/v2\/media?parent=3405"}],"curies":[{"name":"wp","href":"https:\/\/api.w.org\/{rel}","templated":true}]}}