{"id":3171,"date":"2020-02-27T09:30:26","date_gmt":"2020-02-27T09:30:26","guid":{"rendered":"https:\/\/nueva.alvarellos.info\/?page_id=3171"},"modified":"2023-02-02T13:10:16","modified_gmt":"2023-02-02T12:10:16","slug":"el-fundador","status":"publish","type":"page","link":"https:\/\/alvarelloseditora.gal\/es\/el-fundador\/","title":{"rendered":"El fundador"},"content":{"rendered":"<div class=\"wpb-content-wrapper\"><p>[vc_section el_class=\u00bbgf-skin\u00bb css=\u00bb.vc_custom_1644307739134{background-color: rgba(247,247,247,0.51) !important;background-position: center !important;background-repeat: no-repeat !important;background-size: cover !important;*background-color: rgb(247,247,247) !important;}\u00bb][vc_row][vc_column][gsf_space desktop=\u00bb25&#8243; tablet=\u00bb25&#8243; tablet_portrait=\u00bb25&#8243; mobile_landscape=\u00bb25&#8243; mobile=\u00bb25&#8243;][gsf_heading title=\u00bbRW5yaXF1ZSUyMEFsdmFyZWxsb3MlMjBJZ2xlc2lhcw==\u00bb title_color=\u00bb#000000&#8243; title_font_size=\u00bb62|80|60|48|40&#8243; sub_title_font_size=\u00bb18&#8243; el_class=\u00bbmg-bottom-25&#8243;][vc_column_text]<\/p>\n<p><center><i>A Coru\u00f1a, 30 de abril de 1931-Lugo, 2 de junio de 2004<\/i><\/center><em>\u00a0<\/em>[\/vc_column_text][gsf_space desktop=\u00bb25&#8243; tablet=\u00bb25&#8243; tablet_portrait=\u00bb25&#8243; mobile_landscape=\u00bb25&#8243; mobile=\u00bb25&#8243;][\/vc_column][\/vc_row][vc_row][vc_column el_class=\u00bbprimary-font dropcap-white fs-15&#8243; width=\u00bb2\/3&#8243;][vc_column_text el_class=\u00bb\u00bb]<\/p>\n<p style=\"text-align: justify;\">M\u00fasico, editor, escritor y profesor de lenguas cl\u00e1sicas, <strong>Enrique Alvarellos Iglesias<\/strong> naci\u00f3 en A Coru\u00f1a en 1931 y se cri\u00f3, hasta los 16 a\u00f1os, en la parroquia de Soutolongo (Lal\u00edn), para trasladarse luego definitivamente a Lugo, donde estudi\u00f3 Humanidades y M\u00fasica (Seminario Diocesano). En esta ciudad desarroll\u00f3 su amplia trayectoria profesional e intelectual. Alvarellos fue miembro correspondiente de la Academia Tiberina de Artes y Ciencias de Roma y poseedor de la Gran Cruz de la Orden de San Jorge de Carintia; form\u00f3 parte, as\u00ed mismo, del Consello de Cultura de la Diputaci\u00f3n Provincial de Lugo, fue directivo de la Sociedad Filarm\u00f3nica lucense y ejerci\u00f3 como asesor y colaborador de la Enciclopedia Galega Universal.<\/p>\n<p style=\"text-align: justify;\">Alvarellos Iglesias, hombre polifac\u00e9tico, profundamente galleguista y propietario tambi\u00e9n de una de las mejores colecciones de Espa\u00f1a de m\u00e1quinas de escribir antiguas, fund\u00f3, en mayo de 1977, <a href=\"\/es\/nuestra-historia\/\"><strong>Editorial Alvarellos<\/strong><\/a>. Esta empresa cultural celebr\u00f3 en 2002 sus 25 a\u00f1os de vida (en los que public\u00f3 m\u00e1s de un centenar de t\u00edtulos), por lo que es una de las editoriales m\u00e1s veteranas de Galicia.<\/p>\n<p>[\/vc_column_text][gsf_space desktop=\u00bb50&#8243; tablet=\u00bb40&#8243; tablet_portrait=\u00bb30&#8243; mobile_landscape=\u00bb20&#8243; mobile=\u00bb20&#8243;][\/vc_column][vc_column width=\u00bb1\/3&#8243;][vc_single_image image=\u00bb7195&#8243; img_size=\u00bbfull\u00bb][\/vc_column][\/vc_row][vc_row][vc_column width=\u00bb1\/3&#8243;][gsf_heading title=\u00bbRWwlMjBhdXRvcg==\u00bb title_color=\u00bb#383838&#8243; title_font_size=\u00bb30|48|40|34|30&#8243; title_line_height=\u00bb3|em\u00bb][vc_column_text]<\/p>\n<p style=\"text-align: justify;\">Como escritor, Alvarellos es autor de la \u00fanica historia de las <strong><em>Bandas de M\u00fasica de Galicia<\/em><\/strong>, un voluminoso estudio de m\u00e1s de mil p\u00e1ginas publicado en 1986 y que fue finalista de los Premios de Investigaci\u00f3n de Galicia al a\u00f1o siguiente. En \u00e9l se recoge la historia de m\u00e1s de 400 bandas populares gallegas. As\u00ed mismo, Enrique Alvarellos public\u00f3, entre otros libros, la novela <a href=\"\/libro\/botei-corenta-anos\/\"><em>Botei corenta anos<\/em><\/a> (1977), el poemario <a href=\"\/libro\/cen-anacos\/\"><em>Cen Anacos<\/em><\/a> (1977), el estudio <strong><em>Mulleres destacadas de Galicia<\/em><\/strong> (1993) y un tomo de sus memorias: <a href=\"\/libro\/70-anos-en-clave-de-fa-2\/\"><em>70 anos en clave de fa<\/em><\/a> (2001).<\/p>\n<p>&nbsp;<\/p>\n<p>[\/vc_column_text][vc_gallery type=\u00bbimage_grid\u00bb images=\u00bb4307,4310,4313,4304&#8243; img_size=\u00bb80&#215;118&#8243; onclick=\u00bb\u00bb css=\u00bb.vc_custom_1601022779311{margin-top: 20px !important;padding-right: 10px !important;}\u00bb][\/vc_column][vc_column width=\u00bb1\/3&#8243;][gsf_heading title=\u00bbTGElMjBNJUMzJUJBc2ljYQ==\u00bb title_color=\u00bb#383838&#8243; title_font_size=\u00bb30|48|40|34|30&#8243; title_line_height=\u00bb3|em\u00bb][vc_column_text el_class=\u00bb\u00bb css=\u00bb.vc_custom_1675340012069{padding-bottom: 20px !important;}\u00bb]<\/p>\n<p style=\"text-align: justify;\">Fue la <strong>m\u00fasica<\/strong>, sin embargo, la que vertebr\u00f3 toda su vida y ocup\u00f3 un lugar primordial durante sus \u00faltimos a\u00f1os, \u00e9poca en la que se centr\u00f3 en la composici\u00f3n musical (m\u00e1s de medio centenar de piezas) y en la direcci\u00f3n de coros. Ya en 1961 hab\u00eda fundado el coro <em>Entre as silveiras<\/em>, con el que alcanz\u00f3 ya importantes reconocimientos. En 1981 funda el Orfe\u00f3n Xo\u00e1n Montes, que dirigi\u00f3 durante veinte a\u00f1os, tiempo en el que la formaci\u00f3n actu\u00f3 en diversos escenarios de Espa\u00f1a y Europa. Tambi\u00e9n fue el director de la coral <em>Meigas e Trasgos<\/em> de Sarria, la Coral de Monterroso, el Coro de la Polic\u00eda Local de Lugo y la Coral de Agolada.<\/p>\n<p style=\"text-align: justify;\">Entre sus composiciones musicales cabe destacar desde <em>Cantata \u00e1 Lanzada<\/em> (obra sinf\u00f3nico-coral), <em>A Nosa Misa<\/em>, <em>Fisterra <\/em>y\u00a0<em>Mar\u00eda Guevara<\/em>\u00a0hasta el <em>Himno do Club Deportivo Lugo<\/em>, <em>Peque\u00f1a flor<\/em>, diversos villancicos (<em>Cando sub\u00edn \u00e1 monta\u00f1a<\/em>, <em>Casi\u00f1a santa<\/em>, <em>Eu cantar canteille<\/em>&#8230;) o Bimilenaria-Cantata luguesa, obra que dej\u00f3 inconclusa.<\/p>\n<p>[\/vc_column_text][\/vc_column][vc_column width=\u00bb1\/3&#8243;][gsf_heading title=\u00bbQWNhZGVtaWElMjBBbHZhcmVsbG9z\u00bb title_color=\u00bb#383838&#8243; title_font_size=\u00bb30|48|40|34|30&#8243; title_line_height=\u00bb3|em\u00bb][vc_column_text el_class=\u00bb\u00bb]<\/p>\n<p style=\"text-align: justify;\">En marzo de 1963 fund\u00f3, junto con su esposa Conchita Casas, la <strong>Academia Alvarellos<\/strong> en la plaza Comandante Manso de Lugo, centro docente por donde pasaron, en sus casi cuarenta a\u00f1os de existencia, m\u00e1s de 100.000 alumnos, y donde destac\u00f3 el m\u00e9todo mecanogr\u00e1fico que elabor\u00f3 el propio Enrique Alvarellos y que fue reconocido como Sistema Oficial del Estado por el Ministerio de Educaci\u00f3n y Ciencia en 1968.<\/p>\n<p>[\/vc_column_text][vc_single_image image=\u00bb4316&#8243; img_size=\u00bbfull\u00bb add_caption=\u00bbyes\u00bb alignment=\u00bbcenter\u00bb css=\u00bb.vc_custom_1601023460050{margin-top: 15px !important;}\u00bb][\/vc_column][\/vc_row][vc_row][vc_column][gsf_space desktop=\u00bb50&#8243; tablet=\u00bb30&#8243; tablet_portrait=\u00bb30&#8243; mobile_landscape=\u00bb30&#8243; mobile=\u00bb30&#8243;][\/vc_column][\/vc_row][\/vc_section][vc_row][vc_column][vc_column_text][\/vc_column_text][\/vc_column][\/vc_row][vc_row][vc_column][vc_column_text]<\/p>\n<p>[\/vc_column_text][\/vc_column][\/vc_row]<\/p>\n<\/div>","protected":false},"excerpt":{"rendered":"<p>[vc_section el_class=\u00bbgf-skin\u00bb css=\u00bb.vc_custom_1644307739134{background-color: rgba(247,247,247,0.51) !important;background-position: center !important;background-repeat: no-repeat !important;background-size: cover !important;*background-color: rgb(247,247,247) !important;}\u00bb][vc_row][vc_column][gsf_space desktop=\u00bb25&#8243; tablet=\u00bb25&#8243; tablet_portrait=\u00bb25&#8243; mobile_landscape=\u00bb25&#8243; mobile=\u00bb25&#8243;][gsf_heading title=\u00bbRW5yaXF1ZSUyMEFsdmFyZWxsb3MlMjBJZ2xlc2lhcw==\u00bb title_color=\u00bb#000000&#8243; title_font_size=\u00bb62|80|60|48|40&#8243; sub_title_font_size=\u00bb18&#8243; el_class=\u00bbmg-bottom-25&#8243;][vc_column_text] A Coru\u00f1a, 30 de abril de 1931-Lugo, 2 de junio de 2004\u00a0[\/vc_column_text][gsf_space desktop=\u00bb25&#8243; tablet=\u00bb25&#8243; tablet_portrait=\u00bb25&#8243; mobile_landscape=\u00bb25&#8243; mobile=\u00bb25&#8243;][\/vc_column][\/vc_row][vc_row][vc_column el_class=\u00bbprimary-font dropcap-white fs-15&#8243; width=\u00bb2\/3&#8243;][vc_column_text el_class=\u00bb\u00bb] M\u00fasico, editor, escritor y profesor de lenguas cl\u00e1sicas, Enrique Alvarellos [&hellip;]<\/p>\n","protected":false},"author":1,"featured_media":0,"parent":0,"menu_order":0,"comment_status":"closed","ping_status":"closed","template":"","meta":{"footnotes":""},"class_list":["post-3171","page","type-page","status-publish","hentry"],"yoast_head":"<!-- This site is optimized with the Yoast SEO plugin v27.3 - https:\/\/yoast.com\/product\/yoast-seo-wordpress\/ -->\n<title>Enrique Alvarellos Iglesias, fundador de Alvarellos Editora<\/title>\n<meta name=\"description\" content=\"Enrique Alvarellos Iglesias: M\u00fasico, editor, escritor, profesor de lenguas cl\u00e1sicas, y fundador de Alvarellos Editora. \u27a1\ufe0f Con\u00f3cele aqu\u00ed\" \/>\n<meta name=\"robots\" content=\"index, follow, max-snippet:-1, max-image-preview:large, max-video-preview:-1\" \/>\n<link rel=\"canonical\" href=\"https:\/\/alvarelloseditora.gal\/es\/el-fundador\/\" \/>\n<meta property=\"og:locale\" content=\"es_ES\" \/>\n<meta property=\"og:type\" content=\"article\" \/>\n<meta property=\"og:title\" content=\"Enrique Alvarellos Iglesias, fundador de Alvarellos Editora\" \/>\n<meta property=\"og:description\" content=\"Enrique Alvarellos Iglesias: M\u00fasico, editor, escritor, profesor de lenguas cl\u00e1sicas, y fundador de Alvarellos Editora. \u27a1\ufe0f Con\u00f3cele aqu\u00ed\" \/>\n<meta property=\"og:url\" content=\"https:\/\/alvarelloseditora.gal\/es\/el-fundador\/\" \/>\n<meta property=\"og:site_name\" content=\"Alvarellos Editora\" \/>\n<meta property=\"article:publisher\" content=\"https:\/\/www.facebook.com\/alvarelloseditora\" \/>\n<meta property=\"article:modified_time\" content=\"2023-02-02T12:10:16+00:00\" \/>\n<meta name=\"twitter:card\" content=\"summary_large_image\" \/>\n<meta name=\"twitter:site\" content=\"@alvarellos_ed\" \/>\n<meta name=\"twitter:label1\" content=\"Tiempo de lectura\" \/>\n\t<meta name=\"twitter:data1\" content=\"4 minutos\" \/>\n<!-- \/ Yoast SEO plugin. -->","yoast_head_json":{"title":"Enrique Alvarellos Iglesias, fundador de Alvarellos Editora","description":"Enrique Alvarellos Iglesias: M\u00fasico, editor, escritor, profesor de lenguas cl\u00e1sicas, y fundador de Alvarellos Editora. \u27a1\ufe0f Con\u00f3cele aqu\u00ed","robots":{"index":"index","follow":"follow","max-snippet":"max-snippet:-1","max-image-preview":"max-image-preview:large","max-video-preview":"max-video-preview:-1"},"canonical":"https:\/\/alvarelloseditora.gal\/es\/el-fundador\/","og_locale":"es_ES","og_type":"article","og_title":"Enrique Alvarellos Iglesias, fundador de Alvarellos Editora","og_description":"Enrique Alvarellos Iglesias: M\u00fasico, editor, escritor, profesor de lenguas cl\u00e1sicas, y fundador de Alvarellos Editora. \u27a1\ufe0f Con\u00f3cele aqu\u00ed","og_url":"https:\/\/alvarelloseditora.gal\/es\/el-fundador\/","og_site_name":"Alvarellos Editora","article_publisher":"https:\/\/www.facebook.com\/alvarelloseditora","article_modified_time":"2023-02-02T12:10:16+00:00","twitter_card":"summary_large_image","twitter_site":"@alvarellos_ed","twitter_misc":{"Tiempo de lectura":"4 minutos"},"schema":{"@context":"https:\/\/schema.org","@graph":[{"@type":"WebPage","@id":"https:\/\/alvarelloseditora.gal\/es\/el-fundador\/","url":"https:\/\/alvarelloseditora.gal\/es\/el-fundador\/","name":"Enrique Alvarellos Iglesias, fundador de Alvarellos Editora","isPartOf":{"@id":"https:\/\/alvarelloseditora.gal\/#website"},"datePublished":"2020-02-27T09:30:26+00:00","dateModified":"2023-02-02T12:10:16+00:00","description":"Enrique Alvarellos Iglesias: M\u00fasico, editor, escritor, profesor de lenguas cl\u00e1sicas, y fundador de Alvarellos Editora. \u27a1\ufe0f Con\u00f3cele aqu\u00ed","breadcrumb":{"@id":"https:\/\/alvarelloseditora.gal\/es\/el-fundador\/#breadcrumb"},"inLanguage":"es","potentialAction":[{"@type":"ReadAction","target":["https:\/\/alvarelloseditora.gal\/es\/el-fundador\/"]}]},{"@type":"BreadcrumbList","@id":"https:\/\/alvarelloseditora.gal\/es\/el-fundador\/#breadcrumb","itemListElement":[{"@type":"ListItem","position":1,"name":"Portada","item":"https:\/\/alvarelloseditora.gal\/"},{"@type":"ListItem","position":2,"name":"El fundador"}]},{"@type":"WebSite","@id":"https:\/\/alvarelloseditora.gal\/#website","url":"https:\/\/alvarelloseditora.gal\/","name":"Alvarellos Editora","description":"Libros para un mundo en tr\u00e1nsito","publisher":{"@id":"https:\/\/alvarelloseditora.gal\/#organization"},"potentialAction":[{"@type":"SearchAction","target":{"@type":"EntryPoint","urlTemplate":"https:\/\/alvarelloseditora.gal\/?s={search_term_string}"},"query-input":{"@type":"PropertyValueSpecification","valueRequired":true,"valueName":"search_term_string"}}],"inLanguage":"es"},{"@type":"Organization","@id":"https:\/\/alvarelloseditora.gal\/#organization","name":"Alvarellos Editora","url":"https:\/\/alvarelloseditora.gal\/","logo":{"@type":"ImageObject","inLanguage":"es","@id":"https:\/\/alvarelloseditora.gal\/#\/schema\/logo\/image\/","url":"https:\/\/alvarelloseditora.gal\/wp-content\/uploads\/2020\/02\/alv-icon.png","contentUrl":"https:\/\/alvarelloseditora.gal\/wp-content\/uploads\/2020\/02\/alv-icon.png","width":177,"height":175,"caption":"Alvarellos Editora"},"image":{"@id":"https:\/\/alvarelloseditora.gal\/#\/schema\/logo\/image\/"},"sameAs":["https:\/\/www.facebook.com\/alvarelloseditora","https:\/\/x.com\/alvarellos_ed"]}]}},"_links":{"self":[{"href":"https:\/\/alvarelloseditora.gal\/es\/wp-json\/wp\/v2\/pages\/3171","targetHints":{"allow":["GET"]}}],"collection":[{"href":"https:\/\/alvarelloseditora.gal\/es\/wp-json\/wp\/v2\/pages"}],"about":[{"href":"https:\/\/alvarelloseditora.gal\/es\/wp-json\/wp\/v2\/types\/page"}],"author":[{"embeddable":true,"href":"https:\/\/alvarelloseditora.gal\/es\/wp-json\/wp\/v2\/users\/1"}],"replies":[{"embeddable":true,"href":"https:\/\/alvarelloseditora.gal\/es\/wp-json\/wp\/v2\/comments?post=3171"}],"version-history":[{"count":8,"href":"https:\/\/alvarelloseditora.gal\/es\/wp-json\/wp\/v2\/pages\/3171\/revisions"}],"predecessor-version":[{"id":8071,"href":"https:\/\/alvarelloseditora.gal\/es\/wp-json\/wp\/v2\/pages\/3171\/revisions\/8071"}],"wp:attachment":[{"href":"https:\/\/alvarelloseditora.gal\/es\/wp-json\/wp\/v2\/media?parent=3171"}],"curies":[{"name":"wp","href":"https:\/\/api.w.org\/{rel}","templated":true}]}}