{"id":6367,"date":"2020-07-18T13:08:59","date_gmt":"2020-05-31T11:08:59","guid":{"rendered":"https:\/\/alvarellos.info\/book\/codex-calixtinus-book-v-edicion-en-ingles\/"},"modified":"2021-07-19T10:49:03","modified_gmt":"2021-07-19T08:49:03","slug":"codex-calixtinus-book-v-edicion-en-ingles","status":"publish","type":"product","link":"https:\/\/alvarelloseditora.gal\/en\/book\/codex-calixtinus-book-v-edicion-en-ingles\/","title":{"rendered":"Codex Calixtinus-Book V [English edition]"},"content":{"rendered":"<p><a href=\"https:\/\/alvarelloseditora.gal\/wp-content\/uploads\/2021\/05\/NP_ENGLISH_Codex_Calixtinus_English_Vs_may_2020.pdf\">Dossier prensa<\/a><\/p>\n","protected":false},"excerpt":{"rendered":"<p>Pp. 104. Formato 12 x 22 cms.<br \/>\nISBN 978-84-16460-75-5<\/p>\n<p>&nbsp;<\/p>\n<p>Una nueva edici\u00f3n en ingl\u00e9s (en el mismo formato popular y de bolsillo en el que editamos en 2016 la edici\u00f3n en castellano) del texto m\u00e1s atractivo y popular del C\u00f3dice Calixtino: el Libro V, escrito a mediados del siglo XII y que est\u00e1 considerado como la primera gu\u00eda de viajes de Europa.<\/p>\n<p>&nbsp;<\/p>\n<p>El C\u00f3dice Calixtino fue reconocido en 2017 por la UNESCO como \u201cRegistro de la Memoria del Mundo\u201d, una inscripci\u00f3n que reconoce a las grandes joyas documentales de la historia de la humanidad.<\/p>\n<p>&nbsp;<\/p>\n<p>Nos encontramos pues ante un texto que es un tesoro imprescindible para todos los amantes del Camino, de la ciudad de Santiago y de la cultura europea.<\/p>\n<p>&nbsp;<\/p>\n<p>El autor de este Libro V del C\u00f3dice, posiblemente un monje franc\u00e9s llamado Aimeric Picaud, se detiene en los lugares, monumentos y gentes que encuentra a su paso por el Camino de Santiago. La narraci\u00f3n nos har\u00e1 viajar a los primeros tiempos de las peregrinaciones. El autor pretende \u00abque los peregrinos que marchan a Santiago prevengan, con estas noticias, los gastos necesarios para su viaje\u00bb.<\/p>\n<p>&nbsp;<\/p>\n","protected":false},"featured_media":6365,"comment_status":"closed","ping_status":"closed","template":"","meta":[],"product_brand":[],"product_cat":[1015],"product_tag":[1870],"class_list":{"0":"post-6367","1":"product","2":"type-product","3":"status-publish","4":"has-post-thumbnail","6":"product_author-teresa-moralejo-garate-en","7":"product_cat-varia-singulares-fora-de-coleccion-en","8":"product_tag-santiago-de-compostela-e-o-camino-en","10":"first","11":"instock","12":"taxable","13":"shipping-taxable","14":"purchasable","15":"product-type-simple"},"yoast_head":"<!-- This site is optimized with the Yoast SEO plugin v27.4 - https:\/\/yoast.com\/product\/yoast-seo-wordpress\/ -->\n<title>Codex Calixtinus-Book V [English edition] - Alvarellos Editora<\/title>\n<meta name=\"description\" content=\"Codex Calixtinus-Book V [English edition]. Buy it at the Alvarellos Editora online store.\" \/>\n<meta name=\"robots\" content=\"index, follow, max-snippet:-1, max-image-preview:large, max-video-preview:-1\" \/>\n<link rel=\"canonical\" href=\"https:\/\/alvarelloseditora.gal\/en\/book\/codex-calixtinus-book-v-edicion-en-ingles\/\" \/>\n<meta property=\"og:locale\" content=\"en_GB\" \/>\n<meta property=\"og:type\" content=\"article\" \/>\n<meta property=\"og:title\" content=\"Codex Calixtinus-Book V [English edition] - Alvarellos Editora\" \/>\n<meta property=\"og:description\" content=\"Codex Calixtinus-Book V [English edition]. Buy it at the Alvarellos Editora online store.\" \/>\n<meta property=\"og:url\" content=\"https:\/\/alvarelloseditora.gal\/en\/book\/codex-calixtinus-book-v-edicion-en-ingles\/\" \/>\n<meta property=\"og:site_name\" content=\"Alvarellos Editora\" \/>\n<meta property=\"article:publisher\" content=\"https:\/\/www.facebook.com\/alvarelloseditora\" \/>\n<meta property=\"article:modified_time\" content=\"2021-07-19T08:49:03+00:00\" \/>\n<meta property=\"og:image\" content=\"https:\/\/alvarelloseditora.gal\/wp-content\/uploads\/2021\/05\/9788416460755CodexCalixtinus-scaled.jpg\" \/>\n\t<meta property=\"og:image:width\" content=\"1382\" \/>\n\t<meta property=\"og:image:height\" content=\"2560\" \/>\n\t<meta property=\"og:image:type\" content=\"image\/jpeg\" \/>\n<meta name=\"twitter:card\" content=\"summary_large_image\" \/>\n<meta name=\"twitter:site\" content=\"@alvarellos_ed\" \/>\n<meta name=\"twitter:label1\" content=\"Estimated reading time\" \/>\n\t<meta name=\"twitter:data1\" content=\"1 minute\" \/>\n<!-- \/ Yoast SEO plugin. -->","yoast_head_json":{"title":"Codex Calixtinus-Book V [English edition] - Alvarellos Editora","description":"Codex Calixtinus-Book V [English edition]. Buy it at the Alvarellos Editora online store.","robots":{"index":"index","follow":"follow","max-snippet":"max-snippet:-1","max-image-preview":"max-image-preview:large","max-video-preview":"max-video-preview:-1"},"canonical":"https:\/\/alvarelloseditora.gal\/en\/book\/codex-calixtinus-book-v-edicion-en-ingles\/","og_locale":"en_GB","og_type":"article","og_title":"Codex Calixtinus-Book V [English edition] - Alvarellos Editora","og_description":"Codex Calixtinus-Book V [English edition]. Buy it at the Alvarellos Editora online store.","og_url":"https:\/\/alvarelloseditora.gal\/en\/book\/codex-calixtinus-book-v-edicion-en-ingles\/","og_site_name":"Alvarellos Editora","article_publisher":"https:\/\/www.facebook.com\/alvarelloseditora","article_modified_time":"2021-07-19T08:49:03+00:00","og_image":[{"width":1382,"height":2560,"url":"https:\/\/alvarelloseditora.gal\/wp-content\/uploads\/2021\/05\/9788416460755CodexCalixtinus-scaled.jpg","type":"image\/jpeg"}],"twitter_card":"summary_large_image","twitter_site":"@alvarellos_ed","twitter_misc":{"Estimated reading time":"1 minute"},"schema":{"@context":"https:\/\/schema.org","@graph":[{"@type":["WebPage","ItemPage"],"@id":"https:\/\/alvarelloseditora.gal\/en\/book\/codex-calixtinus-book-v-edicion-en-ingles\/","url":"https:\/\/alvarelloseditora.gal\/en\/book\/codex-calixtinus-book-v-edicion-en-ingles\/","name":"Codex Calixtinus-Book V [English edition] - Alvarellos Editora","isPartOf":{"@id":"https:\/\/alvarelloseditora.gal\/#website"},"primaryImageOfPage":{"@id":"https:\/\/alvarelloseditora.gal\/en\/book\/codex-calixtinus-book-v-edicion-en-ingles\/#primaryimage"},"image":{"@id":"https:\/\/alvarelloseditora.gal\/en\/book\/codex-calixtinus-book-v-edicion-en-ingles\/#primaryimage"},"thumbnailUrl":"https:\/\/alvarelloseditora.gal\/wp-content\/uploads\/2021\/05\/9788416460755CodexCalixtinus-scaled.jpg","datePublished":"2020-05-31T11:08:59+00:00","dateModified":"2021-07-19T08:49:03+00:00","description":"Codex Calixtinus-Book V [English edition]. Buy it at the Alvarellos Editora online store.","breadcrumb":{"@id":"https:\/\/alvarelloseditora.gal\/en\/book\/codex-calixtinus-book-v-edicion-en-ingles\/#breadcrumb"},"inLanguage":"en-GB","potentialAction":[{"@type":"ReadAction","target":["https:\/\/alvarelloseditora.gal\/en\/book\/codex-calixtinus-book-v-edicion-en-ingles\/"]}]},{"@type":"ImageObject","inLanguage":"en-GB","@id":"https:\/\/alvarelloseditora.gal\/en\/book\/codex-calixtinus-book-v-edicion-en-ingles\/#primaryimage","url":"https:\/\/alvarelloseditora.gal\/wp-content\/uploads\/2021\/05\/9788416460755CodexCalixtinus-scaled.jpg","contentUrl":"https:\/\/alvarelloseditora.gal\/wp-content\/uploads\/2021\/05\/9788416460755CodexCalixtinus-scaled.jpg","width":1382,"height":2560},{"@type":"BreadcrumbList","@id":"https:\/\/alvarelloseditora.gal\/en\/book\/codex-calixtinus-book-v-edicion-en-ingles\/#breadcrumb","itemListElement":[{"@type":"ListItem","position":1,"name":"Portada","item":"https:\/\/alvarelloseditora.gal\/en\/"},{"@type":"ListItem","position":2,"name":"Shop","item":"https:\/\/alvarelloseditora.gal\/en\/shop\/"},{"@type":"ListItem","position":3,"name":"Codex Calixtinus-Book V [English edition]"}]},{"@type":"WebSite","@id":"https:\/\/alvarelloseditora.gal\/#website","url":"https:\/\/alvarelloseditora.gal\/","name":"Alvarellos Editora","description":"Libros para un mundo en tr\u00e1nsito","publisher":{"@id":"https:\/\/alvarelloseditora.gal\/#organization"},"potentialAction":[{"@type":"SearchAction","target":{"@type":"EntryPoint","urlTemplate":"https:\/\/alvarelloseditora.gal\/?s={search_term_string}"},"query-input":{"@type":"PropertyValueSpecification","valueRequired":true,"valueName":"search_term_string"}}],"inLanguage":"en-GB"},{"@type":"Organization","@id":"https:\/\/alvarelloseditora.gal\/#organization","name":"Alvarellos Editora","url":"https:\/\/alvarelloseditora.gal\/","logo":{"@type":"ImageObject","inLanguage":"en-GB","@id":"https:\/\/alvarelloseditora.gal\/#\/schema\/logo\/image\/","url":"https:\/\/alvarelloseditora.gal\/wp-content\/uploads\/2020\/02\/alv-icon.png","contentUrl":"https:\/\/alvarelloseditora.gal\/wp-content\/uploads\/2020\/02\/alv-icon.png","width":177,"height":175,"caption":"Alvarellos Editora"},"image":{"@id":"https:\/\/alvarelloseditora.gal\/#\/schema\/logo\/image\/"},"sameAs":["https:\/\/www.facebook.com\/alvarelloseditora","https:\/\/x.com\/alvarellos_ed"]}]}},"_links":{"self":[{"href":"https:\/\/alvarelloseditora.gal\/en\/wp-json\/wp\/v2\/product\/6367","targetHints":{"allow":["GET"]}}],"collection":[{"href":"https:\/\/alvarelloseditora.gal\/en\/wp-json\/wp\/v2\/product"}],"about":[{"href":"https:\/\/alvarelloseditora.gal\/en\/wp-json\/wp\/v2\/types\/product"}],"replies":[{"embeddable":true,"href":"https:\/\/alvarelloseditora.gal\/en\/wp-json\/wp\/v2\/comments?post=6367"}],"wp:featuredmedia":[{"embeddable":true,"href":"https:\/\/alvarelloseditora.gal\/en\/wp-json\/wp\/v2\/media\/6365"}],"wp:attachment":[{"href":"https:\/\/alvarelloseditora.gal\/en\/wp-json\/wp\/v2\/media?parent=6367"}],"wp:term":[{"taxonomy":"product_brand","embeddable":true,"href":"https:\/\/alvarelloseditora.gal\/en\/wp-json\/wp\/v2\/product_brand?post=6367"},{"taxonomy":"product_cat","embeddable":true,"href":"https:\/\/alvarelloseditora.gal\/en\/wp-json\/wp\/v2\/product_cat?post=6367"},{"taxonomy":"product_tag","embeddable":true,"href":"https:\/\/alvarelloseditora.gal\/en\/wp-json\/wp\/v2\/product_tag?post=6367"}],"curies":[{"name":"wp","href":"https:\/\/api.w.org\/{rel}","templated":true}]}}