{"id":5739,"date":"2021-01-08T12:03:39","date_gmt":"2021-01-08T11:03:39","guid":{"rendered":"https:\/\/nueva.alvarellos.info\/politica-de-cookies\/"},"modified":"2021-01-08T12:28:57","modified_gmt":"2021-01-08T11:28:57","slug":"politica-de-cookies","status":"publish","type":"page","link":"https:\/\/alvarelloseditora.gal\/en\/politica-de-cookies\/","title":{"rendered":"Cookies policy"},"content":{"rendered":"<p>Navegar por esta web con las cookies y mecanismos de almacenamiento local activados, conlleva de manera imprescindible la aceptaci\u00f3n del uso de los mismos conforme la presente pol\u00edtica. Si el usuario no acepta, puede configurar el navegador para impedir su uso.<br \/>\nLas cookies y el almacenamiento local forman parte de la tecnolog\u00eda necesaria para el funcionamiento de una web y no son inherentemente perjudiciales, pero es importante que conozca las implicaciones que comportan para su privacidad.<br \/>\nEsta pol\u00edtica forma parte de nuestra pol\u00edtica de privacidad e incluye lo siguiente:<\/p>\n<ul type=\"disc\">\n<li>\u00bfQu\u00e9 son las cookies?<\/li>\n<li>\u00bfPara qu\u00e9 se usan las cookies?<\/li>\n<li>\u00bfQu\u00e9 son las cookies de terceros?<\/li>\n<li>\u00bfC\u00f3mo impedir el uso de cookies y c\u00f3mo borrar las cookies?<\/li>\n<\/ul>\n<p><strong>\u00bfQu\u00e9 son las cookies?<\/strong><br \/>\nLas \u201ccookies\u201d son peque\u00f1os ficheros temporales que se crean en el dispositivo del usuario (ordenador, tel\u00e9fono, tableta, etc.) cuando visita una web, y que permiten a la misma almacenar informaci\u00f3n, por ejemplo para guardar sus preferencias de uso o para reconocerle en posteriores visitas.<br \/>\nCuando una web crea una cookie en el dispositivo del usuario, se almacena lo siguiente:<\/p>\n<ul type=\"disc\">\n<li>La direcci\u00f3n\/dominio de la web que ha creado la cookie<\/li>\n<li>La duraci\u00f3n de la cookie, que puede ir de escasos minutos a varios a\u00f1os<\/li>\n<li>El contenido de la cookie.<\/li>\n<\/ul>\n<p>El usuario puede en todo momento configurar su programa de navegaci\u00f3n para impedir (bloquear) el uso de cookies por parte de determinadas webs, as\u00ed como borrar las cookies almacenadas previamente.<\/p>\n<p><strong>\u00bfPara qu\u00e9 se usan las cookies?<\/strong><\/p>\n<ul type=\"disc\">\n<li>Cookies t\u00e9cnicas esenciales. Se utilizan para gestionar el flujo de navegaci\u00f3n dentro de la web o para mantener al usuario conectado a la misma. Al deshabilitarlas, es posible que alg\u00fan apartado de la web no funcione correctamente.<\/li>\n<li>Cookies de personalizaci\u00f3n. Necesarias para recordar determinadas preferencias del usuario.<\/li>\n<li>Cookies anal\u00edticas. Nos ayudan a nosotros y a terceros a recopilar informaci\u00f3n de la procedencia de los usuarios y su navegaci\u00f3n dentro de la web, a efectos de realizar un an\u00e1lisis estad\u00edstico para poder mejorar la estructura y los contenidos.<\/li>\n<li>Cookies publicitarias. Utilizadas para gestionar los anuncios que aparecen en la web, decidir el contenido o la frecuencia de los anuncios.<\/li>\n<li>Cookies publicitarias comportamentales. Ayudan a recopilar los h\u00e1bitos de navegaci\u00f3n del usuario para crear un perfil de sus intereses y para mostrarle anuncios adaptados a los mismos.<\/li>\n<li>Cookies para compartici\u00f3n social. Son necesarias para identificar al usuario en sus redes sociales y as\u00ed permitirle compartir contenidos.<\/li>\n<\/ul>\n<p>&nbsp;<\/p>\n<p><strong>\u00bfQu\u00e9 son las cookies de terceros?<\/strong><br \/>\nMuchas webs incorporan funciones proporcionadas por terceros, como por ejemplo:<\/p>\n<ul type=\"disc\">\n<li>Anal\u00edticas de acceso y uso de las p\u00e1ginas.<\/li>\n<li>Mapas interactivos.<\/li>\n<li>V\u00eddeos y otros elementos multimedia.<\/li>\n<li>Botones sociales.<\/li>\n<li>Publicidad.<\/li>\n<\/ul>\n<p>El proveedor de una funcionalidad puede hacer uso de cookies y otras tecnolog\u00edas de almacenamiento local en base a sus propios criterios y finalidades. Algunos proveedores de funcionalidades utilizan cookies y otras tecnolog\u00edas de rastreo para recopilar informaci\u00f3n sobre los h\u00e1bitos de navegaci\u00f3n del usuario con el objetivo de mostrarle publicidad adaptada a sus intereses.<\/p>\n<p><strong>\u00bfC\u00f3mo impedir el uso de cookies y c\u00f3mo borrar las cookies?<\/strong><br \/>\nLa mayor\u00eda de navegadores permiten desactivar globalmente las cookies. Muchos navegadores tambi\u00e9n permiten borrar las cookies asociadas a webs\/dominios concretos. Para ello el usuario debe consultar la ayuda de su navegador.<br \/>\nA continuaci\u00f3n se incluyen enlaces a las p\u00e1ginas de ayuda de los navegadores m\u00e1s habituales para conocer la configuraci\u00f3n de cookies en cada uno:<\/p>\n<ul type=\"disc\">\n<li>Chrome: http:\/\/support.google.com\/chrome\/bin\/answer.py?hl=es&amp;answer=95647<\/li>\n<li>Explorer: http:\/\/windows.microsoft.com\/es-es\/windows7\/how-to-manage-cookies-in-internet-explorer-9<\/li>\n<li>Firefox: http:\/\/support.mozilla.org\/es\/kb\/habilitar-y-deshabilitar-cookies-que-los-sitios-we<\/li>\n<li>Safari 5 para OSX: http:\/\/support.apple.com\/kb\/ph5042<\/li>\n<li>Safari 6\/7 para OSX https:\/\/support.apple.com\/kb\/PH17191?locale=es_ES<\/li>\n<li>Safari para IOS: http:\/\/support.apple.com\/kb\/HT1677?viewlocale=es_ES&amp;locale=es_ES<\/li>\n<li>Opera: http:\/\/help.opera.com\/Windows\/11.50\/es-ES\/cookies.html<\/li>\n<\/ul>\n<p><strong>Aviso importante:<\/strong> en caso de bloquear las cookies es posible que determinados servicios o funcionalidades de la web no funcionen correctamente.<\/p>\n","protected":false},"excerpt":{"rendered":"<p>Navegar por esta web con las cookies y mecanismos de almacenamiento local activados, conlleva de manera imprescindible la aceptaci\u00f3n del uso de los mismos conforme la presente pol\u00edtica. Si el usuario no acepta, puede configurar el navegador para impedir su uso. Las cookies y el almacenamiento local forman parte de la tecnolog\u00eda necesaria para el [&hellip;]<\/p>\n","protected":false},"author":1,"featured_media":0,"parent":0,"menu_order":0,"comment_status":"closed","ping_status":"closed","template":"","meta":{"footnotes":""},"class_list":["post-5739","page","type-page","status-publish","hentry"],"yoast_head":"<!-- This site is optimized with the Yoast SEO plugin v27.3 - https:\/\/yoast.com\/product\/yoast-seo-wordpress\/ -->\n<title>Cookies policy - Alvarellos Editora<\/title>\n<meta name=\"description\" content=\"Cookies policy - Alvarellos Editora . Alvarellos Editora online store.\" \/>\n<meta name=\"robots\" content=\"index, follow, max-snippet:-1, max-image-preview:large, max-video-preview:-1\" \/>\n<link rel=\"canonical\" href=\"https:\/\/alvarelloseditora.gal\/en\/politica-de-cookies\/\" \/>\n<meta property=\"og:locale\" content=\"en_GB\" \/>\n<meta property=\"og:type\" content=\"article\" \/>\n<meta property=\"og:title\" content=\"Cookies policy - Alvarellos Editora\" \/>\n<meta property=\"og:description\" content=\"Cookies policy - Alvarellos Editora . Alvarellos Editora online store.\" \/>\n<meta property=\"og:url\" content=\"https:\/\/alvarelloseditora.gal\/en\/politica-de-cookies\/\" \/>\n<meta property=\"og:site_name\" content=\"Alvarellos Editora\" \/>\n<meta property=\"article:publisher\" content=\"https:\/\/www.facebook.com\/alvarelloseditora\" \/>\n<meta property=\"article:modified_time\" content=\"2021-01-08T11:28:57+00:00\" \/>\n<meta name=\"twitter:card\" content=\"summary_large_image\" \/>\n<meta name=\"twitter:site\" content=\"@alvarellos_ed\" \/>\n<meta name=\"twitter:label1\" content=\"Estimated reading time\" \/>\n\t<meta name=\"twitter:data1\" content=\"3 minutes\" \/>\n<!-- \/ Yoast SEO plugin. -->","yoast_head_json":{"title":"Cookies policy - Alvarellos Editora","description":"Cookies policy - Alvarellos Editora . Alvarellos Editora online store.","robots":{"index":"index","follow":"follow","max-snippet":"max-snippet:-1","max-image-preview":"max-image-preview:large","max-video-preview":"max-video-preview:-1"},"canonical":"https:\/\/alvarelloseditora.gal\/en\/politica-de-cookies\/","og_locale":"en_GB","og_type":"article","og_title":"Cookies policy - Alvarellos Editora","og_description":"Cookies policy - Alvarellos Editora . Alvarellos Editora online store.","og_url":"https:\/\/alvarelloseditora.gal\/en\/politica-de-cookies\/","og_site_name":"Alvarellos Editora","article_publisher":"https:\/\/www.facebook.com\/alvarelloseditora","article_modified_time":"2021-01-08T11:28:57+00:00","twitter_card":"summary_large_image","twitter_site":"@alvarellos_ed","twitter_misc":{"Estimated reading time":"3 minutes"},"schema":{"@context":"https:\/\/schema.org","@graph":[{"@type":"WebPage","@id":"https:\/\/alvarelloseditora.gal\/en\/politica-de-cookies\/","url":"https:\/\/alvarelloseditora.gal\/en\/politica-de-cookies\/","name":"Cookies policy - Alvarellos Editora","isPartOf":{"@id":"https:\/\/alvarelloseditora.gal\/#website"},"datePublished":"2021-01-08T11:03:39+00:00","dateModified":"2021-01-08T11:28:57+00:00","description":"Cookies policy - Alvarellos Editora . Alvarellos Editora online store.","breadcrumb":{"@id":"https:\/\/alvarelloseditora.gal\/en\/politica-de-cookies\/#breadcrumb"},"inLanguage":"en-GB","potentialAction":[{"@type":"ReadAction","target":["https:\/\/alvarelloseditora.gal\/en\/politica-de-cookies\/"]}]},{"@type":"BreadcrumbList","@id":"https:\/\/alvarelloseditora.gal\/en\/politica-de-cookies\/#breadcrumb","itemListElement":[{"@type":"ListItem","position":1,"name":"Portada","item":"https:\/\/alvarelloseditora.gal\/en\/"},{"@type":"ListItem","position":2,"name":"Cookies policy"}]},{"@type":"WebSite","@id":"https:\/\/alvarelloseditora.gal\/#website","url":"https:\/\/alvarelloseditora.gal\/","name":"Alvarellos Editora","description":"Libros para un mundo en tr\u00e1nsito","publisher":{"@id":"https:\/\/alvarelloseditora.gal\/#organization"},"potentialAction":[{"@type":"SearchAction","target":{"@type":"EntryPoint","urlTemplate":"https:\/\/alvarelloseditora.gal\/?s={search_term_string}"},"query-input":{"@type":"PropertyValueSpecification","valueRequired":true,"valueName":"search_term_string"}}],"inLanguage":"en-GB"},{"@type":"Organization","@id":"https:\/\/alvarelloseditora.gal\/#organization","name":"Alvarellos Editora","url":"https:\/\/alvarelloseditora.gal\/","logo":{"@type":"ImageObject","inLanguage":"en-GB","@id":"https:\/\/alvarelloseditora.gal\/#\/schema\/logo\/image\/","url":"https:\/\/alvarelloseditora.gal\/wp-content\/uploads\/2020\/02\/alv-icon.png","contentUrl":"https:\/\/alvarelloseditora.gal\/wp-content\/uploads\/2020\/02\/alv-icon.png","width":177,"height":175,"caption":"Alvarellos Editora"},"image":{"@id":"https:\/\/alvarelloseditora.gal\/#\/schema\/logo\/image\/"},"sameAs":["https:\/\/www.facebook.com\/alvarelloseditora","https:\/\/x.com\/alvarellos_ed"]}]}},"_links":{"self":[{"href":"https:\/\/alvarelloseditora.gal\/en\/wp-json\/wp\/v2\/pages\/5739","targetHints":{"allow":["GET"]}}],"collection":[{"href":"https:\/\/alvarelloseditora.gal\/en\/wp-json\/wp\/v2\/pages"}],"about":[{"href":"https:\/\/alvarelloseditora.gal\/en\/wp-json\/wp\/v2\/types\/page"}],"author":[{"embeddable":true,"href":"https:\/\/alvarelloseditora.gal\/en\/wp-json\/wp\/v2\/users\/1"}],"replies":[{"embeddable":true,"href":"https:\/\/alvarelloseditora.gal\/en\/wp-json\/wp\/v2\/comments?post=5739"}],"version-history":[{"count":0,"href":"https:\/\/alvarelloseditora.gal\/en\/wp-json\/wp\/v2\/pages\/5739\/revisions"}],"wp:attachment":[{"href":"https:\/\/alvarelloseditora.gal\/en\/wp-json\/wp\/v2\/media?parent=5739"}],"curies":[{"name":"wp","href":"https:\/\/api.w.org\/{rel}","templated":true}]}}